{"id":11944,"date":"2021-04-19T14:56:54","date_gmt":"2021-04-19T19:56:54","guid":{"rendered":"https:\/\/www.uea.edu.ec\/?page_id=11944"},"modified":"2022-02-18T14:32:14","modified_gmt":"2022-02-18T19:32:14","slug":"informe-2020","status":"publish","type":"page","link":"https:\/\/www.uea.edu.ec\/web\/v1\/?page_id=11944","title":{"rendered":"INFORME de rendici\u00f3n de cuentas 2020"},"content":{"rendered":"<section class=\"wpb-content-wrapper\">[vc_row][vc_column][vc_column_text]<p><\/p>\n<header class=\"entry-header\">\n<h1 class=\"entry-title\">\u00a0<\/h1>\n<\/header>\n<div class=\"entry-content\">\n<div class=\"vc_row wpb_row vc_row-fluid\">\n<div class=\"wpb_column vc_column_container vc_col-sm-12\">\n<div class=\"vc_column-inner \">\n<div class=\"wpb_wrapper\">\n<div class=\"wpb_text_column wpb_content_element \">\n<div class=\"wpb_wrapper\">\n<p><strong>FASE 0: Organizaci\u00f3n interna institucional<\/strong><\/p>\n<ul>\n<li>1.<span style=\"color: #008000;\"><a style=\"color: #008000;\" href=\"https:\/\/www.uea.edu.ec\/wp-content\/uploads\/conformacion_equipo_rc2020.pdf\" target=\"_blank\" rel=\"noopener noreferrer\"> Conformaci\u00f3n del equipo de Rendici\u00f3n de Cuentas<\/a><\/span><\/li>\n<li><span style=\"color: #008000;\"><a style=\"color: #008000;\" href=\"https:\/\/www.uea.edu.ec\/wp-content\/uploads\/2.-Planificaci\u00f3n-y-Dise\u00f1o-de-Herramientas.pdf\" target=\"_blank\" rel=\"noopener noreferrer\">1.2 Dise\u00f1o de la Propuesta del Proceso de Rendici\u00f3n de Cuentas<\/a><\/span><\/li>\n<\/ul>\n<hr \/>\n<p><strong>Fase 1: Elaboraci\u00f3n del Informe de Rendici\u00f3n de Cuentas<\/strong><\/p>\n<ul>\n<li><span style=\"color: #008000;\"><a style=\"color: #008000;\" href=\"https:\/\/www.uea.edu.ec\/wp-content\/uploads\/Informe-Gesti\u00f3n-UEA-2019-2021-signed.pdf\" target=\"_blank\" rel=\"noopener noreferrer\">1. Evaluaci\u00f3n de la Gesti\u00f3n Institucional<\/a><\/span><\/li>\n<li><a href=\"https:\/\/www.uea.edu.ec\/wp-content\/uploads\/UEA_FORMULARIO_RENDICION_DE_CUENTAS-2020-1.pdf\" target=\"_blank\" rel=\"noopener\"><span style=\"color: #008000;\">2. Llenado del Formulario de Informe de Rendici\u00f3n de Cuentas establecido por el CPCCS<\/span><\/a><\/li>\n<li><span style=\"color: #008000;\"><a style=\"color: #008000;\" href=\"https:\/\/www.uea.edu.ec\/wp-content\/uploads\/redaccion_informerendicion2020.pdf\" target=\"_blank\" rel=\"noopener noreferrer\">3. Redacci\u00f3n del Informe de Rendici\u00f3n de Cuentas<\/a><\/span><\/li>\n<li><span style=\"color: #008000;\"><a style=\"color: #008000;\" href=\"https:\/\/www.uea.edu.ec\/wp-content\/uploads\/socializacion_informerendicion2020.pdf\" target=\"_blank\" rel=\"noopener noreferrer\">4. Socializaci\u00f3n interna y aprobaci\u00f3n del Informe de Rendici\u00f3n de Cuentas por parte de los responsables.<\/a><\/span><\/li>\n<li><a href=\"https:\/\/www.uea.edu.ec\/wp-content\/uploads\/LIBRO_RENDICION_DE_CUENTAS_2020..pdf\" target=\"_blank\" rel=\"noopener noreferrer\"><span style=\"color: #008000;\">4.1<\/span> <span style=\"color: #008000;\">Informe de Rendici\u00f3n de Cuentas<\/span><\/a><\/li>\n<\/ul>\n<hr \/>\n<p><strong>Fase 2: Presentaci\u00f3n a la ciudadan\u00eda del Informe de rendici\u00f3n de cuentas<\/strong><\/p>\n<ul>\n<li><a href=\"https:\/\/www.facebook.com\/ueaeduec\/videos\/298740475248490\" target=\"_blank\" rel=\"noopener noreferrer\"><span style=\"color: #008000;\">1. Difusi\u00f3n del Informe de Rendici\u00f3n de Cuentas a trav\u00e9s de distintos medios<\/span><\/a><\/li>\n<li><span style=\"color: #008000;\"><a style=\"color: #008000;\" href=\"https:\/\/www.uea.edu.ec\/wp-content\/uploads\/invitados_informerendicion2020.pdf\" target=\"_blank\" rel=\"noopener noreferrer\">\u00a0 \u00a0 1.1 Listado preliminar de invitados formales<\/a><\/span><\/li>\n<li>\u00a0 \u00a0 <span style=\"color: #008000;\">1.2.<\/span> <span style=\"color: #008000;\"><a style=\"color: #008000;\" href=\"https:\/\/www.uea.edu.ec\/wp-content\/uploads\/PRESENTACION_INFORME_RENDICION_DE_CUENTAS_2020.pdf\" target=\"_blank\" rel=\"noopener noreferrer\">Difusi\u00f3n D\u00edapositiva<\/a><\/span><\/li>\n<li>\u00a0 \u00a0<span style=\"color: #008000;\"><a style=\"color: #008000;\" href=\"https:\/\/youtu.be\/PnL1FXWNYDQ\" target=\"_blank\" rel=\"noopener noreferrer\"> 1.3. Video informe Rendici\u00f3n de Cuentas<\/a><\/span><\/li>\n<li><span style=\"color: #008000;\"><a style=\"color: #008000;\" href=\"https:\/\/www.uea.edu.ec\/wp-content\/uploads\/AGENDA_RENDICION_DE_CUENTAS_Y_MESAS_TEMATICAS.pdf\" target=\"_blank\" rel=\"noopener noreferrer\">2. Planificaci\u00f3n de los eventos participativos<\/a><\/span><\/li>\n<li><span style=\"color: #008000;\"><a style=\"color: #008000;\" href=\"https:\/\/www.uea.edu.ec\/wp-content\/uploads\/Aportes-ciudadanos-_Mesas-Tematicas.pdf\" target=\"_blank\" rel=\"noopener noreferrer\">3. Incorporaci\u00f3n de aportes ciudadanos en el Informe de rendici\u00f3n de cuentas<\/a><\/span><\/li>\n<\/ul>\n<hr \/>\n<p><strong>Fase 3: Entrega de Informe de rendici\u00f3n de cuentas al Consejo de Participaci\u00f3n Ciudadana y Control Social<\/strong><\/p>\n<ul>\n<li><span style=\"color: #008000;\"><a style=\"color: #008000;\" href=\"https:\/\/www.uea.edu.ec\/wp-content\/uploads\/CertificadoCumplimientoRC2020UEA.pdf\" target=\"_blank\" rel=\"noopener noreferrer\">Entrega del Informe de Rendici\u00f3n de Cuentas al CPCCS, a trav\u00e9s del ingreso del Informe en el sistema virtual<\/a><\/span><\/li>\n<\/ul>\n<\/div>\n<\/div>\n<\/div>\n<\/div>\n<\/div>\n<\/div>\n<\/div>\n<p><\/p>[\/vc_column_text][\/vc_column][\/vc_row]<\/section>","protected":false},"excerpt":{"rendered":"<p>[vc_row][vc_column][vc_column_text] \u00a0 FASE 0: Organizaci\u00f3n interna institucional 1. Conformaci\u00f3n del equipo de Rendici\u00f3n de Cuentas 1.2 Dise\u00f1o de la Propuesta del Proceso de Rendici\u00f3n de Cuentas Fase 1: Elaboraci\u00f3n del Informe de Rendici\u00f3n de Cuentas 1. Evaluaci\u00f3n de la Gesti\u00f3n Institucional 2. Llenado del Formulario de Informe de Rendici\u00f3n de Cuentas establecido por el CPCCS &#8230; <a title=\"INFORME de rendici\u00f3n de cuentas 2020\" class=\"read-more\" href=\"https:\/\/www.uea.edu.ec\/web\/v1\/?page_id=11944\" aria-label=\"M\u00e1s en INFORME de rendici\u00f3n de cuentas 2020\">Leer m\u00e1s<\/a><\/p>\n","protected":false},"author":8,"featured_media":0,"parent":0,"menu_order":0,"comment_status":"closed","ping_status":"closed","template":"","meta":{"om_disable_all_campaigns":false,"_monsterinsights_skip_tracking":false,"_monsterinsights_sitenote_active":false,"_monsterinsights_sitenote_note":"","_monsterinsights_sitenote_category":0,"generate_page_header":"","footnotes":""},"class_list":["post-11944","page","type-page","status-publish"],"aioseo_notices":[],"_links":{"self":[{"href":"https:\/\/www.uea.edu.ec\/web\/v1\/index.php?rest_route=\/wp\/v2\/pages\/11944"}],"collection":[{"href":"https:\/\/www.uea.edu.ec\/web\/v1\/index.php?rest_route=\/wp\/v2\/pages"}],"about":[{"href":"https:\/\/www.uea.edu.ec\/web\/v1\/index.php?rest_route=\/wp\/v2\/types\/page"}],"author":[{"embeddable":true,"href":"https:\/\/www.uea.edu.ec\/web\/v1\/index.php?rest_route=\/wp\/v2\/users\/8"}],"replies":[{"embeddable":true,"href":"https:\/\/www.uea.edu.ec\/web\/v1\/index.php?rest_route=%2Fwp%2Fv2%2Fcomments&post=11944"}],"version-history":[{"count":25,"href":"https:\/\/www.uea.edu.ec\/web\/v1\/index.php?rest_route=\/wp\/v2\/pages\/11944\/revisions"}],"predecessor-version":[{"id":14076,"href":"https:\/\/www.uea.edu.ec\/web\/v1\/index.php?rest_route=\/wp\/v2\/pages\/11944\/revisions\/14076"}],"wp:attachment":[{"href":"https:\/\/www.uea.edu.ec\/web\/v1\/index.php?rest_route=%2Fwp%2Fv2%2Fmedia&parent=11944"}],"curies":[{"name":"wp","href":"https:\/\/api.w.org\/{rel}","templated":true}]}}