{"id":1273,"date":"2018-06-27T16:11:09","date_gmt":"2018-06-27T16:11:09","guid":{"rendered":"https:\/\/www.uea.edu.ec\/wp2018\/?page_id=1273"},"modified":"2022-05-24T10:57:21","modified_gmt":"2022-05-24T15:57:21","slug":"departamento-de-ciencias-de-la-vida","status":"publish","type":"page","link":"https:\/\/www.uea.edu.ec\/web\/v1\/?page_id=1273","title":{"rendered":"Departamento de Ciencias de la Vida"},"content":{"rendered":"<section class=\"wpb-content-wrapper\"><p>[vc_row][vc_column][vc_row_inner][vc_column_inner][vc_column_text][amo_member id=&#8221;3842&#8243; item-width=&#8221;200&#8243; align=&#8221;center&#8221;][\/vc_column_text][\/vc_column_inner][\/vc_row_inner][\/vc_column][\/vc_row][vc_row css=&#8221;.vc_custom_1531929773870{margin-right: -20px !important;margin-left: -20px !important;}&#8221;][vc_column][vc_tta_tour active_section=&#8221;1&#8243; css=&#8221;.vc_custom_1532035739531{margin-right: -20px !important;margin-left: -20px !important;}&#8221;][vc_tta_section i_icon_fontawesome=&#8221;fa fa-users&#8221; add_icon=&#8221;true&#8221; title=&#8221;Qui\u00e9nes Somos?&#8221; tab_id=&#8221;1530745090964-3ec57990-2867&#8243;][vc_row_inner][vc_column_inner][vc_column_text]<\/p>\n<p style=\"text-align: justify;\">El Departamento de Ciencias de la Vida, se proyecta al desarrollo cient\u00edfico y acad\u00e9mico, comprometidos con la excelencia en la formaci\u00f3n de los estudiantes, la calidad en la formaci\u00f3n investigativa y la innovaci\u00f3n en la docencia.<\/p>\n<p style=\"text-align: justify;\">Creemos firmemente en el trabajo conjunto y comprometido de todos quienes conformamos la estructura organizativa del Departamento, salvaguardando una misi\u00f3n en com\u00fan que es\u00a0liderar el cambio y trascender barreras desde nuestra labor cotidiana, lo que garantizar\u00e1 que la formaci\u00f3n de nuestros estudiantes se sustente en una s\u00f3lida formaci\u00f3n cient\u00edfica, tecnol\u00f3gica y humanista, que los prepara\u00a0para los diversos desaf\u00edos que conlleva la vida acad\u00e9mica y profesional.<\/p>\n<p style=\"text-align: justify;\">Buscamos, como fin, que la excelencia se halle en toda dimensi\u00f3n: en el reconocimiento de los logros, la valoraci\u00f3n del conocimiento y la apreciaci\u00f3n humana de quien toma esta labor como parte integral de su vida. Es por eso que nuestro compromiso como Departamento, ser\u00e1 alcanzar con \u00e9xito los diversos procesos de acreditaci\u00f3n de todas sus carreras.<\/p>\n<p>[\/vc_column_text][\/vc_column_inner][\/vc_row_inner][\/vc_tta_section][vc_tta_section i_icon_fontawesome=&#8221;fa fa-check-square-o&#8221; add_icon=&#8221;true&#8221; title=&#8221;Misi\u00f3n-Visi\u00f3n&#8221; tab_id=&#8221;1530745091001-6f376347-de63&#8243;][vc_row_inner][vc_column_inner][vc_column_text]<\/p>\n<p style=\"text-align: center;\"><strong>Misi\u00f3n<\/strong><\/p>\n<p style=\"text-align: justify;\">Formar profesionales con participaci\u00f3n responsable, \u00e9tica, eficiente, con capacidad de dirigir y dise\u00f1ar programas y proyectos de impacto ambiental sobre los procesos productivos para visualizar sus efectos sobre el entorno, sustentados en la investigaci\u00f3n, docencia y en los adelantos de la biotecnolog\u00eda para el cuidado, administraci\u00f3n y aprovechamiento sustentable de los recursos de la Amazonia.<\/p>\n<hr \/>\n<p style=\"text-align: center;\"><strong>Visi\u00f3n<\/strong><\/p>\n<p style=\"text-align: justify;\">Continuar fortaleciendo el potencial cognitivo y cient\u00edfico de la regi\u00f3n, para incidir en las \u00e1reas de desarrollo sustentable, gesti\u00f3n y legislaci\u00f3n ambiental para un mayor y mejor manejo medio ambiental que le permita crear condiciones reales que contribuyan al desarrollo econ\u00f3mico sostenible de la regi\u00f3n y el pa\u00eds.<\/p>\n<p>[\/vc_column_text][\/vc_column_inner][\/vc_row_inner][\/vc_tta_section][vc_tta_section i_icon_fontawesome=&#8221;fa fa-graduation-cap&#8221; add_icon=&#8221;true&#8221; title=&#8221;Carreras&#8221; tab_id=&#8221;1530746200164-0f132a6e-3a1e&#8221;][vc_column_text]<\/p>\n<ul>\n<li><a href=\"https:\/\/www.uea.edu.ec\/?page_id=1536\" target=\"_blank\" rel=\"noopener noreferrer\">Ingenier\u00eda Ambiental<\/a><\/li>\n<li><a href=\"https:\/\/www.uea.edu.ec\/?page_id=1546\" target=\"_blank\" rel=\"noopener noreferrer\">Licenciatura en turismo<\/a><\/li>\n<li><a href=\"https:\/\/www.uea.edu.ec\/?page_id=1544\" target=\"_blank\" rel=\"noopener noreferrer\">Biolog\u00eda<\/a><\/li>\n<\/ul>\n<p>[\/vc_column_text][\/vc_tta_section][vc_tta_section i_icon_fontawesome=&#8221;fa fa-sitemap&#8221; add_icon=&#8221;true&#8221; title=&#8221;Organigrama&#8221; tab_id=&#8221;1530746197950-e23c180c-b3e2&#8243;][vc_row_inner][vc_column_inner][vc_column_text]<\/p>\n<p style=\"text-align: left;\"><strong>DEPARTAMENTO DE CIENCIAS DE LA VIDA<\/strong><\/p>\n<p>[\/vc_column_text][\/vc_column_inner][\/vc_row_inner][\/vc_tta_section][vc_tta_section i_icon_fontawesome=&#8221;fa fa-file-word-o&#8221; add_icon=&#8221;true&#8221; title=&#8221;Formatos Acad\u00e9micos&#8221; tab_id=&#8221;1530746197230-25110c0d-1354&#8243;][vc_row_inner][vc_column_inner][vc_column_text][\/vc_column_text][\/vc_column_inner][\/vc_row_inner][\/vc_tta_section][vc_tta_section i_icon_fontawesome=&#8221;fa fa-phone-square&#8221; add_icon=&#8221;true&#8221; title=&#8221;Contactos&#8221; tab_id=&#8221;1530808420213-fa695c27-3a32&#8243;][vc_row_inner][vc_column_inner][vc_column_text]<strong>Tel\u00e9fono:<\/strong><\/p>\n<p>032892-118 \/ 032892-188 \/ 032892-098 \/ 032896-188 \/ 032896-476<\/p>\n<p><strong>Extensi\u00f3n Secretar\u00eda Departamental:\u00a0<\/strong>117<\/p>\n<p><strong>Ubicaci\u00f3n:<\/strong> Bloques E y F[\/vc_column_text][\/vc_column_inner][\/vc_row_inner][\/vc_tta_section][\/vc_tta_tour][\/vc_column][\/vc_row][vc_row][vc_column][\/vc_column][\/vc_row]<\/p>\n<\/section>","protected":false},"excerpt":{"rendered":"<p>[vc_row][vc_column][vc_row_inner][vc_column_inner][vc_column_text][amo_member id=&#8221;3842&#8243; item-width=&#8221;200&#8243; align=&#8221;center&#8221;][\/vc_column_text][\/vc_column_inner][\/vc_row_inner][\/vc_column][\/vc_row][vc_row css=&#8221;.vc_custom_1531929773870{margin-right: -20px !important;margin-left: -20px !important;}&#8221;][vc_column][vc_tta_tour active_section=&#8221;1&#8243; css=&#8221;.vc_custom_1532035739531{margin-right: -20px !important;margin-left: -20px !important;}&#8221;][vc_tta_section i_icon_fontawesome=&#8221;fa fa-users&#8221; add_icon=&#8221;true&#8221; title=&#8221;Qui\u00e9nes Somos?&#8221; tab_id=&#8221;1530745090964-3ec57990-2867&#8243;][vc_row_inner][vc_column_inner][vc_column_text] El Departamento de Ciencias de la Vida, se proyecta al desarrollo cient\u00edfico y acad\u00e9mico, comprometidos con la excelencia en la formaci\u00f3n de los estudiantes, la calidad en la formaci\u00f3n investigativa y la innovaci\u00f3n en &#8230; <a title=\"Departamento de Ciencias de la Vida\" class=\"read-more\" href=\"https:\/\/www.uea.edu.ec\/web\/v1\/?page_id=1273\" aria-label=\"M\u00e1s en Departamento de Ciencias de la Vida\">Leer m\u00e1s<\/a><\/p>\n","protected":false},"author":2,"featured_media":0,"parent":0,"menu_order":0,"comment_status":"closed","ping_status":"closed","template":"","meta":{"om_disable_all_campaigns":false,"_monsterinsights_skip_tracking":false,"_monsterinsights_sitenote_active":false,"_monsterinsights_sitenote_note":"","_monsterinsights_sitenote_category":0,"generate_page_header":"","footnotes":""},"class_list":["post-1273","page","type-page","status-publish"],"aioseo_notices":[],"_links":{"self":[{"href":"https:\/\/www.uea.edu.ec\/web\/v1\/index.php?rest_route=\/wp\/v2\/pages\/1273"}],"collection":[{"href":"https:\/\/www.uea.edu.ec\/web\/v1\/index.php?rest_route=\/wp\/v2\/pages"}],"about":[{"href":"https:\/\/www.uea.edu.ec\/web\/v1\/index.php?rest_route=\/wp\/v2\/types\/page"}],"author":[{"embeddable":true,"href":"https:\/\/www.uea.edu.ec\/web\/v1\/index.php?rest_route=\/wp\/v2\/users\/2"}],"replies":[{"embeddable":true,"href":"https:\/\/www.uea.edu.ec\/web\/v1\/index.php?rest_route=%2Fwp%2Fv2%2Fcomments&post=1273"}],"version-history":[{"count":184,"href":"https:\/\/www.uea.edu.ec\/web\/v1\/index.php?rest_route=\/wp\/v2\/pages\/1273\/revisions"}],"predecessor-version":[{"id":15160,"href":"https:\/\/www.uea.edu.ec\/web\/v1\/index.php?rest_route=\/wp\/v2\/pages\/1273\/revisions\/15160"}],"wp:attachment":[{"href":"https:\/\/www.uea.edu.ec\/web\/v1\/index.php?rest_route=%2Fwp%2Fv2%2Fmedia&parent=1273"}],"curies":[{"name":"wp","href":"https:\/\/api.w.org\/{rel}","templated":true}]}}