{"id":1365,"date":"2018-06-27T21:53:07","date_gmt":"2018-06-27T21:53:07","guid":{"rendered":"https:\/\/www.uea.edu.ec\/wp2018\/?page_id=1365"},"modified":"2022-05-20T11:59:07","modified_gmt":"2022-05-20T16:59:07","slug":"historia","status":"publish","type":"page","link":"https:\/\/www.uea.edu.ec\/web\/v1\/?page_id=1365","title":{"rendered":"Historia"},"content":{"rendered":"<section class=\"wpb-content-wrapper\"><p>[vc_row][vc_column][vc_column_text]<\/p>\n<p style=\"text-align: center;\"><b>BREVE RESE\u00d1A HIST\u00d3RICA<\/b><\/p>\n<p style=\"text-align: justify;\">La Universidad Estatal Amaz\u00f3nica, fue creada para afrontar los desaf\u00edos del Siglo XXI, y tal como lo se\u00f1ala la Constituci\u00f3n Pol\u00edtica del Estado se dedica a la investigaci\u00f3n cient\u00edfica, la formaci\u00f3n profesional y t\u00e9cnica, la creaci\u00f3n y desarrollo de la cultura nacional y su difusi\u00f3n en los sectores populares, as\u00ed como el estudio y planteamiento de soluciones de los problemas del pa\u00eds que le permitan crear una nueva sociedad con mayor justicia y libertad.<\/p>\n<p style=\"text-align: justify;\">El Congreso Nacional, considerando que es deber del Estado Ecuatoriano promover la educaci\u00f3n superior, especialmente en la regiones marginadas de los procesos de desarrollo econ\u00f3mico y social cre\u00f3 la \u201cUniversidad Estatal Amaz\u00f3nica\u201d, U.E.A., mediante Ley de la Rep\u00fablica No. 2002-85 publicada en el Registro Oficial No. 686 del 18 de Octubre de 2002.<\/p>\n<p style=\"text-align: justify;\">La Universidad Estatal Amaz\u00f3nica, se propone formar profesionales portadores de los m\u00e1s altos valores humanos, capaces de transformar en beneficio de la humanidad los recursos que dispone nuestra Amazon\u00eda.<\/p>\n<p style=\"text-align: justify;\">La Universidad cuenta con un cuerpo acad\u00e9mico altamente capacitado de educadores, en su mayor\u00eda con cuarto nivel de conocimiento (PhD, Doctores, M\u00e1ster) y m\u00e1s de una d\u00e9cada de experiencia educativa universitaria, que garantizan la excelencia acad\u00e9mica.<\/p>\n<p style=\"text-align: justify;\">Invitamos a los estudiantes que aspiren a una formaci\u00f3n integral para realizarse personalmente y servir a la amazonia y al pa\u00eds.<\/p>\n<p>[\/vc_column_text][\/vc_column][\/vc_row]<\/p>\n<\/section>","protected":false},"excerpt":{"rendered":"<p>[vc_row][vc_column][vc_column_text] BREVE RESE\u00d1A HIST\u00d3RICA La Universidad Estatal Amaz\u00f3nica, fue creada para afrontar los desaf\u00edos del Siglo XXI, y tal como lo se\u00f1ala la Constituci\u00f3n Pol\u00edtica del Estado se dedica a la investigaci\u00f3n cient\u00edfica, la formaci\u00f3n profesional y t\u00e9cnica, la creaci\u00f3n y desarrollo de la cultura nacional y su difusi\u00f3n en los sectores populares, as\u00ed como &#8230; <a title=\"Historia\" class=\"read-more\" href=\"https:\/\/www.uea.edu.ec\/web\/v1\/?page_id=1365\" aria-label=\"M\u00e1s en Historia\">Leer m\u00e1s<\/a><\/p>\n","protected":false},"author":2,"featured_media":0,"parent":0,"menu_order":0,"comment_status":"closed","ping_status":"closed","template":"","meta":{"om_disable_all_campaigns":false,"_monsterinsights_skip_tracking":false,"_monsterinsights_sitenote_active":false,"_monsterinsights_sitenote_note":"","_monsterinsights_sitenote_category":0,"generate_page_header":"","footnotes":""},"class_list":["post-1365","page","type-page","status-publish"],"aioseo_notices":[],"_links":{"self":[{"href":"https:\/\/www.uea.edu.ec\/web\/v1\/index.php?rest_route=\/wp\/v2\/pages\/1365"}],"collection":[{"href":"https:\/\/www.uea.edu.ec\/web\/v1\/index.php?rest_route=\/wp\/v2\/pages"}],"about":[{"href":"https:\/\/www.uea.edu.ec\/web\/v1\/index.php?rest_route=\/wp\/v2\/types\/page"}],"author":[{"embeddable":true,"href":"https:\/\/www.uea.edu.ec\/web\/v1\/index.php?rest_route=\/wp\/v2\/users\/2"}],"replies":[{"embeddable":true,"href":"https:\/\/www.uea.edu.ec\/web\/v1\/index.php?rest_route=%2Fwp%2Fv2%2Fcomments&post=1365"}],"version-history":[{"count":8,"href":"https:\/\/www.uea.edu.ec\/web\/v1\/index.php?rest_route=\/wp\/v2\/pages\/1365\/revisions"}],"predecessor-version":[{"id":15156,"href":"https:\/\/www.uea.edu.ec\/web\/v1\/index.php?rest_route=\/wp\/v2\/pages\/1365\/revisions\/15156"}],"wp:attachment":[{"href":"https:\/\/www.uea.edu.ec\/web\/v1\/index.php?rest_route=%2Fwp%2Fv2%2Fmedia&parent=1365"}],"curies":[{"name":"wp","href":"https:\/\/api.w.org\/{rel}","templated":true}]}}