{"id":1368,"date":"2018-06-27T21:58:05","date_gmt":"2018-06-27T21:58:05","guid":{"rendered":"https:\/\/www.uea.edu.ec\/wp2018\/?page_id=1368"},"modified":"2022-05-20T12:23:59","modified_gmt":"2022-05-20T17:23:59","slug":"quienes-somos","status":"publish","type":"page","link":"https:\/\/www.uea.edu.ec\/web\/v1\/?page_id=1368","title":{"rendered":"Qui\u00e9nes Somos?"},"content":{"rendered":"<section class=\"wpb-content-wrapper\"><p>[vc_row][vc_column][vc_single_image image=&#8221;2995&#8243; img_size=&#8221;full&#8221; alignment=&#8221;center&#8221; css_animation=&#8221;fadeInUp&#8221;][vc_column_text]<\/p>\n<p style=\"text-align: justify;\"><strong>Misi\u00f3n<\/strong><\/p>\n<p style=\"text-align: justify;\">Generar ciencia y tecnolog\u00eda, formar profesionales e investigadores para satisfacer las necesidades del territorio, bajo los principios del desarrollo sostenible integral y equilibrado del ser humano de la Regi\u00f3n Amaz\u00f3nica y el Ecuador, conservando sus conocimientos ancestrales y fomentando su cultura.<\/p>\n<p style=\"text-align: justify;\"><strong>Visi\u00f3n<\/strong><\/p>\n<p style=\"text-align: justify;\">La Universidad Estatal Amaz\u00f3nica, ser\u00e1 una comunidad acad\u00e9mica cient\u00edfica de docencia con investigaci\u00f3n, que impulse la investigaci\u00f3n y promueva el desarrollo sostenible de la Amazonia de tal forma que sea revalorizada como elemento y recurso fundamental del Estado. Se ha insertado con sus saberes ancestrales, caracter\u00edsticas y potencialidades en la econom\u00eda para forjar la cultura y alcanzar la unidad nacional.<\/p>\n<p style=\"text-align: justify;\"><strong>Objetivos Estrat\u00e9gicos<\/strong><\/p>\n<p style=\"text-align: justify;\"><strong>1.<\/strong> Potenciar la investigaci\u00f3n cient\u00edfica b\u00e1sica y aplicada con mayor enfoque en la biodiversidad y los recursos de la regi\u00f3n, sistematizando y difundiendo, los conocimientos ancestrales, las tecnolog\u00edas, arte y cultura de los diferentes pueblos y nacionalidades amaz\u00f3nicas, bajo est\u00e1ndares de rigurosidad, disciplina acad\u00e9mica y responsabilidad, enfocada a la generaci\u00f3n de nuevo conocimiento, y desarrollo tecnol\u00f3gico con compromiso social para la generaci\u00f3n de patentes.<\/p>\n<p style=\"text-align: justify;\"><strong>2.<\/strong> Ejecutar procesos educativos de pre-grado y posgrado, que permitan formar profesionales competentes e innovadores, capaces de generar nuevos conocimientos a trav\u00e9s de la investigaci\u00f3n cient\u00edfica y resolver los problemas locales, regionales y nacionales.<\/p>\n<p style=\"text-align: justify;\"><strong>3.<\/strong> Contribuir al desarrollo local, regional y nacional, propiciando una mejor interacci\u00f3n Universidad-Sociedad mediante planes y programas que contengan nuevas alternativas, o modelos de vida y de producci\u00f3n para solucionar los problemas ambientales, sociales y tecnol\u00f3gicos que permitan el desarrollo equilibrado del hombre y la conservaci\u00f3n de la naturaleza de la regi\u00f3n Amaz\u00f3nica.<\/p>\n<p style=\"text-align: justify;\"><strong>4.<\/strong> Mejorar la eficiencia en la gesti\u00f3n administrativa para generar un soporte organizado y operativo eficiente hacia el logro de la excelencia.<\/p>\n<p>[\/vc_column_text][\/vc_column][\/vc_row]<\/p>\n<\/section>","protected":false},"excerpt":{"rendered":"<p>[vc_row][vc_column][vc_single_image image=&#8221;2995&#8243; img_size=&#8221;full&#8221; alignment=&#8221;center&#8221; css_animation=&#8221;fadeInUp&#8221;][vc_column_text] Misi\u00f3n Generar ciencia y tecnolog\u00eda, formar profesionales e investigadores para satisfacer las necesidades del territorio, bajo los principios del desarrollo sostenible integral y equilibrado del ser humano de la Regi\u00f3n Amaz\u00f3nica y el Ecuador, conservando sus conocimientos ancestrales y fomentando su cultura. Visi\u00f3n La Universidad Estatal Amaz\u00f3nica, ser\u00e1 una comunidad &#8230; <a title=\"Qui\u00e9nes Somos?\" class=\"read-more\" href=\"https:\/\/www.uea.edu.ec\/web\/v1\/?page_id=1368\" aria-label=\"M\u00e1s en Qui\u00e9nes Somos?\">Leer m\u00e1s<\/a><\/p>\n","protected":false},"author":2,"featured_media":0,"parent":0,"menu_order":0,"comment_status":"closed","ping_status":"closed","template":"","meta":{"om_disable_all_campaigns":false,"_monsterinsights_skip_tracking":false,"_monsterinsights_sitenote_active":false,"_monsterinsights_sitenote_note":"","_monsterinsights_sitenote_category":0,"generate_page_header":"","footnotes":""},"class_list":["post-1368","page","type-page","status-publish"],"aioseo_notices":[],"_links":{"self":[{"href":"https:\/\/www.uea.edu.ec\/web\/v1\/index.php?rest_route=\/wp\/v2\/pages\/1368"}],"collection":[{"href":"https:\/\/www.uea.edu.ec\/web\/v1\/index.php?rest_route=\/wp\/v2\/pages"}],"about":[{"href":"https:\/\/www.uea.edu.ec\/web\/v1\/index.php?rest_route=\/wp\/v2\/types\/page"}],"author":[{"embeddable":true,"href":"https:\/\/www.uea.edu.ec\/web\/v1\/index.php?rest_route=\/wp\/v2\/users\/2"}],"replies":[{"embeddable":true,"href":"https:\/\/www.uea.edu.ec\/web\/v1\/index.php?rest_route=%2Fwp%2Fv2%2Fcomments&post=1368"}],"version-history":[{"count":7,"href":"https:\/\/www.uea.edu.ec\/web\/v1\/index.php?rest_route=\/wp\/v2\/pages\/1368\/revisions"}],"predecessor-version":[{"id":15157,"href":"https:\/\/www.uea.edu.ec\/web\/v1\/index.php?rest_route=\/wp\/v2\/pages\/1368\/revisions\/15157"}],"wp:attachment":[{"href":"https:\/\/www.uea.edu.ec\/web\/v1\/index.php?rest_route=%2Fwp%2Fv2%2Fmedia&parent=1368"}],"curies":[{"name":"wp","href":"https:\/\/api.w.org\/{rel}","templated":true}]}}