{"id":14068,"date":"2022-02-18T13:37:41","date_gmt":"2022-02-18T18:37:41","guid":{"rendered":"https:\/\/www.uea.edu.ec\/?page_id=14068"},"modified":"2022-06-06T08:17:34","modified_gmt":"2022-06-06T13:17:34","slug":"informe-de-rendicion-de-cuentas-2021","status":"publish","type":"page","link":"https:\/\/www.uea.edu.ec\/web\/v1\/?page_id=14068","title":{"rendered":""},"content":{"rendered":"<section class=\"wpb-content-wrapper\">[vc_row][vc_column][vc_column_text]<p><\/p>\n<figure class=\"wp-block-image size-large\"><img fetchpriority=\"high\" decoding=\"async\" width=\"1024\" height=\"112\" class=\"wp-image-14545\" src=\"https:\/\/www.uea.edu.ec\/wp-content\/uploads\/2022\/03\/encabezado2_rendicion_cuentas_2022-1024x112.jpg\" alt=\"\" srcset=\"https:\/\/www.uea.edu.ec\/web\/v1\/wp-content\/uploads\/2022\/03\/encabezado2_rendicion_cuentas_2022-1024x112.jpg 1024w, https:\/\/www.uea.edu.ec\/web\/v1\/wp-content\/uploads\/2022\/03\/encabezado2_rendicion_cuentas_2022-300x33.jpg 300w, https:\/\/www.uea.edu.ec\/web\/v1\/wp-content\/uploads\/2022\/03\/encabezado2_rendicion_cuentas_2022-768x84.jpg 768w, https:\/\/www.uea.edu.ec\/web\/v1\/wp-content\/uploads\/2022\/03\/encabezado2_rendicion_cuentas_2022-1536x169.jpg 1536w, https:\/\/www.uea.edu.ec\/web\/v1\/wp-content\/uploads\/2022\/03\/encabezado2_rendicion_cuentas_2022-2048x225.jpg 2048w\" sizes=\"(max-width: 1024px) 100vw, 1024px\" \/><\/figure>\n<p><\/p>\n<p><\/p>\n<h1 class=\"wp-block-heading\">\u00a0<\/h1>\n<p><\/p>\n<p><\/p>\n<p><strong>FASE 0: Organizaci\u00f3n interna institucional<\/strong><\/p>\n<p><\/p>\n<p><\/p>\n<ul class=\"wp-block-list\">\n<li><span style=\"color: #0000ff;\">1<a style=\"color: #0000ff;\" href=\"https:\/\/www.uea.edu.ec\/wp-content\/uploads\/Resolucion_N_11_31_enero_2022.pdf\" target=\"_blank\" rel=\"noopener\">.\u00a0Conformaci\u00f3n del equipo de Rendici\u00f3n de Cuentas<\/a><\/span><\/li>\n<li><span style=\"color: #0000ff;\"><a style=\"color: #0000ff;\" href=\"https:\/\/www.uea.edu.ec\/wp-content\/uploads\/documentos\/PROPUESTA-DE-RENDICION-DE-CUENTAS.pdf\" target=\"_blank\" rel=\"noopener\">1.2 Dise\u00f1o de la Propuesta del Proceso de Rendici\u00f3n de Cuentas<\/a><\/span><\/li>\n<\/ul>\n<p><\/p>\n<p><\/p>\n<hr class=\"wp-block-separator\" \/>\n<p><\/p>\n<p><\/p>\n<p><strong>Fase 1: Elaboraci\u00f3n del Informe de Rendici\u00f3n de Cuentas<\/strong><\/p>\n<p><\/p>\n<p><\/p>\n<ul class=\"wp-block-list\">\n<li><span style=\"color: #0000ff;\"><a style=\"color: #0000ff;\" href=\"https:\/\/www.uea.edu.ec\/wp-content\/uploads\/documentos\/Informe-de-Evaluacion-Institucional-UEA-2021-.pdf\" target=\"_blank\" rel=\"noopener\">1. Evaluaci\u00f3n de la Gesti\u00f3n Institucional<\/a><\/span><\/li>\n<li><span style=\"color: #0000ff;\"><a style=\"color: #0000ff;\" href=\"https:\/\/www.uea.edu.ec\/wp-content\/uploads\/documentos\/Informe_excel_2021.pdf\" target=\"_blank\" rel=\"noopener\">2. Llenado del Formulario de Informe de Rendici\u00f3n de Cuentas establecido por el CPCCS<\/a><\/span><\/li>\n<li><span style=\"color: #0000ff;\"><a style=\"color: #0000ff;\" href=\"https:\/\/www.uea.edu.ec\/wp-content\/uploads\/Presentacion_RDC_2021.pdf\" target=\"_blank\" rel=\"noopener\">3. Redacci\u00f3n del Informe de Rendici\u00f3n de Cuentas<\/a><\/span><\/li>\n<li><span style=\"color: #0000ff;\"><a style=\"color: #0000ff;\" href=\"https:\/\/www.uea.edu.ec\/wp-content\/uploads\/APROBACION_SOCIALIZACION_INFORME_RDC_2021-1.pdf\" target=\"_blank\" rel=\"noopener\">4. Socializaci\u00f3n interna y aprobaci\u00f3n del Informe de Rendici\u00f3n de Cuentas por parte de los responsables.<\/a><\/span><\/li>\n<li><span style=\"color: #0000ff;\"><a style=\"color: #0000ff;\" href=\"https:\/\/www.uea.edu.ec\/wp-content\/uploads\/RDC_2021.pdf\" target=\"_blank\" rel=\"noopener\">4.1\u00a0Informe de Rendici\u00f3n de Cuentas<\/a><\/span><\/li>\n<\/ul>\n<p><\/p>\n<p><\/p>\n<hr class=\"wp-block-separator\" \/>\n<p><\/p>\n<p><\/p>\n<p><strong>Fase 2: Presentaci\u00f3n a la ciudadan\u00eda del Informe de rendici\u00f3n de cuentas<\/strong><\/p>\n<p><\/p>\n<p><\/p>\n<ul class=\"wp-block-list\">\n<li>1. Difusi\u00f3n del Informe de Rendici\u00f3n de Cuentas a trav\u00e9s de distintos medios<\/li>\n<li><a href=\"https:\/\/www.uea.edu.ec\/wp-content\/uploads\/documentos\/Listado_Invitados_Preliminar.pdf\" target=\"_blank\" rel=\"noopener\">\u00a0 \u00a0 <span style=\"color: #0000ff;\">1.1 Listado preliminar de invitados formales<\/span><\/a><\/li>\n<li>\u00a0 \u00a0 <span style=\"color: #0000ff;\"><a style=\"color: #0000ff;\" href=\"https:\/\/www.uea.edu.ec\/wp-content\/uploads\/INVITACION_RENDICION_DE_CUENTAS_2021-scaled.jpg\" target=\"_blank\" rel=\"noopener\">1.2. Invitaci\u00f3n a la presentaci\u00f3n del Informe de Rendici\u00f3n de Cuentas 2021<\/a><\/span><\/li>\n<li><a href=\"https:\/\/www.uea.edu.ec\/?p=14606\" target=\"_blank\" rel=\"noopener\">\u00a0 \u00a0 <span style=\"color: #0000ff;\">1.3. Bolet\u00edn: Invitaci\u00f3n a Rendici\u00f3n de Cuentas 2021<\/span><\/a><\/li>\n<li><span style=\"color: #0000ff;\"><a style=\"color: #0000ff;\" href=\"https:\/\/www.uea.edu.ec\/wp-content\/uploads\/Presentacion_RDC_2021.pdf\" target=\"_blank\" rel=\"noopener\">\u00a0 \u00a0\u00a01.4. Difusi\u00f3n D\u00edapositiva<\/a><\/span><\/li>\n<li><span style=\"color: #0000ff;\"><a style=\"color: #0000ff;\" href=\"https:\/\/www.uea.edu.ec\/wp-content\/uploads\/Registro_asitencia_evento_RDC_2021.pdf\" target=\"_blank\" rel=\"noopener\">\u00a0 \u00a0 1.5. Registro de asistencia<\/a><\/span><\/li>\n<li><span style=\"color: #0000ff;\"><a style=\"color: #0000ff;\" href=\"https:\/\/www.facebook.com\/ueaeduec\/videos\/1299722003770877\" target=\"_blank\" rel=\"noopener\">\u00a0 \u00a0\u00a01.6. Video informe Rendici\u00f3n de Cuentas<\/a><\/span><\/li>\n<li><a href=\"https:\/\/www.uea.edu.ec\/?p=14656\" target=\"_blank\" rel=\"noopener\"><span style=\"color: #0000ff;\">\u00a0\u00a0\u00a0 1.7. Bolet\u00edn: Informe de Rendici\u00f3n de Cuentas 2021<\/span><\/a><\/li>\n<li>\u00a0\u00a0\u00a0<span style=\"color: #0000ff;\"><a style=\"color: #0000ff;\" href=\"https:\/\/www.uea.edu.ec\/wp-content\/uploads\/SUGERENCIAS_CIUDADANAS_2021.pdf\" target=\"_blank\" rel=\"noopener\"> 1.8. Sugerencias Ciudadanas<\/a><\/span><\/li>\n<li><span style=\"color: #0000ff;\"><a style=\"color: #0000ff;\" href=\"https:\/\/www.uea.edu.ec\/wp-content\/uploads\/Planificacion_de_los_eventos_participativos.pdf\" target=\"_blank\" rel=\"noopener\">2. Planificaci\u00f3n de los eventos participativos<\/a><\/span><\/li>\n<li><span style=\"color: #0000ff;\"><a style=\"color: #0000ff;\" href=\"https:\/\/www.uea.edu.ec\/wp-content\/uploads\/RDC_2021.pdf\" target=\"_blank\" rel=\"noopener\">3. Incorporaci\u00f3n de aportes ciudadanos en el Informe de rendici\u00f3n de cuentas<\/a><\/span><\/li>\n<\/ul>\n<p><\/p>\n<p><\/p>\n<hr class=\"wp-block-separator\" \/>\n<p><\/p>\n<p><\/p>\n<p><strong>Fase 3: Entrega de Informe de rendici\u00f3n de cuentas al Consejo de Participaci\u00f3n Ciudadana y Control Social<\/strong><\/p>\n<p><\/p>\n<p><\/p>\n<ul class=\"wp-block-list\">\n<li><span style=\"color: #0000ff;\"><a style=\"color: #0000ff;\" href=\"https:\/\/www.uea.edu.ec\/wp-content\/uploads\/CERTIFICADO_CUMPLIMIENTO_RDC_2021_CPCCS.pdf\" target=\"_blank\" rel=\"noopener\">Entrega del Informe de Rendici\u00f3n de Cuentas al CPCCS, a trav\u00e9s del ingreso del Informe en el sistema virtual<\/a><\/span><\/li>\n<li><span style=\"color: #0000ff;\"><a style=\"color: #0000ff;\" href=\"https:\/\/www.uea.edu.ec\/wp-content\/uploads\/INFORME_ANUAL_CUMPLIMIENTO_LOTAIP-2021.pdf\" target=\"_blank\" rel=\"noopener\">Entrega del Informe \u00a0Anual Cumplimiento de LOTAIP Defensor\u00eda del Pueblo, a trav\u00e9s del ingreso en el\u00a0sistema\u00a0virtual<\/a><\/span><\/li>\n<\/ul>\n<p><\/p>[\/vc_column_text][\/vc_column][\/vc_row]<\/section>","protected":false},"excerpt":{"rendered":"<p>[vc_row][vc_column][vc_column_text] \u00a0 FASE 0: Organizaci\u00f3n interna institucional 1.\u00a0Conformaci\u00f3n del equipo de Rendici\u00f3n de Cuentas 1.2 Dise\u00f1o de la Propuesta del Proceso de Rendici\u00f3n de Cuentas Fase 1: Elaboraci\u00f3n del Informe de Rendici\u00f3n de Cuentas 1. Evaluaci\u00f3n de la Gesti\u00f3n Institucional 2. Llenado del Formulario de Informe de Rendici\u00f3n de Cuentas establecido por el CPCCS 3. &#8230; <a title=\"\" class=\"read-more\" href=\"https:\/\/www.uea.edu.ec\/web\/v1\/?page_id=14068\" aria-label=\"M\u00e1s en \">Leer m\u00e1s<\/a><\/p>\n","protected":false},"author":8,"featured_media":0,"parent":0,"menu_order":0,"comment_status":"closed","ping_status":"closed","template":"","meta":{"om_disable_all_campaigns":false,"_monsterinsights_skip_tracking":false,"_monsterinsights_sitenote_active":false,"_monsterinsights_sitenote_note":"","_monsterinsights_sitenote_category":0,"generate_page_header":"","footnotes":""},"class_list":["post-14068","page","type-page","status-publish"],"aioseo_notices":[],"_links":{"self":[{"href":"https:\/\/www.uea.edu.ec\/web\/v1\/index.php?rest_route=\/wp\/v2\/pages\/14068"}],"collection":[{"href":"https:\/\/www.uea.edu.ec\/web\/v1\/index.php?rest_route=\/wp\/v2\/pages"}],"about":[{"href":"https:\/\/www.uea.edu.ec\/web\/v1\/index.php?rest_route=\/wp\/v2\/types\/page"}],"author":[{"embeddable":true,"href":"https:\/\/www.uea.edu.ec\/web\/v1\/index.php?rest_route=\/wp\/v2\/users\/8"}],"replies":[{"embeddable":true,"href":"https:\/\/www.uea.edu.ec\/web\/v1\/index.php?rest_route=%2Fwp%2Fv2%2Fcomments&post=14068"}],"version-history":[{"count":44,"href":"https:\/\/www.uea.edu.ec\/web\/v1\/index.php?rest_route=\/wp\/v2\/pages\/14068\/revisions"}],"predecessor-version":[{"id":15215,"href":"https:\/\/www.uea.edu.ec\/web\/v1\/index.php?rest_route=\/wp\/v2\/pages\/14068\/revisions\/15215"}],"wp:attachment":[{"href":"https:\/\/www.uea.edu.ec\/web\/v1\/index.php?rest_route=%2Fwp%2Fv2%2Fmedia&parent=14068"}],"curies":[{"name":"wp","href":"https:\/\/api.w.org\/{rel}","templated":true}]}}