{"id":1407,"date":"2018-06-27T23:22:03","date_gmt":"2018-06-27T23:22:03","guid":{"rendered":"https:\/\/www.uea.edu.ec\/wp2018\/?page_id=1407"},"modified":"2019-01-06T21:13:27","modified_gmt":"2019-01-07T02:13:27","slug":"informe-2017","status":"publish","type":"page","link":"https:\/\/www.uea.edu.ec\/web\/v1\/?page_id=1407","title":{"rendered":"Informe 2017"},"content":{"rendered":"<section class=\"wpb-content-wrapper\"><p>[vc_row][vc_column][vc_column_text]<strong>FASE\u00a00\u00a0<\/strong><\/p>\n<p><a href=\"https:\/\/www.uea.edu.ec\/wp-content\/uploads\/2018\/06\/equipo_rendicion_cuentas_2017.pdf\" target=\"_blank\" rel=\"noopener\">Conformaci\u00f3n del equipo de Rendici\u00f3n de Cuentas<\/a><br \/>\n<a href=\"https:\/\/www.uea.edu.ec\/wp-content\/uploads\/2018\/06\/propuesta_rendicion_2017.pdf\" target=\"_blank\" rel=\"noopener\">Propuesta para el evento de Rendici\u00f3n de Cuentas<\/a><\/p>\n<p><strong>FASE\u00a01<\/strong><\/p>\n<p><a href=\"https:\/\/www.uea.edu.ec\/wp-content\/uploads\/2018\/06\/Informe_cuentas_2017.pdf\" target=\"_blank\" rel=\"noopener\">Redacci\u00f3n del informe de Rendici\u00f3n de Cuentas<\/a><\/p>\n<p><strong>FASE\u00a02<\/strong><\/p>\n<p>Incorporaci\u00f3n de los aportes ciudadanos en el informe de Rendici\u00f3n de Cuentas<br \/>\n<a href=\"https:\/\/www.uea.edu.ec\/wp-content\/uploads\/2018\/06\/Invitaci\u00f3n-2018.pdf\" target=\"_blank\" rel=\"noopener\">Invitaci\u00f3n a evento de Rendici\u00f3n de Cuentas<\/a><br \/>\n<a href=\"https:\/\/www.uea.edu.ec\/wp-content\/uploads\/2018\/06\/ENTREGA_DE_INVITACIONES_20177.pdf\" target=\"_blank\" rel=\"noopener\">Entrega\/Recepci\u00f3n de invitaciones para el evento de Rendici\u00f3n de Cuentas<\/a><br \/>\n<a href=\"https:\/\/www.uea.edu.ec\/wp-content\/uploads\/2018\/06\/ASISTENCIA_EVENTO_RENCION_DE_CUENTAS20177.pdf\" target=\"_blank\" rel=\"noopener\">Registro 1 asistencia Rendici\u00f3n de Cuentas<\/a><br \/>\nPresentaci\u00f3n del informe de Rendici\u00f3n de Cuentas 2015<br \/>\nRegistro 2 asistencia Rendici\u00f3n de Cuentas &#8211; TALLERES<br \/>\nRegistro 3 asistencia Rendici\u00f3n de Cuentas &#8211; TALLERES<br \/>\nInforme del medio externo C-05<br \/>\nInforme del Medio Externo C-05 GENERAL<br \/>\n<a href=\"https:\/\/www.uea.edu.ec\/wp-content\/uploads\/2018\/06\/RENDICIODECUENTASUNIVERSIDADESTATALAMAZONICAFOTOS2017.pdf\" target=\"_blank\" rel=\"noopener\">Evidencias fotogr\u00e1ficas del evento<\/a><br \/>\n<a href=\"https:\/\/accounts.google.com\/signin\/v2\/identifier?passive=true&amp;service=youtube&amp;hl=es&amp;uilel=3&amp;continue=https%3A%2F%2Fwww.youtube.com%2Fsignin%3Faction_handle_signin%3Dtrue%26app%3Ddesktop%26next%3D%252Fedit%253Fo%253DU%2526video_id%253D4Y_SDPCk6pI%26feature%3Dredirect_login%26hl%3Des&amp;flowName=GlifWebSignIn&amp;flowEntry=ServiceLogin\" target=\"_blank\" rel=\"noopener\">Informe de Rendici\u00f3n de Cuentas 2015 &#8211; Video<\/a><\/p>\n<p><strong>FASE\u00a03<\/strong><\/p>\n<p><a href=\"https:\/\/www.uea.edu.ec\/wp-content\/uploads\/2018\/06\/certificado_transparencia_2017.pdf\" target=\"_blank\" rel=\"noopener\">Informe Anual Cumplimiento LOTAIP<\/a><\/p>\n<p><a href=\"https:\/\/www.uea.edu.ec\/wp-content\/uploads\/2018\/06\/RENDICION_DE_CUENTAS_CPCCS.pdf\" target=\"_blank\" rel=\"noopener\">Entrega del informe de Rendici\u00f3n de Cuentas al CPCCS, a trav\u00e9s del ingreso del en el sistema virtual<\/a>[\/vc_column_text][\/vc_column][\/vc_row]<\/p>\n<\/section>","protected":false},"excerpt":{"rendered":"<p>[vc_row][vc_column][vc_column_text]FASE\u00a00\u00a0 Conformaci\u00f3n del equipo de Rendici\u00f3n de Cuentas Propuesta para el evento de Rendici\u00f3n de Cuentas FASE\u00a01 Redacci\u00f3n del informe de Rendici\u00f3n de Cuentas FASE\u00a02 Incorporaci\u00f3n de los aportes ciudadanos en el informe de Rendici\u00f3n de Cuentas Invitaci\u00f3n a evento de Rendici\u00f3n de Cuentas Entrega\/Recepci\u00f3n de invitaciones para el evento de Rendici\u00f3n de Cuentas Registro &#8230; <a title=\"Informe 2017\" class=\"read-more\" href=\"https:\/\/www.uea.edu.ec\/web\/v1\/?page_id=1407\" aria-label=\"M\u00e1s en Informe 2017\">Leer m\u00e1s<\/a><\/p>\n","protected":false},"author":2,"featured_media":0,"parent":0,"menu_order":0,"comment_status":"closed","ping_status":"closed","template":"","meta":{"om_disable_all_campaigns":false,"_monsterinsights_skip_tracking":false,"_monsterinsights_sitenote_active":false,"_monsterinsights_sitenote_note":"","_monsterinsights_sitenote_category":0,"generate_page_header":"","footnotes":""},"class_list":["post-1407","page","type-page","status-publish"],"aioseo_notices":[],"_links":{"self":[{"href":"https:\/\/www.uea.edu.ec\/web\/v1\/index.php?rest_route=\/wp\/v2\/pages\/1407"}],"collection":[{"href":"https:\/\/www.uea.edu.ec\/web\/v1\/index.php?rest_route=\/wp\/v2\/pages"}],"about":[{"href":"https:\/\/www.uea.edu.ec\/web\/v1\/index.php?rest_route=\/wp\/v2\/types\/page"}],"author":[{"embeddable":true,"href":"https:\/\/www.uea.edu.ec\/web\/v1\/index.php?rest_route=\/wp\/v2\/users\/2"}],"replies":[{"embeddable":true,"href":"https:\/\/www.uea.edu.ec\/web\/v1\/index.php?rest_route=%2Fwp%2Fv2%2Fcomments&post=1407"}],"version-history":[{"count":2,"href":"https:\/\/www.uea.edu.ec\/web\/v1\/index.php?rest_route=\/wp\/v2\/pages\/1407\/revisions"}],"predecessor-version":[{"id":6190,"href":"https:\/\/www.uea.edu.ec\/web\/v1\/index.php?rest_route=\/wp\/v2\/pages\/1407\/revisions\/6190"}],"wp:attachment":[{"href":"https:\/\/www.uea.edu.ec\/web\/v1\/index.php?rest_route=%2Fwp%2Fv2%2Fmedia&parent=1407"}],"curies":[{"name":"wp","href":"https:\/\/api.w.org\/{rel}","templated":true}]}}