{"id":14551,"date":"2022-03-17T11:47:31","date_gmt":"2022-03-17T16:47:31","guid":{"rendered":"https:\/\/www.uea.edu.ec\/?page_id=14551"},"modified":"2023-05-03T12:07:48","modified_gmt":"2023-05-03T17:07:48","slug":"formulario-redicion-de-cuentas","status":"publish","type":"page","link":"https:\/\/www.uea.edu.ec\/web\/v1\/?page_id=14551","title":{"rendered":"FORMULARIO RENDICI\u00d3N DE CUENTAS UEA 2021"},"content":{"rendered":"<section class=\"wpb-content-wrapper\"><p>[vc_row][vc_column][vc_column_text]<\/p>\n<p class=\"rtejustify\" style=\"text-align: justify;\">A\u00f1o a a\u00f1o la UEA realiza su <strong>Rendici\u00f3n de cuentas<\/strong>, en el cual el rector presenta el informe de gesti\u00f3n anual\u00a0y escucha a la comunidad universitaria y a la ciudadan\u00eda.<\/p>\n<p class=\"rtejustify\" style=\"text-align: justify;\">Considerando la creaci\u00f3n de espacios de di\u00e1logo y colaboraci\u00f3n, la UEA ofrece el presente formulario como un <strong>espacio virtual para recabar sugerencias que puedan contribuir al\u00a0desarrollo continuo de la docencia, investigaci\u00f3n, vinculaci\u00f3n y condiciones institucionales.<\/strong><\/p>\n<p class=\"rtejustify\" style=\"text-align: justify;\"><strong>Todas las sugerencias ser\u00e1n analizadas por las autoridades universitarias y servir\u00e1n como retroalimentaci\u00f3n del Plan Estrat\u00e9gico y Planes Operativos institucionales<\/strong><\/p>\n<p>&nbsp;<\/p>\n<p>[\/vc_column_text][\/vc_column][\/vc_row][vc_row][vc_column]\n<div class=\"wpcf7 no-js\" id=\"wpcf7-f14550-o1\" lang=\"es-ES\" dir=\"ltr\" data-wpcf7-id=\"14550\">\n<div class=\"screen-reader-response\"><p role=\"status\" aria-live=\"polite\" aria-atomic=\"true\"><\/p> <ul><\/ul><\/div>\n<form action=\"\/web\/v1\/index.php?rest_route=%2Fwp%2Fv2%2Fpages%2F14551#wpcf7-f14550-o1\" method=\"post\" class=\"wpcf7-form init\" aria-label=\"Formulario de contacto\" novalidate=\"novalidate\" data-status=\"init\">\n<div style=\"display: none;\">\n<input type=\"hidden\" name=\"_wpcf7\" value=\"14550\" \/>\n<input type=\"hidden\" name=\"_wpcf7_version\" value=\"6.0\" \/>\n<input type=\"hidden\" name=\"_wpcf7_locale\" value=\"es_ES\" \/>\n<input type=\"hidden\" name=\"_wpcf7_unit_tag\" value=\"wpcf7-f14550-o1\" \/>\n<input type=\"hidden\" name=\"_wpcf7_container_post\" value=\"0\" \/>\n<input type=\"hidden\" name=\"_wpcf7_posted_data_hash\" value=\"\" \/>\n<\/div>\n<p><label> C\u00e9dula (requerido)<br \/>\n<span class=\"wpcf7-form-control-wrap\" data-name=\"CEDULA\"><input size=\"40\" maxlength=\"400\" class=\"wpcf7-form-control wpcf7-text wpcf7-validates-as-required\" aria-required=\"true\" aria-invalid=\"false\" value=\"\" type=\"text\" name=\"CEDULA\" \/><\/span> <\/label>\n<\/p>\n<p><label> Nombres y Apellidos (requerido)<br \/>\n<span class=\"wpcf7-form-control-wrap\" data-name=\"your-name\"><input size=\"40\" maxlength=\"400\" class=\"wpcf7-form-control wpcf7-text wpcf7-validates-as-required\" aria-required=\"true\" aria-invalid=\"false\" value=\"\" type=\"text\" name=\"your-name\" \/><\/span> <\/label>\n<\/p>\n<p><label> Tu correo electr\u00f3nico (requerido)<br \/>\n<span class=\"wpcf7-form-control-wrap\" data-name=\"your-email\"><input size=\"40\" maxlength=\"400\" class=\"wpcf7-form-control wpcf7-email wpcf7-validates-as-required wpcf7-text wpcf7-validates-as-email\" aria-required=\"true\" aria-invalid=\"false\" value=\"\" type=\"email\" name=\"your-email\" \/><\/span> <\/label>\n<\/p>\n<p><label> \u00bfCu\u00e1l es tu relaci\u00f3n con la UEA? (requerido)<br \/>\n<span class=\"wpcf7-form-control-wrap\" data-name=\"RELACION\"><select class=\"wpcf7-form-control wpcf7-select wpcf7-validates-as-required\" aria-required=\"true\" aria-invalid=\"false\" name=\"RELACION\"><option value=\"\">&#8212;Por favor, elige una opci\u00f3n&#8212;<\/option><option value=\"Soy estudiante UEA\">Soy estudiante UEA<\/option><option value=\"Soy profesor UEA\">Soy profesor UEA<\/option><option value=\"Soy administrativo UEA\">Soy administrativo UEA<\/option><option value=\"Soy representante de entidad o empresa\">Soy representante de entidad o empresa<\/option><option value=\"Soy ciudadano y no tengo relaci\u00f3n con la UEA\">Soy ciudadano y no tengo relaci\u00f3n con la UEA<\/option><\/select><\/span> <\/label>\n<\/p>\n<p><label> Describa su sugerencia en base a la funci\u00f3n sustantiva - Docencia (requerido)<br \/>\n<span class=\"wpcf7-form-control-wrap\" data-name=\"Docencia\"><textarea cols=\"40\" rows=\"10\" maxlength=\"2000\" class=\"wpcf7-form-control wpcf7-textarea\" aria-invalid=\"false\" name=\"Docencia\"><\/textarea><\/span> <\/label>\n<\/p>\n<p><label> Describa su sugerencia en base a la funci\u00f3n sustantiva - Investigaci\u00f3n (requerido)<br \/>\n<span class=\"wpcf7-form-control-wrap\" data-name=\"investigacion\"><textarea cols=\"40\" rows=\"10\" maxlength=\"2000\" class=\"wpcf7-form-control wpcf7-textarea\" aria-invalid=\"false\" name=\"investigacion\"><\/textarea><\/span> <\/label>\n<\/p>\n<p><label> Describa su sugerencia en base a la funci\u00f3n sustantiva - Vinculaci\u00f3n (requerido)<br \/>\n<span class=\"wpcf7-form-control-wrap\" data-name=\"vinculacion\"><textarea cols=\"40\" rows=\"10\" maxlength=\"2000\" class=\"wpcf7-form-control wpcf7-textarea\" aria-invalid=\"false\" name=\"vinculacion\"><\/textarea><\/span> <\/label>\n<\/p>\n<p><label> Describa su sugerencia en base a las condiciones institucionales (requerido)<br \/>\n<span class=\"wpcf7-form-control-wrap\" data-name=\"condiciones\"><textarea cols=\"40\" rows=\"10\" maxlength=\"2000\" class=\"wpcf7-form-control wpcf7-textarea\" aria-invalid=\"false\" name=\"condiciones\"><\/textarea><\/span> <\/label>\n<\/p>\n<p><input class=\"wpcf7-form-control wpcf7-submit has-spinner\" type=\"submit\" value=\"ENVIAR SUGERENCIA\" \/>\n<\/p><div class=\"wpcf7-response-output\" aria-hidden=\"true\"><\/div>\n<\/form>\n<\/div>\n[\/vc_column][\/vc_row]<\/p>\n<\/section>","protected":false},"excerpt":{"rendered":"<p>[vc_row][vc_column][vc_column_text] A\u00f1o a a\u00f1o la UEA realiza su Rendici\u00f3n de cuentas, en el cual el rector presenta el informe de gesti\u00f3n anual\u00a0y escucha a la comunidad universitaria y a la ciudadan\u00eda. Considerando la creaci\u00f3n de espacios de di\u00e1logo y colaboraci\u00f3n, la UEA ofrece el presente formulario como un espacio virtual para recabar sugerencias que puedan &#8230; <a title=\"FORMULARIO RENDICI\u00d3N DE CUENTAS UEA 2021\" class=\"read-more\" href=\"https:\/\/www.uea.edu.ec\/web\/v1\/?page_id=14551\" aria-label=\"M\u00e1s en FORMULARIO RENDICI\u00d3N DE CUENTAS UEA 2021\">Leer m\u00e1s<\/a><\/p>\n","protected":false},"author":8,"featured_media":14545,"parent":0,"menu_order":0,"comment_status":"closed","ping_status":"closed","template":"","meta":{"om_disable_all_campaigns":false,"_monsterinsights_skip_tracking":false,"_monsterinsights_sitenote_active":false,"_monsterinsights_sitenote_note":"","_monsterinsights_sitenote_category":0,"generate_page_header":"","footnotes":""},"class_list":["post-14551","page","type-page","status-publish","has-post-thumbnail"],"aioseo_notices":[],"_links":{"self":[{"href":"https:\/\/www.uea.edu.ec\/web\/v1\/index.php?rest_route=\/wp\/v2\/pages\/14551"}],"collection":[{"href":"https:\/\/www.uea.edu.ec\/web\/v1\/index.php?rest_route=\/wp\/v2\/pages"}],"about":[{"href":"https:\/\/www.uea.edu.ec\/web\/v1\/index.php?rest_route=\/wp\/v2\/types\/page"}],"author":[{"embeddable":true,"href":"https:\/\/www.uea.edu.ec\/web\/v1\/index.php?rest_route=\/wp\/v2\/users\/8"}],"replies":[{"embeddable":true,"href":"https:\/\/www.uea.edu.ec\/web\/v1\/index.php?rest_route=%2Fwp%2Fv2%2Fcomments&post=14551"}],"version-history":[{"count":10,"href":"https:\/\/www.uea.edu.ec\/web\/v1\/index.php?rest_route=\/wp\/v2\/pages\/14551\/revisions"}],"predecessor-version":[{"id":17930,"href":"https:\/\/www.uea.edu.ec\/web\/v1\/index.php?rest_route=\/wp\/v2\/pages\/14551\/revisions\/17930"}],"wp:featuredmedia":[{"embeddable":true,"href":"https:\/\/www.uea.edu.ec\/web\/v1\/index.php?rest_route=\/wp\/v2\/media\/14545"}],"wp:attachment":[{"href":"https:\/\/www.uea.edu.ec\/web\/v1\/index.php?rest_route=%2Fwp%2Fv2%2Fmedia&parent=14551"}],"curies":[{"name":"wp","href":"https:\/\/api.w.org\/{rel}","templated":true}]}}