{"id":14673,"date":"2022-04-01T15:49:25","date_gmt":"2022-04-01T20:49:25","guid":{"rendered":"https:\/\/www.uea.edu.ec\/?page_id=14673"},"modified":"2023-08-24T14:21:23","modified_gmt":"2023-08-24T19:21:23","slug":"instructivos-2022","status":"publish","type":"page","link":"https:\/\/www.uea.edu.ec\/web\/v1\/?page_id=14673","title":{"rendered":"INSTRUCTIVOS 2022"},"content":{"rendered":"<section class=\"wpb-content-wrapper\"><p>[vc_row][vc_column][vc_column_text]<\/p>\n<ul>\n<li><a href=\"https:\/\/www.uea.edu.ec\/wp-content\/uploads\/2023\/08\/INSTRUCTIVO-DE-MOVILIDAD-ESTUDIANTIL-CON-FORMATOS.pdf\" target=\"_blank\" rel=\"noopener\"><span style=\"color: #0000ff;\">INSTRUCTIVO PARA EL PROCESO DE MOVILIDAD ESTUDIANTIL INTERNA Y EXTERNA DE LA UEA<\/span><\/a><\/li>\n<li><span style=\"color: #0000ff;\"><a style=\"color: #0000ff;\" href=\"https:\/\/www.uea.edu.ec\/wp-content\/uploads\/documentos\/instructivo_practicas_preprofesionales.pdf\" target=\"_blank\" rel=\"noopener\">INSTRUCTIVO PARA EL DESARROLLO DE PR\u00c1CTICAS PREPROFESIONALES DE LA UEA<\/a><\/span><\/li>\n<li><a href=\"https:\/\/www.uea.edu.ec\/wp-content\/uploads\/documentos\/Instructivo_Practicas_Preprofesionales_reformado.pdf\" target=\"_blank\" rel=\"noopener\"><span style=\"color: #0000ff;\">INSTRUCTIVO PARA EL DESARROLLO DE PR\u00c1CTICAS PREPROFESIONALES DE LA UEA (REFORMADO)<\/span><\/a><\/li>\n<li><span style=\"color: #0000ff;\"><a style=\"color: #0000ff;\" href=\"https:\/\/www.uea.edu.ec\/wp-content\/uploads\/INSTRUCTIVO-PARA-LA-APLICACION-DEL-REGLAMENTO-DE-BECAS.pdf\" target=\"_blank\" rel=\"noopener\">INSTRUCTIVO PARA LA APLICACI\u00d3N DEL REGLAMENTO DE BECAS Y AYUDAS ECON\u00d3MICAS DE LA UNIVERSIDAD ESTATAL AMAZ\u00d3NICA<\/a><\/span><\/li>\n<li><span style=\"color: #0000ff;\"><a style=\"color: #0000ff;\" href=\"https:\/\/www.uea.edu.ec\/wp-content\/uploads\/Instructivo_para_aplicar_la_gratuidad_de_la_educacion_uea.pdf\" target=\"_blank\" rel=\"noopener\">INSTRUCTIVO PARA APLICAR LA GRATUIDAD DE LA EDUCACI\u00d3N EN LA UNIVERSIDAD ESTATAL AMAZ\u00d3NICA<\/a><\/span><\/li>\n<li><span style=\"color: #0000ff;\"><a style=\"color: #0000ff;\" href=\"https:\/\/www.uea.edu.ec\/wp-content\/uploads\/instructivo_de_presentacion_informes_personal_academico.pdf\" target=\"_blank\" rel=\"noopener\">INSTRUCTIVO DE PRESENTACI\u00d3N DE INFORMES DEL PERSONAL ACAD\u00c9MICO<\/a><\/span><\/li>\n<li><span style=\"color: #0000ff;\"><a style=\"color: #0000ff;\" href=\"https:\/\/www.uea.edu.ec\/wp-content\/uploads\/instructivo_practicas_preprofesionales_segunda_reforma.pdf\" target=\"_blank\" rel=\"noopener\">INSTRUCTIVOS PARA PRACTICAS PREPROFESIONALES SEGUNDA REFORMA<\/a><\/span><\/li>\n<li><span style=\"color: #0000ff;\"><a style=\"color: #0000ff;\" href=\"https:\/\/www.uea.edu.ec\/wp-content\/uploads\/instructivo_titulacion_posgrados_uea_2022_reforma_art_6.pdf\" target=\"_blank\" rel=\"noopener\">INSTRUCTIVO TITULACI\u00d3N POSGRADO UEA 2022<\/a><\/span><\/li>\n<li><span style=\"color: #0000ff;\"><a style=\"color: #0000ff;\" href=\"https:\/\/www.uea.edu.ec\/wp-content\/uploads\/Instructivo-para_la_aplicacion_del_reglamento_de_becas_reformado_vigente_desde_12_sep.2022.pdf\" target=\"_blank\" rel=\"noopener\">INSTRUCTIVO PARA LA APLICACI\u00d3N DEL REGLAMENTO DE BECAS REFORMADO VIGENTE DESDE 12 SEPTIEMBRE DE 2022<\/a><\/span><\/li>\n<\/ul>\n<p>[\/vc_column_text][\/vc_column][\/vc_row]<\/p>\n<\/section>","protected":false},"excerpt":{"rendered":"<p>[vc_row][vc_column][vc_column_text] INSTRUCTIVO PARA EL PROCESO DE MOVILIDAD ESTUDIANTIL INTERNA Y EXTERNA DE LA UEA INSTRUCTIVO PARA EL DESARROLLO DE PR\u00c1CTICAS PREPROFESIONALES DE LA UEA INSTRUCTIVO PARA EL DESARROLLO DE PR\u00c1CTICAS PREPROFESIONALES DE LA UEA (REFORMADO) INSTRUCTIVO PARA LA APLICACI\u00d3N DEL REGLAMENTO DE BECAS Y AYUDAS ECON\u00d3MICAS DE LA UNIVERSIDAD ESTATAL AMAZ\u00d3NICA INSTRUCTIVO PARA APLICAR LA &#8230; <a title=\"INSTRUCTIVOS 2022\" class=\"read-more\" href=\"https:\/\/www.uea.edu.ec\/web\/v1\/?page_id=14673\" aria-label=\"M\u00e1s en INSTRUCTIVOS 2022\">Leer m\u00e1s<\/a><\/p>\n","protected":false},"author":8,"featured_media":0,"parent":0,"menu_order":0,"comment_status":"closed","ping_status":"closed","template":"","meta":{"om_disable_all_campaigns":false,"_monsterinsights_skip_tracking":false,"_monsterinsights_sitenote_active":false,"_monsterinsights_sitenote_note":"","_monsterinsights_sitenote_category":0,"generate_page_header":"","footnotes":""},"class_list":["post-14673","page","type-page","status-publish"],"aioseo_notices":[],"_links":{"self":[{"href":"https:\/\/www.uea.edu.ec\/web\/v1\/index.php?rest_route=\/wp\/v2\/pages\/14673"}],"collection":[{"href":"https:\/\/www.uea.edu.ec\/web\/v1\/index.php?rest_route=\/wp\/v2\/pages"}],"about":[{"href":"https:\/\/www.uea.edu.ec\/web\/v1\/index.php?rest_route=\/wp\/v2\/types\/page"}],"author":[{"embeddable":true,"href":"https:\/\/www.uea.edu.ec\/web\/v1\/index.php?rest_route=\/wp\/v2\/users\/8"}],"replies":[{"embeddable":true,"href":"https:\/\/www.uea.edu.ec\/web\/v1\/index.php?rest_route=%2Fwp%2Fv2%2Fcomments&post=14673"}],"version-history":[{"count":13,"href":"https:\/\/www.uea.edu.ec\/web\/v1\/index.php?rest_route=\/wp\/v2\/pages\/14673\/revisions"}],"predecessor-version":[{"id":19134,"href":"https:\/\/www.uea.edu.ec\/web\/v1\/index.php?rest_route=\/wp\/v2\/pages\/14673\/revisions\/19134"}],"wp:attachment":[{"href":"https:\/\/www.uea.edu.ec\/web\/v1\/index.php?rest_route=%2Fwp%2Fv2%2Fmedia&parent=14673"}],"curies":[{"name":"wp","href":"https:\/\/api.w.org\/{rel}","templated":true}]}}