{"id":1542,"date":"2018-06-28T23:56:51","date_gmt":"2018-06-28T23:56:51","guid":{"rendered":"https:\/\/www.uea.edu.ec\/wp2018\/?page_id=1542"},"modified":"2023-01-21T21:20:32","modified_gmt":"2023-01-22T02:20:32","slug":"ingenieria-forestal","status":"publish","type":"page","link":"https:\/\/www.uea.edu.ec\/web\/v1\/?page_id=1542","title":{"rendered":"Ingenier\u00eda Forestal"},"content":{"rendered":"<section class=\"wpb-content-wrapper\"><p>[vc_row][vc_column][vc_single_image image=&#8221;16841&#8243; img_size=&#8221;full&#8221; alignment=&#8221;center&#8221; css=&#8221;.vc_custom_1672857612400{margin-right: -40px !important;margin-left: -40px !important;}&#8221;][vc_column_text]<\/p>\n<p style=\"text-align: justify;\">\n<p style=\"text-align: justify;\"><strong><img decoding=\"async\" class=\"aligncenter wp-image-16811 size-full\" src=\"https:\/\/www.uea.edu.ec\/wp-content\/uploads\/2023\/01\/3-1.png\" alt=\"\" width=\"284\" height=\"65\" \/><\/strong>La carrera de Ingenier\u00eda Forestal que se imparte en la Universidad Estatal Amaz\u00f3nica est\u00e1 orientada a formar profesionales eficientes en la aplicaci\u00f3n de tecnolog\u00edas para el fortalecimiento de la producci\u00f3n, conservaci\u00f3n y uso racional de los bosques y recursos afines, como tambi\u00e9n preservando las reservas forestales y faun\u00edsticas,mitigando las emisiones de gases de efecto invernadero mediante fijaci\u00f3n, reducci\u00f3n y secuestro de CO2, control de la erosi\u00f3n del suelo, contaminaci\u00f3n ambiental, protecci\u00f3n de las fuentes de agua para la provisi\u00f3n de agua potable, riego, generaci\u00f3n hidroel\u00e9ctrica y uso industrial o recreacional, conservaci\u00f3n de la belleza esc\u00e9nica y de la biodiversidad natural para fines cient\u00edficos, entre otros. As\u00ed mismo vela por un perfecto equilibrio entre progreso econ\u00f3mico y conservaci\u00f3n ecol\u00f3gica, contribuyendo a la prosperidad sustentable del Ecuador en general y la Amazonia en particular.<\/p>\n<p style=\"text-align: justify;\"><strong><img decoding=\"async\" class=\"aligncenter wp-image-16800 size-full\" src=\"https:\/\/www.uea.edu.ec\/wp-content\/uploads\/2023\/01\/4.png\" alt=\"\" width=\"284\" height=\"65\" \/><\/strong>La carrera de Ingenier\u00eda Forestal es l\u00edder en formar profesionales con alta calidad acad\u00e9mica, t\u00e9cnica y principios \u00e9ticos con capacidad de dise\u00f1ar, implementar, dirigir programas y proyectos en los sistemas de producci\u00f3n forestales, sustentados en la investigaci\u00f3n, la docencia y la vinculaci\u00f3n en el marco de las pol\u00edticas nacionales e internacionales vigentes, para contribuir al desarrollo sustentable del sector forestal del Ecuador y la Amazonia.<\/p>\n<p style=\"text-align: justify;\"><strong><img decoding=\"async\" class=\"aligncenter wp-image-16799 size-full\" src=\"https:\/\/www.uea.edu.ec\/wp-content\/uploads\/2023\/01\/5.png\" alt=\"\" width=\"284\" height=\"65\" \/><\/strong>La carrera de Ingenier\u00eda Forestal ser\u00e1 l\u00edder en la formaci\u00f3n de profesionales capacitados y emprendedores para contribuir al progreso sustentable del sector forestal del Ecuador en general y la Amazonia en particular, con compromiso \u00e9tico y sensibilidad social.<\/p>\n<p style=\"text-align: justify;\"><strong><img loading=\"lazy\" decoding=\"async\" class=\"aligncenter wp-image-16801 size-full\" src=\"https:\/\/www.uea.edu.ec\/wp-content\/uploads\/2023\/01\/6.png\" alt=\"\" width=\"284\" height=\"65\" \/><\/strong>Formar profesionales provistos de una amplia concepci\u00f3n cognitiva, cient\u00edfica y de pertinencia social, capaces de producir y manejar de forma sostenible los recursos forestales y la biodiversidad, para la mitigaci\u00f3n de los impactos del cambio clim\u00e1tico con la generaci\u00f3n y adecuaci\u00f3n de la tecnolog\u00eda, a trav\u00e9s de la aplicaci\u00f3n de m\u00e9todos de ense\u00f1anza y aprendizaje sustentados en el modelo te\u00f3rico- epistemol\u00f3gico de la complejidad del pensamiento, que mejoren la calidad de vida del ecuatoriano, en concordancia con las l\u00edneas del Plan Nacional del Buen Vivir.<\/p>\n<p style=\"text-align: justify;\"><strong><img loading=\"lazy\" decoding=\"async\" class=\"aligncenter wp-image-16802 size-full\" src=\"https:\/\/www.uea.edu.ec\/wp-content\/uploads\/2023\/01\/7.png\" alt=\"\" width=\"284\" height=\"65\" \/><\/strong>Los aspirantes a ingresar en la carrera de Ingenier\u00eda Forestal deben poseer las siguientes caracter\u00edsticas:<\/p>\n<ul>\n<li style=\"text-align: justify;\">Emplear correctamente el lenguaje oral y escrito.<\/li>\n<li style=\"text-align: justify;\">Habilidad en el manejo de las TICs.<\/li>\n<li style=\"text-align: justify;\">Aptitud para trabajar al aire libre y en condiciones dif\u00edciles.<\/li>\n<li style=\"text-align: justify;\">Facilidad para integrarse en equipos multidisciplinarios.<\/li>\n<li style=\"text-align: justify;\">Regirse por principios \u00e9ticos que le permitan ser un buen ciudadano: cumplir con sus deberes, conocer y hacer respetar sus derechos y guiarse por los principios de respeto (a las personas y al ambiente), democracia, paz, igualdad, tolerancia, inclusividad, pluralismo, responsabilidad, disciplina, iniciativa, autonom\u00eda, solidaridad, cooperaci\u00f3n, liderazgo, compromiso social y esfuerzo.<\/li>\n<li style=\"text-align: justify;\">Ser proactivo y capaz de concebir y gestionar proyectos de emprendimiento econ\u00f3mico, social o cultural \u00fatiles para la sociedad. Adem\u00e1s, formular su plan de vida y llevarlo a cabo.<\/li>\n<li style=\"text-align: justify;\">Mostrar preferencia por las materias relacionadas con aspectos biol\u00f3gicos, ecol\u00f3gicos y de los recursos naturales.<\/li>\n<li style=\"text-align: justify;\">Poseer un esp\u00edritu de servicio, principalmente hacia las comunidades rurales.<\/li>\n<\/ul>\n<p style=\"text-align: justify;\"><strong><img loading=\"lazy\" decoding=\"async\" class=\"wp-image-16803 size-full aligncenter\" src=\"https:\/\/www.uea.edu.ec\/wp-content\/uploads\/2023\/01\/8.png\" alt=\"\" width=\"284\" height=\"65\" \/><\/strong>La carrera de Ingenier\u00eda Forestal del Decanato de Ciencias de la Tierra de la Universidad Estatal Amaz\u00f3nica (UEA), tiene como objetivo que sus egresados alcancen una formaci\u00f3n t\u00e9cnico-pr\u00e1ctico-cient\u00edfica integral que permitan la formaci\u00f3n de un profesional competitivo, con s\u00f3lidas bases en las ciencias b\u00e1sicas, en las ciencias exactas y biol\u00f3gicas, en la b\u00fasqueda continua de soluciones relacionadas con la gesti\u00f3n de los recursos naturales maderables y no maderables, y su industrializaci\u00f3n, con la capacidad de evaluar, producir, conservar y usar racionalmente los bosques y sus recursos afines, como tambi\u00e9n desarrollar y preservar las reservas forestales y faun\u00edsticas, mitigando las emisiones de gases de efecto invernadero mediante fijaci\u00f3n, reducci\u00f3n y secuestro de CO2, control de la erosi\u00f3n del suelo, protecci\u00f3n de las fuentes de agua, para la provisi\u00f3n de agua potable, riego, generaci\u00f3n hidroel\u00e9ctrica y uso industrial de la madera y recreacional en los bosques, conservaci\u00f3n de la belleza esc\u00e9nica y de la biodiversidad natural para fines cient\u00edfico entre otros. La formaci\u00f3n permitir\u00e1 que el egresado alcance una visi\u00f3n hol\u00edstica de la sostenibilidad desde la dimensi\u00f3n econ\u00f3mica, ambiental, social y de la buena gobernanza en la zona de influencia de la UEA y el Ecuador en general, relacionados con el desempe\u00f1o de la profesi\u00f3n.<\/p>\n<p style=\"text-align: justify;\">El egresado por medio del aprendizaje continuo y el compromiso con la sociedad valorar\u00e1 los cambios sociales, liderando procesos en beneficio de la comunidad, por medio del desempe\u00f1o de actividades formaci\u00f3n preprofesional en contacto con la realidad amaz\u00f3nica en particular y del Ecuador en general, dentro de su campo de acci\u00f3n. Tendr\u00e1 la capacidad de liderar y emprender procesos de progreso e innovaci\u00f3n tecnol\u00f3gica, para lo cual se nutrir\u00e1 del marco jur\u00eddico nacional y tratados internacionales relativos a su carrera, y del marco moral y \u00e9tico que orientar\u00e1 sus derechos y deberes como profesional. Las diferentes disciplinas que se estructuraron para alcanzar la formaci\u00f3n de competencias del egresado se encuentran enmarcadas, reguladas y aprobadas por la CACIFOR (Comisi\u00f3n Acad\u00e9mica de Carrera Ingenier\u00eda Forestal), CA-UEA (Comisi\u00f3n Acad\u00e9mica Universidad Estatal Amaz\u00f3nica), el CU-UEA (Consejo Universitario de la Universidad Estatal Amaz\u00f3nica) y por el sistema del Consejo de Educaci\u00f3n Superior (CES) del Ecuador.<\/p>\n<p style=\"text-align: justify;\"><strong><img loading=\"lazy\" decoding=\"async\" class=\"aligncenter wp-image-16804 size-full\" src=\"https:\/\/www.uea.edu.ec\/wp-content\/uploads\/2023\/01\/9.png\" alt=\"\" width=\"408\" height=\"65\" srcset=\"https:\/\/www.uea.edu.ec\/web\/v1\/wp-content\/uploads\/2023\/01\/9.png 408w, https:\/\/www.uea.edu.ec\/web\/v1\/wp-content\/uploads\/2023\/01\/9-300x48.png 300w\" sizes=\"(max-width: 408px) 100vw, 408px\" \/><\/strong>La Universidad Estatal Amaz\u00f3nica cuenta con laboratorios que soportan la docencia y la investigaci\u00f3n en la Ingenier\u00eda Forestal, como son los laboratorios de Bromatolog\u00eda, Qu\u00edmica, Microbiolog\u00eda, Biolog\u00eda, Suelos y Ambiental, y diferentes escenarios en el campus central que sirven para el desarrollo cient\u00edfico. Tambi\u00e9n cuenta con el Centro Experimental de Investigaci\u00f3n y Producci\u00f3n Amaz\u00f3nica (CEIPA), el cual tiene una extensi\u00f3n de 2848,20 hect\u00e1reas, principalmente de bosque primario; adem\u00e1s de programas productivos tiene 7 l\u00edneas de investigaci\u00f3n y las Estaciones Experimentales (Alto Piat\u00faa, Timburi Cocha, Sangay y Nangaritza) ideales para generar investigaci\u00f3n cient\u00edfica y dar soporte a las funciones de investigaci\u00f3n, docencia y vinculaci\u00f3n con la colectividad.<\/p>\n<p><strong><img loading=\"lazy\" decoding=\"async\" class=\"size-medium wp-image-16805 aligncenter\" src=\"https:\/\/www.uea.edu.ec\/wp-content\/uploads\/2023\/01\/10-300x62.png\" alt=\"\" width=\"300\" height=\"62\" srcset=\"https:\/\/www.uea.edu.ec\/web\/v1\/wp-content\/uploads\/2023\/01\/10-300x62.png 300w, https:\/\/www.uea.edu.ec\/web\/v1\/wp-content\/uploads\/2023\/01\/10.png 317w\" sizes=\"(max-width: 300px) 100vw, 300px\" \/><\/strong> Ingeniero (a) Forestal.<\/p>\n<p><strong><img loading=\"lazy\" decoding=\"async\" class=\"wp-image-16858 size-full aligncenter\" src=\"https:\/\/www.uea.edu.ec\/wp-content\/uploads\/2023\/01\/contacto-1.png\" alt=\"\" width=\"264\" height=\"58\" \/>Contacto:<\/strong> 032892118 ext. 16143<\/p>\n<p><strong>Email:<\/strong> <a href=\"mailto:forestal@uea.edu.ec\">forestal@uea.edu.ec<\/a><\/p>\n<p style=\"text-align: justify;\"><span style=\"font-size: 18pt;\"><strong><img loading=\"lazy\" decoding=\"async\" class=\"aligncenter wp-image-16806 size-full\" src=\"https:\/\/www.uea.edu.ec\/wp-content\/uploads\/2023\/01\/11.png\" alt=\"\" width=\"317\" height=\"65\" srcset=\"https:\/\/www.uea.edu.ec\/web\/v1\/wp-content\/uploads\/2023\/01\/11.png 317w, https:\/\/www.uea.edu.ec\/web\/v1\/wp-content\/uploads\/2023\/01\/11-300x62.png 300w\" sizes=\"(max-width: 317px) 100vw, 317px\" \/><\/strong><\/span>La carrera se dicta bajo la modalidad presencial, con una duraci\u00f3n de diez (X) semestres, 720 horas por periodo acad\u00e9mico, 16 semanas por periodo acad\u00e9mico, y 7200 horas pedag\u00f3gicas en total, repartidas en 53 asignaturas en total.<\/p>\n<p style=\"text-align: justify;\">El Plan de Estudios est\u00e1 conformado por asignaturas de: formaci\u00f3n b\u00e1sica, profesional y Unidad de Integraci\u00f3n Curricular (UIC). La UIC est\u00e1 conformada por pr\u00e1cticas laborales (1 y 2), pr\u00e1cticas de servicio comunitario, integraci\u00f3n curricular que puede superarse aprobando el examen complexivo o trabajo de integraci\u00f3n curricular al finalizar la carrera.<\/p>\n<p>&nbsp;[\/vc_column_text][vc_tta_accordion][vc_tta_section title=&#8221;Bloque 1&#8243; tab_id=&#8221;1530578614202-bf006a8b-9c00&#8243;][vc_column_text]<\/p>\n<ul>\n<li>Matem\u00e1tica I<\/li>\n<li>Qu\u00edmica I<\/li>\n<li>F\u00edsica I<\/li>\n<li>Microbiolog\u00eda<\/li>\n<li>Estad\u00edstica<\/li>\n<\/ul>\n<p>[\/vc_column_text][\/vc_tta_section][vc_tta_section title=&#8221;Bloque 2&#8243; tab_id=&#8221;1530578614243-7f35f111-7776&#8243;][vc_column_text]<\/p>\n<ul>\n<li>Matem\u00e1tica II<\/li>\n<li>Qu\u00edmica II<\/li>\n<li>F\u00edsica II<\/li>\n<li>Metodolog\u00eda de la investigaci\u00f3n cient\u00edfica<\/li>\n<li>Inform\u00e1tica<\/li>\n<li>Legislaci\u00f3n forestal<\/li>\n<\/ul>\n<p>[\/vc_column_text][\/vc_tta_section][vc_tta_section title=&#8221;Bloque 3&#8243; tab_id=&#8221;1530578700189-7686beae-d7d3&#8243;][vc_column_text]<\/p>\n<ul>\n<li>Bioqu\u00edmica<\/li>\n<li>Ecolog\u00eda<\/li>\n<li>Dise\u00f1o de experimentos<\/li>\n<li>Bot\u00e1nica general<\/li>\n<li>Meteorolog\u00eda y climatolog\u00eda<\/li>\n<\/ul>\n<p>[\/vc_column_text][\/vc_tta_section][vc_tta_section title=&#8221;Bloque 4&#8243; tab_id=&#8221;1530578749430-b9c7118e-4b1d&#8221;][vc_column_text]<\/p>\n<ul>\n<li>Sistemas de informaci\u00f3n geogr\u00e1fica<\/li>\n<li>Topograf\u00eda<\/li>\n<li>Gen\u00e9tica<\/li>\n<li>Bot\u00e1nica sistem\u00e1tica<\/li>\n<li>Dendrolog\u00eda<\/li>\n<li>Fundamentos de geolog\u00eda y morfolog\u00eda<\/li>\n<\/ul>\n<p>[\/vc_column_text][\/vc_tta_section][vc_tta_section title=&#8221;Bloque 5&#8243; tab_id=&#8221;1530578796409-c22e4e0d-b80e&#8221;][vc_column_text]<\/p>\n<ul>\n<li>Redacci\u00f3n de informes t\u00e9cnicos<\/li>\n<li>Edafolog\u00eda<\/li>\n<li>Fisiolog\u00eda vegetal<\/li>\n<li>Fotogrametr\u00eda y fotointerpretaci\u00f3n forestal<\/li>\n<li>Tipolog\u00eda de bosques<\/li>\n<li>Qu\u00edmica de la madera<\/li>\n<\/ul>\n<p>[\/vc_column_text][\/vc_tta_section][vc_tta_section title=&#8221;Bloque 6&#8243; tab_id=&#8221;1530578864241-52080c6c-c54c&#8221;][vc_column_text]<\/p>\n<ul>\n<li>Plagas y enfermedades<\/li>\n<li>Maquinaria y equipos forestales<\/li>\n<li>Medici\u00f3n forestal<\/li>\n<li>Biotecnolog\u00eda forestal<\/li>\n<li>Pr\u00e1cticas pre profesionales I<\/li>\n<\/ul>\n<p>[\/vc_column_text][\/vc_tta_section][vc_tta_section title=&#8221;Bloque 7&#8243; tab_id=&#8221;1530578904718-a13e0943-b4fd&#8221;][vc_column_text]<\/p>\n<ul>\n<li>Fomento forestal<\/li>\n<li>Conservaci\u00f3n y gesti\u00f3n de la biodiversidad<\/li>\n<li>Mejoramiento forestal<\/li>\n<li>Manejo de cuencas hidrogr\u00e1ficas<\/li>\n<li>Pr\u00e1cticas pre profesionales II<\/li>\n<\/ul>\n<p>[\/vc_column_text][\/vc_tta_section][vc_tta_section title=&#8221;Bloque 8&#8243; tab_id=&#8221;1530578951885-c3735c51-37ab&#8221;][vc_column_text]<\/p>\n<ul>\n<li>Realidad nacional<\/li>\n<li>Conservaci\u00f3n de suelos<\/li>\n<li>Inventario forestal<\/li>\n<li>Ordenamiento de bosques<\/li>\n<li>Productos y servicios del bosque<\/li>\n<li>Pr\u00e1cticas de servicio comunitario<\/li>\n<\/ul>\n<p>[\/vc_column_text][\/vc_tta_section][vc_tta_section title=&#8221;Bloque 9&#8243; tab_id=&#8221;1530579013298-7dacec1b-0ac1&#8243;][vc_column_text]<\/p>\n<ul>\n<li>Mercadeo y comercializaci\u00f3n<\/li>\n<li>Manejo de incendios forestales<\/li>\n<li>Silvicultura<\/li>\n<li>Aprovechamiento forestal<\/li>\n<li>Sistemas agroforestales<\/li>\n<\/ul>\n<p>[\/vc_column_text][\/vc_tta_section][vc_tta_section title=&#8221;Bloque 10&#8243; tab_id=&#8221;1530579063783-9293d5d2-102a&#8221;][vc_column_text]<\/p>\n<ul>\n<li>Dise\u00f1o y evaluaci\u00f3n de proyectos<\/li>\n<li>Silvicultura urbana<\/li>\n<li>Tecnolog\u00eda de la madera e industrias forestales<\/li>\n<li>Integraci\u00f3n curricular<\/li>\n<\/ul>\n<p>[\/vc_column_text][\/vc_tta_section][\/vc_tta_accordion][vc_column_text]<\/p>\n<hr \/>\n<p><strong><img loading=\"lazy\" decoding=\"async\" class=\"wp-image-16859 size-full aligncenter\" src=\"https:\/\/www.uea.edu.ec\/wp-content\/uploads\/2023\/01\/descargas-1.png\" alt=\"\" width=\"264\" height=\"58\" \/><\/strong><\/p>\n<ul>\n<li><strong><span style=\"color: #ff6600;\"><a style=\"color: #ff6600;\" href=\"https:\/\/www.uea.edu.ec\/wp-content\/uploads\/2023\/01\/MALLA-FORESTAL_.pdf\" target=\"_blank\" rel=\"noopener noreferrer\"><em>Descargar malla curricular de Ingenier\u00eda Forestal<\/em><\/a><\/span><\/strong><\/li>\n<\/ul>\n<p>[\/vc_column_text][\/vc_column][\/vc_row]<\/p>\n<\/section>","protected":false},"excerpt":{"rendered":"<p>[vc_row][vc_column][vc_single_image image=&#8221;16841&#8243; img_size=&#8221;full&#8221; alignment=&#8221;center&#8221; css=&#8221;.vc_custom_1672857612400{margin-right: -40px !important;margin-left: -40px !important;}&#8221;][vc_column_text] La carrera de Ingenier\u00eda Forestal que se imparte en la Universidad Estatal Amaz\u00f3nica est\u00e1 orientada a formar profesionales eficientes en la aplicaci\u00f3n de tecnolog\u00edas para el fortalecimiento de la producci\u00f3n, conservaci\u00f3n y uso racional de los bosques y recursos afines, como tambi\u00e9n preservando las reservas forestales &#8230; <a title=\"Ingenier\u00eda Forestal\" class=\"read-more\" href=\"https:\/\/www.uea.edu.ec\/web\/v1\/?page_id=1542\" aria-label=\"M\u00e1s en Ingenier\u00eda Forestal\">Leer m\u00e1s<\/a><\/p>\n","protected":false},"author":2,"featured_media":0,"parent":0,"menu_order":0,"comment_status":"closed","ping_status":"closed","template":"","meta":{"om_disable_all_campaigns":false,"_monsterinsights_skip_tracking":false,"_monsterinsights_sitenote_active":false,"_monsterinsights_sitenote_note":"","_monsterinsights_sitenote_category":0,"generate_page_header":"","footnotes":""},"class_list":["post-1542","page","type-page","status-publish"],"aioseo_notices":[],"_links":{"self":[{"href":"https:\/\/www.uea.edu.ec\/web\/v1\/index.php?rest_route=\/wp\/v2\/pages\/1542"}],"collection":[{"href":"https:\/\/www.uea.edu.ec\/web\/v1\/index.php?rest_route=\/wp\/v2\/pages"}],"about":[{"href":"https:\/\/www.uea.edu.ec\/web\/v1\/index.php?rest_route=\/wp\/v2\/types\/page"}],"author":[{"embeddable":true,"href":"https:\/\/www.uea.edu.ec\/web\/v1\/index.php?rest_route=\/wp\/v2\/users\/2"}],"replies":[{"embeddable":true,"href":"https:\/\/www.uea.edu.ec\/web\/v1\/index.php?rest_route=%2Fwp%2Fv2%2Fcomments&post=1542"}],"version-history":[{"count":36,"href":"https:\/\/www.uea.edu.ec\/web\/v1\/index.php?rest_route=\/wp\/v2\/pages\/1542\/revisions"}],"predecessor-version":[{"id":16914,"href":"https:\/\/www.uea.edu.ec\/web\/v1\/index.php?rest_route=\/wp\/v2\/pages\/1542\/revisions\/16914"}],"wp:attachment":[{"href":"https:\/\/www.uea.edu.ec\/web\/v1\/index.php?rest_route=%2Fwp%2Fv2%2Fmedia&parent=1542"}],"curies":[{"name":"wp","href":"https:\/\/api.w.org\/{rel}","templated":true}]}}