{"id":1544,"date":"2018-06-28T23:57:04","date_gmt":"2018-06-28T23:57:04","guid":{"rendered":"https:\/\/www.uea.edu.ec\/wp2018\/?page_id=1544"},"modified":"2023-01-21T21:22:10","modified_gmt":"2023-01-22T02:22:10","slug":"biologia","status":"publish","type":"page","link":"https:\/\/www.uea.edu.ec\/web\/v1\/?page_id=1544","title":{"rendered":"Biolog\u00eda"},"content":{"rendered":"<section class=\"wpb-content-wrapper\"><p>[vc_row][vc_column][vc_single_image image=&#8221;16877&#8243; img_size=&#8221;full&#8221; alignment=&#8221;center&#8221; css=&#8221;.vc_custom_1672925167779{margin-right: -40px !important;margin-left: -40px !important;}&#8221;][vc_column_text]<\/p>\n<p style=\"text-align: justify;\">\n<p style=\"text-align: justify;\"><strong><img decoding=\"async\" class=\"size-full wp-image-16797 aligncenter\" src=\"https:\/\/www.uea.edu.ec\/wp-content\/uploads\/2023\/01\/3.png\" alt=\"\" width=\"284\" height=\"65\" \/><\/strong>La carrera de Biolog\u00eda est\u00e1 dise\u00f1ada para formar profesionales dotados de conocimientos fundamentales en el campo de la Biolog\u00eda, conscientes de los problemas relevantes que afectan tanto al ambiente como al hombre, con capacidad de adaptaci\u00f3n a situaciones cambiantes dentro de su campo de acci\u00f3n y competitivos en el ejercicio de su profesi\u00f3n; dispuestos a mantener una formaci\u00f3n actualizada y permanente; con los valores \u00e9ticos necesarios que le permitir\u00e1n contribuir como profesional, con el bienestar y desarrollo de la familia, la sociedad y el pa\u00eds.<\/p>\n<p style=\"text-align: justify;\"><strong><img decoding=\"async\" class=\"size-full wp-image-16800 aligncenter\" src=\"https:\/\/www.uea.edu.ec\/wp-content\/uploads\/2023\/01\/4.png\" alt=\"\" width=\"284\" height=\"65\" \/><\/strong>Formar profesionales integrales y competitivos con valores \u00e9ticos, que investiguen, gestionen y conserven la biodiversidad y el medio ambiente en el marco del desarrollo sustentable que les permitan generar procesos de b\u00fasqueda constante de soluciones a problemas inherentes en la disciplina de la Biolog\u00eda, para mejorar la calidad de vida de la poblaci\u00f3n y conservaci\u00f3n de sus recursos biol\u00f3gicos, con base a la aplicaci\u00f3n del conocimiento cient\u00edfico y tecnol\u00f3gico en el \u00e1rea de su formaci\u00f3n.<\/p>\n<p style=\"text-align: justify;\"><strong><img decoding=\"async\" class=\"size-full wp-image-16799 aligncenter\" src=\"https:\/\/www.uea.edu.ec\/wp-content\/uploads\/2023\/01\/5.png\" alt=\"\" width=\"284\" height=\"65\" \/><\/strong>La carrera en Biolog\u00eda, liderar\u00e1 la formaci\u00f3n de profesionales de excelencia acad\u00e9mica, investigadores de la biodiversidad, conservaci\u00f3n y gesti\u00f3n sustentable de los recursos biol\u00f3gicos y ambientales del pa\u00eds, que ser\u00e1 reconocida por la calidad de sus profesionales con s\u00f3lidos valores \u00e9ticos y alto sentido de compromiso y responsabilidad social.<\/p>\n<p style=\"text-align: justify;\"><strong><img loading=\"lazy\" decoding=\"async\" class=\"size-full wp-image-16801 aligncenter\" src=\"https:\/\/www.uea.edu.ec\/wp-content\/uploads\/2023\/01\/6.png\" alt=\"\" width=\"284\" height=\"65\" \/><\/strong>El programa de estudios de la Carrera de Biolog\u00eda est\u00e1 dise\u00f1ado para formar profesionales integrales, altamente competitivos provistos de una amplia concepci\u00f3n cient\u00edfica, capaces de identificar y conservar la biodiversidad amaz\u00f3nica en todos sus componentes. Con bases s\u00f3lidas en \u00e1reas te\u00f3ricas y pr\u00e1cticas propias del campo de estudio de la disciplina. Con una participaci\u00f3n responsable, \u00e9tica, innovadora y eficiente en armon\u00eda con el ambiente, y aprovechamiento sustentable de los recursos.<\/p>\n<p style=\"text-align: justify;\"><strong><img loading=\"lazy\" decoding=\"async\" class=\"wp-image-16802 size-full aligncenter\" src=\"https:\/\/www.uea.edu.ec\/wp-content\/uploads\/2023\/01\/7.png\" alt=\"\" width=\"284\" height=\"65\" \/><\/strong>Los aspirantes a ingresar en la carrera Biolog\u00eda deben poseer las siguientes competencias:<\/p>\n<ul>\n<li>Capacidad de expresi\u00f3n oral y escrita.<\/li>\n<li>Capacidad de an\u00e1lisis y s\u00edntesis.<\/li>\n<li>Habilidad en el manejo de las TICs disponibles para la generaci\u00f3n y evaluaci\u00f3n de la informaci\u00f3n.<\/li>\n<li>Habilidad para adquirir conocimientos y experiencias en el campo de la biolog\u00eda.<\/li>\n<li>Capacidad de lectura comprensiva.<\/li>\n<\/ul>\n<p style=\"text-align: justify;\"><strong><img loading=\"lazy\" decoding=\"async\" class=\"aligncenter wp-image-16803 size-full\" src=\"https:\/\/www.uea.edu.ec\/wp-content\/uploads\/2023\/01\/8.png\" alt=\"\" width=\"284\" height=\"65\" \/><\/strong>El Bi\u00f3logo (a) egresado de la UEA es un profesional con s\u00f3lidos conocimientos en las ciencias b\u00e1sicas y en el campo cient\u00edfico, que le permitir\u00e1 incorporarse a la investigaci\u00f3n en cualquier nivel de la organizaci\u00f3n biol\u00f3gica y ecol\u00f3gica (taxon\u00f3mico, funcional y filogen\u00e9tico), considerando los aspectos socio econ\u00f3micos y human\u00edsticos, que le permitir\u00e1 comprender los potenciales riesgos que enfrentan los recursos naturales debido a presiones antr\u00f3picas. Adem\u00e1s, tendr\u00e1 una actitud \u00e9tica y responsable en la valoraci\u00f3n de su profesi\u00f3n y de la naturaleza. Poseer\u00e1 tambi\u00e9n un amplio espectro de conocimientos b\u00e1sicos de los seres vivos, desde el nivel molecular hasta el de la bi\u00f3sfera.<\/p>\n<p style=\"text-align: justify;\"><strong><img loading=\"lazy\" decoding=\"async\" class=\"aligncenter wp-image-16804 size-full\" src=\"https:\/\/www.uea.edu.ec\/wp-content\/uploads\/2023\/01\/9.png\" alt=\"\" width=\"408\" height=\"65\" srcset=\"https:\/\/www.uea.edu.ec\/web\/v1\/wp-content\/uploads\/2023\/01\/9.png 408w, https:\/\/www.uea.edu.ec\/web\/v1\/wp-content\/uploads\/2023\/01\/9-300x48.png 300w\" sizes=\"(max-width: 408px) 100vw, 408px\" \/><\/strong>La Universidad Estatal Amaz\u00f3nica cuenta con laboratorios que soportan la docencia y la investigaci\u00f3n en la Carrera de Biolog\u00eda, como son los laboratorios de Bromatolog\u00eda, Qu\u00edmica, Microbiolog\u00eda, Biolog\u00eda, Suelos y Ambiental. Tambi\u00e9n cuenta con el Centro Experimental de Investigaci\u00f3n y Producci\u00f3n Amaz\u00f3nica (CEIPA), el cual tiene una extensi\u00f3n de 2848,20 hect\u00e1reas, principalmente de bosque primario; adem\u00e1s de programas productivos tiene 7 l\u00edneas de investigaci\u00f3n y las Estaciones Experimentales (Alto Piat\u00faa, Timburi Cocha, Sangay y Nangaritza), ideales para generar investigaci\u00f3n cient\u00edfica y dar soporte a las funciones de investigaci\u00f3n, docencia y vinculaci\u00f3n con la colectividad, en funci\u00f3n de las l\u00edneas de investigaci\u00f3n de la UEA:<\/p>\n<ul>\n<li>Ecosistemas Biodiversidad y Conservaci\u00f3n de Especies.<\/li>\n<li>Gesti\u00f3n y Conservaci\u00f3n Ambiental.<\/li>\n<li>Producci\u00f3n de Alimentos en Sistemas Agro Biodiversos.<\/li>\n<li>Procesos Agroindustriales.<\/li>\n<li>Turismo y Ecoturismo.<\/li>\n<li>Plurinacionalidad y Saberes Ancestrales.<\/li>\n<li>Econom\u00eda, gesti\u00f3n, sociodiversidad, producci\u00f3n, productividad, innovaci\u00f3n y desarrollo empresarial.<\/li>\n<\/ul>\n<p><strong><img loading=\"lazy\" decoding=\"async\" class=\"aligncenter wp-image-16858 size-full\" src=\"https:\/\/www.uea.edu.ec\/wp-content\/uploads\/2023\/01\/contacto-1.png\" alt=\"\" width=\"264\" height=\"58\" \/><\/strong><strong>Contacto:<\/strong> 032892118 ext. 133<\/p>\n<p><strong>Email:<\/strong> <a href=\"mailto:biologia@uea.edu.ec\">biologia@uea.edu.ec<\/a><\/p>\n<p style=\"text-align: justify;\"><span style=\"font-size: 18pt;\"><strong><img loading=\"lazy\" decoding=\"async\" class=\"aligncenter wp-image-16806 size-full\" src=\"https:\/\/www.uea.edu.ec\/wp-content\/uploads\/2023\/01\/11.png\" alt=\"\" width=\"317\" height=\"65\" srcset=\"https:\/\/www.uea.edu.ec\/web\/v1\/wp-content\/uploads\/2023\/01\/11.png 317w, https:\/\/www.uea.edu.ec\/web\/v1\/wp-content\/uploads\/2023\/01\/11-300x62.png 300w\" sizes=\"(max-width: 317px) 100vw, 317px\" \/><\/strong><\/span>La carrera se dicta bajo la modalidad presencial, con una duraci\u00f3n de diez (X) semestres, 54 asignaturas y 8000 horas pedag\u00f3gicas. El Plan de Estudios est\u00e1 conformado por asignaturas de formaci\u00f3n b\u00e1sica, profesional y de titulaci\u00f3n, adem\u00e1s de las pr\u00e1cticas pre- profesionales, vinculaci\u00f3n a la sociedad y trabajo de titulaci\u00f3n. Los estudiantes desarrollan variados estudios de campo, laboratorio y gesti\u00f3n, siendo la investigaci\u00f3n cient\u00edfica una de las principales herramientas de desarrollo acad\u00e9mico. El t\u00edtulo otorgado es de Bi\u00f3logo (a).<\/p>\n<p>&nbsp;[\/vc_column_text][vc_tta_accordion][vc_tta_section title=&#8221;Bloque 1&#8243; tab_id=&#8221;1530580307248-e3dc077f-0a6a&#8221;][vc_column_text]<\/p>\n<ul>\n<li>Matem\u00e1tica I<\/li>\n<li>Qu\u00edmica I<\/li>\n<li>Estad\u00edstica<\/li>\n<li>Redacci\u00f3n de Informes T\u00e9cnicos<\/li>\n<li>Biof\u00edsica<\/li>\n<li>Realidad Nacional<\/li>\n<\/ul>\n<p>[\/vc_column_text][\/vc_tta_section][vc_tta_section title=&#8221;Bloque 2&#8243; tab_id=&#8221;1530580307341-dc776e1d-ef4a&#8221;][vc_column_text]<\/p>\n<ul>\n<li>Matem\u00e1tica II<\/li>\n<li>Qu\u00edmica II<\/li>\n<li>Ecolog\u00eda<\/li>\n<li>Biolog\u00eda<\/li>\n<li>Metodolog\u00eda de la Investigaci\u00f3n Cient\u00edfica<\/li>\n<\/ul>\n<p>[\/vc_column_text][\/vc_tta_section][vc_tta_section title=&#8221;Bloque 3&#8243; tab_id=&#8221;1530580434208-c4b8c061-1272&#8243;][vc_column_text]<\/p>\n<ul>\n<li>Bioqu\u00edmica<\/li>\n<li>Microbiolog\u00eda<\/li>\n<li>Dise\u00f1o de Experimentos<\/li>\n<li>Bot\u00e1nica General<\/li>\n<li>Zoolog\u00eda General<\/li>\n<\/ul>\n<p>[\/vc_column_text][\/vc_tta_section][vc_tta_section title=&#8221;Bloque 4&#8243; tab_id=&#8221;1530580479757-36bbc372-5cb4&#8243;][vc_column_text]<\/p>\n<ul>\n<li>Edafolog\u00eda<\/li>\n<li>An\u00e1lisis Qu\u00edmico<\/li>\n<li>Fisiolog\u00eda Vegetal<\/li>\n<li>Fisiolog\u00eda Animal<\/li>\n<li>Citolog\u00eda e Histolog\u00eda<\/li>\n<\/ul>\n<p>[\/vc_column_text][\/vc_tta_section][vc_tta_section title=&#8221;Bloque 5&#8243; tab_id=&#8221;1530580571414-fc1c7b69-b17e&#8221;][vc_column_text]<\/p>\n<ul>\n<li>Gen\u00e9tica<\/li>\n<li>T\u00e9cnicas de Monitoreo y Muestreo<\/li>\n<li>Taxonom\u00eda Vegetal I (No Vasculares)<\/li>\n<li>Biolog\u00eda animal I (Invertebrados no Arthr\u00f3podos)<\/li>\n<li>Ecolog\u00eda Humana y Cambio Clim\u00e1tico<\/li>\n<\/ul>\n<p>[\/vc_column_text][\/vc_tta_section][vc_tta_section title=&#8221;Bloque 6&#8243; tab_id=&#8221;1530580683316-30f4e874-cd8a&#8221;][vc_column_text]<\/p>\n<ul>\n<li>Sistemas de Informaci\u00f3n Geogr\u00e1fica<\/li>\n<li>Taxonom\u00eda Vegetal II (Vasculares)<\/li>\n<li>Biolog\u00eda animal II<\/li>\n<li>Legislaci\u00f3n Ambiental<\/li>\n<li>Pr\u00e1cticas Preprofesionales I<\/li>\n<\/ul>\n<p>[\/vc_column_text][\/vc_tta_section][vc_tta_section title=&#8221;Bloque 7&#8243; tab_id=&#8221;1530580805886-b4d33897-87ae&#8221;][vc_column_text]<\/p>\n<ul>\n<li>Biogeograf\u00eda<\/li>\n<li>Biolog\u00eda Animal III (Vertebrados)<\/li>\n<li>Ecolog\u00eda de Poblaciones y Comunidades<\/li>\n<li>Filogen\u00e9tica<\/li>\n<li>Pr\u00e1cticas Preprofesionales II<\/li>\n<\/ul>\n<p>[\/vc_column_text][\/vc_tta_section][vc_tta_section title=&#8221;Bloque 8&#8243; tab_id=&#8221;1530580890153-fa9afa31-df34&#8243;][vc_column_text]<\/p>\n<ul>\n<li>Dise\u00f1o y Evaluaci\u00f3n de Proyectos<\/li>\n<li>Antropolog\u00eda<\/li>\n<li>Gen\u00e9tica Molecular<\/li>\n<li>Gesti\u00f3n y Conservaci\u00f3n de \u00c1reas Naturales y Vida Silvestre<\/li>\n<li>Biodiversidad Amaz\u00f3nica<\/li>\n<li>Pr\u00e1cticas de Servicio Comunitario<\/li>\n<\/ul>\n<p>[\/vc_column_text][\/vc_tta_section][vc_tta_section title=&#8221;Bloque 9&#8243; tab_id=&#8221;1530580974698-4dcf28e6-21c4&#8243;][vc_column_text]<\/p>\n<ul>\n<li>Etolog\u00eda<\/li>\n<li>Evaluaci\u00f3n de Impacto Ambiental<\/li>\n<li>Biolog\u00eda del Desarrollo<\/li>\n<li>Biolog\u00eda Molecular<\/li>\n<li>Biotecnolog\u00eda<\/li>\n<\/ul>\n<p>[\/vc_column_text][\/vc_tta_section][vc_tta_section title=&#8221;Bloque 10&#8243; tab_id=&#8221;1530581095582-47fccef4-596b&#8221;][vc_column_text]<\/p>\n<ul>\n<li>Biolog\u00eda Evolutiva<\/li>\n<li>Restauraci\u00f3n Ecol\u00f3gica<\/li>\n<li>Biolog\u00eda de la Conservaci\u00f3n<\/li>\n<li>Limnolog\u00eda<\/li>\n<li>Integraci\u00f3n Curricular<\/li>\n<\/ul>\n<p>[\/vc_column_text][\/vc_tta_section][\/vc_tta_accordion][vc_column_text]<strong><img loading=\"lazy\" decoding=\"async\" class=\"wp-image-16859 size-full aligncenter\" src=\"https:\/\/www.uea.edu.ec\/wp-content\/uploads\/2023\/01\/descargas-1.png\" alt=\"\" width=\"264\" height=\"58\" \/><\/strong><\/p>\n<ul>\n<li><strong><span style=\"color: #ff6600;\"><a style=\"color: #ff6600;\" href=\"https:\/\/www.uea.edu.ec\/wp-content\/uploads\/2023\/01\/MALLA-BIOLOGIA.pdf\" target=\"_blank\" rel=\"noopener noreferrer\"><em>Descargar malla curricular de Biolog\u00eda<\/em><\/a><\/span><\/strong><\/li>\n<\/ul>\n<p>[\/vc_column_text][\/vc_column][\/vc_row]<\/p>\n<\/section>","protected":false},"excerpt":{"rendered":"<p>[vc_row][vc_column][vc_single_image image=&#8221;16877&#8243; img_size=&#8221;full&#8221; alignment=&#8221;center&#8221; css=&#8221;.vc_custom_1672925167779{margin-right: -40px !important;margin-left: -40px !important;}&#8221;][vc_column_text] La carrera de Biolog\u00eda est\u00e1 dise\u00f1ada para formar profesionales dotados de conocimientos fundamentales en el campo de la Biolog\u00eda, conscientes de los problemas relevantes que afectan tanto al ambiente como al hombre, con capacidad de adaptaci\u00f3n a situaciones cambiantes dentro de su campo de acci\u00f3n y &#8230; <a title=\"Biolog\u00eda\" class=\"read-more\" href=\"https:\/\/www.uea.edu.ec\/web\/v1\/?page_id=1544\" aria-label=\"M\u00e1s en Biolog\u00eda\">Leer m\u00e1s<\/a><\/p>\n","protected":false},"author":2,"featured_media":0,"parent":0,"menu_order":0,"comment_status":"closed","ping_status":"closed","template":"","meta":{"om_disable_all_campaigns":false,"_monsterinsights_skip_tracking":false,"_monsterinsights_sitenote_active":false,"_monsterinsights_sitenote_note":"","_monsterinsights_sitenote_category":0,"generate_page_header":"","footnotes":""},"class_list":["post-1544","page","type-page","status-publish"],"aioseo_notices":[],"_links":{"self":[{"href":"https:\/\/www.uea.edu.ec\/web\/v1\/index.php?rest_route=\/wp\/v2\/pages\/1544"}],"collection":[{"href":"https:\/\/www.uea.edu.ec\/web\/v1\/index.php?rest_route=\/wp\/v2\/pages"}],"about":[{"href":"https:\/\/www.uea.edu.ec\/web\/v1\/index.php?rest_route=\/wp\/v2\/types\/page"}],"author":[{"embeddable":true,"href":"https:\/\/www.uea.edu.ec\/web\/v1\/index.php?rest_route=\/wp\/v2\/users\/2"}],"replies":[{"embeddable":true,"href":"https:\/\/www.uea.edu.ec\/web\/v1\/index.php?rest_route=%2Fwp%2Fv2%2Fcomments&post=1544"}],"version-history":[{"count":39,"href":"https:\/\/www.uea.edu.ec\/web\/v1\/index.php?rest_route=\/wp\/v2\/pages\/1544\/revisions"}],"predecessor-version":[{"id":16889,"href":"https:\/\/www.uea.edu.ec\/web\/v1\/index.php?rest_route=\/wp\/v2\/pages\/1544\/revisions\/16889"}],"wp:attachment":[{"href":"https:\/\/www.uea.edu.ec\/web\/v1\/index.php?rest_route=%2Fwp%2Fv2%2Fmedia&parent=1544"}],"curies":[{"name":"wp","href":"https:\/\/api.w.org\/{rel}","templated":true}]}}