{"id":1546,"date":"2018-06-28T23:57:19","date_gmt":"2018-06-28T23:57:19","guid":{"rendered":"https:\/\/www.uea.edu.ec\/wp2018\/?page_id=1546"},"modified":"2023-01-21T21:21:36","modified_gmt":"2023-01-22T02:21:36","slug":"licenciatura-en-turismo","status":"publish","type":"page","link":"https:\/\/www.uea.edu.ec\/web\/v1\/?page_id=1546","title":{"rendered":"Licenciatura en Turismo"},"content":{"rendered":"<section class=\"wpb-content-wrapper\"><p>[vc_row][vc_column][vc_single_image image=&#8221;16748&#8243; img_size=&#8221;full&#8221; alignment=&#8221;center&#8221; css=&#8221;.vc_custom_1672781364425{margin-right: -40px !important;margin-left: -40px !important;}&#8221;][vc_column_text]<\/p>\n<p style=\"text-align: justify;\">\n<p style=\"text-align: justify;\"><strong><img decoding=\"async\" class=\"aligncenter wp-image-16811 size-full\" src=\"https:\/\/www.uea.edu.ec\/wp-content\/uploads\/2023\/01\/3-1.png\" alt=\"\" width=\"284\" height=\"65\" \/><\/strong>La carrera de Licenciatura en Turismo dictada en la Universidad Estatal Amaz\u00f3nica, est\u00e1 orientada a formar profesionales eficientes en el planeamiento y evaluaci\u00f3n de proyectos tur\u00edsticos, gesti\u00f3n de empresas y planificaci\u00f3n de actividades, destinos, servicios y recursos tur\u00edsticos, con la innovaci\u00f3n y la sostenibilidad como ejes centrales, aplicaci\u00f3n de los principios b\u00e1sicos de la conservaci\u00f3n para el manejo racional y aprovechamiento de recursos naturales. Un aspecto relevante en su plan de estudio, son los escenarios para desarrollar programas de capacitaci\u00f3n y entrenamiento en cualquiera de las \u00e1reas de su competencia que promueven la convergencia del conocimiento cient\u00edfico y saberes culturales. Adem\u00e1s, el aprendizaje de idiomas extranjeros, la posibilidad de obtener el B1 en ingl\u00e9s y la dimensi\u00f3n internacional con intercambios con varias universidades dentro de los rankings m\u00e1s altos a nivel mundial.<\/p>\n<p style=\"text-align: justify;\"><strong><img decoding=\"async\" class=\"aligncenter wp-image-16800 size-full\" src=\"https:\/\/www.uea.edu.ec\/wp-content\/uploads\/2023\/01\/4.png\" alt=\"\" width=\"284\" height=\"65\" \/><\/strong>Somos una Carrera de educaci\u00f3n superior orientada a la generaci\u00f3n de soluciones en el \u00e1mbito tur\u00edstico, conformada por talento humano competente de esp\u00edritu cr\u00edtico, pluralista, participativo y \u00e9tico, que forma profesionales creativos y emprendedores, capaces de resolver problemas, mediante el uso y aprovechamiento racional y sostenible de los recursos naturales y culturales, respetando los valores ancestrales y aplicando con responsabilidad los est\u00e1ndares de excelencia profesional, para contribuir al desarrollo de la Regi\u00f3n Amaz\u00f3nica.<\/p>\n<p style=\"text-align: justify;\"><strong><img decoding=\"async\" class=\"aligncenter wp-image-16799 size-full\" src=\"https:\/\/www.uea.edu.ec\/wp-content\/uploads\/2023\/01\/5.png\" alt=\"\" width=\"284\" height=\"65\" \/><\/strong>Ser un referente en la generaci\u00f3n del conocimiento cient\u00edfico y en la formaci\u00f3n integral de profesionales orientados al desarrollo sostenible del turismo en los \u00e1mbitos ambiental, econ\u00f3mico, social y cultural de la Regi\u00f3n Amaz\u00f3nica, basado en valores ancestrales, identificada con la conservaci\u00f3n de su entorno.<\/p>\n<p style=\"text-align: justify;\"><strong><img loading=\"lazy\" decoding=\"async\" class=\"aligncenter wp-image-16801 size-full\" src=\"https:\/\/www.uea.edu.ec\/wp-content\/uploads\/2023\/01\/6.png\" alt=\"\" width=\"284\" height=\"65\" \/><\/strong>Promover el desarrollo de profesionales en turismo provisto de una amplia concepci\u00f3n human\u00edstica, cient\u00edfica, profesional, con calidad y pertinencia social, comprometidos en el desarrollo integral de los espacios tur\u00edsticos sostenibles del Ecuador para el esparcimiento, y la gesti\u00f3n de negocios de instituciones p\u00fablicas y empresas privadas y comunitarias con principios \u00e9ticos y valores sociales, que permitan el desarrollo econ\u00f3mico para mejorar la calidad de vida de la Amazonia y del pa\u00eds.<\/p>\n<p style=\"text-align: left;\"><strong><img loading=\"lazy\" decoding=\"async\" class=\"aligncenter wp-image-16802 size-full\" src=\"https:\/\/www.uea.edu.ec\/wp-content\/uploads\/2023\/01\/7.png\" alt=\"\" width=\"284\" height=\"65\" \/>\u00a0<\/strong>Los aspirantes a ingresar en la carrera Turismo deben poseer las siguientes competencias:<\/p>\n<ul>\n<li style=\"text-align: justify;\">Regirse por principio \u00e9ticos que le permitan ser un buen ciudadano: cumplir con sus deberes, conocer y hacer respetar sus derechos y guiarse por los principios de respeto, democracia, paz, igualdad, tolerancia, inclusividad, pluralismo, responsabilidad, disciplina, iniciativa, autonom\u00eda, solidaridad, cooperaci\u00f3n, liderazgo, compromiso social y esfuerzo.<\/li>\n<li style=\"text-align: justify;\">Acceder a la informaci\u00f3n disponible de manera cr\u00edtica, investigar, aprender, analizar, experimentar, revisar, autocriticarse y autocorregirse para continuar aprendiendo sin necesidad de directrices externas.<\/li>\n<li style=\"text-align: justify;\">Comprender y utilizar (oral y escrito) para comunicarse y aprender, tanto en la lengua propia como en una lengua extranjera. Expresarse por escrito en la lengua propia con correcci\u00f3n y claridad. Capacidad de an\u00e1lisis y s\u00edntesis.<\/li>\n<li style=\"text-align: justify;\">Habilidad para adaptarse el ambiente cultural internacional; inter\u00e9s y respeto hacia otras culturas.<\/li>\n<li style=\"text-align: justify;\">Conocimientos de historia, geograf\u00eda y cultura general.<\/li>\n<li style=\"text-align: justify;\">\u00a0Habilidad en el manejo de las TIC\u2019s.<\/li>\n<li style=\"text-align: justify;\">\u00a0Sentido de responsabilidad y organizaci\u00f3n.<\/li>\n<li style=\"text-align: justify;\">Capacidad para integrarse en equipos interdisciplinarios.<\/li>\n<\/ul>\n<p style=\"text-align: justify;\"><strong><img loading=\"lazy\" decoding=\"async\" class=\"aligncenter wp-image-16803 size-full\" src=\"https:\/\/www.uea.edu.ec\/wp-content\/uploads\/2023\/01\/8.png\" alt=\"\" width=\"284\" height=\"65\" \/><\/strong>Es un profesional integral capaz de identificar las problem\u00e1ticas propias de la actividad, interrelacionarlas a la luz de los marcos te\u00f3ricos y epistemol\u00f3gicos que la carrera ha ido construyendo y actuar en consecuencia sobre la realidad con un sentido cr\u00edtico y \u00e9tico. En el plano acad\u00e9mico y profesional crea modelos de gesti\u00f3n, capaces de aprovechar las diversas ventajas competitivas de su entorno, utiliza estrategias de planificaci\u00f3n y organizaci\u00f3n, asume ocupaciones intermedias y directivas en diversas empresas p\u00fablicas y comunitarias.<\/p>\n<p style=\"text-align: justify;\"><strong><img loading=\"lazy\" decoding=\"async\" class=\"aligncenter wp-image-16804 size-full\" src=\"https:\/\/www.uea.edu.ec\/wp-content\/uploads\/2023\/01\/9.png\" alt=\"\" width=\"408\" height=\"65\" srcset=\"https:\/\/www.uea.edu.ec\/web\/v1\/wp-content\/uploads\/2023\/01\/9.png 408w, https:\/\/www.uea.edu.ec\/web\/v1\/wp-content\/uploads\/2023\/01\/9-300x48.png 300w\" sizes=\"(max-width: 408px) 100vw, 408px\" \/><\/strong>La Universidad Estatal Amaz\u00f3nica cuenta con laboratorios que soportan la docencia y la investigaci\u00f3n en la Carrera de Licenciatura en Turismo, como el Centro Experimental de Investigaci\u00f3n y Producci\u00f3n Amaz\u00f3nica (CEIPA) el cual tiene una extensi\u00f3n de 2848,20 hect\u00e1reas, principalmente de bosque primario; posee 7 programas de investigaci\u00f3n:<\/p>\n<ul>\n<li>Ecosistemas Biodiversidad y Conservaci\u00f3n de Especies.<\/li>\n<li>Gesti\u00f3n y Conservaci\u00f3n Ambiental.<\/li>\n<li>Producci\u00f3n de Alimentos en Sistemas Agro Biodiversos.<\/li>\n<li>Procesos Agroindustriales.<\/li>\n<li>Turismo y Ecoturismo.<\/li>\n<li>Plurinacionalidad y Saberes Ancestrales.<\/li>\n<li>Econom\u00eda, gesti\u00f3n, sociodiversidad, producci\u00f3n, productividad, innovaci\u00f3n y desarrollo empresarial.<\/li>\n<\/ul>\n<p style=\"text-align: justify;\">Adem\u00e1s, se cuenta con las Estaciones Experimentales (Alto Piat\u00faa, Timburi Cocha, Sangay y Nangaritza) ideales para generar investigaci\u00f3n cient\u00edfica y dar soporte a la investigaci\u00f3n, docencia y vinculaci\u00f3n con la colectividad.<\/p>\n<p><strong><img loading=\"lazy\" decoding=\"async\" class=\"aligncenter wp-image-16805 size-full\" src=\"https:\/\/www.uea.edu.ec\/wp-content\/uploads\/2023\/01\/10.png\" alt=\"\" width=\"317\" height=\"65\" srcset=\"https:\/\/www.uea.edu.ec\/web\/v1\/wp-content\/uploads\/2023\/01\/10.png 317w, https:\/\/www.uea.edu.ec\/web\/v1\/wp-content\/uploads\/2023\/01\/10-300x62.png 300w\" sizes=\"(max-width: 317px) 100vw, 317px\" \/><\/strong>Licenciado en Turismo.<\/p>\n<p><strong><img loading=\"lazy\" decoding=\"async\" class=\"wp-image-16858 size-full aligncenter\" src=\"https:\/\/www.uea.edu.ec\/wp-content\/uploads\/2023\/01\/contacto-1.png\" alt=\"\" width=\"264\" height=\"58\" \/>Contacto:<\/strong> 032892118 ext. 16136<\/p>\n<p><strong>Email:<\/strong> <a href=\"mailto:turismo@uea.edu.ec\">turismo@uea.edu.ec<\/a><\/p>\n<p style=\"text-align: justify;\"><span style=\"font-size: 12pt;\"><strong><img loading=\"lazy\" decoding=\"async\" class=\"aligncenter wp-image-16806 size-full\" src=\"https:\/\/www.uea.edu.ec\/wp-content\/uploads\/2023\/01\/11.png\" alt=\"\" width=\"317\" height=\"65\" srcset=\"https:\/\/www.uea.edu.ec\/web\/v1\/wp-content\/uploads\/2023\/01\/11.png 317w, https:\/\/www.uea.edu.ec\/web\/v1\/wp-content\/uploads\/2023\/01\/11-300x62.png 300w\" sizes=\"(max-width: 317px) 100vw, 317px\" \/><\/strong><\/span>La carrera se dicta bajo la modalidad presencial, con una duraci\u00f3n de nueve (IX) semestres, 51 asignaturas. El Plan de Estudios est\u00e1 conformado por asignaturas de formaci\u00f3n b\u00e1sica, profesional y de titulaci\u00f3n, adem\u00e1s de las pr\u00e1cticas preprofesionales, vinculaci\u00f3n a la sociedad y trabajo de titulaci\u00f3n. Los estudiantes desarrollan varias pr\u00e1cticas de campo, siendo la investigaci\u00f3n cient\u00edfica una de las principales herramientas del desarrollo acad\u00e9mico.<\/p>\n<p>&nbsp;[\/vc_column_text][vc_tta_accordion][vc_tta_section title=&#8221;Bloque 1&#8243; tab_id=&#8221;1672779793594-f084581d-1cd2&#8243;][vc_column_text]<\/p>\n<ul>\n<li>Matem\u00e1tica B\u00e1sica<\/li>\n<li>Impactos Socio Ambientales del Turismo<\/li>\n<li>Historia del Arte Universal<\/li>\n<li>Ingl\u00e9s I<\/li>\n<li>Realidad Nacional<\/li>\n<li>Antropolog\u00eda Cultural y Tur\u00edstica<\/li>\n<\/ul>\n<p>[\/vc_column_text][\/vc_tta_section][vc_tta_section title=&#8221;Bloque 2&#8243; tab_id=&#8221;1530569887609-71ef612a-1166&#8243;][vc_column_text]<\/p>\n<ul>\n<li>Matem\u00e1tica Financiera<\/li>\n<li>Flora del Ecuador<\/li>\n<li>Fauna del Ecuador<\/li>\n<li>Ingl\u00e9s II<\/li>\n<li>Estad\u00edstica<\/li>\n<li>Legislaci\u00f3n Tur\u00edstica y Ambiental<\/li>\n<\/ul>\n<p>[\/vc_column_text][\/vc_tta_section][vc_tta_section title=&#8221;Bloque 3&#8243; tab_id=&#8221;1530569995177-3c5548b9-ad56&#8243;][vc_column_text]<\/p>\n<ul>\n<li>Ecolog\u00eda<\/li>\n<li>Contabilidad General<\/li>\n<li>Ingl\u00e9s III<\/li>\n<li>Ordenamiento Territorial<\/li>\n<li>Metodolog\u00eda de la Investigaci\u00f3n Cient\u00edfica<\/li>\n<\/ul>\n<p>[\/vc_column_text][\/vc_tta_section][vc_tta_section title=&#8221;Bloque 4&#8243; tab_id=&#8221;1530570055691-3be6b1ee-988b&#8221;][vc_column_text]<\/p>\n<ul>\n<li>Hospitalidad y Atenci\u00f3n al Cliente<\/li>\n<li>Biogeograf\u00eda<\/li>\n<li>Investigaci\u00f3n de Mercados<\/li>\n<li>Redacci\u00f3n de Informes T\u00e9cnicos<\/li>\n<li>Ingl\u00e9s IV<\/li>\n<li>Introducci\u00f3n al Turismo<\/li>\n<\/ul>\n<p>[\/vc_column_text][\/vc_tta_section][vc_tta_section title=&#8221;Bloque 5&#8243; tab_id=&#8221;1530570105015-043a41dc-b56a&#8221;][vc_column_text]<\/p>\n<ul>\n<li>Cultura Gastron\u00f3mica del Ecuador<\/li>\n<li>Ingl\u00e9s V<\/li>\n<li>Geograf\u00eda Tur\u00edstica<\/li>\n<li>Gesti\u00f3n Tur\u00edstica del Patrimonio Cultural<\/li>\n<li>Gesti\u00f3n de Alimentos y Bebidas<\/li>\n<li>Pr\u00e1cticas Preprofesionales I<\/li>\n<\/ul>\n<p>[\/vc_column_text][\/vc_tta_section][vc_tta_section title=&#8221;Bloque 6&#8243; tab_id=&#8221;1530570155668-448edc51-b51c&#8221;][vc_column_text]<\/p>\n<ul>\n<li>Sistemas de Informaci\u00f3n Geogr\u00e1fica<\/li>\n<li>Animaci\u00f3n y Recreaci\u00f3n Tur\u00edstica<\/li>\n<li>Econom\u00eda del Turismo<\/li>\n<li>Turismo de Naturaleza<\/li>\n<li>Pr\u00e1cticas Preprofesionales II<\/li>\n<\/ul>\n<p>[\/vc_column_text][\/vc_tta_section][vc_tta_section title=&#8221;Bloque 7&#8243; tab_id=&#8221;1530570215125-462604fd-22fd&#8221;][vc_column_text]<\/p>\n<ul>\n<li>Administraci\u00f3n de Empresas Tur\u00edsticas I<\/li>\n<li>T\u00e9cnicas de Guiar<\/li>\n<li>Tic aplicadas al Turismo<\/li>\n<li>Gesti\u00f3n e Innovaci\u00f3n de Destinos Tur\u00edsticos<\/li>\n<li>Gesti\u00f3n de la Calidad<\/li>\n<li>Pr\u00e1cticas Servicio Comunitario<\/li>\n<\/ul>\n<p>[\/vc_column_text][\/vc_tta_section][vc_tta_section title=&#8221;Bloque 8&#8243; tab_id=&#8221;1530570259171-e1d13aee-721b&#8221;][vc_column_text]<\/p>\n<ul>\n<li>Dise\u00f1o y Evaluaci\u00f3n de Proyectos<\/li>\n<li>Protocolo y Etiqueta<\/li>\n<li>Gesti\u00f3n Hotelera<\/li>\n<li>Administraci\u00f3n de Empresas Tur\u00edsticas II<\/li>\n<li>Dise\u00f1o de Productos Tur\u00edsticos<\/li>\n<li>Gesti\u00f3n Ambiental y Tur\u00edstica<\/li>\n<li>Marketing Tur\u00edstico<\/li>\n<\/ul>\n<p>[\/vc_column_text][\/vc_tta_section][vc_tta_section title=&#8221;Bloque 9&#8243; tab_id=&#8221;1530570313083-886b59f2-5f38&#8243;][vc_column_text]<\/p>\n<ul>\n<li>Gesti\u00f3n del Talento Humano<\/li>\n<li>Gesti\u00f3n de Agencias de Viajes<\/li>\n<li>Emprendimiento<\/li>\n<li>Integraci\u00f3n Curricular<\/li>\n<\/ul>\n<p>[\/vc_column_text][\/vc_tta_section][\/vc_tta_accordion][vc_column_text]<\/p>\n<p><strong><img loading=\"lazy\" decoding=\"async\" class=\"wp-image-16859 size-full aligncenter\" src=\"https:\/\/www.uea.edu.ec\/wp-content\/uploads\/2023\/01\/descargas-1.png\" alt=\"\" width=\"264\" height=\"58\" \/><\/strong><\/p>\n<ul>\n<li><strong><span style=\"color: #ff6600;\"><a style=\"color: #ff6600;\" href=\"https:\/\/www.uea.edu.ec\/wp-content\/uploads\/2023\/01\/MALLA-TURISMO.pdf\" target=\"_blank\" rel=\"noopener noreferrer\"><em>Descargar malla curricular de Licenciatura en Turismo<\/em><\/a><\/span><\/strong><\/li>\n<\/ul>\n<p>[\/vc_column_text][\/vc_column][\/vc_row][vc_row][vc_column][\/vc_column][\/vc_row]<\/p>\n<\/section>","protected":false},"excerpt":{"rendered":"<p>[vc_row][vc_column][vc_single_image image=&#8221;16748&#8243; img_size=&#8221;full&#8221; alignment=&#8221;center&#8221; css=&#8221;.vc_custom_1672781364425{margin-right: -40px !important;margin-left: -40px !important;}&#8221;][vc_column_text] La carrera de Licenciatura en Turismo dictada en la Universidad Estatal Amaz\u00f3nica, est\u00e1 orientada a formar profesionales eficientes en el planeamiento y evaluaci\u00f3n de proyectos tur\u00edsticos, gesti\u00f3n de empresas y planificaci\u00f3n de actividades, destinos, servicios y recursos tur\u00edsticos, con la innovaci\u00f3n y la sostenibilidad como ejes &#8230; <a title=\"Licenciatura en Turismo\" class=\"read-more\" href=\"https:\/\/www.uea.edu.ec\/web\/v1\/?page_id=1546\" aria-label=\"M\u00e1s en Licenciatura en Turismo\">Leer m\u00e1s<\/a><\/p>\n","protected":false},"author":2,"featured_media":0,"parent":0,"menu_order":0,"comment_status":"closed","ping_status":"closed","template":"","meta":{"om_disable_all_campaigns":false,"_monsterinsights_skip_tracking":false,"_monsterinsights_sitenote_active":false,"_monsterinsights_sitenote_note":"","_monsterinsights_sitenote_category":0,"generate_page_header":"","footnotes":""},"class_list":["post-1546","page","type-page","status-publish"],"aioseo_notices":[],"_links":{"self":[{"href":"https:\/\/www.uea.edu.ec\/web\/v1\/index.php?rest_route=\/wp\/v2\/pages\/1546"}],"collection":[{"href":"https:\/\/www.uea.edu.ec\/web\/v1\/index.php?rest_route=\/wp\/v2\/pages"}],"about":[{"href":"https:\/\/www.uea.edu.ec\/web\/v1\/index.php?rest_route=\/wp\/v2\/types\/page"}],"author":[{"embeddable":true,"href":"https:\/\/www.uea.edu.ec\/web\/v1\/index.php?rest_route=\/wp\/v2\/users\/2"}],"replies":[{"embeddable":true,"href":"https:\/\/www.uea.edu.ec\/web\/v1\/index.php?rest_route=%2Fwp%2Fv2%2Fcomments&post=1546"}],"version-history":[{"count":36,"href":"https:\/\/www.uea.edu.ec\/web\/v1\/index.php?rest_route=\/wp\/v2\/pages\/1546\/revisions"}],"predecessor-version":[{"id":16917,"href":"https:\/\/www.uea.edu.ec\/web\/v1\/index.php?rest_route=\/wp\/v2\/pages\/1546\/revisions\/16917"}],"wp:attachment":[{"href":"https:\/\/www.uea.edu.ec\/web\/v1\/index.php?rest_route=%2Fwp%2Fv2%2Fmedia&parent=1546"}],"curies":[{"name":"wp","href":"https:\/\/api.w.org\/{rel}","templated":true}]}}