{"id":16663,"date":"2023-01-01T08:58:07","date_gmt":"2023-01-01T13:58:07","guid":{"rendered":"https:\/\/www.uea.edu.ec\/?page_id=16663"},"modified":"2023-08-23T08:59:48","modified_gmt":"2023-08-23T13:59:48","slug":"tecnologias-de-la-informacion","status":"publish","type":"page","link":"https:\/\/www.uea.edu.ec\/web\/v1\/?page_id=16663","title":{"rendered":"TECNOLOG\u00cdAS DE LA INFORMACI\u00d3N"},"content":{"rendered":"<section class=\"wpb-content-wrapper\"><p>[vc_row][vc_column][vc_single_image image=&#8221;16664&#8243; img_size=&#8221;full&#8221; alignment=&#8221;center&#8221;][\/vc_column][\/vc_row][vc_row][vc_column][vc_column_text]<\/p>\n<p style=\"text-align: justify;\"><strong><img decoding=\"async\" class=\"aligncenter wp-image-16807 size-full\" src=\"https:\/\/www.uea.edu.ec\/wp-content\/uploads\/2023\/01\/1.png\" alt=\"\" width=\"284\" height=\"65\" \/><\/strong>La carrera aprobada mediante Resoluci\u00f3n Nro. RPC-SO-51-No.826-2022, emitida por el Consejo de Educaci\u00f3n Superior, se desarrollar\u00e1 bajo la modalidad En L\u00ednea, mediante asignaturas dise\u00f1adas especialmente para lograr la interactividad constante con los estudiantes, con el empleo de la plataforma de entorno de aprendizaje MOODLE y la plataforma colaborativa Microsoft TEAMS para video conferencias, empleando para ello profesores afines a las asignaturas, seg\u00fan la normativa interna de la UEA, con preparaci\u00f3n para interactuar en condiciones \u201ce-learning\u201d. Cada asignatura, se desarrollar\u00e1 en 16 semanas, en horario sincr\u00f3nico, donde los estudiantes recibir\u00e1n orientaciones y recursos did\u00e1cticos para el estudio. Los profesores desarrollar\u00e1n las actividades y dar\u00e1n seguimiento y apoyo al proceso de los aprendizajes; as\u00ed como al proceso de evaluaci\u00f3n. En esa proyecci\u00f3n metodol\u00f3gica se garantizar\u00e1 el aprendizaje en contacto con los docentes y se potenciar\u00e1 el aprendizaje pr\u00e1ctico-experimental y el aprendizaje aut\u00f3nomo, que asegure los procesos de apropiaci\u00f3n, aplicaci\u00f3n, vivencia, comprensi\u00f3n, generaci\u00f3n y uso del conocimiento.<\/p>\n<p style=\"text-align: justify;\"><strong><img decoding=\"async\" class=\"aligncenter wp-image-16802 size-full\" src=\"https:\/\/www.uea.edu.ec\/wp-content\/uploads\/2023\/01\/7.png\" alt=\"\" width=\"284\" height=\"65\" \/><\/strong>Los aspirantes a la Carrera de Tecnolog\u00edas de la Informaci\u00f3n, bajo la modalidad En L\u00ednea, deben poseer un t\u00edtulo de bachiller de conformidad a la ley. La UEA aceptar\u00e1 los t\u00edtulos de bachilleres obtenidos en el extranjero, reconocidos o equiparados por el Ministerio de Educaci\u00f3n del Ecuador. Adem\u00e1s, haber cumplido los requisitos normados por el Sistema de Nivelaci\u00f3n y Admisi\u00f3n.<\/p>\n<p style=\"text-align: justify;\"><strong><img decoding=\"async\" class=\"aligncenter wp-image-16803 size-full\" src=\"https:\/\/www.uea.edu.ec\/wp-content\/uploads\/2023\/01\/8.png\" alt=\"\" width=\"284\" height=\"65\" \/><\/strong>El Ingeniero en Tecnolog\u00edas de la Informaci\u00f3n, es un profesional competente, con conocimientos tecnol\u00f3gicos en las \u00e1reas de programaci\u00f3n, redes, interacci\u00f3n humano-computador, bases de datos, sistemas web, capaz de proponer soluciones tecnol\u00f3gicas a trav\u00e9s del correcto aprovechamiento de las TIC y la sociedad del conocimiento. Para ello, desarrollar\u00e1 habilidades de organizaci\u00f3n, planeaci\u00f3n y dise\u00f1o de la informaci\u00f3n de forma segura, usando metodolog\u00edas adaptables a la innovaci\u00f3n tecnol\u00f3gica. Tendr\u00e1 dominios en la generaci\u00f3n y aplicaci\u00f3n del conocimiento disciplinar, profesional e investigativo, con una visi\u00f3n human\u00edstica e internacional global y un enfoque sist\u00e9mico e inclusivo, orientados a la formulaci\u00f3n, prevenci\u00f3n y resoluci\u00f3n de problemas en el marco del cambio de la matriz productiva y las nuevas tecnolog\u00edas, la igualdad de oportunidades, la interculturalidad, la innovaci\u00f3n, la calidad y la pertinencia. Campo ocupacional del Ingeniero en Tecnolog\u00edas de la Informaci\u00f3n: El Ingeniero en Tecnolog\u00edas de la Informaci\u00f3n es un profesional que puede incorporarse a instituciones p\u00fablicas y privadas; Instituciones locales, nacionales e internacionales; Instituciones acad\u00e9micas, financieras, sociales, culturales, ambientales y comerciales; Organismos no gubernamentales y multilaterales en el Ecuador y el mundo; Organismos de comercio e integraci\u00f3n nacional e internacional; Instituciones de investigaci\u00f3n, innovaci\u00f3n y tecnolog\u00eda, entre otros campos ocupacionales relacionados al campo de conocimiento de la Carrera. Pudiendo ser: &#8211; Directores de inform\u00e1tica o de sistemas de informaci\u00f3n &#8211; Jefes del departamento de seguridad de la informaci\u00f3n. &#8211; Jefes de Proyectos de Tecnolog\u00edas de la informaci\u00f3n &#8211; Gerentes de empresas inform\u00e1ticas. &#8211; Auditores Internos de Sistemas. &#8211; Administradores de Redes. &#8211; Arquitectos de Tecnolog\u00eda de la Informaci\u00f3n. &#8211; Administrador de Proyectos de tecnolog\u00edas de informaci\u00f3n &#8211; Administrador de Sistemas &#8211; Analista de bases de datos &#8211; Analista de redes e infraestructura tecnol\u00f3gica &#8211; Analista de Sistemas &#8211; Analista de seguridad inform\u00e1tica &#8211; Analista Seguridad en redes e infraestructura &#8211; Analista de servicios electr\u00f3nicos &#8211; Auditor Inform\u00e1tico &#8211; Desarrollador de aplicaciones Web &#8211; Desarrollador de Sistemas de Software &#8211; Gerente de Infraestructura tecnol\u00f3gica &#8211; Responsable de soporte t\u00e9cnico<\/p>\n<p style=\"text-align: justify;\"><strong><img loading=\"lazy\" decoding=\"async\" class=\"aligncenter wp-image-16805 size-full\" src=\"https:\/\/www.uea.edu.ec\/wp-content\/uploads\/2023\/01\/10.png\" alt=\"\" width=\"317\" height=\"65\" srcset=\"https:\/\/www.uea.edu.ec\/web\/v1\/wp-content\/uploads\/2023\/01\/10.png 317w, https:\/\/www.uea.edu.ec\/web\/v1\/wp-content\/uploads\/2023\/01\/10-300x62.png 300w\" sizes=\"(max-width: 317px) 100vw, 317px\" \/><\/strong>Ingeniero\/a en Tecnolog\u00edas de la Informaci\u00f3n<\/p>\n<p style=\"text-align: justify;\"><strong><img loading=\"lazy\" decoding=\"async\" class=\"aligncenter wp-image-16806 size-full\" src=\"https:\/\/www.uea.edu.ec\/wp-content\/uploads\/2023\/01\/11.png\" alt=\"\" width=\"317\" height=\"65\" srcset=\"https:\/\/www.uea.edu.ec\/web\/v1\/wp-content\/uploads\/2023\/01\/11.png 317w, https:\/\/www.uea.edu.ec\/web\/v1\/wp-content\/uploads\/2023\/01\/11-300x62.png 300w\" sizes=\"(max-width: 317px) 100vw, 317px\" \/><\/strong>La carrera de Tecnolog\u00edas de la Informaci\u00f3n se dicta bajo la modalidad en l\u00ednea, con una duraci\u00f3n de 8 periodos acad\u00e9micos, 41 asignaturas y 5760 horas pedag\u00f3gicas.<\/p>\n<p>El Plan de Estudios est\u00e1 conformado por asignaturas de: formaci\u00f3n b\u00e1sica, formaci\u00f3n profesional, componente de pr\u00e1cticas preprofesionales y titulaci\u00f3n.<\/p>\n<p>[\/vc_column_text][\/vc_column][\/vc_row][vc_row][vc_column][vc_tta_accordion][vc_tta_section title=&#8221;Bloque 1&#8243; tab_id=&#8221;1672582250020-a0975b0b-65d0&#8243;][vc_column_text]<\/p>\n<ul>\n<li>Matem\u00e1tica I<\/li>\n<li>Fundamentos de programaci\u00f3n<\/li>\n<li>Fundamentos de tecnolog\u00edas de la informaci\u00f3n<\/li>\n<li>Redacci\u00f3n de informes t\u00e9cnicos<\/li>\n<li>F\u00edsica I<\/li>\n<li>Realidad nacional<\/li>\n<\/ul>\n<p>[\/vc_column_text][\/vc_tta_section][vc_tta_section title=&#8221;Bloque 2&#8243; tab_id=&#8221;1672582250020-470a7516-6fb7&#8243;][vc_column_text]<\/p>\n<ul>\n<li>Matem\u00e1tica II<\/li>\n<li>Programaci\u00f3n orientada a objetos<\/li>\n<li>Sistemas operativos<\/li>\n<li>Estad\u00edstica<\/li>\n<li>F\u00edsica II<\/li>\n<\/ul>\n<p>[\/vc_column_text][\/vc_tta_section][vc_tta_section title=&#8221;Bloque 3&#8243; tab_id=&#8221;1672582332110-c38fa972-d9cb&#8221;][vc_column_text]<\/p>\n<ul>\n<li>Estructura de datos<\/li>\n<li>Fundamentos de sistemas digitales<\/li>\n<li>Administraci\u00f3n de sistemas operativos<\/li>\n<li>Metodolog\u00eda de la investigaci\u00f3n<\/li>\n<li>Instalaciones el\u00e9ctricas y de cableado estructurado<\/li>\n<\/ul>\n<p>[\/vc_column_text][\/vc_tta_section][vc_tta_section title=&#8221;Bloque 4&#8243; tab_id=&#8221;1672582355555-439012eb-c48b&#8221;][vc_column_text]<\/p>\n<ul>\n<li>Bases de datos<\/li>\n<li>Sistemas digitales<\/li>\n<li>Interacci\u00f3n humano \u2013 computador<\/li>\n<li>Desarrollo de aplicaciones web<\/li>\n<li>Emprendimiento<\/li>\n<\/ul>\n<p>[\/vc_column_text][\/vc_tta_section][vc_tta_section title=&#8221;Bloque 5&#8243; tab_id=&#8221;1672582360164-53ceb2eb-5969&#8243;][vc_column_text]<\/p>\n<ul>\n<li>Administraci\u00f3n de bases de datos<\/li>\n<li>Sistemas embebidos<\/li>\n<li>Redes de computadoras<\/li>\n<li>Aplicaciones m\u00f3viles<\/li>\n<li>Pr\u00e1cticas laborales I<\/li>\n<\/ul>\n<p>[\/vc_column_text][\/vc_tta_section][vc_tta_section title=&#8221;Bloque 6&#8243; tab_id=&#8221;1672582363971-636ab1db-a28f&#8221;][vc_column_text]<\/p>\n<ul>\n<li>Miner\u00eda de datos<\/li>\n<li>Redes inal\u00e1mbricas de sensores<\/li>\n<li>Ingenier\u00eda de software<\/li>\n<li>Escalabilidad de redes<\/li>\n<li>Pr\u00e1cticas laborales II<\/li>\n<\/ul>\n<p>[\/vc_column_text][\/vc_tta_section][vc_tta_section title=&#8221;Bloque 7&#8243; tab_id=&#8221;1672582367723-1212d6c9-4e98&#8243;][vc_column_text]<\/p>\n<ul>\n<li>Tecnolog\u00edas de conmutaci\u00f3n y enrutamiento<\/li>\n<li>Gesti\u00f3n y gobierno de TI<\/li>\n<li>Seguridad inform\u00e1tica<\/li>\n<li>Redacci\u00f3n cient\u00edfica<\/li>\n<li>Legislaci\u00f3n inform\u00e1tica<\/li>\n<li>Pr\u00e1cticas de servicio comunitario<\/li>\n<\/ul>\n<p>[\/vc_column_text][\/vc_tta_section][vc_tta_section title=&#8221;Bloque 8&#8243; tab_id=&#8221;1672582376619-9ea3dda7-fe95&#8243;][vc_column_text]<\/p>\n<ul>\n<li>Deontolog\u00eda de la praxis profesional<\/li>\n<li>Gesti\u00f3n de proyecto TI<\/li>\n<li>Sistemas distribuidos<\/li>\n<li>Unidad de titulaci\u00f3n<\/li>\n<\/ul>\n<p>[\/vc_column_text][\/vc_tta_section][\/vc_tta_accordion][\/vc_column][\/vc_row][vc_row][vc_column][vc_column_text]<strong><img loading=\"lazy\" decoding=\"async\" class=\"wp-image-16859 size-full aligncenter\" src=\"https:\/\/www.uea.edu.ec\/wp-content\/uploads\/2023\/01\/descargas-1.png\" alt=\"\" width=\"264\" height=\"58\" \/><\/strong><\/p>\n<ul>\n<li><a href=\"https:\/\/www.uea.edu.ec\/wp-content\/uploads\/2023\/01\/MALLA-TECNOLOGIAS-DE-LA-INFORMACION.pdf\"><span style=\"color: #ff6600;\"><strong><em>Descargar malla curricular de Tecnolog\u00edas de la Informaci\u00f3n<\/em><\/strong><\/span><\/a><\/li>\n<\/ul>\n<p>[\/vc_column_text][\/vc_column][\/vc_row]<\/p>\n<\/section>","protected":false},"excerpt":{"rendered":"<p>[vc_row][vc_column][vc_single_image image=&#8221;16664&#8243; img_size=&#8221;full&#8221; alignment=&#8221;center&#8221;][\/vc_column][\/vc_row][vc_row][vc_column][vc_column_text] La carrera aprobada mediante Resoluci\u00f3n Nro. RPC-SO-51-No.826-2022, emitida por el Consejo de Educaci\u00f3n Superior, se desarrollar\u00e1 bajo la modalidad En L\u00ednea, mediante asignaturas dise\u00f1adas especialmente para lograr la interactividad constante con los estudiantes, con el empleo de la plataforma de entorno de aprendizaje MOODLE y la plataforma colaborativa Microsoft TEAMS para &#8230; <a title=\"TECNOLOG\u00cdAS DE LA INFORMACI\u00d3N\" class=\"read-more\" href=\"https:\/\/www.uea.edu.ec\/web\/v1\/?page_id=16663\" aria-label=\"M\u00e1s en TECNOLOG\u00cdAS DE LA INFORMACI\u00d3N\">Leer m\u00e1s<\/a><\/p>\n","protected":false},"author":100,"featured_media":0,"parent":0,"menu_order":0,"comment_status":"closed","ping_status":"closed","template":"","meta":{"om_disable_all_campaigns":false,"_monsterinsights_skip_tracking":false,"_monsterinsights_sitenote_active":false,"_monsterinsights_sitenote_note":"","_monsterinsights_sitenote_category":0,"generate_page_header":"","footnotes":""},"class_list":["post-16663","page","type-page","status-publish"],"aioseo_notices":[],"_links":{"self":[{"href":"https:\/\/www.uea.edu.ec\/web\/v1\/index.php?rest_route=\/wp\/v2\/pages\/16663"}],"collection":[{"href":"https:\/\/www.uea.edu.ec\/web\/v1\/index.php?rest_route=\/wp\/v2\/pages"}],"about":[{"href":"https:\/\/www.uea.edu.ec\/web\/v1\/index.php?rest_route=\/wp\/v2\/types\/page"}],"author":[{"embeddable":true,"href":"https:\/\/www.uea.edu.ec\/web\/v1\/index.php?rest_route=\/wp\/v2\/users\/100"}],"replies":[{"embeddable":true,"href":"https:\/\/www.uea.edu.ec\/web\/v1\/index.php?rest_route=%2Fwp%2Fv2%2Fcomments&post=16663"}],"version-history":[{"count":18,"href":"https:\/\/www.uea.edu.ec\/web\/v1\/index.php?rest_route=\/wp\/v2\/pages\/16663\/revisions"}],"predecessor-version":[{"id":19104,"href":"https:\/\/www.uea.edu.ec\/web\/v1\/index.php?rest_route=\/wp\/v2\/pages\/16663\/revisions\/19104"}],"wp:attachment":[{"href":"https:\/\/www.uea.edu.ec\/web\/v1\/index.php?rest_route=%2Fwp%2Fv2%2Fmedia&parent=16663"}],"curies":[{"name":"wp","href":"https:\/\/api.w.org\/{rel}","templated":true}]}}