{"id":16680,"date":"2023-01-01T10:10:52","date_gmt":"2023-01-01T15:10:52","guid":{"rendered":"https:\/\/www.uea.edu.ec\/?page_id=16680"},"modified":"2023-08-23T08:58:10","modified_gmt":"2023-08-23T13:58:10","slug":"educacion-inicial","status":"publish","type":"page","link":"https:\/\/www.uea.edu.ec\/web\/v1\/?page_id=16680","title":{"rendered":"EDUCACI\u00d3N INICIAL"},"content":{"rendered":"<section class=\"wpb-content-wrapper\"><p>[vc_row][vc_column][vc_single_image image=&#8221;16690&#8243; img_size=&#8221;full&#8221; alignment=&#8221;center&#8221;][\/vc_column][\/vc_row][vc_row][vc_column][vc_column_text]<\/p>\n<p style=\"text-align: justify;\"><b><span data-contrast=\"auto\"><img decoding=\"async\" class=\"aligncenter wp-image-16814 size-full\" src=\"https:\/\/www.uea.edu.ec\/wp-content\/uploads\/2023\/01\/1-1.png\" alt=\"\" width=\"284\" height=\"65\" \/><\/span><\/b><span data-contrast=\"auto\">La carrera aprobada mediante Resoluci\u00f3n Nro. RPC-SO-51-No.826-2022, emitida por el Consejo de Educaci\u00f3n Superior, se desarrollar\u00e1 bajo la modalidad En L\u00ednea, mediante asignaturas dise\u00f1adas especialmente para lograr la interactividad constante con los estudiantes, con el empleo de la plataforma de entorno de aprendizaje MOODLE y la plataforma colaborativa Microsoft TEAMS para video conferencias, empleando para ello profesores afines a las asignaturas, seg\u00fan la normativa interna de la UEA, con preparaci\u00f3n para interactuar en condiciones \u201ce-learning\u201d. Cada asignatura, se desarrollar\u00e1 en 16 semanas, en horario sincr\u00f3nico, donde los estudiantes recibir\u00e1n orientaciones y recursos did\u00e1cticos para el estudio. Los profesores desarrollar\u00e1n actividades y dar\u00e1n seguimiento y apoyo al proceso de los aprendizajes; as\u00ed como al proceso de evaluaci\u00f3n. En esa proyecci\u00f3n metodol\u00f3gica se garantizar\u00e1 el aprendizaje en contacto con los docentes y se potenciar\u00e1n el aprendizaje pr\u00e1ctico- experimental y el aprendizaje aut\u00f3nomo, que asegure los procesos de apropiaci\u00f3n, aplicaci\u00f3n, vivencia, comprensi\u00f3n, generaci\u00f3n y uso del conocimiento.<\/span><span data-ccp-props=\"{&quot;335551550&quot;:6,&quot;335551620&quot;:6}\">\u00a0<\/span><\/p>\n<p style=\"text-align: justify;\"><b><span data-contrast=\"auto\"><img decoding=\"async\" class=\"aligncenter wp-image-16802 size-full\" src=\"https:\/\/www.uea.edu.ec\/wp-content\/uploads\/2023\/01\/7.png\" alt=\"\" width=\"284\" height=\"65\" \/><\/span><\/b><span data-contrast=\"auto\">Los aspirantes a la Carrera de Educaci\u00f3n Inicial, bajo la modalidad En L\u00ednea, deben poseer un t\u00edtulo de bachiller de conformidad a la ley. La UEA aceptar\u00e1 los t\u00edtulos de bachilleres obtenidos en el extranjero, reconocidos o equiparados por el Ministerio de Educaci\u00f3n del Ecuador. Adem\u00e1s, haber cumplido los requisitos normados por el Sistema de Nivelaci\u00f3n y Admisi\u00f3n.<\/span><span data-ccp-props=\"{&quot;335551550&quot;:6,&quot;335551620&quot;:6}\">\u00a0<\/span><\/p>\n<p style=\"text-align: justify;\"><b><span data-contrast=\"auto\"><img decoding=\"async\" class=\"aligncenter wp-image-16803 size-full\" src=\"https:\/\/www.uea.edu.ec\/wp-content\/uploads\/2023\/01\/8.png\" alt=\"\" width=\"284\" height=\"65\" \/><\/span><\/b><span data-contrast=\"auto\">El Licenciado en Ciencias de la Educaci\u00f3n Inicial, es un profesional competente, que considerar\u00e1 que la docencia es una experiencia concebida como un trabajo educativo y de servicio hacia los dem\u00e1s, orientado en el desarrollo integral de los ni\u00f1os entre 0 y 5 a\u00f1os, por ello, ser\u00e1 capaz de desarrollar habilidades y actitudes did\u00e1cticas- pedag\u00f3gicas que le permitan desenvolverse en el aula como un ambiente estimulante del proceso ense\u00f1anza- aprendizaje, siendo, coparticipe de la formaci\u00f3n de valores y personalidad de los ni\u00f1os. Tendr\u00e1 dominios en la generaci\u00f3n y aplicaci\u00f3n del conocimiento disciplinar, profesional e investigativo, con una visi\u00f3n human\u00edstica e internacional global y un enfoque sist\u00e9mico e inclusivo, orientados a la formulaci\u00f3n, prevenci\u00f3n y resoluci\u00f3n de problemas socioeducativos, en el marco del cambio de la matriz cognitiva, la igualdad de oportunidades, la interculturalidad, la innovaci\u00f3n, la calidad y la pertinencia. Campo ocupacional del Licenciado en Ciencias de la Educaci\u00f3n Inicial: El Licenciado en Ciencias de la Educaci\u00f3n Inicial podr\u00eda desempe\u00f1arse en instituciones p\u00fablicas, privadas, fiscomisionales, municipales, ONG \u0301s, entre otras que atiendan a la educaci\u00f3n inicial de 0 a 5 a\u00f1os, pudiendo ser de competencia del Ministerio de Inclusi\u00f3n Econ\u00f3mica y Social y del Ministerio de Educaci\u00f3n, adem\u00e1s de la intervenci\u00f3n educativa particular como emprendimiento en la innovaci\u00f3n social. Pudiendo ser: &#8211; Docente en instituciones de ense\u00f1anza p\u00fablicas o particulares. &#8211; Director o Coordinador de una instituci\u00f3n educativa. &#8211; Consultor en programas de educaci\u00f3n infantil formal y no formal. &#8211; Director, consultor o promotor de una empresa educativa. &#8211; Director, coordinador de tutor\u00edas, asesor\u00edas o consultor\u00edas. &#8211; Apoyo profesional en fundaciones de ayuda a la ni\u00f1ez.<\/span><span data-ccp-props=\"{&quot;335551550&quot;:6,&quot;335551620&quot;:6}\">\u00a0<\/span><\/p>\n<p style=\"text-align: justify;\"><b><span data-contrast=\"auto\"><img loading=\"lazy\" decoding=\"async\" class=\"aligncenter wp-image-16805 size-full\" src=\"https:\/\/www.uea.edu.ec\/wp-content\/uploads\/2023\/01\/10.png\" alt=\"\" width=\"317\" height=\"65\" srcset=\"https:\/\/www.uea.edu.ec\/web\/v1\/wp-content\/uploads\/2023\/01\/10.png 317w, https:\/\/www.uea.edu.ec\/web\/v1\/wp-content\/uploads\/2023\/01\/10-300x62.png 300w\" sizes=\"(max-width: 317px) 100vw, 317px\" \/><\/span><\/b><span data-contrast=\"auto\">Licenciado\/a en Ciencias de la Educaci\u00f3n Inicial <\/span><span data-ccp-props=\"{&quot;335551550&quot;:6,&quot;335551620&quot;:6}\">\u00a0<\/span><\/p>\n<p style=\"text-align: justify;\"><b><span data-contrast=\"auto\"><img loading=\"lazy\" decoding=\"async\" class=\"aligncenter wp-image-16806 size-full\" src=\"https:\/\/www.uea.edu.ec\/wp-content\/uploads\/2023\/01\/11.png\" alt=\"\" width=\"317\" height=\"65\" srcset=\"https:\/\/www.uea.edu.ec\/web\/v1\/wp-content\/uploads\/2023\/01\/11.png 317w, https:\/\/www.uea.edu.ec\/web\/v1\/wp-content\/uploads\/2023\/01\/11-300x62.png 300w\" sizes=\"(max-width: 317px) 100vw, 317px\" \/>\u00a0<\/span><\/b><span data-contrast=\"auto\">La carrera de Educaci\u00f3n Inicial se dicta bajo la modalidad en l\u00ednea, con una duraci\u00f3n de 8 periodos acad\u00e9micos, 44 asignaturas y 5760 horas pedag\u00f3gicas.<\/span><span data-ccp-props=\"{&quot;335551550&quot;:6,&quot;335551620&quot;:6}\">\u00a0<\/span><\/p>\n<p style=\"text-align: justify;\"><span data-contrast=\"auto\">El Plan de Estudios est\u00e1 conformado por asignaturas de: formaci\u00f3n b\u00e1sica, formaci\u00f3n profesional, componente de pr\u00e1cticas preprofesionales y titulaci\u00f3n.<\/span><span data-ccp-props=\"{&quot;335551550&quot;:6,&quot;335551620&quot;:6}\">\u00a0<\/span><\/p>\n<p>[\/vc_column_text][\/vc_column][\/vc_row][vc_row][vc_column][vc_tta_accordion][vc_tta_section title=&#8221;Bloque 1&#8243; tab_id=&#8221;1672586872348-631d5549-0ec4&#8243;][vc_column_text]<\/p>\n<ul>\n<li><span data-contrast=\"auto\">Filosof\u00eda de la educaci\u00f3n\u00a0<\/span><span data-ccp-props=\"{&quot;335551550&quot;:6,&quot;335551620&quot;:6}\">\u00a0<\/span><\/li>\n<li><span data-contrast=\"auto\">Pedagog\u00eda\u00a0<\/span><span data-ccp-props=\"{&quot;335551550&quot;:6,&quot;335551620&quot;:6}\">\u00a0<\/span><\/li>\n<li><span data-contrast=\"auto\">Sociolog\u00eda de la educaci\u00f3n\u00a0<\/span><span data-ccp-props=\"{&quot;335551550&quot;:6,&quot;335551620&quot;:6}\">\u00a0<\/span><\/li>\n<li><span data-contrast=\"auto\">Legislaci\u00f3n educativa<\/span><span data-ccp-props=\"{&quot;335551550&quot;:6,&quot;335551620&quot;:6}\">\u00a0<\/span><\/li>\n<li><span data-contrast=\"auto\">Redacci\u00f3n de informes t\u00e9cnicos\u00a0<\/span><span data-ccp-props=\"{&quot;335551550&quot;:6,&quot;335551620&quot;:6}\">\u00a0<\/span><\/li>\n<li><span data-contrast=\"auto\">Realidad nacional\u00a0<\/span><span data-ccp-props=\"{&quot;335551550&quot;:6,&quot;335551620&quot;:6}\">\u00a0<\/span><\/li>\n<\/ul>\n<p>[\/vc_column_text][\/vc_tta_section][vc_tta_section title=&#8221;Bloque 2&#8243; tab_id=&#8221;1672586872348-b6b0ec2a-72f3&#8243;][vc_column_text]<\/p>\n<ul>\n<li><span data-contrast=\"auto\">Did\u00e1ctica general\u00a0<\/span><span data-ccp-props=\"{&quot;335551550&quot;:6,&quot;335551620&quot;:6}\">\u00a0<\/span><\/li>\n<li><span data-contrast=\"auto\">Ecolog\u00eda del desarrollo infantil y aprendizaje\u00a0<\/span><span data-ccp-props=\"{&quot;335551550&quot;:6,&quot;335551620&quot;:6}\">\u00a0<\/span><\/li>\n<li><span data-contrast=\"auto\">Metodolog\u00edas activas para el aprendizaje en el nivel inicial\u00a0<\/span><span data-ccp-props=\"{&quot;335551550&quot;:6,&quot;335551620&quot;:6}\">\u00a0<\/span><\/li>\n<li><span data-contrast=\"auto\">Contextos de los sujetos educativos y el aprendizaje humano <\/span><span data-ccp-props=\"{&quot;335551550&quot;:6,&quot;335551620&quot;:6}\">\u00a0<\/span><\/li>\n<li><span data-contrast=\"auto\">Psicopedagog\u00eda\u00a0<\/span><span data-ccp-props=\"{&quot;335551550&quot;:6,&quot;335551620&quot;:6}\">\u00a0<\/span><\/li>\n<li><span data-contrast=\"auto\">Metodolog\u00eda de la investigaci\u00f3n\u00a0<\/span><span data-ccp-props=\"{&quot;335551550&quot;:6,&quot;335551620&quot;:6}\">\u00a0<\/span><\/li>\n<\/ul>\n<p>[\/vc_column_text][\/vc_tta_section][vc_tta_section title=&#8221;Bloque 3&#8243; tab_id=&#8221;1672586890050-4e25d799-9d4f&#8221;][vc_column_text]<\/p>\n<ul>\n<li><span data-contrast=\"auto\">Neuroeducaci\u00f3n\u00a0<\/span><span data-ccp-props=\"{&quot;335551550&quot;:6,&quot;335551620&quot;:6}\">\u00a0<\/span><\/li>\n<li><span data-contrast=\"auto\">Diagn\u00f3stico de problemas contextualizados en la educaci\u00f3n inicial\u00a0<\/span><span data-ccp-props=\"{&quot;335551550&quot;:6,&quot;335551620&quot;:6}\">\u00a0<\/span><\/li>\n<li><span data-contrast=\"auto\">Desarrollo infantil integral\u00a0<\/span><span data-ccp-props=\"{&quot;335551550&quot;:6,&quot;335551620&quot;:6}\">\u00a0<\/span><\/li>\n<li><span data-contrast=\"auto\">Investigaci\u00f3n educativa\u00a0<\/span><span data-ccp-props=\"{&quot;335551550&quot;:6,&quot;335551620&quot;:6}\">\u00a0<\/span><\/li>\n<li><span data-contrast=\"auto\">Epistemolog\u00eda y tendencias de la educaci\u00f3n\u00a0<\/span><span data-ccp-props=\"{&quot;335551550&quot;:6,&quot;335551620&quot;:6}\">\u00a0<\/span><\/li>\n<li><span data-contrast=\"auto\">Entornos virtuales de aprendizaje\u00a0<\/span><span data-ccp-props=\"{&quot;335551550&quot;:6,&quot;335551620&quot;:6}\">\u00a0<\/span><\/li>\n<\/ul>\n<p>[\/vc_column_text][\/vc_tta_section][vc_tta_section title=&#8221;Bloque 4&#8243; tab_id=&#8221;1672586943372-179cc701-d758&#8243;][vc_column_text]<\/p>\n<ul>\n<li><span data-contrast=\"auto\">Ense\u00f1anza y aprendizaje de la comunicaci\u00f3n humana\u00a0<\/span><span data-ccp-props=\"{&quot;335551550&quot;:6,&quot;335551620&quot;:6}\">\u00a0<\/span><\/li>\n<li><span data-contrast=\"auto\">Artes expresivas musicales y pl\u00e1sticas\u00a0<\/span><span data-ccp-props=\"{&quot;335551550&quot;:6,&quot;335551620&quot;:6}\">\u00a0<\/span><\/li>\n<li><span data-contrast=\"auto\">Emprendimiento\u00a0<\/span><span data-ccp-props=\"{&quot;335551550&quot;:6,&quot;335551620&quot;:6}\">\u00a0<\/span><\/li>\n<li><span data-contrast=\"auto\">Psicomotricidad\u00a0<\/span><span data-ccp-props=\"{&quot;335551550&quot;:6,&quot;335551620&quot;:6}\">\u00a0<\/span><\/li>\n<li><span data-contrast=\"auto\">Cultura de crianza\u00a0<\/span><span data-ccp-props=\"{&quot;335551550&quot;:6,&quot;335551620&quot;:6}\">\u00a0<\/span><\/li>\n<\/ul>\n<p>[\/vc_column_text][\/vc_tta_section][vc_tta_section title=&#8221;Bloque 5&#8243; tab_id=&#8221;1672586941716-ff00a6a7-f8b1&#8243;][vc_column_text]<\/p>\n<ul>\n<li><span data-contrast=\"auto\">Lectoescritura\u00a0<\/span><span data-ccp-props=\"{&quot;335551550&quot;:6,&quot;335551620&quot;:6}\">\u00a0<\/span><\/li>\n<li><span data-contrast=\"auto\">Literatura infantil\u00a0<\/span><span data-ccp-props=\"{&quot;335551550&quot;:6,&quot;335551620&quot;:6}\">\u00a0<\/span><\/li>\n<li><span data-contrast=\"auto\">Desarrollo de habilidades l\u00f3gico matem\u00e1tico infantil\u00a0<\/span><span data-ccp-props=\"{&quot;335551550&quot;:6,&quot;335551620&quot;:6}\">\u00a0<\/span><\/li>\n<li><span data-contrast=\"auto\">Dise\u00f1o curricular y diversidad en la educaci\u00f3n inicial\u00a0<\/span><span data-ccp-props=\"{&quot;335551550&quot;:6,&quot;335551620&quot;:6}\">\u00a0<\/span><\/li>\n<li><span data-contrast=\"auto\">Pr\u00e1cticas laborales I\u00a0<\/span><span data-ccp-props=\"{&quot;335551550&quot;:6,&quot;335551620&quot;:6}\">\u00a0<\/span><\/li>\n<\/ul>\n<p>[\/vc_column_text][\/vc_tta_section][vc_tta_section title=&#8221;Bloque 6&#8243; tab_id=&#8221;1672586939243-3b54f6cf-59d7&#8243;][vc_column_text]<\/p>\n<ul>\n<li><span data-contrast=\"auto\">Problemas de aprendizaje y necesidades educativas especiales\u00a0<\/span><span data-ccp-props=\"{&quot;335551550&quot;:6,&quot;335551620&quot;:6}\">\u00a0<\/span><\/li>\n<li><span data-contrast=\"auto\">Educaci\u00f3n para la identidad, sexualidad y convivencia arm\u00f3nica\u00a0<\/span><span data-ccp-props=\"{&quot;335551550&quot;:6,&quot;335551620&quot;:6}\">\u00a0<\/span><\/li>\n<li><span data-contrast=\"auto\">Evaluaci\u00f3n educativa en la educaci\u00f3n inicial\u00a0<\/span><span data-ccp-props=\"{&quot;335551550&quot;:6,&quot;335551620&quot;:6}\">\u00a0<\/span><\/li>\n<li><span data-contrast=\"auto\">Dise\u00f1o y desarrollo de procesos de ense\u00f1anza personalizada en la educaci\u00f3n inicial\u00a0<\/span><span data-ccp-props=\"{&quot;335551550&quot;:6,&quot;335551620&quot;:6}\">\u00a0<\/span><\/li>\n<li><span data-contrast=\"auto\">Salud y nutrici\u00f3n\u00a0<\/span><span data-ccp-props=\"{&quot;335551550&quot;:6,&quot;335551620&quot;:6}\">\u00a0<\/span><\/li>\n<li><span data-contrast=\"auto\">Pr\u00e1cticas laborales II\u00a0<\/span><span data-ccp-props=\"{&quot;335551550&quot;:6,&quot;335551620&quot;:6}\">\u00a0<\/span><\/li>\n<\/ul>\n<p>[\/vc_column_text][\/vc_tta_section][vc_tta_section title=&#8221;Bloque 7&#8243; tab_id=&#8221;1672587037175-0fe8c009-719c&#8221;][vc_column_text]<\/p>\n<ul>\n<li><span data-contrast=\"auto\">Inclusi\u00f3n educativa\u00a0<\/span><span data-ccp-props=\"{&quot;335551550&quot;:6,&quot;335551620&quot;:6}\">\u00a0<\/span><\/li>\n<li><span data-contrast=\"auto\">Desarrollo de proyectos educativos\u00a0<\/span><span data-ccp-props=\"{&quot;335551550&quot;:6,&quot;335551620&quot;:6}\">\u00a0<\/span><\/li>\n<li><span data-contrast=\"auto\">Redacci\u00f3n cient\u00edfica\u00a0<\/span><span data-ccp-props=\"{&quot;335551550&quot;:6,&quot;335551620&quot;:6}\">\u00a0<\/span><\/li>\n<li><span data-contrast=\"auto\">Gesti\u00f3n educativa\u00a0<\/span><span data-ccp-props=\"{&quot;335551550&quot;:6,&quot;335551620&quot;:6}\">\u00a0<\/span><\/li>\n<li><span data-contrast=\"auto\">Expresi\u00f3n l\u00fadica y recreaci\u00f3n\u00a0<\/span><span data-ccp-props=\"{&quot;335551550&quot;:6,&quot;335551620&quot;:6}\">\u00a0<\/span><\/li>\n<li><span data-contrast=\"auto\">Pr\u00e1cticas de servicio comunitario<\/span><\/li>\n<\/ul>\n<p>[\/vc_column_text][\/vc_tta_section][vc_tta_section title=&#8221;Bloque 8&#8243; tab_id=&#8221;1672587034344-c152b2fe-b029&#8243;][vc_column_text]<\/p>\n<ul>\n<li><span data-contrast=\"auto\">Deontolog\u00eda de la praxis profesional\u00a0<\/span><span data-ccp-props=\"{&quot;335551550&quot;:6,&quot;335551620&quot;:6}\">\u00a0<\/span><\/li>\n<li><span data-contrast=\"auto\">Estimulaci\u00f3n temprana\u00a0<\/span><span data-ccp-props=\"{&quot;335551550&quot;:6,&quot;335551620&quot;:6}\">\u00a0<\/span><\/li>\n<li><span data-contrast=\"auto\">Procesos did\u00e1cticos en el desarrollo integral\u00a0<\/span><span data-ccp-props=\"{&quot;335551550&quot;:6,&quot;335551620&quot;:6}\">\u00a0<\/span><\/li>\n<li><span data-contrast=\"auto\">Unidad de titulaci\u00f3n\u00a0<\/span><span data-ccp-props=\"{&quot;335551550&quot;:6,&quot;335551620&quot;:6}\">\u00a0<\/span><\/li>\n<\/ul>\n<p>[\/vc_column_text][\/vc_tta_section][\/vc_tta_accordion][\/vc_column][\/vc_row][vc_row][vc_column][vc_column_text]<strong><img loading=\"lazy\" decoding=\"async\" class=\"wp-image-16859 size-full aligncenter\" src=\"https:\/\/www.uea.edu.ec\/wp-content\/uploads\/2023\/01\/descargas-1.png\" alt=\"\" width=\"264\" height=\"58\" \/><\/strong><\/p>\n<ul>\n<li><a href=\"https:\/\/www.uea.edu.ec\/wp-content\/uploads\/2023\/01\/MALLA-EDUCACION-INICIAL.pdf\"><span style=\"color: #ff6600;\"><strong><em>Descargar malla curricular\u00a0de Educaci\u00f3n Inicial<\/em><\/strong><\/span><\/a><\/li>\n<\/ul>\n<p>[\/vc_column_text][\/vc_column][\/vc_row]<\/p>\n<\/section>","protected":false},"excerpt":{"rendered":"<p>[vc_row][vc_column][vc_single_image image=&#8221;16690&#8243; img_size=&#8221;full&#8221; alignment=&#8221;center&#8221;][\/vc_column][\/vc_row][vc_row][vc_column][vc_column_text] La carrera aprobada mediante Resoluci\u00f3n Nro. RPC-SO-51-No.826-2022, emitida por el Consejo de Educaci\u00f3n Superior, se desarrollar\u00e1 bajo la modalidad En L\u00ednea, mediante asignaturas dise\u00f1adas especialmente para lograr la interactividad constante con los estudiantes, con el empleo de la plataforma de entorno de aprendizaje MOODLE y la plataforma colaborativa Microsoft TEAMS para &#8230; <a title=\"EDUCACI\u00d3N INICIAL\" class=\"read-more\" href=\"https:\/\/www.uea.edu.ec\/web\/v1\/?page_id=16680\" aria-label=\"M\u00e1s en EDUCACI\u00d3N INICIAL\">Leer m\u00e1s<\/a><\/p>\n","protected":false},"author":100,"featured_media":0,"parent":0,"menu_order":0,"comment_status":"closed","ping_status":"closed","template":"","meta":{"om_disable_all_campaigns":false,"_monsterinsights_skip_tracking":false,"_monsterinsights_sitenote_active":false,"_monsterinsights_sitenote_note":"","_monsterinsights_sitenote_category":0,"generate_page_header":"","footnotes":""},"class_list":["post-16680","page","type-page","status-publish"],"aioseo_notices":[],"_links":{"self":[{"href":"https:\/\/www.uea.edu.ec\/web\/v1\/index.php?rest_route=\/wp\/v2\/pages\/16680"}],"collection":[{"href":"https:\/\/www.uea.edu.ec\/web\/v1\/index.php?rest_route=\/wp\/v2\/pages"}],"about":[{"href":"https:\/\/www.uea.edu.ec\/web\/v1\/index.php?rest_route=\/wp\/v2\/types\/page"}],"author":[{"embeddable":true,"href":"https:\/\/www.uea.edu.ec\/web\/v1\/index.php?rest_route=\/wp\/v2\/users\/100"}],"replies":[{"embeddable":true,"href":"https:\/\/www.uea.edu.ec\/web\/v1\/index.php?rest_route=%2Fwp%2Fv2%2Fcomments&post=16680"}],"version-history":[{"count":19,"href":"https:\/\/www.uea.edu.ec\/web\/v1\/index.php?rest_route=\/wp\/v2\/pages\/16680\/revisions"}],"predecessor-version":[{"id":19101,"href":"https:\/\/www.uea.edu.ec\/web\/v1\/index.php?rest_route=\/wp\/v2\/pages\/16680\/revisions\/19101"}],"wp:attachment":[{"href":"https:\/\/www.uea.edu.ec\/web\/v1\/index.php?rest_route=%2Fwp%2Fv2%2Fmedia&parent=16680"}],"curies":[{"name":"wp","href":"https:\/\/api.w.org\/{rel}","templated":true}]}}