{"id":17579,"date":"2023-03-23T15:21:30","date_gmt":"2023-03-23T20:21:30","guid":{"rendered":"https:\/\/www.uea.edu.ec\/?page_id=17579"},"modified":"2023-05-25T09:49:13","modified_gmt":"2023-05-25T14:49:13","slug":"rendicion-de-cuentas-2022","status":"publish","type":"page","link":"https:\/\/www.uea.edu.ec\/web\/v1\/?page_id=17579","title":{"rendered":"RENDICI\u00d3N DE CUENTAS 2022"},"content":{"rendered":"<section class=\"wpb-content-wrapper\">\t\t<div data-elementor-type=\"wp-page\" data-elementor-id=\"17579\" class=\"elementor elementor-17579\">\n\t\t\t\t\t\t<section class=\"ob-is-breaking-bad elementor-section elementor-top-section elementor-element elementor-element-6e2f8314 elementor-section-boxed elementor-section-height-default elementor-section-height-default\" data-id=\"6e2f8314\" data-element_type=\"section\" data-settings=\"{&quot;_ob_bbad_use_it&quot;:&quot;yes&quot;,&quot;_ob_bbad_sssic_use&quot;:&quot;no&quot;,&quot;_ob_glider_is_slider&quot;:&quot;no&quot;}\">\n\t\t\t\t\t\t<div class=\"elementor-container elementor-column-gap-default\">\n\t\t\t\t\t<div class=\"elementor-column elementor-col-100 elementor-top-column elementor-element elementor-element-3c68e2d7\" data-id=\"3c68e2d7\" data-element_type=\"column\" data-settings=\"{&quot;_ob_bbad_is_stalker&quot;:&quot;no&quot;,&quot;_ob_teleporter_use&quot;:false,&quot;_ob_column_hoveranimator&quot;:&quot;no&quot;,&quot;_ob_column_has_pseudo&quot;:&quot;no&quot;}\">\n\t\t\t<div class=\"elementor-widget-wrap elementor-element-populated\">\n\t\t\t\t\t\t<div class=\"elementor-element elementor-element-61c43874 ob-harakiri-inherit ob-has-background-overlay elementor-widget elementor-widget-text-editor\" data-id=\"61c43874\" data-element_type=\"widget\" data-settings=\"{&quot;_ob_use_harakiri&quot;:&quot;yes&quot;,&quot;_ob_harakiri_writing_mode&quot;:&quot;inherit&quot;,&quot;_ob_postman_use&quot;:&quot;no&quot;,&quot;_ob_perspektive_use&quot;:&quot;no&quot;,&quot;_ob_poopart_use&quot;:&quot;yes&quot;,&quot;_ob_shadough_use&quot;:&quot;no&quot;,&quot;_ob_allow_hoveranimator&quot;:&quot;no&quot;,&quot;_ob_widget_stalker_use&quot;:&quot;no&quot;}\" data-widget_type=\"text-editor.default\">\n\t\t\t\t<div class=\"elementor-widget-container\">\n\t\t\t\t\t\t\t<p>[vc_row][vc_column][vc_single_image image=&#8221;17713&#8243; img_size=&#8221;FULL&#8221;][vc_column_text]<\/p>\n<p>\u00a0<\/p>\n<p><!-- wp:tadv\/classic-paragraph --><strong>FASE 0: Organizaci\u00f3n interna institucional<\/strong><\/p>\n<ul>\n<li><span style=\"color: #0000ff;\"><a style=\"color: #0000ff;\" href=\"https:\/\/www.uea.edu.ec\/wp-content\/uploads\/2023\/03\/Conformacion-Equipo-Rendicion-C-Resolucion_N_04_19_enero_2023.pdf\" target=\"_blank\" rel=\"noopener\">1.\u00a0Conformaci\u00f3n del equipo de Rendici\u00f3n de Cuentas<\/a><\/span><\/li>\n<li><span style=\"color: #0000ff;\"><a style=\"color: #0000ff;\" href=\"https:\/\/www.uea.edu.ec\/wp-content\/uploads\/2023\/05\/1.2-Diseno-de-la-propuesta.pdf\" target=\"_blank\" rel=\"noopener\">1.2 Dise\u00f1o de la Propuesta del Proceso de Rendici\u00f3n de Cuentas<\/a><\/span><\/li>\n<\/ul>\n<hr class=\"wp-block-separator\" \/>\n<p><strong>Fase 1: Elaboraci\u00f3n del Informe de Rendici\u00f3n de Cuentas<\/strong><\/p>\n<ul>\n<li><span style=\"color: #0000ff;\"><a style=\"color: #0000ff;\" href=\"https:\/\/www.uea.edu.ec\/wp-content\/uploads\/2023\/05\/1.-Evaluacion-de-la-gestion.pdf\" target=\"_blank\" rel=\"noopener\">1. Evaluaci\u00f3n de la Gesti\u00f3n Institucional<\/a><\/span><\/li>\n<li><span style=\"color: #0000ff;\"><a style=\"color: #0000ff;\" href=\"https:\/\/www.uea.edu.ec\/wp-content\/uploads\/2023\/05\/FORMULARIO-CPCCS-_2022.pdf\" target=\"_blank\" rel=\"noopener\">2. Llenado del Formulario de Informe de Rendici\u00f3n de Cuentas establecido por el CPCCS<\/a><\/span><\/li>\n<li><span style=\"color: #0000ff;\"><a style=\"color: #0000ff;\" href=\"https:\/\/www.uea.edu.ec\/wp-content\/uploads\/2023\/04\/REVISTA-RENDICION-DE-CUENTAS-2022.pdf\" target=\"_blank\" rel=\"noopener\">3. Redacci\u00f3n del Informe de Rendici\u00f3n de Cuentas<\/a><\/span><\/li>\n<li><span style=\"color: #0000ff;\"><a style=\"color: #0000ff;\" href=\"https:\/\/www.uea.edu.ec\/wp-content\/uploads\/2023\/05\/4.-Socializacion-interna.pdf\" target=\"_blank\" rel=\"noopener\">4. Socializaci\u00f3n interna y aprobaci\u00f3n del Informe de Rendici\u00f3n de Cuentas por parte de los responsables.<\/a><\/span><\/li>\n<li><span style=\"color: #000000;\">4.1\u00a0Informe de Rendici\u00f3n de Cuentas<\/span><\/li>\n<\/ul>\n<hr class=\"wp-block-separator\" \/>\n<p><span style=\"color: #000000;\"><strong>Fase 2: Presentaci\u00f3n a la ciudadan\u00eda del Informe de rendici\u00f3n de cuentas<\/strong><\/span><\/p>\n<ul>\n<li><span style=\"color: #000000;\">1. Difusi\u00f3n del Informe de Rendici\u00f3n de Cuentas a trav\u00e9s de distintos medios<\/span><\/li>\n<li><span style=\"color: #0000ff;\"><a style=\"color: #0000ff;\" href=\"https:\/\/www.uea.edu.ec\/wp-content\/uploads\/2023\/05\/1.1-Listado-preliminar-de-invitados.pdf\" target=\"_blank\" rel=\"noopener\">\u00a0 \u00a0\u00a01.1 Listado preliminar de invitados formales<\/a><\/span><\/li>\n<li><span style=\"color: #000000;\">\u00a0 \u00a0\u00a0<span style=\"color: #0000ff;\"><a style=\"color: #0000ff;\" href=\"https:\/\/xd.adobe.com\/view\/ca82381a-8546-40a3-8440-245eaf81b4ec-9fd1\/?fullscreen\" target=\"_blank\" rel=\"noopener\">1.2. Invitaci\u00f3n a la presentaci\u00f3n del Informe de Rendici\u00f3n de Cuentas 2022<\/a><\/span><\/span><\/li>\n<li><span style=\"color: #0000ff;\">\u00a0 \u00a0\u00a0<a style=\"color: #0000ff;\" href=\"https:\/\/www.uea.edu.ec\/?p=17944\" target=\"_blank\" rel=\"noopener\">1.3. Bolet\u00edn: Invitaci\u00f3n a Rendici\u00f3n de Cuentas 2022<\/a><\/span><\/li>\n<li><span style=\"color: #000000;\">\u00a0 \u00a0<a href=\"https:\/\/www.uea.edu.ec\/wp-content\/uploads\/2023\/05\/Diapositivas-RDC2022.pdf\" target=\"_blank\" rel=\"noopener\">\u00a0<span style=\"color: #0000ff;\">1.4. Difusi\u00f3n D\u00edapositiva<\/span><\/a><\/span><\/li>\n<li><span style=\"color: #000000;\">\u00a0 \u00a0<span style=\"color: #0000ff;\"><a style=\"color: #0000ff;\" href=\"https:\/\/www.uea.edu.ec\/wp-content\/uploads\/2023\/05\/1.5-Regitro-de-asistencia.pdf\" target=\"_blank\" rel=\"noopener\"> 1.5. Registro de asistencia<\/a><\/span><\/span><\/li>\n<li><span style=\"color: #000000;\">\u00a0 \u00a0\u00a0<span style=\"color: #0000ff;\"><a style=\"color: #0000ff;\" href=\"https:\/\/www.facebook.com\/ueaeduec\/videos\/267760232311287\" target=\"_blank\" rel=\"noopener\">1.6. Video informe Rendici\u00f3n de Cuentas<\/a><\/span><\/span><\/li>\n<li><span style=\"color: #000000;\">\u00a0\u00a0\u00a0<span style=\"color: #0000ff;\"><a style=\"color: #0000ff;\" href=\"https:\/\/www.uea.edu.ec\/?p=18009\" target=\"_blank\" rel=\"noopener\"> 1.7. Bolet\u00edn: Informe de Rendici\u00f3n de Cuentas 2021<\/a><\/span><\/span><\/li>\n<li><span style=\"color: #0000ff;\"><a style=\"color: #0000ff;\" href=\"https:\/\/www.uea.edu.ec\/wp-content\/uploads\/2023\/05\/sugerencias_2022.pdf\" target=\"_blank\" rel=\"noopener\">\u00a0\u00a0\u00a0\u00a01.8. Sugerencias Ciudadanas<\/a><\/span><\/li>\n<li><span style=\"color: #0000ff;\"><a style=\"color: #0000ff;\" href=\"https:\/\/www.uea.edu.ec\/wp-content\/uploads\/2023\/05\/2.-Planificacion-evento-de-RDC-2022.pdf\" target=\"_blank\" rel=\"noopener\">2. Planificaci\u00f3n de los eventos participativos<\/a><\/span><\/li>\n<li><span style=\"color: #0000ff;\"><a style=\"color: #0000ff;\" href=\"https:\/\/www.uea.edu.ec\/wp-content\/uploads\/2023\/05\/Rendicion-de-cuentas_2022.pdf\" target=\"_blank\" rel=\"noopener\">3. Incorporaci\u00f3n de aportes ciudadanos en el Informe de rendici\u00f3n de cuentas<\/a><\/span><\/li>\n<\/ul>\n<hr class=\"wp-block-separator\" \/>\n<p><span style=\"color: #000000;\"><strong>Fase 3: Entrega de Informe de rendici\u00f3n de cuentas al Consejo de Participaci\u00f3n Ciudadana y Control Social<\/strong><\/span><\/p>\n<ul>\n<li><span style=\"color: #0000ff;\"><a style=\"color: #0000ff;\" href=\"https:\/\/www.uea.edu.ec\/wp-content\/uploads\/2023\/05\/Informe-InstitutosdeEducacion.pdf\" target=\"_blank\" rel=\"noopener\">Entrega del Informe de Rendici\u00f3n de Cuentas al CPCCS, a trav\u00e9s del ingreso del Informe en el sistema virtual<\/a><\/span><\/li>\n<li><span style=\"color: #0000ff;\"><a style=\"color: #0000ff;\" href=\"https:\/\/www.uea.edu.ec\/wp-content\/uploads\/2023\/03\/Informe_Anual_LOTAIP-2022.pdf\" target=\"_blank\" rel=\"noopener\">Entrega del Informe \u00a0Anual Cumplimiento de LOTAIP Defensor\u00eda del Pueblo, a trav\u00e9s del ingreso en el\u00a0sistema\u00a0virtual<\/a><\/span><\/li>\n<\/ul>\n<p><span style=\"color: #000000;\"><!-- \/wp:tadv\/classic-paragraph --><\/span><\/p>\n<p>\u00a0<\/p>\n<p>[\/vc_column_text][\/vc_column][\/vc_row]<\/p>\t\t\t\t\t\t<\/div>\n\t\t\t\t<\/div>\n\t\t\t\t\t<\/div>\n\t\t<\/div>\n\t\t\t\t\t<\/div>\n\t\t<\/section>\n\t\t\t\t<\/div>\n\t\t<\/section>","protected":false},"excerpt":{"rendered":"<p>[vc_row][vc_column][vc_single_image image=&#8221;17713&#8243; img_size=&#8221;FULL&#8221;][vc_column_text] \u00a0 FASE 0: Organizaci\u00f3n interna institucional 1.\u00a0Conformaci\u00f3n del equipo de Rendici\u00f3n de Cuentas 1.2 Dise\u00f1o de la Propuesta del Proceso de Rendici\u00f3n de Cuentas Fase 1: Elaboraci\u00f3n del Informe de Rendici\u00f3n de Cuentas 1. Evaluaci\u00f3n de la Gesti\u00f3n Institucional 2. Llenado del Formulario de Informe de Rendici\u00f3n de Cuentas establecido por el &#8230; <a title=\"RENDICI\u00d3N DE CUENTAS 2022\" class=\"read-more\" href=\"https:\/\/www.uea.edu.ec\/web\/v1\/?page_id=17579\" aria-label=\"M\u00e1s en RENDICI\u00d3N DE CUENTAS 2022\">Leer m\u00e1s<\/a><\/p>\n","protected":false},"author":8,"featured_media":0,"parent":0,"menu_order":0,"comment_status":"closed","ping_status":"closed","template":"","meta":{"om_disable_all_campaigns":false,"_monsterinsights_skip_tracking":false,"_monsterinsights_sitenote_active":false,"_monsterinsights_sitenote_note":"","_monsterinsights_sitenote_category":0,"generate_page_header":"","footnotes":""},"class_list":["post-17579","page","type-page","status-publish"],"aioseo_notices":[],"_links":{"self":[{"href":"https:\/\/www.uea.edu.ec\/web\/v1\/index.php?rest_route=\/wp\/v2\/pages\/17579"}],"collection":[{"href":"https:\/\/www.uea.edu.ec\/web\/v1\/index.php?rest_route=\/wp\/v2\/pages"}],"about":[{"href":"https:\/\/www.uea.edu.ec\/web\/v1\/index.php?rest_route=\/wp\/v2\/types\/page"}],"author":[{"embeddable":true,"href":"https:\/\/www.uea.edu.ec\/web\/v1\/index.php?rest_route=\/wp\/v2\/users\/8"}],"replies":[{"embeddable":true,"href":"https:\/\/www.uea.edu.ec\/web\/v1\/index.php?rest_route=%2Fwp%2Fv2%2Fcomments&post=17579"}],"version-history":[{"count":71,"href":"https:\/\/www.uea.edu.ec\/web\/v1\/index.php?rest_route=\/wp\/v2\/pages\/17579\/revisions"}],"predecessor-version":[{"id":18166,"href":"https:\/\/www.uea.edu.ec\/web\/v1\/index.php?rest_route=\/wp\/v2\/pages\/17579\/revisions\/18166"}],"wp:attachment":[{"href":"https:\/\/www.uea.edu.ec\/web\/v1\/index.php?rest_route=%2Fwp%2Fv2%2Fmedia&parent=17579"}],"curies":[{"name":"wp","href":"https:\/\/api.w.org\/{rel}","templated":true}]}}