{"id":2354,"date":"2018-07-05T17:23:15","date_gmt":"2018-07-05T17:23:15","guid":{"rendered":"https:\/\/www.uea.edu.ec\/wp2018\/?page_id=2354"},"modified":"2020-01-27T14:45:45","modified_gmt":"2020-01-27T19:45:45","slug":"departamento-de-educacion-continua","status":"publish","type":"page","link":"https:\/\/www.uea.edu.ec\/web\/v1\/?page_id=2354","title":{"rendered":"Direcci\u00f3n de Educaci\u00f3n Continua"},"content":{"rendered":"<section class=\"wpb-content-wrapper\"><p>[vc_row css=&#8221;.vc_custom_1532041058410{margin-right: -20px !important;margin-left: -20px !important;}&#8221;][vc_column][vc_row_inner][vc_column_inner][vc_column_text][amo_member id=&#8221;4691&#8243; item-width=&#8221;200&#8243; align=&#8221;center&#8221;][\/vc_column_text][\/vc_column_inner][\/vc_row_inner][vc_row_inner css=&#8221;.vc_custom_1532964840212{margin-top: 30px !important;}&#8221;][vc_column_inner][\/vc_column_inner][\/vc_row_inner][vc_tta_tour active_section=&#8221;1&#8243; css=&#8221;.vc_custom_1532041544986{margin-right: -20px !important;margin-left: -20px !important;}&#8221;][vc_tta_section i_icon_fontawesome=&#8221;fa fa-users&#8221; add_icon=&#8221;true&#8221; title=&#8221;Qui\u00e9nes Somos?&#8221; tab_id=&#8221;1530745090964-3ec57990-2867&#8243;][vc_row_inner][vc_column_inner][vc_column_text]<\/p>\n<p style=\"text-align: justify;\">El Departamento de Educaci\u00f3n Continua dise\u00f1a y desarrolla, comercializa y eval\u00faa productos acad\u00e9micos que inciden en la actualizaci\u00f3n, capacitaci\u00f3n, superaci\u00f3n, formaci\u00f3n y entrenamiento de todos los sectores sociales que tienen o no acceso a un sistema universitario, a trav\u00e9s del desarrollo de actitudes, aptitudes y competencias centrales.<\/p>\n<p style=\"text-align: justify;\">Con estas acciones, que son flexibles en cuanto a las firmas de administraci\u00f3n, se apoyan en funciones sustantivas de la Universidad Estatal Amaz\u00f3nica (docencia, investigaci\u00f3n y vinculaci\u00f3n) y se promueve el fortalecimiento econ\u00f3mico y social de la regi\u00f3n y del pa\u00eds, mediante la difusi\u00f3n, creaci\u00f3n y preservaci\u00f3n del conocimiento que potencie a construcci\u00f3n de sociedades sanas.<\/p>\n<p style=\"text-align: justify;\">Las acciones de educaci\u00f3n continua est\u00e1n centradas en el cliente, sus necesidades y en todos los casos estar\u00e1n enfocadas a la promoci\u00f3n de mejores est\u00e1ndares de vida y a la uniformizaci\u00f3n de los niveles profesionales del pa\u00eds.<\/p>\n<p>[\/vc_column_text][\/vc_column_inner][\/vc_row_inner][\/vc_tta_section][vc_tta_section i_icon_fontawesome=&#8221;fa fa-check-square-o&#8221; add_icon=&#8221;true&#8221; title=&#8221;Misi\u00f3n-Visi\u00f3n&#8221; tab_id=&#8221;1530745091001-6f376347-de63&#8243;][vc_row_inner][vc_column_inner][vc_column_text]<\/p>\n<p style=\"text-align: center;\"><strong>Misi\u00f3n<\/strong><\/p>\n<p style=\"text-align: justify;\">Brindar capacitaci\u00f3n actualizada y de la mas alta calidad a la comunidad universitaria y ciudadan\u00eda en general.<\/p>\n<hr \/>\n<p style=\"text-align: center;\"><strong>Visi\u00f3n<\/strong><\/p>\n<p style=\"text-align: justify;\">Hacer que la Educaci\u00f3n Continua se constituya en uno de los modelos a seguir por la sociedad, como una forma de alcanzar mejores est\u00e1ndares de vida, a trav\u00e9s de la adquisici\u00f3n de conocimientos de vanguardia, habilidades con altos niveles de pericia y el fomento de aquellas actitudes que incrementen sus posibilidades de inserci\u00f3n en un mundo globalizado y altamente competitivo, sin menoscabo de su calidad humana.<\/p>\n<p>[\/vc_column_text][\/vc_column_inner][\/vc_row_inner][\/vc_tta_section][vc_tta_section i_icon_fontawesome=&#8221;fa fa-list-ol&#8221; add_icon=&#8221;true&#8221; title=&#8221;Objetivos&#8221; tab_id=&#8221;1530830274577-8f5365bf-119e&#8221;][vc_row_inner][vc_column_inner][vc_column_text]<\/p>\n<p style=\"text-align: center;\"><strong>General<\/strong><\/p>\n<p style=\"text-align: justify;\">Contribuir a mejorar la calidad de los servicios p\u00fablicos y privados de la ciudad, la regi\u00f3n y el pa\u00eds a trav\u00e9s del desarrollo del talento humano del personal que labora en las diferentes organizaciones, o en forma individual, a trav\u00e9s de cursos de capacitaci\u00f3n orientados a ampliar o actualizar la formaci\u00f3n de este personal.<\/p>\n<hr \/>\n<p style=\"text-align: center;\"><strong>Espec\u00edficos<\/strong><\/p>\n<ul>\n<li style=\"text-align: justify;\">Brindar capacitaci\u00f3n de calidad, con el aval acad\u00e9mico adecuado, que satisfaga las necesidades del Plantel y del desarrollo de Pastaza y la regi\u00f3n, con el apoyo de las estructuras acad\u00e9micas, administrativas y log\u00edsticas.<\/li>\n<\/ul>\n<p>&nbsp;<\/p>\n<ul>\n<li style=\"text-align: justify;\">Establecer instancias permanentes de comunicaci\u00f3n y coordinaci\u00f3n entre la UEA y las organizaciones del sector publico y privado de la ciudad y la regi\u00f3n, para la identificaci\u00f3n de necesidades de educaci\u00f3n y asesor\u00eda en esta materia.<\/li>\n<\/ul>\n<p>&nbsp;<\/p>\n<ul>\n<li style=\"text-align: justify;\">Actualizar e incrementar el portafolio de productos espec\u00edficos de capacitaci\u00f3n.<\/li>\n<\/ul>\n<p>&nbsp;<\/p>\n<ul>\n<li style=\"text-align: justify;\">Crear la infraestructura tecnol\u00f3gica adecuada que permita aplicar los recursos modernos de inform\u00e1tica y telecomunicaciones para flexibilizar las actividades de educaci\u00f3n continua.<\/li>\n<\/ul>\n<p>[\/vc_column_text][\/vc_column_inner][\/vc_row_inner][\/vc_tta_section][vc_tta_section i_icon_fontawesome=&#8221;fa fa-sitemap&#8221; add_icon=&#8221;true&#8221; title=&#8221;Organigrama&#8221; tab_id=&#8221;1530746197950-e23c180c-b3e2&#8243;][vc_row_inner][vc_column_inner][\/vc_column_inner][\/vc_row_inner][\/vc_tta_section][vc_tta_section i_icon_fontawesome=&#8221;fa fa-file-word-o&#8221; add_icon=&#8221;true&#8221; title=&#8221;Formatos Acad\u00e9micos&#8221; tab_id=&#8221;1530746197230-25110c0d-1354&#8243;][vc_row_inner][vc_column_inner][vc_column_text][\/vc_column_text][\/vc_column_inner][\/vc_row_inner][\/vc_tta_section][vc_tta_section i_icon_fontawesome=&#8221;fa fa-phone-square&#8221; add_icon=&#8221;true&#8221; title=&#8221;Contactos&#8221; tab_id=&#8221;1530808420213-fa695c27-3a32&#8243;][vc_row_inner][vc_column_inner][vc_column_text]<\/p>\n<p style=\"text-align: left;\"><strong>Tel\u00e9fono UEA:<\/strong> 032892-118 \/ 032892-188 \/ 032892-098 \/ 032896-188 \/ 032896-476<\/p>\n<p style=\"text-align: left;\"><strong>Extensi\u00f3n Dep. Educaci\u00f3n Cont\u00ednua: 113<\/strong><\/p>\n<p style=\"text-align: left;\"><strong>Ubicaci\u00f3n:<\/strong> Bloque D<\/p>\n<p>[\/vc_column_text][\/vc_column_inner][\/vc_row_inner][\/vc_tta_section][\/vc_tta_tour][\/vc_column][\/vc_row]<\/p>\n<\/section>","protected":false},"excerpt":{"rendered":"<p>[vc_row css=&#8221;.vc_custom_1532041058410{margin-right: -20px !important;margin-left: -20px !important;}&#8221;][vc_column][vc_row_inner][vc_column_inner][vc_column_text][amo_member id=&#8221;4691&#8243; item-width=&#8221;200&#8243; align=&#8221;center&#8221;][\/vc_column_text][\/vc_column_inner][\/vc_row_inner][vc_row_inner css=&#8221;.vc_custom_1532964840212{margin-top: 30px !important;}&#8221;][vc_column_inner][\/vc_column_inner][\/vc_row_inner][vc_tta_tour active_section=&#8221;1&#8243; css=&#8221;.vc_custom_1532041544986{margin-right: -20px !important;margin-left: -20px !important;}&#8221;][vc_tta_section i_icon_fontawesome=&#8221;fa fa-users&#8221; add_icon=&#8221;true&#8221; title=&#8221;Qui\u00e9nes Somos?&#8221; tab_id=&#8221;1530745090964-3ec57990-2867&#8243;][vc_row_inner][vc_column_inner][vc_column_text] El Departamento de Educaci\u00f3n Continua dise\u00f1a y desarrolla, comercializa y eval\u00faa productos acad\u00e9micos que inciden en la actualizaci\u00f3n, capacitaci\u00f3n, superaci\u00f3n, formaci\u00f3n y entrenamiento de todos los sectores sociales que tienen o &#8230; <a title=\"Direcci\u00f3n de Educaci\u00f3n Continua\" class=\"read-more\" href=\"https:\/\/www.uea.edu.ec\/web\/v1\/?page_id=2354\" aria-label=\"M\u00e1s en Direcci\u00f3n de Educaci\u00f3n Continua\">Leer m\u00e1s<\/a><\/p>\n","protected":false},"author":2,"featured_media":0,"parent":0,"menu_order":0,"comment_status":"closed","ping_status":"closed","template":"","meta":{"om_disable_all_campaigns":false,"_monsterinsights_skip_tracking":false,"_monsterinsights_sitenote_active":false,"_monsterinsights_sitenote_note":"","_monsterinsights_sitenote_category":0,"generate_page_header":"","footnotes":""},"class_list":["post-2354","page","type-page","status-publish"],"aioseo_notices":[],"_links":{"self":[{"href":"https:\/\/www.uea.edu.ec\/web\/v1\/index.php?rest_route=\/wp\/v2\/pages\/2354"}],"collection":[{"href":"https:\/\/www.uea.edu.ec\/web\/v1\/index.php?rest_route=\/wp\/v2\/pages"}],"about":[{"href":"https:\/\/www.uea.edu.ec\/web\/v1\/index.php?rest_route=\/wp\/v2\/types\/page"}],"author":[{"embeddable":true,"href":"https:\/\/www.uea.edu.ec\/web\/v1\/index.php?rest_route=\/wp\/v2\/users\/2"}],"replies":[{"embeddable":true,"href":"https:\/\/www.uea.edu.ec\/web\/v1\/index.php?rest_route=%2Fwp%2Fv2%2Fcomments&post=2354"}],"version-history":[{"count":28,"href":"https:\/\/www.uea.edu.ec\/web\/v1\/index.php?rest_route=\/wp\/v2\/pages\/2354\/revisions"}],"predecessor-version":[{"id":8359,"href":"https:\/\/www.uea.edu.ec\/web\/v1\/index.php?rest_route=\/wp\/v2\/pages\/2354\/revisions\/8359"}],"wp:attachment":[{"href":"https:\/\/www.uea.edu.ec\/web\/v1\/index.php?rest_route=%2Fwp%2Fv2%2Fmedia&parent=2354"}],"curies":[{"name":"wp","href":"https:\/\/api.w.org\/{rel}","templated":true}]}}