{"id":2360,"date":"2018-07-05T17:26:29","date_gmt":"2018-07-05T17:26:29","guid":{"rendered":"https:\/\/www.uea.edu.ec\/wp2018\/?page_id=2360"},"modified":"2023-01-05T16:53:08","modified_gmt":"2023-01-05T21:53:08","slug":"departamento-de-vinculacion","status":"publish","type":"page","link":"https:\/\/www.uea.edu.ec\/web\/v1\/?page_id=2360","title":{"rendered":"Decanato de Vinculaci\u00f3n"},"content":{"rendered":"<section class=\"wpb-content-wrapper\"><p>[vc_row][vc_column][vc_tta_tour active_section=&#8221;1&#8243; css=&#8221;.vc_custom_1532131773748{margin-right: -20px !important;margin-left: -20px !important;}&#8221;][vc_tta_section i_icon_fontawesome=&#8221;fa fa-users&#8221; add_icon=&#8221;true&#8221; title=&#8221;\u00bf Qui\u00e9nes S\u00f3mos?&#8221; tab_id=&#8221;1530745090964-3ec57990-2867&#8243;][vc_column_text]<\/p>\n<p style=\"text-align: center;\"><strong>DECANATO DE VINCULACI\u00d3N<\/strong><\/p>\n<p><strong>\u00bf Qui\u00e9nes S\u00f3mos?<\/strong><\/p>\n<p style=\"text-align: justify;\">Docentes y estudiantes de la UEA comprometidos en impartir conocimientos y apoyar en la soluci\u00f3n de problemas de los sectores vulnerables, a trav\u00e9s del desarrollo de actividades y proyectos espec\u00edficos. Desde esa perspectiva, la Universidad Estatal Amaz\u00f3nica ha venido desarrollando el proceso de Vinculaci\u00f3n con la sociedad en base a un modelo de gesti\u00f3n basado principalmente en las necesidades y principios de pertinencia del contexto amaz\u00f3nico ecuatoriano con un enfoque comunitario, intercultural y territorial. Dicho modelo se fundamenta en gestionar los conocimientos de acuerdo a cada uno de sus dominios representado por la oferta acad\u00e9mica vigente (Carreras) y articulado con la direcci\u00f3n de investigaci\u00f3n a trav\u00e9s de sus l\u00edneas o programas donde se genera una gran cantidad de conocimientos que puede ser aplicados en la comunidad, con el fin de mejorar las condiciones de vida.<\/p>\n<p><strong>Objetivo Estrat\u00e9gico<\/strong><\/p>\n<p>Incrementar la vinculaci\u00f3n con la sociedad o colectividad de la Universidad Estatal Amaz\u00f3nica<\/p>\n<p style=\"text-align: left;\"><strong>Objetivos Operativos<\/strong><\/p>\n<p style=\"text-align: justify;\">1. Implementar un modelo de gesti\u00f3n de Vinculaci\u00f3n con la Sociedad, que articule los resultados de Ciencia, Tecnolog\u00eda e Innovaci\u00f3n (CTI) y las actividades de Docencia orientado por un plan de vinculaci\u00f3n y una oferta de servicios de calidad.<br \/>\n2. Incrementar la vinculaci\u00f3n de la UEA con la sociedad mediante la ejecuci\u00f3n de proyectos, la interacci\u00f3n con graduados, la implementaci\u00f3n de un plan de capacitaci\u00f3n y la disponibilidad de un portafolio de oferta de servicios de transferencia de tecnolog\u00edas y emprendimiento.<\/p>\n<h2><strong><span style=\"font-size: 12pt;\">Misi\u00f3n<\/span><\/strong><\/h2>\n<p style=\"text-align: justify;\">Facilitar, orientar, coordinar y dirigir los procesos de vinculaci\u00f3n con la sociedad mediante la transferencia de los resultados de la investigaci\u00f3n para satisfacer las demandas tecnol\u00f3gicas del sector productivo y de la comunidad en general de la Regi\u00f3n Amaz\u00f3nica y del Ecuador, mediante proyectos, convenios, alianzas estrat\u00e9gicas y capacitaciones que sirvan para fortalecer la formaci\u00f3n y seguimiento de los estudiantes de la UEA en ambientes din\u00e1micos de aprendizaje, as\u00ed como realizar el diagn\u00f3stico permanente en el entorno para establecer las necesidades, los requerimientos de servicios y de esta manera, realizar la oferta de talento humano de alta formaci\u00f3n acad\u00e9mica, capacidad tecnol\u00f3gica y servicios acreditados.<\/p>\n<p><strong>Visi\u00f3n:<\/strong><\/p>\n<p style=\"text-align: justify;\">A finales de 2025, el Decanato de Vinculaci\u00f3n de la Universidad Estatal Amaz\u00f3nica se constituir\u00e1 en un modelo de articulaci\u00f3n efectiva entre la comunidad acad\u00e9mica, cient\u00edfica con los distintos actores de la sociedad, mediante la transferencia de tecnolog\u00eda y el emprendimiento en sus distintas modalidades, el seguimiento a graduados y la educaci\u00f3n continua, para la conservaci\u00f3n del patrimonio natural, la adecuada gesti\u00f3n y desarrollo territorial en funci\u00f3n de sus potencialidades para contribuir al desarrollo sostenible de la Amazon\u00eda Ecuatoriana.<\/p>\n<p>[\/vc_column_text][\/vc_tta_section][vc_tta_section i_icon_fontawesome=&#8221;fa fa-list-ol&#8221; add_icon=&#8221;true&#8221; title=&#8221;Estructura&#8221; tab_id=&#8221;1530745091001-6f376347-de63&#8243;][vc_column_text]<\/p>\n<p style=\"text-align: justify;\">La organizaci\u00f3n y los procesos de vinculaci\u00f3n contemplan distintas actividades y se ejecutar\u00e1n a trav\u00e9s de las instancias y las unidades de gesti\u00f3n.<\/p>\n<p>&nbsp;[\/vc_column_text][vc_single_image image=&#8221;16954&#8243; img_size=&#8221;full&#8221; onclick=&#8221;img_link_large&#8221;][vc_column_text]&nbsp;<\/p>\n<p style=\"text-align: justify;\">Gesti\u00f3n de Vinculaci\u00f3n y estructura del Comit\u00e9 T\u00e9cnico de Vinculaci\u00f3n.<\/p>\n<p>&nbsp;[\/vc_column_text][\/vc_tta_section][vc_tta_section i_icon_fontawesome=&#8221;fa fa-tasks&#8221; add_icon=&#8221;true&#8221; title=&#8221;Nuestra Gente&#8221; tab_id=&#8221;1530912316356-502c8104-c9d4&#8243;][vc_row_inner][vc_column_inner][vc_single_image image=&#8221;16966&#8243; img_size=&#8221;full&#8221; alignment=&#8221;center&#8221;][vc_column_text]<\/p>\n<p style=\"text-align: center;\"><span style=\"font-size: 10pt;\">Dra. C. Yolanda Lorena Paredes Andrade, PhD.<\/span><br \/>\n<span style=\"font-size: 10pt;\">Decana de Vinculaci\u00f3n<\/span><\/p>\n<p>[\/vc_column_text][vc_separator border_width=&#8221;2&#8243;][\/vc_column_inner][\/vc_row_inner][vc_row_inner][vc_column_inner width=&#8221;1\/2&#8243;][vc_single_image image=&#8221;16388&#8243; alignment=&#8221;center&#8221;][vc_column_text]<\/p>\n<p style=\"text-align: center;\"><span style=\"font-size: 8pt;\">Mgs. Miryam Janeth C\u00e1rdenas Bonifa<\/span><br \/>\n<span style=\"font-size: 8pt;\">Coordinadora de Educaci\u00f3n Continua<\/span><\/p>\n<p>[\/vc_column_text][\/vc_column_inner][vc_column_inner width=&#8221;1\/2&#8243;][vc_single_image image=&#8221;16343&#8243; alignment=&#8221;center&#8221;][vc_column_text]<\/p>\n<p style=\"text-align: center;\"><span style=\"font-size: 8pt;\">Dr. C. Darwin Javier Sucosha\u00f1ay Villalba, PhD.<\/span><br \/>\n<span style=\"font-size: 8pt;\">Coordinador de Seguimiendo a Graduados<\/span><\/p>\n<p>[\/vc_column_text][\/vc_column_inner][\/vc_row_inner][\/vc_tta_section][vc_tta_section i_icon_fontawesome=&#8221;fa fa-map-o&#8221; add_icon=&#8221;true&#8221; title=&#8221;Proyecto de Investigaci\u00f3n&#8221; tab_id=&#8221;1532644369060-fd9f8cd8-8b8b&#8221;][vc_column_text]<strong>PROYECTOS DE VINCULACI\u00d3N<\/strong><\/p>\n<p>Dirigidos apoyar el desarrollo social, productivo y cultural de las comunidades y grupos de atenci\u00f3n prioritarias de la Amazon\u00eda, tanto en sectores urbanos, rurales y marginados, mediante convenios o acuerdo.<\/p>\n<table style=\"width: 100%; border-collapse: collapse; background-color: #f5e690;\">\n<tbody>\n<tr>\n<td style=\"width: 100%;\"><a href=\"https:\/\/www.uea.edu.ec\/?page_id=9938\" target=\"_blank\" rel=\"noopener noreferrer\"><strong>PROYECTOS DE VINCULACI\u00d3N DE LA CARRERA DE AGROINDUSTRIA<\/strong><\/a><\/td>\n<\/tr>\n<tr>\n<td style=\"width: 100%;\"><a href=\"https:\/\/www.uea.edu.ec\/?page_id=9949\"><strong>PROYECTOS DE VINCULACI\u00d3N DE LA CARRERA DE AGROPECUARIA<\/strong><\/a><\/td>\n<\/tr>\n<tr>\n<td style=\"width: 100%;\"><a href=\"https:\/\/www.uea.edu.ec\/?page_id=9984\" target=\"_blank\" rel=\"noopener noreferrer\"><strong>PROYECTOS DE VINCULACI\u00d3N DE LA CARRERA DE AGROPECUARIA<\/strong><\/a><\/td>\n<\/tr>\n<tr>\n<td style=\"width: 100%;\"><a href=\"https:\/\/www.uea.edu.ec\/?page_id=9998\" target=\"_blank\" rel=\"noopener noreferrer\"><strong>PROYECTOS DE VINCULACI\u00d3N DE LA CARRERA DE TURISMO<\/strong><\/a><\/td>\n<\/tr>\n<\/tbody>\n<\/table>\n<p>&nbsp;[\/vc_column_text][\/vc_tta_section][vc_tta_section i_icon_fontawesome=&#8221;fa fa-check-circle&#8221; add_icon=&#8221;true&#8221; title=&#8221;Distribuci\u00f3n Espacial&#8221; tab_id=&#8221;1532644879203-aa667cd5-f9bd&#8221;][vc_single_image image=&#8221;10005&#8243; img_size=&#8221;full&#8221; add_caption=&#8221;yes&#8221; onclick=&#8221;img_link_large&#8221;][vc_column_text]<\/p>\n<h2 style=\"margin-left: 0cm; text-indent: 0cm; text-align: center;\" align=\"center\"><strong><span lang=\"ES\" style=\"font-size: 12pt;\">DISTRIBUCI\u00d3N ESPACIAL DE LOS PROYECTOS DE VINCULACI\u00d3N<\/span><\/strong><\/h2>\n<p>[\/vc_column_text][\/vc_tta_section][vc_tta_section i_icon_fontawesome=&#8221;fa fa-file-word-o&#8221; add_icon=&#8221;true&#8221; title=&#8221;Actividades de vinculaci\u00f3n&#8221; tab_id=&#8221;1530746197230-25110c0d-1354&#8243;][vc_column_text]<img fetchpriority=\"high\" decoding=\"async\" class=\"size-medium wp-image-10013 aligncenter\" src=\"https:\/\/www.uea.edu.ec\/wp-content\/uploads\/2020\/04\/Actividades_vinculaci\u00f3n-300x286.jpg\" alt=\"\" width=\"300\" height=\"286\" srcset=\"https:\/\/www.uea.edu.ec\/web\/v1\/wp-content\/uploads\/2020\/04\/Actividades_vinculaci\u00f3n-300x286.jpg 300w, https:\/\/www.uea.edu.ec\/web\/v1\/wp-content\/uploads\/2020\/04\/Actividades_vinculaci\u00f3n-1024x975.jpg 1024w, https:\/\/www.uea.edu.ec\/web\/v1\/wp-content\/uploads\/2020\/04\/Actividades_vinculaci\u00f3n-768x731.jpg 768w, https:\/\/www.uea.edu.ec\/web\/v1\/wp-content\/uploads\/2020\/04\/Actividades_vinculaci\u00f3n-1536x1462.jpg 1536w, https:\/\/www.uea.edu.ec\/web\/v1\/wp-content\/uploads\/2020\/04\/Actividades_vinculaci\u00f3n-2048x1949.jpg 2048w\" sizes=\"(max-width: 300px) 100vw, 300px\" \/><\/p>\n<ul>\n<li style=\"text-align: justify;\"><strong>Transferencia Tecnol\u00f3gica o de conocimientos cient\u00edficos<\/strong>. Es la divulgaci\u00f3n cient\u00edfica entendida como la democratizaci\u00f3n del conocimiento y consiste en transmitir resultados, avances, ideas, hip\u00f3tesis, teor\u00edas, conceptos, y en general cualquier actividad cient\u00edfica o tecnol\u00f3gica a la sociedad; utilizando los canales, recursos y lenguajes adecuados para que \u00e9sta los pueda integrar, comprender y asimilar.<\/li>\n<\/ul>\n<ul style=\"text-align: justify;\">\n<li><strong>Proyectos de investigaci\u00f3n aplicada y desarrollo tecnol\u00f3gico.<\/strong> Es aquel que puede contribuir a la comprensi\u00f3n de fen\u00f3menos, problemas o necesidades y\/o a su soluci\u00f3n mediante la generaci\u00f3n de conocimientos socialmente \u00fatiles.<\/li>\n<\/ul>\n<ul style=\"text-align: justify;\">\n<li><strong>Educaci\u00f3n continua-Capacitaci\u00f3n<\/strong>. La educaci\u00f3n continua hace referencia a procesos de capacitaci\u00f3n, actualizaci\u00f3n y certificaci\u00f3n de competencias laborales espec\u00edficas. Se ejecuta en forma de cursos, seminarios, talleres u otras actividades acad\u00e9micas.<\/li>\n<\/ul>\n<ul style=\"text-align: justify;\">\n<li><strong>Pr\u00e1cticas de servicio comunitario<\/strong>. Son todas aquellas que se organizar\u00e1n en programas y proyectos acad\u00e9micos que deber\u00e1n ejecutarse en sectores urbano, periurbanos, rurales y comunitarios. Incluye la modalidad de aprendizaje de car\u00e1cter \u00e9tico-pedag\u00f3gica, que establece la articulaci\u00f3n entre los desempe\u00f1os te\u00f3rico-metodol\u00f3gicos y profesionales propios de la Universidad, con las necesidades de intervenci\u00f3n a los problemas que presentan los sectores sociales en contextos de vulnerabilidad de derechos, con miras a la generaci\u00f3n de programas y proyectos de atenci\u00f3n integral e interdisciplinar.<\/li>\n<\/ul>\n<ul style=\"text-align: justify;\">\n<li><strong>Pr\u00e1cticas Pre profesionales y\/o Pasant\u00edas.<\/strong> Se considerar\u00e1n pr\u00e1cticas pre-profesionales a los distintos procesos de formaci\u00f3n te\u00f3rico-pr\u00e1ctica, orientados al desarrollo de habilidades, desempe\u00f1os y competencias de los futuros profesionales, realizada en escenarios laborales vinculados a instituciones y organismos p\u00fablicos y privados, de los sistemas productivos, sociales, pol\u00edticos y culturales, nacionales o internacional.<\/li>\n<\/ul>\n<ul style=\"text-align: justify;\">\n<li><strong>Consultor\u00edas. <\/strong>Constituyen actividades que se pueden ejecutar mediante la formulaci\u00f3n e implementaci\u00f3n de proyectos de investigaci\u00f3n aplicada para el desarrollo de modelos protot\u00edpicos y de adaptaci\u00f3n de t\u00e9cnicas, tecnolog\u00edas y metodolog\u00edas en los \u00e1mbitos productivos, sociales, culturales y ambientales.<\/li>\n<\/ul>\n<ul>\n<li style=\"text-align: justify;\"><strong>Seguimiento a Graduados. <\/strong>Son actividades que conllevan a dar un seguimiento a los egresados y graduados de la instituci\u00f3n, para recopilar informaci\u00f3n que ayude a la mejora y actualizaci\u00f3n continua de las carreras y programas de estudio de la UEA.<\/li>\n<\/ul>\n<p>&nbsp;[\/vc_column_text][\/vc_tta_section][vc_tta_section i_icon_fontawesome=&#8221;fa fa-phone-square&#8221; add_icon=&#8221;true&#8221; title=&#8221;Contactos&#8221; tab_id=&#8221;1530808420213-fa695c27-3a32&#8243;][vc_row_inner][vc_column_inner][vc_column_text]<\/p>\n<p style=\"text-align: justify;\"><strong>Tel\u00e9fono:<\/strong> 032892-118 \/ 032892-188 \/ 032892-098 \/ 032896-188 \/ 032896-476<\/p>\n<p style=\"text-align: justify;\"><strong>Extensi\u00f3n Dir. de Vinculaci\u00f3n: <\/strong>112<\/p>\n<p style=\"text-align: justify;\"><strong>Ubicaci\u00f3n:<\/strong>\u00a0Bloque D<\/p>\n<p>[\/vc_column_text][\/vc_column_inner][\/vc_row_inner][\/vc_tta_section][\/vc_tta_tour][\/vc_column][\/vc_row]<\/p>\n<\/section>","protected":false},"excerpt":{"rendered":"<p>[vc_row][vc_column][vc_tta_tour active_section=&#8221;1&#8243; css=&#8221;.vc_custom_1532131773748{margin-right: -20px !important;margin-left: -20px !important;}&#8221;][vc_tta_section i_icon_fontawesome=&#8221;fa fa-users&#8221; add_icon=&#8221;true&#8221; title=&#8221;\u00bf Qui\u00e9nes S\u00f3mos?&#8221; tab_id=&#8221;1530745090964-3ec57990-2867&#8243;][vc_column_text] DECANATO DE VINCULACI\u00d3N \u00bf Qui\u00e9nes S\u00f3mos? Docentes y estudiantes de la UEA comprometidos en impartir conocimientos y apoyar en la soluci\u00f3n de problemas de los sectores vulnerables, a trav\u00e9s del desarrollo de actividades y proyectos espec\u00edficos. Desde esa perspectiva, la Universidad &#8230; <a title=\"Decanato de Vinculaci\u00f3n\" class=\"read-more\" href=\"https:\/\/www.uea.edu.ec\/web\/v1\/?page_id=2360\" aria-label=\"M\u00e1s en Decanato de Vinculaci\u00f3n\">Leer m\u00e1s<\/a><\/p>\n","protected":false},"author":2,"featured_media":0,"parent":0,"menu_order":0,"comment_status":"closed","ping_status":"closed","template":"","meta":{"om_disable_all_campaigns":false,"_monsterinsights_skip_tracking":false,"_monsterinsights_sitenote_active":false,"_monsterinsights_sitenote_note":"","_monsterinsights_sitenote_category":0,"generate_page_header":"","footnotes":""},"class_list":["post-2360","page","type-page","status-publish"],"aioseo_notices":[],"_links":{"self":[{"href":"https:\/\/www.uea.edu.ec\/web\/v1\/index.php?rest_route=\/wp\/v2\/pages\/2360"}],"collection":[{"href":"https:\/\/www.uea.edu.ec\/web\/v1\/index.php?rest_route=\/wp\/v2\/pages"}],"about":[{"href":"https:\/\/www.uea.edu.ec\/web\/v1\/index.php?rest_route=\/wp\/v2\/types\/page"}],"author":[{"embeddable":true,"href":"https:\/\/www.uea.edu.ec\/web\/v1\/index.php?rest_route=\/wp\/v2\/users\/2"}],"replies":[{"embeddable":true,"href":"https:\/\/www.uea.edu.ec\/web\/v1\/index.php?rest_route=%2Fwp%2Fv2%2Fcomments&post=2360"}],"version-history":[{"count":154,"href":"https:\/\/www.uea.edu.ec\/web\/v1\/index.php?rest_route=\/wp\/v2\/pages\/2360\/revisions"}],"predecessor-version":[{"id":16967,"href":"https:\/\/www.uea.edu.ec\/web\/v1\/index.php?rest_route=\/wp\/v2\/pages\/2360\/revisions\/16967"}],"wp:attachment":[{"href":"https:\/\/www.uea.edu.ec\/web\/v1\/index.php?rest_route=%2Fwp%2Fv2%2Fmedia&parent=2360"}],"curies":[{"name":"wp","href":"https:\/\/api.w.org\/{rel}","templated":true}]}}