{"id":2366,"date":"2018-07-05T17:33:11","date_gmt":"2018-07-05T22:33:11","guid":{"rendered":"https:\/\/www.uea.edu.ec\/wp2018\/?page_id=2366"},"modified":"2023-07-17T14:43:31","modified_gmt":"2023-07-17T19:43:31","slug":"bienestar-universitario","status":"publish","type":"page","link":"https:\/\/www.uea.edu.ec\/web\/v1\/?page_id=2366","title":{"rendered":"DIRECCI\u00d3N DE BIENESTAR UNIVERSITARIO"},"content":{"rendered":"<section class=\"wpb-content-wrapper\"><p>[vc_row css=&#8221;.vc_custom_1535146510094{margin-top: -30px !important;}&#8221;][vc_column][vc_row_inner][vc_column_inner][vc_column_text]<\/p>\n<ul style=\"list-style-type: none; padding: 1em;\">\n<li><img decoding=\"async\" class=\"alignleft wp-image-16343\" src=\"https:\/\/www.uea.edu.ec\/wp-content\/uploads\/2022\/12\/usuario-150x150.png\" alt=\"\" width=\"80\" height=\"80\" srcset=\"https:\/\/www.uea.edu.ec\/web\/v1\/wp-content\/uploads\/2022\/12\/usuario-150x150.png 150w, https:\/\/www.uea.edu.ec\/web\/v1\/wp-content\/uploads\/2022\/12\/usuario-300x300.png 300w, https:\/\/www.uea.edu.ec\/web\/v1\/wp-content\/uploads\/2022\/12\/usuario.png 512w\" sizes=\"(max-width: 80px) 100vw, 80px\" \/>Psic. Maritza Jackelin Llerena Oca\u00f1a<\/li>\n<li><strong>DIRECTORA DE <\/strong><strong>BIENESTAR UNIVERSITARIO<\/strong><\/li>\n<\/ul>\n<p>[\/vc_column_text][\/vc_column_inner][\/vc_row_inner][vc_tta_tour active_section=&#8221;1&#8243; css=&#8221;.vc_custom_1534276582525{margin-top: 30px !important;margin-right: -20px !important;margin-left: -20px !important;}&#8221;][vc_tta_section i_icon_fontawesome=&#8221;fa fa-users&#8221; add_icon=&#8221;true&#8221; title=&#8221;Qui\u00e9nes Somos?&#8221; tab_id=&#8221;1530745090964-3ec57990-2867&#8243;][vc_row_inner][vc_column_inner][vc_column_text]<\/p>\n<p style=\"text-align: justify;\"><span style=\"font-size: 10pt;\">La Direcci\u00f3n de Bienestar Universitario promueve los derechos de los distintos estamentos de la comunidad universitaria, y desarrolla procesos de orientaci\u00f3n vocacional y profesional, ayudas econ\u00f3micas y becas para procurar un estado de bienestar en los estudiantes, colaboradores y acad\u00e9micos de la Instituci\u00f3n.<\/span><\/p>\n<p>[\/vc_column_text][\/vc_column_inner][\/vc_row_inner][\/vc_tta_section][vc_tta_section i_icon_fontawesome=&#8221;fa fa-user-md&#8221; add_icon=&#8221;true&#8221; title=&#8221;Servicios&#8221; tab_id=&#8221;1534276752899-41ee0c26-203a&#8221;][vc_row_inner equal_height=&#8221;yes&#8221;][vc_column_inner][vc_column_text]<\/p>\n<p style=\"text-align: justify;\"><span style=\"font-size: 10pt;\"><strong>El DBU ofrece los siguientes servicios a la comunidad Universitaria:<\/strong><\/span><\/p>\n<ul>\n<li><span style=\"font-size: 10pt;\">Promoci\u00f3n y Protecci\u00f3n de derechos<\/span><\/li>\n<li><span style=\"font-size: 10pt;\">Orientaci\u00f3n Vocacional y Profesional<\/span><\/li>\n<li><span style=\"font-size: 10pt;\">Becas y ayudas econ\u00f3micas estudiantiles.<\/span><\/li>\n<li><span style=\"font-size: 10pt;\">Seguro de vida de los estudiantes.<\/span><\/li>\n<\/ul>\n<p><strong>Sistema de Becas:\u00a0<\/strong>[\/vc_column_text][\/vc_column_inner][\/vc_row_inner][vc_btn title=&#8221;CLIC PARA INGRESAR&#8221; style=&#8221;custom&#8221; custom_background=&#8221;#bdca32&#8243; custom_text=&#8221;#ffffff&#8221; size=&#8221;sm&#8221; align=&#8221;center&#8221; link=&#8221;url:https%3A%2F%2Fwww.uea.edu.ec%2Fbecas%2Findex.php%3Fr%3Dsite%252Flogin||target:%20_blank|&#8221;][\/vc_tta_section][vc_tta_section i_icon_fontawesome=&#8221;fa fa-phone-square&#8221; add_icon=&#8221;true&#8221; title=&#8221;Horario-Contactos&#8221; tab_id=&#8221;1530808420213-fa695c27-3a32&#8243;][vc_row_inner][vc_column_inner][vc_column_text]<\/p>\n<p style=\"text-align: left;\"><span style=\"font-size: 10pt;\">Lunes a viernes de 08:30 a 12:30 y de 13:30 a 17:00.<\/span><\/p>\n<p style=\"text-align: left;\"><span style=\"font-size: 10pt;\"><strong>Tel\u00e9fono:<\/strong> 032-892-118 <strong>ext.<\/strong> 140 \u2013 162<\/span><\/p>\n<p style=\"text-align: left;\"><span style=\"font-size: 10pt;\"><strong>Correo: <a href=\"mailto:dbu@uea.edu.ec\">dbu@uea.edu.ec<\/a>\u00a0 &#8211;\u00a0 <a href=\"mailto:becas@uea.edu.ec\">becas@uea.edu.ec<\/a> <\/strong><\/span><\/p>\n<p style=\"text-align: left;\"><span style=\"font-size: 10pt;\"><strong>Ubicaci\u00f3n:<\/strong> Bloque F &#8211; Primer piso<\/span><\/p>\n<p>[\/vc_column_text][\/vc_column_inner][\/vc_row_inner][vc_single_image image=&#8221;3795&#8243; alignment=&#8221;center&#8221; css_animation=&#8221;fadeInUp&#8221;][\/vc_tta_section][vc_tta_section i_type=&#8221;openiconic&#8221; i_icon_openiconic=&#8221;vc-oi vc-oi-lamp&#8221; add_icon=&#8221;true&#8221; title=&#8221;Beneficios&#8221; tab_id=&#8221;1670425927729-b1adaf7d-8188&#8243;][vc_column_text]<\/p>\n<div style=\"padding: 1em; text-align: left;\">\n<p><strong>Ficha de Detecci\u00f3n docente<\/strong><\/div>\n<p>[\/vc_column_text][vc_btn title=&#8221;CLIC PARA DESCARGAR&#8221; style=&#8221;custom&#8221; custom_background=&#8221;#bdca32&#8243; custom_text=&#8221;#ffffff&#8221; size=&#8221;sm&#8221; align=&#8221;center&#8221; link=&#8221;url:https%3A%2F%2Fwww.uea.edu.ec%2Fwp-content%2Fuploads%2F2022%2F12%2FFicha-de-Deteccion.pdf|target:_blank&#8221;][vc_column_text]<\/p>\n<div style=\"padding: 1em; text-align: left;\">\n<p><strong>Ruta de actuaci\u00f3n estudiantes con necesidades educativas especiales asociadas y no a una discapacidad<\/strong><\/p>\n<p><img fetchpriority=\"high\" decoding=\"async\" class=\"aligncenter wp-image-18563 size-large\" src=\"https:\/\/www.uea.edu.ec\/wp-content\/uploads\/2023\/07\/ruta-de-actuacion-1024x819.jpg\" alt=\"\" width=\"1024\" height=\"819\" srcset=\"https:\/\/www.uea.edu.ec\/web\/v1\/wp-content\/uploads\/2023\/07\/ruta-de-actuacion-1024x819.jpg 1024w, https:\/\/www.uea.edu.ec\/web\/v1\/wp-content\/uploads\/2023\/07\/ruta-de-actuacion-300x240.jpg 300w, https:\/\/www.uea.edu.ec\/web\/v1\/wp-content\/uploads\/2023\/07\/ruta-de-actuacion-768x614.jpg 768w, https:\/\/www.uea.edu.ec\/web\/v1\/wp-content\/uploads\/2023\/07\/ruta-de-actuacion-1536x1229.jpg 1536w, https:\/\/www.uea.edu.ec\/web\/v1\/wp-content\/uploads\/2023\/07\/ruta-de-actuacion-2048x1639.jpg 2048w\" sizes=\"(max-width: 1024px) 100vw, 1024px\" \/><\/p>\n<\/div>\n<p>[\/vc_column_text][vc_column_text]<\/p>\n<div style=\"padding: 1em; text-align: left;\">\n<p><strong>Solicitud de Seguro de Vida y Accidentes para estudiantes<\/strong><\/div>\n<p>[\/vc_column_text][vc_btn title=&#8221;CLIC PARA DESCARGAR&#8221; style=&#8221;custom&#8221; custom_background=&#8221;#bdca32&#8243; custom_text=&#8221;#ffffff&#8221; size=&#8221;sm&#8221; align=&#8221;center&#8221; link=&#8221;url:https%3A%2F%2Fwww.uea.edu.ec%2Fwp-content%2Fuploads%2F2023%2F01%2FSolicitud-de-Seguro-Vida-y-Accidentes-para-estudiantes-UEA.pdf|target:_blank&#8221;][vc_column_text]<\/p>\n<div style=\"padding: 1em; text-align: left;\">\n<p><strong>Ruta de actuaci\u00f3n seguro para estudiantes<\/strong><\/p>\n<p style=\"text-align: center;\"><img decoding=\"async\" class=\"aligncenter wp-image-16435 size-large\" src=\"https:\/\/www.uea.edu.ec\/wp-content\/uploads\/2022\/12\/Ruta-de-actuacion-seguro-para-estudiante-1024x576.jpg\" alt=\"\" width=\"1024\" height=\"576\" srcset=\"https:\/\/www.uea.edu.ec\/web\/v1\/wp-content\/uploads\/2022\/12\/Ruta-de-actuacion-seguro-para-estudiante-1024x576.jpg 1024w, https:\/\/www.uea.edu.ec\/web\/v1\/wp-content\/uploads\/2022\/12\/Ruta-de-actuacion-seguro-para-estudiante-300x169.jpg 300w, https:\/\/www.uea.edu.ec\/web\/v1\/wp-content\/uploads\/2022\/12\/Ruta-de-actuacion-seguro-para-estudiante-768x432.jpg 768w, https:\/\/www.uea.edu.ec\/web\/v1\/wp-content\/uploads\/2022\/12\/Ruta-de-actuacion-seguro-para-estudiante-1536x864.jpg 1536w, https:\/\/www.uea.edu.ec\/web\/v1\/wp-content\/uploads\/2022\/12\/Ruta-de-actuacion-seguro-para-estudiante.jpg 1920w\" sizes=\"(max-width: 1024px) 100vw, 1024px\" \/><\/p>\n<\/div>\n<p>[\/vc_column_text][vc_column_text]<\/p>\n<div style=\"padding: 1em; text-align: left;\">\n<p><strong>Protocolo de prevenci\u00f3n para la violencia de g\u00e9nero<\/strong><\/div>\n<p>[\/vc_column_text][vc_btn title=&#8221;CLIC PARA DESCARGAR&#8221; style=&#8221;custom&#8221; custom_background=&#8221;#bdca32&#8243; custom_text=&#8221;#ffffff&#8221; size=&#8221;sm&#8221; align=&#8221;center&#8221; link=&#8221;url:https%3A%2F%2Fwww.uea.edu.ec%2Fwp-content%2Fuploads%2F2022%2F12%2Fprotocolo_prevencion_violencia.pdf|target:_blank&#8221;][\/vc_tta_section][\/vc_tta_tour][\/vc_column][\/vc_row][vc_row][vc_column][vc_text_separator title=&#8221;UBICACI\u00d3N&#8221; i_icon_fontawesome=&#8221;fas fa-map-pin&#8221; i_color=&#8221;custom&#8221; i_size=&#8221;sm&#8221; add_icon=&#8221;true&#8221; i_custom_color=&#8221;#384152&#8243;][\/vc_column][\/vc_row][vc_row][vc_column][vc_column_text]<img loading=\"lazy\" decoding=\"async\" class=\"aligncenter wp-image-16349 size-full\" src=\"https:\/\/www.uea.edu.ec\/wp-content\/uploads\/2022\/12\/DBU-UEA-ubicacion-1.jpg\" alt=\"\" width=\"1077\" height=\"400\" srcset=\"https:\/\/www.uea.edu.ec\/web\/v1\/wp-content\/uploads\/2022\/12\/DBU-UEA-ubicacion-1.jpg 1077w, https:\/\/www.uea.edu.ec\/web\/v1\/wp-content\/uploads\/2022\/12\/DBU-UEA-ubicacion-1-300x111.jpg 300w, https:\/\/www.uea.edu.ec\/web\/v1\/wp-content\/uploads\/2022\/12\/DBU-UEA-ubicacion-1-1024x380.jpg 1024w, https:\/\/www.uea.edu.ec\/web\/v1\/wp-content\/uploads\/2022\/12\/DBU-UEA-ubicacion-1-768x285.jpg 768w\" sizes=\"(max-width: 1077px) 100vw, 1077px\" \/>[\/vc_column_text][\/vc_column][\/vc_row]<\/p>\n<\/section>","protected":false},"excerpt":{"rendered":"<p>[vc_row css=&#8221;.vc_custom_1535146510094{margin-top: -30px !important;}&#8221;][vc_column][vc_row_inner][vc_column_inner][vc_column_text] Psic. Maritza Jackelin Llerena Oca\u00f1a DIRECTORA DE BIENESTAR UNIVERSITARIO [\/vc_column_text][\/vc_column_inner][\/vc_row_inner][vc_tta_tour active_section=&#8221;1&#8243; css=&#8221;.vc_custom_1534276582525{margin-top: 30px !important;margin-right: -20px !important;margin-left: -20px !important;}&#8221;][vc_tta_section i_icon_fontawesome=&#8221;fa fa-users&#8221; add_icon=&#8221;true&#8221; title=&#8221;Qui\u00e9nes Somos?&#8221; tab_id=&#8221;1530745090964-3ec57990-2867&#8243;][vc_row_inner][vc_column_inner][vc_column_text] La Direcci\u00f3n de Bienestar Universitario promueve los derechos de los distintos estamentos de la comunidad universitaria, y desarrolla procesos de orientaci\u00f3n vocacional y profesional, ayudas econ\u00f3micas y &#8230; <a title=\"DIRECCI\u00d3N DE BIENESTAR UNIVERSITARIO\" class=\"read-more\" href=\"https:\/\/www.uea.edu.ec\/web\/v1\/?page_id=2366\" aria-label=\"M\u00e1s en DIRECCI\u00d3N DE BIENESTAR UNIVERSITARIO\">Leer m\u00e1s<\/a><\/p>\n","protected":false},"author":2,"featured_media":0,"parent":0,"menu_order":0,"comment_status":"closed","ping_status":"closed","template":"","meta":{"om_disable_all_campaigns":false,"_monsterinsights_skip_tracking":false,"_monsterinsights_sitenote_active":false,"_monsterinsights_sitenote_note":"","_monsterinsights_sitenote_category":0,"generate_page_header":"","footnotes":""},"class_list":["post-2366","page","type-page","status-publish"],"aioseo_notices":[],"_links":{"self":[{"href":"https:\/\/www.uea.edu.ec\/web\/v1\/index.php?rest_route=\/wp\/v2\/pages\/2366"}],"collection":[{"href":"https:\/\/www.uea.edu.ec\/web\/v1\/index.php?rest_route=\/wp\/v2\/pages"}],"about":[{"href":"https:\/\/www.uea.edu.ec\/web\/v1\/index.php?rest_route=\/wp\/v2\/types\/page"}],"author":[{"embeddable":true,"href":"https:\/\/www.uea.edu.ec\/web\/v1\/index.php?rest_route=\/wp\/v2\/users\/2"}],"replies":[{"embeddable":true,"href":"https:\/\/www.uea.edu.ec\/web\/v1\/index.php?rest_route=%2Fwp%2Fv2%2Fcomments&post=2366"}],"version-history":[{"count":59,"href":"https:\/\/www.uea.edu.ec\/web\/v1\/index.php?rest_route=\/wp\/v2\/pages\/2366\/revisions"}],"predecessor-version":[{"id":18564,"href":"https:\/\/www.uea.edu.ec\/web\/v1\/index.php?rest_route=\/wp\/v2\/pages\/2366\/revisions\/18564"}],"wp:attachment":[{"href":"https:\/\/www.uea.edu.ec\/web\/v1\/index.php?rest_route=%2Fwp%2Fv2%2Fmedia&parent=2366"}],"curies":[{"name":"wp","href":"https:\/\/api.w.org\/{rel}","templated":true}]}}