{"id":2370,"date":"2018-07-05T17:35:39","date_gmt":"2018-07-05T17:35:39","guid":{"rendered":"https:\/\/www.uea.edu.ec\/wp2018\/?page_id=2370"},"modified":"2019-01-02T23:00:34","modified_gmt":"2019-01-03T04:00:34","slug":"binhame","status":"publish","type":"page","link":"https:\/\/www.uea.edu.ec\/web\/v1\/?page_id=2370","title":{"rendered":"BINHAME"},"content":{"rendered":"<section class=\"wpb-content-wrapper\"><p>[vc_row][vc_column][vc_tta_tour active_section=&#8221;1&#8243; css=&#8221;.vc_custom_1532975134240{margin-top: 30px !important;margin-right: -20px !important;margin-left: -20px !important;}&#8221;][vc_tta_section i_icon_fontawesome=&#8221;fa fa-users&#8221; add_icon=&#8221;true&#8221; title=&#8221;Qui\u00e9nes Somos?&#8221; tab_id=&#8221;1530745090964-3ec57990-2867&#8243;][vc_row_inner][vc_column_inner][vc_single_image image=&#8221;2995&#8243; img_size=&#8221;medium&#8221; alignment=&#8221;center&#8221; css_animation=&#8221;fadeInUp&#8221;][vc_column_text]<\/p>\n<p style=\"text-align: justify;\">&#8211; Binhame es una base bibliogr\u00e1fica que busca fortalecer el proceso de organizaci\u00f3n del material bibliogr\u00e1fico y documental existente en la amazonia ecuatoriana. Como parte de la misi\u00f3n y visi\u00f3n la Universidad Estatal Amaz\u00f3nica (UEA) se pretende ofrecer un recurso para investigadores, acad\u00e9micos, estudiantes y p\u00fablico en general.<\/p>\n<p style=\"text-align: justify;\">&#8211; Binhame fue posible gracias al apoyo de la Secretar\u00eda para la Educaci\u00f3n Superior, Ciencia, Tecnolog\u00eda e Innovaci\u00f3n SENESCYT, la Oficina de Relaciones P\u00fablicas de la UEA, el ingeniero Daniel Mart\u00ednez, y los profesores Dalton Pardo y Ferran Cabrero, los estudiantes de Turismo Henry Felipe Le\u00f3n, Juan Tanguila, Juan Carlos Wanpash, de Ingenier\u00eda Ambiental, Sheila Pintado; y el estudiante en pr\u00e1cticas de la Universidad Nacional de Rosario (Argentina) Juan Pel\u00e1ez Del Popolo.<\/p>\n<p>[\/vc_column_text][\/vc_column_inner][\/vc_row_inner][\/vc_tta_section][vc_tta_section i_icon_fontawesome=&#8221;fa fa-server&#8221; add_icon=&#8221;true&#8221; title=&#8221;Base de Datos&#8221; tab_id=&#8221;1530745091001-6f376347-de63&#8243;][vc_row_inner][vc_column_inner][vc_single_image image=&#8221;4725&#8243; img_size=&#8221;medium&#8221; alignment=&#8221;center&#8221; css_animation=&#8221;fadeInUp&#8221;][vc_column_text]<\/p>\n<p style=\"text-align: center;\"><strong>BASE DE DATOS BINHAME<\/strong><\/p>\n<ul>\n<li><span style=\"color: #008000; font-size: 10pt;\"><strong>(<a style=\"color: #008000;\" href=\"https:\/\/www.uea.edu.ec\/binahme\/index.php\/site\/login\" target=\"_blank\" rel=\"noopener\">Ingresar al sitio<\/a>)<\/strong><\/span><\/li>\n<\/ul>\n<p>[\/vc_column_text][\/vc_column_inner][\/vc_row_inner][\/vc_tta_section][vc_tta_section i_icon_fontawesome=&#8221;fa fa-users&#8221; add_icon=&#8221;true&#8221; title=&#8221;Investigadores&#8221; tab_id=&#8221;1530746197950-e23c180c-b3e2&#8243;][vc_row_inner][vc_column_inner][vc_column_text]<\/p>\n<p style=\"text-align: justify;\"><strong>Investigadores , Prometeo y colaboradores<\/strong><\/p>\n<ul>\n<li style=\"text-align: justify;\">Jairo Tocancip\u00e1-Falla, PhD. Becario Prometeo 2014-2015. Universidad Estatal Amaz\u00f3nica y Universidad del Cauca (a\u00f1o sab\u00e1tico). Ver enlace: <a href=\"http:\/\/investigacion.uea.edu.ec\/index.php\/jairo\" target=\"_blank\" rel=\"noopener\">http:\/\/investigacion.uea.edu.ec\/index.php\/jairo<\/a><\/li>\n<li style=\"text-align: justify;\">Eduardo Ru\u00edz, Maestr\u00eda en Gerencia de Proyectos en Ecoturismo. Escuela de Turismo.<\/li>\n<li style=\"text-align: justify;\">Geovanny Espin, Maestr\u00eda en Gerencia de Proyectos en Ecoturismo. Escuela de Turismo.<\/li>\n<li style=\"text-align: justify;\">Laura Scalvenzi, PhD. Ph.D. en Bioqu\u00edmica, Biolog\u00eda Molecular y Biotecnolog\u00eda. Escuela de Agroindustria. Ver enlace http:\/\/investigacion.uea.edu.ec\/index.php\/laura<\/li>\n<li style=\"text-align: justify;\">Alejandro Moya, estudiante kichwa de Ingenier\u00eda Agroindustrial, sexto semestre. Actualmente colabora como asistente y gu\u00eda en la comunidad kichwa de Santa Ana. Ver enlace: <a href=\"https:\/\/www.facebook.com\/ConvivenciaEnLaSelva\" target=\"_blank\" rel=\"noopener\">https:\/\/www.facebook.com\/ConvivenciaEnLaSelva<\/a><\/li>\n<li style=\"text-align: justify;\">David Irumenga, Coordinador del componente de Educaci\u00f3n de la Nacionalidad waodani del Ecuador \u201cNawe\u201d.<\/li>\n<\/ul>\n<p>[\/vc_column_text][\/vc_column_inner][\/vc_row_inner][\/vc_tta_section][vc_tta_section i_icon_fontawesome=&#8221;fa fa-folder-open&#8221; add_icon=&#8221;true&#8221; title=&#8221;Proyectos&#8221; tab_id=&#8221;1530746197230-25110c0d-1354&#8243;][vc_row_inner][vc_column_inner][vc_column_text]<\/p>\n<p style=\"text-align: justify;\"><strong>Proyectos de Investigaci\u00f3n:<\/strong><\/p>\n<ul>\n<li style=\"text-align: justify;\">Actualmente se est\u00e1 desarrollando el proyecto \u201cConocimiento, Tecnolog\u00edas y Cambio Social y Cultural en los kichwa de Pastaza\u201d, espec\u00edficamente en las comunidades de Santa Ana y Villaflora.<\/li>\n<li style=\"text-align: justify;\">Tambi\u00e9n se est\u00e1 desarrollando el proyecto \u201cTaromenane-Tagieri-Waodani: memoria social del origen de un pueblo amaz\u00f3nico\u201d.<\/li>\n<li style=\"text-align: justify;\">Otro proyecto en curso es el \u201cVinillu: historia social de una bebida embriagante en los kichwas de Pastaza, Ecuador\u201d.<\/li>\n<\/ul>\n<p style=\"text-align: justify;\"><strong>Proyectos Educativos y de Formaci\u00f3n<\/strong><\/p>\n<ul>\n<li style=\"text-align: justify;\">Actualmente se viene avanzando en una idea inicial con las siete nacionalidades de la provincia de Pastaza en cuanto a la creaci\u00f3n de una Escuela de Antropolog\u00eda en la Universidad Estatal Amaz\u00f3nica (UEA).<\/li>\n<\/ul>\n<p>[\/vc_column_text][\/vc_column_inner][\/vc_row_inner][\/vc_tta_section][vc_tta_section i_icon_fontawesome=&#8221;fa fa-camera&#8221; add_icon=&#8221;true&#8221; title=&#8221;Galer\u00eda&#8221; tab_id=&#8221;1530808408134-5293d594-395a&#8221;][vc_row_inner][vc_column_inner][vc_single_image image=&#8221;4729&#8243; img_size=&#8221;medium&#8221; alignment=&#8221;center&#8221; style=&#8221;vc_box_rounded&#8221; css_animation=&#8221;fadeInUp&#8221;][vc_column_text]<\/p>\n<p style=\"text-align: center;\"><b>Base Bibliogr\u00e1fica de Investigaciones Hist\u00f3ricas y Antropol\u00f3gicas de la Amazonia\u00a0Ecuatoriana<\/b><\/p>\n<ul>\n<li><span style=\"color: #008000; font-size: 10pt;\"><strong>(<a style=\"color: #008000;\" href=\"https:\/\/www.flickr.com\/photos\/115773805@N05\/sets\/72157646091688413\/\" target=\"_blank\" rel=\"noopener\">ver galer\u00eda<\/a>)<\/strong><\/span><\/li>\n<\/ul>\n<p>[\/vc_column_text][\/vc_column_inner][\/vc_row_inner][\/vc_tta_section][vc_tta_section i_icon_fontawesome=&#8221;fa fa-phone-square&#8221; add_icon=&#8221;true&#8221; title=&#8221;Contactos&#8221; tab_id=&#8221;1530808420213-fa695c27-3a32&#8243;][vc_row_inner][vc_column_inner][vc_single_image image=&#8221;3795&#8243; alignment=&#8221;center&#8221; css_animation=&#8221;fadeInUp&#8221;][vc_column_text]<\/p>\n<p style=\"text-align: justify;\"><strong>Tel\u00e9fono UEA:<\/strong> 032-890-118<\/p>\n<p style=\"text-align: justify;\"><strong>Extensi\u00f3n Binhame:<\/strong><\/p>\n<p><strong>Correo electr\u00f3nico:\u00a0<\/strong><a href=\"mailto:binhame@uea.edu.ec\">binhame@uea.edu.ec<\/a><\/p>\n<p><strong>Investigadores:<\/strong><\/p>\n<ul>\n<li>Jairo Tocancip\u00e1-Falla: <a href=\"mailto:jetocancipa@uea.edu.ec\" target=\"_blank\" rel=\"noopener\">jetocancipa@uea.edu.ec<\/a><\/li>\n<li>Eduardo Ru\u00edz: <a href=\"mailto:eruiz@uea.edu.ec\">eruiz@uea.edu.ec<\/a><\/li>\n<li>Geovanny Espin: <a href=\"mailto:cespin@uea.edu.ec\">cespin@uea.edu.ec<\/a><\/li>\n<li>Alejandro Moya: <a href=\"mailto:agi@uea.edu.ec\">agi@uea.edu.ec<\/a><\/li>\n<li>David Irumenga: <a href=\"mailto:gontiwano@uea.edu.ec\">gontiwano@uea.edu.ec<\/a><\/li>\n<\/ul>\n<p style=\"text-align: justify;\"><strong>Ubicaci\u00f3n:<\/strong> Bloque<\/p>\n<p>[\/vc_column_text][\/vc_column_inner][\/vc_row_inner][\/vc_tta_section][\/vc_tta_tour][\/vc_column][\/vc_row]<\/p>\n<\/section>","protected":false},"excerpt":{"rendered":"<p>[vc_row][vc_column][vc_tta_tour active_section=&#8221;1&#8243; css=&#8221;.vc_custom_1532975134240{margin-top: 30px !important;margin-right: -20px !important;margin-left: -20px !important;}&#8221;][vc_tta_section i_icon_fontawesome=&#8221;fa fa-users&#8221; add_icon=&#8221;true&#8221; title=&#8221;Qui\u00e9nes Somos?&#8221; tab_id=&#8221;1530745090964-3ec57990-2867&#8243;][vc_row_inner][vc_column_inner][vc_single_image image=&#8221;2995&#8243; img_size=&#8221;medium&#8221; alignment=&#8221;center&#8221; css_animation=&#8221;fadeInUp&#8221;][vc_column_text] &#8211; Binhame es una base bibliogr\u00e1fica que busca fortalecer el proceso de organizaci\u00f3n del material bibliogr\u00e1fico y documental existente en la amazonia ecuatoriana. Como parte de la misi\u00f3n y visi\u00f3n la Universidad Estatal Amaz\u00f3nica (UEA) se &#8230; <a title=\"BINHAME\" class=\"read-more\" href=\"https:\/\/www.uea.edu.ec\/web\/v1\/?page_id=2370\" aria-label=\"M\u00e1s en BINHAME\">Leer m\u00e1s<\/a><\/p>\n","protected":false},"author":2,"featured_media":0,"parent":0,"menu_order":0,"comment_status":"closed","ping_status":"closed","template":"","meta":{"om_disable_all_campaigns":false,"_monsterinsights_skip_tracking":false,"_monsterinsights_sitenote_active":false,"_monsterinsights_sitenote_note":"","_monsterinsights_sitenote_category":0,"generate_page_header":"","footnotes":""},"class_list":["post-2370","page","type-page","status-publish"],"aioseo_notices":[],"_links":{"self":[{"href":"https:\/\/www.uea.edu.ec\/web\/v1\/index.php?rest_route=\/wp\/v2\/pages\/2370"}],"collection":[{"href":"https:\/\/www.uea.edu.ec\/web\/v1\/index.php?rest_route=\/wp\/v2\/pages"}],"about":[{"href":"https:\/\/www.uea.edu.ec\/web\/v1\/index.php?rest_route=\/wp\/v2\/types\/page"}],"author":[{"embeddable":true,"href":"https:\/\/www.uea.edu.ec\/web\/v1\/index.php?rest_route=\/wp\/v2\/users\/2"}],"replies":[{"embeddable":true,"href":"https:\/\/www.uea.edu.ec\/web\/v1\/index.php?rest_route=%2Fwp%2Fv2%2Fcomments&post=2370"}],"version-history":[{"count":9,"href":"https:\/\/www.uea.edu.ec\/web\/v1\/index.php?rest_route=\/wp\/v2\/pages\/2370\/revisions"}],"predecessor-version":[{"id":6105,"href":"https:\/\/www.uea.edu.ec\/web\/v1\/index.php?rest_route=\/wp\/v2\/pages\/2370\/revisions\/6105"}],"wp:attachment":[{"href":"https:\/\/www.uea.edu.ec\/web\/v1\/index.php?rest_route=%2Fwp%2Fv2%2Fmedia&parent=2370"}],"curies":[{"name":"wp","href":"https:\/\/api.w.org\/{rel}","templated":true}]}}