{"id":2372,"date":"2018-07-05T17:36:30","date_gmt":"2018-07-05T17:36:30","guid":{"rendered":"https:\/\/www.uea.edu.ec\/wp2018\/?page_id=2372"},"modified":"2021-10-25T08:17:18","modified_gmt":"2021-10-25T13:17:18","slug":"departamento-de-investigacion","status":"publish","type":"page","link":"https:\/\/www.uea.edu.ec\/web\/v1\/?page_id=2372","title":{"rendered":"Direcci\u00f3n de Investigaci\u00f3n"},"content":{"rendered":"<section class=\"wpb-content-wrapper\"><p>[vc_row][vc_column][vc_row_inner][vc_column_inner][vc_column_text][amo_member id=&#8221;3798&#8243; item-width=&#8221;200&#8243; align=&#8221;center&#8221;][\/vc_column_text][\/vc_column_inner][\/vc_row_inner][vc_btn title=&#8221;Ver perfil del Equipo T\u00e9cnico&#8221; style=&#8221;custom&#8221; custom_background=&#8221;#e5e08f&#8221; custom_text=&#8221;#17382f&#8221; align=&#8221;center&#8221; i_icon_fontawesome=&#8221;fa fa-user-circle-o&#8221; button_block=&#8221;true&#8221; add_icon=&#8221;true&#8221; link=&#8221;url:https%3A%2F%2Fwww.uea.edu.ec%2F%3Fpage_id%3D4789|||&#8221;][\/vc_column][\/vc_row][vc_row][vc_column][vc_tta_tour active_section=&#8221;1&#8243; css=&#8221;.vc_custom_1532369402613{margin-right: -20px !important;margin-left: -20px !important;}&#8221;][vc_tta_section i_icon_fontawesome=&#8221;fa fa-users&#8221; add_icon=&#8221;true&#8221; title=&#8221;Qui\u00e9nes Somos?&#8221; tab_id=&#8221;1530745090964-3ec57990-2867&#8243;][vc_row_inner][vc_column_inner][vc_column_text][\/vc_column_text][\/vc_column_inner][\/vc_row_inner][\/vc_tta_section][vc_tta_section i_icon_fontawesome=&#8221;fa fa-check-square-o&#8221; add_icon=&#8221;true&#8221; title=&#8221;Misi\u00f3n&#8221; tab_id=&#8221;1530745091001-6f376347-de63&#8243;][vc_row_inner][vc_column_inner][vc_column_text]<\/p>\n<p style=\"text-align: center;\"><strong>Misi\u00f3n<\/strong><\/p>\n<p style=\"text-align: justify;\">Potenciar la capacidad t\u00e9cnica y operativa de la instituci\u00f3n a trav\u00e9s de la Investigaci\u00f3n, una aleta de impulsar el desarrollo nacional, la soluci\u00f3n de problemas de la comunidad y divulgar el conocimiento cient\u00edfico y tecnol\u00f3gico de la biodiversidad amaz\u00f3nica.<\/p>\n<p>[\/vc_column_text][\/vc_column_inner][\/vc_row_inner][\/vc_tta_section][vc_tta_section i_icon_fontawesome=&#8221;fa fa-list-ol&#8221; add_icon=&#8221;true&#8221; title=&#8221;Objetivos&#8221; tab_id=&#8221;1530831582057-f48d6c34-d085&#8243;][vc_row_inner][vc_column_inner][vc_column_text]<\/p>\n<p style=\"text-align: justify;\">&#8211; Generar espacios de di\u00e1logo y an\u00e1lisis, articulando y potenciando las carreras de la Universidad Estatal Amaz\u00f3nica mediante la organizaci\u00f3n, direcci\u00f3n, coordinaci\u00f3n y evaluaci\u00f3n de la actividad cient\u00edfica, conforme a las l\u00edneas de investigaci\u00f3n las cuales responden a las necesidades de la regi\u00f3n Amaz\u00f3nica y aseguran la calidad de la Universidad.<\/p>\n<p style=\"text-align: justify;\">&#8211; Apoyar el desarrollo de la investigaci\u00f3n de base en todas las \u00e1reas del saber, potenciar la interdisciplinariedad y fomentar la internacionalizaci\u00f3n de la investigaci\u00f3n, para ello se cuenta con un equipo de profesionales que apoyan los procesos de postulaci\u00f3n de proyectos.<\/p>\n<p>[\/vc_column_text][\/vc_column_inner][\/vc_row_inner][\/vc_tta_section][vc_tta_section i_icon_fontawesome=&#8221;fa fa-sitemap&#8221; add_icon=&#8221;true&#8221; title=&#8221;Organigrama&#8221; tab_id=&#8221;1530746197950-e23c180c-b3e2&#8243;][vc_row_inner][vc_column_inner][vc_single_image image=&#8221;10406&#8243; img_size=&#8221;full&#8221; alignment=&#8221;center&#8221; style=&#8221;vc_box_rounded&#8221; onclick=&#8221;img_link_large&#8221; img_link_target=&#8221;_blank&#8221; css_animation=&#8221;fadeInUp&#8221;][\/vc_column_inner][\/vc_row_inner][\/vc_tta_section][vc_tta_section i_icon_fontawesome=&#8221;fa fa-pencil-square-o&#8221; add_icon=&#8221;true&#8221; title=&#8221;Investigadores&#8221; tab_id=&#8221;1530833361386-ff917f36-7cc6&#8243;][vc_row_inner][vc_column_inner][vc_column_text][\/vc_column_text][\/vc_column_inner][\/vc_row_inner][\/vc_tta_section][vc_tta_section i_icon_fontawesome=&#8221;fa fa-line-chart&#8221; add_icon=&#8221;true&#8221; title=&#8221;Plan de investigaci\u00f3n&#8221; tab_id=&#8221;1530746197230-25110c0d-1354&#8243;][vc_row_inner][vc_column_inner][vc_column_text]<a href=\"https:\/\/www.uea.edu.ec\/wp-content\/uploads\/2018\/08\/plan_investigacion_2012_2016.pdf\" target=\"_blank\" rel=\"noopener noreferrer\">Plan de investigaci\u00f3n<\/a>[\/vc_column_text][\/vc_column_inner][\/vc_row_inner][\/vc_tta_section][vc_tta_section i_icon_fontawesome=&#8221;fa fa-sticky-note-o&#8221; add_icon=&#8221;true&#8221; title=&#8221;Reglamentos&#8221; tab_id=&#8221;1530833742366-caa9f108-d1c4&#8243;][vc_row_inner][vc_column_inner][vc_column_text]<\/p>\n<p style=\"text-align: justify;\"><strong>Reglamento de Investigaci\u00f3n:<\/strong><\/p>\n<ul style=\"text-align: justify;\">\n<li style=\"text-align: justify;\"><a href=\"https:\/\/www.uea.edu.ec\/wp-content\/uploads\/2018\/07\/reglamento_investigacion_cientifica_uea.pdf\" target=\"_blank\" rel=\"noopener noreferrer\">REGLAMENTO DE INVESTIGACI\u00d3N CIENT\u00cdFICA UEA<\/a><\/li>\n<\/ul>\n<p style=\"text-align: justify;\"><strong>Plan de Investigaci\u00f3n:<\/strong><\/p>\n<ul style=\"text-align: justify;\">\n<li style=\"text-align: justify;\"><a href=\"https:\/\/www.uea.edu.ec\/wp-content\/uploads\/2018\/08\/plan_investigacion_2012_2016.pdf\" target=\"_blank\" rel=\"noopener noreferrer\">PLAN 2012 &#8211; 2016<\/a><\/li>\n<li style=\"text-align: justify;\"><a href=\"https:\/\/www.uea.edu.ec\/wp-content\/uploads\/2018\/07\/plan_investigacion_2017_2021.pdf\" target=\"_blank\" rel=\"noopener noreferrer\">PLAN 2017 &#8211; 2021<\/a><\/li>\n<\/ul>\n<p style=\"text-align: justify;\"><strong>Formatos de Informes Direcci\u00f3n de Investigaci\u00f3n:<\/strong><\/p>\n<p style=\"text-align: justify;\">FORMATO PARA PRESENTACI\u00d3N DE PROYECTOS DE I+D <span style=\"font-size: 10pt;\"><strong><span style=\"color: #008000;\">(<a style=\"color: #008000;\" href=\"https:\/\/www.uea.edu.ec\/wp-content\/uploads\/2018\/07\/formato_presentacion_proyectos_investigacion.docm\" target=\"_blank\" rel=\"noopener noreferrer\">descargar<\/a>)<\/span><\/strong><\/span><\/p>\n<p style=\"text-align: justify;\">FORMATO DE INFORMES DE AVANCE SEMESTRAL DE PROYECTOS DE I+D\u00a0<span style=\"color: #008000; font-size: 10pt;\"><strong>(<a style=\"color: #008000;\" href=\"https:\/\/www.uea.edu.ec\/wp-content\/uploads\/2018\/07\/formato_informes_-avance_semestral_proyectos.doc\" target=\"_blank\" rel=\"noopener noreferrer\">descargar<\/a>)<\/strong><\/span><\/p>\n<p style=\"text-align: justify;\">FORMATO DE INFORME ANUAL I+D\u00a0<span style=\"color: #008000; font-size: 10pt;\"><strong>(<a style=\"color: #008000;\" href=\"https:\/\/www.uea.edu.ec\/wp-content\/uploads\/2018\/07\/formato_informe_anual_investigacion.doc\" target=\"_blank\" rel=\"noopener noreferrer\">descargar<\/a>)<\/strong><\/span><\/p>\n<p style=\"text-align: justify;\">FORMATO DE CIERRE DE PROYECTO I+D\u00a0<span style=\"color: #008000; font-size: 10pt;\"><strong>(<a style=\"color: #008000;\" href=\"https:\/\/www.uea.edu.ec\/wp-content\/uploads\/2018\/07\/formato_cierre_proyecto_investigacion.doc\" target=\"_blank\" rel=\"noopener noreferrer\">descargar<\/a>)<\/strong><\/span><\/p>\n<p style=\"text-align: justify;\">FORMATO\u00a0CONFORMACI\u00d3N DE REDES\u00a0<span style=\"color: #008000; font-size: 10pt;\"><strong>(<a style=\"color: #008000;\" href=\"https:\/\/www.uea.edu.ec\/wp-content\/uploads\/2018\/07\/formato_conformacion_redes.doc\" target=\"_blank\" rel=\"noopener noreferrer\">descargar<\/a>)<\/strong><\/span><\/p>\n<p style=\"text-align: justify;\">FORMATO PARA CREACI\u00d3N DE GRUPOS ESTUDIANTILES\u00a0<span style=\"font-size: 10pt;\"><strong><span style=\"color: #008000;\">(<a style=\"color: #008000;\" href=\"https:\/\/www.uea.edu.ec\/wp-content\/uploads\/2018\/07\/formato_creacion_grupos_estudiantiles.docx\" target=\"_blank\" rel=\"noopener noreferrer\">descargar<\/a>)<\/span><\/strong><\/span><\/p>\n<p style=\"text-align: justify;\">FORMATO EVALUACI\u00d3N PROYECTO UEA CB\u00a0<span style=\"font-size: 10pt;\"><strong><span style=\"color: #008000;\">(<a style=\"color: #008000;\" href=\"https:\/\/www.uea.edu.ec\/wp-content\/uploads\/2018\/07\/formato_evaluacion_proyecto_ueacb.doc\" target=\"_blank\" rel=\"noopener noreferrer\">descargar<\/a>)<\/span><\/strong><\/span><\/p>\n<p style=\"text-align: justify;\">FORMATO DE INFORME ANUAL GRUPO CIENT\u00cdFICO ESTUDIANTIL <span style=\"color: #008000; font-size: 10pt;\"><strong>(<a style=\"color: #008000;\" href=\"https:\/\/www.uea.edu.ec\/wp-content\/uploads\/2018\/07\/formato_informe_anual_grupo_cientifico_estudiantil.doc\" target=\"_blank\" rel=\"noopener noreferrer\">descargar<\/a>)<\/strong><\/span><\/p>\n<p>[\/vc_column_text][\/vc_column_inner][\/vc_row_inner][\/vc_tta_section][vc_tta_section i_icon_fontawesome=&#8221;fa fa-file-word-o&#8221; add_icon=&#8221;true&#8221; title=&#8221;Permisos MAE&#8221; tab_id=&#8221;1531779716413-fa7d9a93-435e&#8221;][vc_row_inner][vc_column_inner][vc_single_image image=&#8221;4045&#8243; img_size=&#8221;medium&#8221; alignment=&#8221;center&#8221; css_animation=&#8221;fadeInUp&#8221;][vc_column_text]<\/p>\n<p style=\"text-align: justify;\"><strong>Formatos de Acceso a Recursos\u00a0<\/strong><b>Gen\u00e9ticos:<\/b><\/p>\n<p style=\"text-align: justify;\">FORMULARIO DE SUSCRIPCI\u00d3N DE CONTRATOS <span style=\"color: #008000; font-size: 10pt;\"><strong>(<\/strong><a style=\"color: #008000;\" href=\"https:\/\/www.uea.edu.ec\/wp-content\/uploads\/2018\/07\/contratos_marco_formulario.doc\" target=\"_blank\" rel=\"noopener noreferrer\"><strong>descargar<\/strong><\/a><strong>)<\/strong><\/span><\/p>\n<p style=\"text-align: justify;\">FORMULARIO HOJA DE VIDA DEL RESPONSABLE T\u00c9CNICO <span style=\"color: #008000; font-size: 10pt;\"><strong>(<\/strong><a style=\"color: #008000;\" href=\"https:\/\/www.uea.edu.ec\/wp-content\/uploads\/2018\/07\/hoja_responsable_tecnico.doc\" target=\"_blank\" rel=\"noopener noreferrer\"><strong>descargar<\/strong><\/a><strong>)<\/strong><\/span><\/p>\n<p style=\"text-align: justify;\">FORMULARIO HOJA DE VIDA GRUPO T\u00c9CNICO DE TRABAJO <span style=\"color: #008000; font-size: 10pt;\"><strong>(<\/strong><a style=\"color: #008000;\" href=\"https:\/\/www.uea.edu.ec\/wp-content\/uploads\/2018\/07\/hoja_tecnico_trabajo.doc\" target=\"_blank\" rel=\"noopener noreferrer\"><strong>descargar<\/strong><\/a><strong>)<\/strong><\/span><\/p>\n<p style=\"text-align: justify;\"><strong>Formatos para Permisos de Investigaci\u00f3n MAE:<\/strong><\/p>\n<p style=\"text-align: justify;\">FORMULARIO HOJA DE VIDA GRUPO T\u00c9CNICO DE TRABAJO\u00a0<span style=\"color: #008000; font-size: 10pt;\"><strong>(<a style=\"color: #008000;\" href=\"https:\/\/www.uea.edu.ec\/wp-content\/uploads\/2018\/07\/formulario_b1_7_rev_a_formato_hoja_vida_grupo_trabajo.docx\" target=\"_blank\" rel=\"noopener noreferrer\">descargar<\/a>)<\/strong><\/span><\/p>\n<p style=\"text-align: justify;\">FORMULARIO DEL PROYECTO ENMARCADO\u00a0DENTRO DEL PROGRAMA DE INVESTIGACI\u00d3N\u00a0CIENT\u00cdFICA\u00a0<span style=\"color: #008000; font-size: 10pt;\"><strong>(<a style=\"color: #008000;\" href=\"https:\/\/www.uea.edu.ec\/wp-content\/uploads\/2018\/07\/formulario_b1_8_rev_a_formato_proyectos_programas.docx\" target=\"_blank\" rel=\"noopener noreferrer\">descargar<\/a>)<\/strong><\/span><\/p>\n<p>[\/vc_column_text][\/vc_column_inner][\/vc_row_inner][\/vc_tta_section][vc_tta_section i_icon_fontawesome=&#8221;fa fa-cubes&#8221; add_icon=&#8221;true&#8221; title=&#8221;\u00c1reas Cient\u00edficas&#8221; tab_id=&#8221;1530833851657-64913902-2a74&#8243;][vc_row_inner][vc_column_inner][vc_column_text][\/vc_column_text][\/vc_column_inner][\/vc_row_inner][\/vc_tta_section][vc_tta_section i_icon_fontawesome=&#8221;fa fa-flask&#8221; add_icon=&#8221;true&#8221; title=&#8221;Laboratorios&#8221; tab_id=&#8221;1530833969622-714aacd8-8371&#8243;][vc_row_inner][vc_column_inner][vc_column_text]<\/p>\n<p style=\"text-align: center;\"><em><strong><span style=\"font-size: 14pt;\">LABORATORIO DE PLANTAS MEDICINALES<\/span><\/strong><\/em><\/p>\n<p>[\/vc_column_text][vc_column_text]<\/p>\n<p style=\"text-align: justify;\"><strong>Introducci\u00f3n:<\/strong><\/p>\n<p style=\"text-align: justify;\">El uso terap\u00e9utico de plantas medicinales, como sustitutas de las medicinas farmac\u00e9uticas, se aplica desde la antig\u00fcedad para curar o aliviar las enfermedades. Sin embargo, no existe todav\u00eda la suficiente evidencia cient\u00edfica que consolide a la medicina herbaria dentro de los sistemas de salud.<\/p>\n<p style=\"text-align: justify;\"><strong>Objetivos del Laboratorio:<\/strong><\/p>\n<p style=\"text-align: justify;\">Valorar la importancia de las plantas medicinales de nuestro entorno e identificar sus efectos farmacol\u00f3gicos para una alternativa medicinal.<\/p>\n<p style=\"text-align: justify;\">Realizar tamizajes fitoqu\u00edmicos para la extracci\u00f3n y reconocimiento de los principales metabolitos secundarios en las plantas medicinales.<\/p>\n<p style=\"text-align: justify;\">Brindar apoyo a los diferentes estudiantes de las carreras de la UEA en pr\u00e1cticas de laboratorio para conocer y desarrollar t\u00e9cnicas cromatogr\u00e1ficas para la separaci\u00f3n e identificaci\u00f3n de los metabolitos secundarios presentes en las diferentes plantas.<\/p>\n<p style=\"text-align: justify;\">Evaluar el uso terap\u00e9utico de cada planta medicinal.<\/p>\n<p style=\"text-align: justify;\"><strong>Fines:<\/strong><\/p>\n<p style=\"text-align: justify;\">El laboratorio de Plantas Medicinales tiene como fin desarrollar las bases cient\u00edficas para el conocimiento integral de plantas medicinales ecuatorianas principalmente amaz\u00f3nicas a trav\u00e9s del trabajo multidisciplinario en farmacolog\u00eda, fitoqu\u00edmica, farmacognosia, tecnolog\u00eda farmac\u00e9utica.<\/p>\n<p style=\"text-align: justify;\"><strong>Responsable:<\/strong><\/p>\n<p style=\"text-align: justify;\">BQF. Sandra Estefan\u00eda Andrade Yucailla.<\/p>\n<p style=\"text-align: justify;\"><strong>Ubicaci\u00f3n:<\/strong><\/p>\n<p style=\"text-align: justify;\">CIPCA, Cant\u00f3n Arosemena Tola, km 44, sector San Vicente. Provincia Napo.<\/p>\n<p>[\/vc_column_text][vc_column_text]<\/p>\n<p style=\"text-align: center;\"><em><strong><span style=\"font-size: 14pt;\">LABORATORIO DE BIOTECNOLOG\u00cdA VEGETAL<\/span><\/strong><\/em><\/p>\n<p>[\/vc_column_text][vc_column_text]<\/p>\n<p style=\"text-align: justify;\"><strong>\u00a0Objetivos del Laboratorio:<\/strong><\/p>\n<p style=\"text-align: justify;\">Aplicar la biotecnolog\u00eda a la diversificaci\u00f3n, producci\u00f3n y conservaci\u00f3n de plantas nativas e introducidas con caracter\u00edsticas de cultivos varios, forestal, ornamentales y frut\u00edcolas para ser incorporadas m\u00e1s adelante a los sistemas de producci\u00f3n agr\u00edcola del territorio.<\/p>\n<p style=\"text-align: justify;\">Potenciar el desarrollo de productos comercialmente atractivos para el sector hortofrut\u00edcola mediante el uso de t\u00e9cnicas biotecnol\u00f3gicas cl\u00e1sicas como es el desarrollo de cultivo in vitro de tejido vegetal, que se ha convertido en una herramienta innovadora de gran ayuda para el desarrollo agron\u00f3mico del pa\u00eds.<\/p>\n<p style=\"text-align: justify;\">Aplicaci\u00f3n de las t\u00e9cnicas del cultivo de tejidos in vitro para la propagaci\u00f3n y preservaci\u00f3n de recursos gen\u00e9ticos vegetales de importancia ecol\u00f3gica y econ\u00f3mica.<\/p>\n<p style=\"text-align: justify;\">Desarrollo de tecnolog\u00edas aplicadas en las otras l\u00edneas de investigaci\u00f3n, a trav\u00e9s del an\u00e1lisis de la fisiolog\u00eda del crecimiento y desarrollo de especies de importancia ecol\u00f3gica y econ\u00f3mica.<\/p>\n<p style=\"text-align: justify;\"><strong>Fines:<\/strong><\/p>\n<p style=\"text-align: justify;\">El laboratorio realiza actividades de docencia e investigaci\u00f3n en colaboraci\u00f3n\u00a0 con las diferentes carreras de la Universidad Estatal Amaz\u00f3nica.<\/p>\n<p style=\"text-align: justify;\">Ofrece el espacio y la tutor\u00eda para que los alumnos universitarios puedan realizar sus tesis de grados y pasant\u00edas.<\/p>\n<p style=\"text-align: justify;\">Realizar actividades de extensi\u00f3n como charlas y pr\u00e1cticas de laboratorio.<\/p>\n<p style=\"text-align: justify;\"><strong>Responsable:<\/strong><\/p>\n<p style=\"text-align: justify;\">T\u00e9cnico: Ernesto Marino Ibarra T\u00e9llez<\/p>\n<p style=\"text-align: justify;\">Email: em.ibarrat@uea.edu.ec<\/p>\n<p style=\"text-align: justify;\">Celular: 0959616098<\/p>\n<p style=\"text-align: justify;\"><strong>Ubicaci\u00f3n:<\/strong><\/p>\n<p style=\"text-align: justify;\">CIPCA, Cant\u00f3n Arosemena Tola, km 44, sector San Vicente. Provincia Napo.<\/p>\n<p>[\/vc_column_text][vc_column_text]<\/p>\n<p style=\"text-align: center;\"><em><strong><span style=\"font-size: 14pt;\">LABORATORIO DE ESTUDIOS AMBIENTALES<\/span><\/strong><\/em><\/p>\n<p>[\/vc_column_text][vc_column_text]<\/p>\n<p style=\"text-align: justify;\"><strong>Objetivo General:<\/strong><\/p>\n<p style=\"text-align: justify;\">Apoyar a la investigaci\u00f3n en todos sus niveles basados en los principios de calidad, as\u00ed como tambi\u00e9n la prestaci\u00f3n de servicios en pro del desarrollo de las comunidades de la amazonia ecuatoriana y del pa\u00eds.<\/p>\n<p style=\"text-align: justify;\"><strong>Objetivos Espec\u00edficos:<\/strong><\/p>\n<p style=\"text-align: justify;\">Brindar el soporte anal\u00edtico e instrumental en la ejecuci\u00f3n de los proyectos de investigaci\u00f3n, vinculaci\u00f3n, pre y posgrado aprobados por la Universidad Estatal Amaz\u00f3nica para la generaci\u00f3n de conocimientos y comprobaci\u00f3n de bases te\u00f3ricas-cient\u00edficas.<\/p>\n<p style=\"text-align: justify;\">Brindar el servicio de laboratorio apegado a los reglamentos estatutarios de la Universidad\u00a0 Estatal Amaz\u00f3nica en forma eficaz, eficiente y efectiva; y la entrega de los resultados en forma oportuna que satisfaga las necesidades de los clientes internos y externos.<\/p>\n<p style=\"text-align: justify;\">Asegurar la confidencialidad de los resultados en beneficio del usuario interno\/externo para el aseguramiento de las pol\u00edticas de calidad de la Universidad.<\/p>\n<p style=\"text-align: justify;\">El Laboratorio (personal a cargo) debe determinar las cuestiones externas e internas que son pertinentes para su prop\u00f3sito y su direcci\u00f3n estrat\u00e9gica y que afectan a su capacidad para el logro de resultados de calidad.<\/p>\n<p style=\"text-align: justify;\"><strong>Introducci\u00f3n:<\/strong><\/p>\n<p style=\"text-align: justify;\">El laboratorio es una herramienta fundamental para el desarrollo de la academia y la investigaci\u00f3n, el Laboratorio de Estudios Ambientales\u00a0 CIPCA prestar\u00e1 servicios a la comunidad universitaria y poblaci\u00f3n en general. Los resultados de los an\u00e1lisis generados en el laboratorio servir\u00e1n de informaci\u00f3n b\u00e1sica para el desarrollo de nuevas pol\u00edticas ambientales y solucionar problemas inmediatos por los decisores pol\u00edticos y entidades gubernamentales. El laboratorio garantizar\u00e1 la confiabilidad de los resultados en funci\u00f3n de las normas y procedimientos establecidos por el Instituto Nacional Ecuatoriano de Normalizaci\u00f3n (INEN) y Environmental Protection Agency (EPA).<\/p>\n<p style=\"text-align: justify;\"><strong>Fines:<\/strong><\/p>\n<p style=\"text-align: justify;\">Prestar servicios de calidad con liderazgo y compromiso institucional, siempre pensando en la satisfacci\u00f3n del cliente.<\/p>\n<p style=\"text-align: justify;\"><strong>Servicios que ofrece:<\/strong><\/p>\n<p style=\"text-align: justify;\">An\u00e1lisis de suelos.<\/p>\n<p style=\"text-align: justify;\">An\u00e1lisis de aguas.<\/p>\n<p style=\"text-align: justify;\">An\u00e1lisis de vegetales.<\/p>\n<p style=\"text-align: justify;\"><strong>Responsable:<\/strong><\/p>\n<p style=\"text-align: justify;\">T\u00e9cnico Docente: Ing. V\u00edctor Hugo Gonz\u00e1lez R.<\/p>\n<p style=\"text-align: justify;\">Email: vh.gonzalezr@uea.edu.ec<\/p>\n<p style=\"text-align: justify;\">Celular: 0984733518<\/p>\n<p style=\"text-align: justify;\"><strong>Ubicaci\u00f3n:<\/strong><\/p>\n<p style=\"text-align: justify;\">CIPCA, Cant\u00f3n Arosemena Tola, km 44, sector San Vicente. Provincia Napo.<\/p>\n<p>[\/vc_column_text][\/vc_column_inner][\/vc_row_inner][\/vc_tta_section][vc_tta_section i_icon_fontawesome=&#8221;fa fa-handshake-o&#8221; add_icon=&#8221;true&#8221; title=&#8221;Redes&#8221; tab_id=&#8221;1530834175261-75357e4f-8c4d&#8221;][vc_row_inner][vc_column_inner][vc_column_text]<\/p>\n<p style=\"text-align: left;\"><strong>CONVENIOS, REDES Y PROYECTOS INTERNACIONALES DE INVESTIGACI\u00d3N<\/strong><\/p>\n<p style=\"text-align: justify;\"><span style=\"font-size: 10pt; color: #008000;\"><strong>(<a style=\"color: #008000;\" href=\"https:\/\/www.uea.edu.ec\/wp-content\/uploads\/2018\/07\/redes_proyectos_internacionales.pdf\" target=\"_blank\" rel=\"noopener noreferrer\">ver convenios<\/a>)<\/strong><\/span><\/p>\n<p>[\/vc_column_text][\/vc_column_inner][\/vc_row_inner][\/vc_tta_section][vc_tta_section i_icon_fontawesome=&#8221;fa fa-map-marker&#8221; add_icon=&#8221;true&#8221; title=&#8221;Ubicaci\u00f3n&#8221; tab_id=&#8221;1530834356221-1349a101-f0e2&#8243;][vc_row_inner][vc_column_inner][vc_single_image image=&#8221;4046&#8243; img_size=&#8221;medium&#8221; alignment=&#8221;center&#8221; css_animation=&#8221;fadeInUp&#8221;][vc_column_text]<\/p>\n<p style=\"text-align: justify;\">La Direcci\u00f3n de Investigaci\u00f3n de la Universidad Estatal Amaz\u00f3nica se encuentra ubicada en el Centro de Investigaci\u00f3n, Posgrado y Conservaci\u00f3n Amaz\u00f3nica (CIPCA), localizado en la provincia de Napo, en el cant\u00f3n Arosemena Tola, Km. 44 de la v\u00eda Puyo &#8211; Tena, sitio donde se realiza la confluencia de los r\u00edos Piat\u00faa y Anzu, constituidos como espacios estrat\u00e9gicos para realizar estudios de los recursos amaz\u00f3nicos.<\/p>\n<p>[\/vc_column_text][\/vc_column_inner][\/vc_row_inner][\/vc_tta_section][vc_tta_section i_icon_fontawesome=&#8221;fa fa-phone-square&#8221; add_icon=&#8221;true&#8221; title=&#8221;Contactos&#8221; tab_id=&#8221;1530808420213-fa695c27-3a32&#8243;][vc_row_inner][vc_column_inner][vc_single_image image=&#8221;3795&#8243; alignment=&#8221;center&#8221; css_animation=&#8221;fadeInUp&#8221;][vc_column_text]<\/p>\n<p style=\"text-align: justify;\"><strong>Tel\u00e9fono UEA:<\/strong> 032-890-118<\/p>\n<p style=\"text-align: justify;\"><strong>Extensi\u00f3n Dir. de Investigaci\u00f3n:<\/strong><\/p>\n<p style=\"text-align: justify;\"><strong>Ubicaci\u00f3n:\u00a0<\/strong>CEIPA<\/p>\n<p>[\/vc_column_text][\/vc_column_inner][\/vc_row_inner][\/vc_tta_section][\/vc_tta_tour][\/vc_column][\/vc_row]<\/p>\n<\/section>","protected":false},"excerpt":{"rendered":"<p>[vc_row][vc_column][vc_row_inner][vc_column_inner][vc_column_text][amo_member id=&#8221;3798&#8243; item-width=&#8221;200&#8243; align=&#8221;center&#8221;][\/vc_column_text][\/vc_column_inner][\/vc_row_inner][vc_btn title=&#8221;Ver perfil del Equipo T\u00e9cnico&#8221; style=&#8221;custom&#8221; custom_background=&#8221;#e5e08f&#8221; custom_text=&#8221;#17382f&#8221; align=&#8221;center&#8221; i_icon_fontawesome=&#8221;fa fa-user-circle-o&#8221; button_block=&#8221;true&#8221; add_icon=&#8221;true&#8221; link=&#8221;url:https%3A%2F%2Fwww.uea.edu.ec%2F%3Fpage_id%3D4789|||&#8221;][\/vc_column][\/vc_row][vc_row][vc_column][vc_tta_tour active_section=&#8221;1&#8243; css=&#8221;.vc_custom_1532369402613{margin-right: -20px !important;margin-left: -20px !important;}&#8221;][vc_tta_section i_icon_fontawesome=&#8221;fa fa-users&#8221; add_icon=&#8221;true&#8221; title=&#8221;Qui\u00e9nes Somos?&#8221; tab_id=&#8221;1530745090964-3ec57990-2867&#8243;][vc_row_inner][vc_column_inner][vc_column_text][\/vc_column_text][\/vc_column_inner][\/vc_row_inner][\/vc_tta_section][vc_tta_section i_icon_fontawesome=&#8221;fa fa-check-square-o&#8221; add_icon=&#8221;true&#8221; title=&#8221;Misi\u00f3n&#8221; tab_id=&#8221;1530745091001-6f376347-de63&#8243;][vc_row_inner][vc_column_inner][vc_column_text] Misi\u00f3n Potenciar la capacidad t\u00e9cnica y operativa de la instituci\u00f3n a trav\u00e9s de la Investigaci\u00f3n, una aleta de impulsar el &#8230; <a title=\"Direcci\u00f3n de Investigaci\u00f3n\" class=\"read-more\" href=\"https:\/\/www.uea.edu.ec\/web\/v1\/?page_id=2372\" aria-label=\"M\u00e1s en Direcci\u00f3n de Investigaci\u00f3n\">Leer m\u00e1s<\/a><\/p>\n","protected":false},"author":2,"featured_media":0,"parent":0,"menu_order":0,"comment_status":"closed","ping_status":"closed","template":"","meta":{"om_disable_all_campaigns":false,"_monsterinsights_skip_tracking":false,"_monsterinsights_sitenote_active":false,"_monsterinsights_sitenote_note":"","_monsterinsights_sitenote_category":0,"generate_page_header":"","footnotes":""},"class_list":["post-2372","page","type-page","status-publish"],"aioseo_notices":[],"_links":{"self":[{"href":"https:\/\/www.uea.edu.ec\/web\/v1\/index.php?rest_route=\/wp\/v2\/pages\/2372"}],"collection":[{"href":"https:\/\/www.uea.edu.ec\/web\/v1\/index.php?rest_route=\/wp\/v2\/pages"}],"about":[{"href":"https:\/\/www.uea.edu.ec\/web\/v1\/index.php?rest_route=\/wp\/v2\/types\/page"}],"author":[{"embeddable":true,"href":"https:\/\/www.uea.edu.ec\/web\/v1\/index.php?rest_route=\/wp\/v2\/users\/2"}],"replies":[{"embeddable":true,"href":"https:\/\/www.uea.edu.ec\/web\/v1\/index.php?rest_route=%2Fwp%2Fv2%2Fcomments&post=2372"}],"version-history":[{"count":82,"href":"https:\/\/www.uea.edu.ec\/web\/v1\/index.php?rest_route=\/wp\/v2\/pages\/2372\/revisions"}],"predecessor-version":[{"id":13296,"href":"https:\/\/www.uea.edu.ec\/web\/v1\/index.php?rest_route=\/wp\/v2\/pages\/2372\/revisions\/13296"}],"wp:attachment":[{"href":"https:\/\/www.uea.edu.ec\/web\/v1\/index.php?rest_route=%2Fwp%2Fv2%2Fmedia&parent=2372"}],"curies":[{"name":"wp","href":"https:\/\/api.w.org\/{rel}","templated":true}]}}