{"id":279,"date":"2018-06-05T17:26:37","date_gmt":"2018-06-05T17:26:37","guid":{"rendered":"https:\/\/www.uea.edu.ec\/wp2018\/?page_id=279"},"modified":"2019-01-07T17:40:03","modified_gmt":"2019-01-07T22:40:03","slug":"ley-de-transparencia-julio-2017","status":"publish","type":"page","link":"https:\/\/www.uea.edu.ec\/web\/v1\/?page_id=279","title":{"rendered":"LEY DE TRANSPARENCIA JULIO 2017"},"content":{"rendered":"<section class=\"wpb-content-wrapper\"><p>[vc_row][vc_column][vc_column_text]<a href=\"https:\/\/www.uea.edu.ec\/wp-content\/uploads\/2018\/06\/literal_a1_organigrama_julio_2017.pdf\" target=\"_blank\" rel=\"noopener\"><strong>Literal\u00a0a1):<\/strong>\u00a0Estructura Org\u00e1nica Funcional<\/a><\/p>\n<p><a href=\"https:\/\/www.uea.edu.ec\/wp-content\/uploads\/2018\/06\/literal_a2_BASE_LEGAL_julio_2017.pdf\" target=\"_blank\" rel=\"noopener\"><strong>Literal\u00a0a2):<\/strong>\u00a0Base Legal<\/a><\/p>\n<p><a href=\"https:\/\/www.uea.edu.ec\/wp-content\/uploads\/2018\/06\/literal_a3_Regulaciones_y_procedimientos_internos_julio_2017.pdf\" target=\"_blank\" rel=\"noopener\"><strong>Literal\u00a0a3):<\/strong>\u00a0Regulaciones y procedimientos internos aplicables a la entidad<\/a><\/p>\n<p><a href=\"https:\/\/www.uea.edu.ec\/wp-content\/uploads\/2018\/06\/literal_a4_metas_y_objetivo_julio_2017.pdf\" target=\"_blank\" rel=\"noopener\"><strong>Literal\u00a0a4): <\/strong>Metas y objetivos de las unidades administrativas de conformidad con los programas operativos<\/a><\/p>\n<p><a href=\"https:\/\/www.uea.edu.ec\/wp-content\/uploads\/2018\/06\/Literal_b1_DIRECTORIO_julio_2017.pdf\" target=\"_blank\" rel=\"noopener\"><strong>Literal b1):<\/strong>\u00a0Directorio completo de la instituci\u00f3n<\/a><\/p>\n<p><a href=\"https:\/\/www.uea.edu.ec\/wp-content\/uploads\/2018\/06\/literal_b2_DISTRIBUTIVO_julio_2017.pdf\" target=\"_blank\" rel=\"noopener\"><strong>Literal b2):<\/strong> Distributivo de personal<\/a><\/p>\n<p><a href=\"https:\/\/www.uea.edu.ec\/wp-content\/uploads\/2018\/06\/literal_c_Remuneracion_julio_2017.pdf\" target=\"_blank\" rel=\"noopener\"><strong>Literal c):<\/strong>\u00a0Remuneraci\u00f3n mensual por puesto y todo ingreso adicional<\/a><\/p>\n<p><a href=\"https:\/\/www.uea.edu.ec\/wp-content\/uploads\/2018\/06\/literal_d_julio_2017.pdf\" target=\"_blank\" rel=\"noopener\"><strong>Literal d):<\/strong>\u00a0Servicios que ofrece la instituci\u00f3n y la forma de acceder a ellos. Horarios de atenci\u00f3n<\/a><\/p>\n<p><strong>Literal e):<\/strong>\u00a0Texto \u00edntegro de todos los contratos colectivos vigentes en la instituci\u00f3n<\/p>\n<p><a href=\"https:\/\/www.uea.edu.ec\/wp-content\/uploads\/2018\/06\/literal_f1_FORMULARIOS_Y_FORMATOS_JULIO_2017.pdf\" target=\"_blank\" rel=\"noopener\"><strong>Literal f1):<\/strong>\u00a0Formularios o formatos que se requieren para los tr\u00e1mites inherentes a su campos de acci\u00f3n<\/a><\/p>\n<p><a href=\"https:\/\/www.uea.edu.ec\/wp-content\/uploads\/2018\/06\/literal_f2_JULIO_2017.pdf\" target=\"_blank\" rel=\"noopener\"><strong>Literal f2):<\/strong>\u00a0Solicitud de acceso a la informaci\u00f3n p\u00fablica<\/a><\/p>\n<p><a href=\"https:\/\/www.uea.edu.ec\/wp-content\/uploads\/2018\/06\/LITERAL_G_PRESUPUESTO_JULIO_2017.pdf\" target=\"_blank\" rel=\"noopener\"><strong>Literal g):<\/strong>\u00a0Ejecuci\u00f3n de Gastos \u2013 Reportes CUR,\u00a0Presupuesto Mensual,\u00a0Reportes de CXP SRI,\u00a0Reporte de Gastos,\u00a0Reporte de Ingresos y Gastos<\/a><\/p>\n<p><a href=\"https:\/\/www.uea.edu.ec\/wp-content\/uploads\/2018\/06\/literal_h_JULIO_2017.pdf\" target=\"_blank\" rel=\"noopener\"><strong>Literal h):<\/strong>\u00a0Resultados de \u00a0auditor\u00edas internas y gubernamentales al ejercicio presupuestal<\/a><\/p>\n<p><a href=\"https:\/\/www.uea.edu.ec\/wp-content\/uploads\/2018\/06\/literal_i-Procesos_de_contrataciones_JULIO_2017.pdf\" target=\"_blank\" rel=\"noopener\"><strong>Literal i)<\/strong>:\u00a0Informaci\u00f3n completa y detallada sobre los procesos precontractuales, contractuales, de adjudicaci\u00f3n y liquidaci\u00f3n, de las contrataciones de obras, adquisici\u00f3n de bienes, prestaci\u00f3n de servicios, arrendamientos mercantiles<\/a><\/p>\n<p><a href=\"https:\/\/www.uea.edu.ec\/wp-content\/uploads\/2018\/06\/literal_j_ADJUDICATARIOS_FALLIDOS_JULIO_2017.pdf\" target=\"_blank\" rel=\"noopener\"><strong>Literal j):\u00a0<\/strong>Un listado de las empresas y personas que han incumplido contratos con dicha instituci\u00f3n<\/a><\/p>\n<p><a href=\"https:\/\/www.uea.edu.ec\/wp-content\/uploads\/2018\/06\/literal_k_PLANES_Y_PROGRAMAS_julio_2017.pdf\" target=\"_blank\" rel=\"noopener\"><strong>Literal k):<\/strong>\u00a0Planes y programas de la instituci\u00f3n en ejecuci\u00f3n<\/a><\/p>\n<p><a href=\"https:\/\/www.uea.edu.ec\/wp-content\/uploads\/2018\/06\/Literal_l_CREDITOS_JULIO_2017.pdf\" target=\"_blank\" rel=\"noopener\"><strong>Literal l):<\/strong>\u00a0El detalle de los contratos de cr\u00e9dito externos o internos; la fuente de los fondos con los que se pagar\u00e1 esos cr\u00e9ditos y cuando se trate de pr\u00e9stamos o contratos de financiamientos en el que se conste lo previsto en la Ley Org\u00e1nica<\/a><\/p>\n<p><strong>Literal m):<\/strong>\u00a0Mecanismo de rendici\u00f3n de cuentas a la ciudadan\u00eda, tales como metas e informes de gesti\u00f3n e indicadores de desempe\u00f1o<\/p>\n<p><strong>Literal n):<\/strong>\u00a0Los vi\u00e1ticos, informes de trabajo y justificativos de movilizaci\u00f3n nacional o internacional de las autoridades, dignatarios y funcionarios p\u00fablicos<\/p>\n<p><a href=\"https:\/\/www.uea.edu.ec\/wp-content\/uploads\/2018\/06\/literal_o_RESPONSABLE_JULIO_2017.pdf\" target=\"_blank\" rel=\"noopener\"><strong>Literal o):<\/strong>\u00a0El nombre, direcci\u00f3n de la oficina, apartado postal y direcci\u00f3n electr\u00f3nica del responsable de atender la informaci\u00f3n p\u00fablica de que trata esta Ley<\/a>[\/vc_column_text][\/vc_column][\/vc_row]<\/p>\n<\/section>","protected":false},"excerpt":{"rendered":"<p>[vc_row][vc_column][vc_column_text]Literal\u00a0a1):\u00a0Estructura Org\u00e1nica Funcional Literal\u00a0a2):\u00a0Base Legal Literal\u00a0a3):\u00a0Regulaciones y procedimientos internos aplicables a la entidad Literal\u00a0a4): Metas y objetivos de las unidades administrativas de conformidad con los programas operativos Literal b1):\u00a0Directorio completo de la instituci\u00f3n Literal b2): Distributivo de personal Literal c):\u00a0Remuneraci\u00f3n mensual por puesto y todo ingreso adicional Literal d):\u00a0Servicios que ofrece la instituci\u00f3n y la &#8230; <a title=\"LEY DE TRANSPARENCIA JULIO 2017\" class=\"read-more\" href=\"https:\/\/www.uea.edu.ec\/web\/v1\/?page_id=279\" aria-label=\"M\u00e1s en LEY DE TRANSPARENCIA JULIO 2017\">Leer m\u00e1s<\/a><\/p>\n","protected":false},"author":2,"featured_media":0,"parent":0,"menu_order":0,"comment_status":"closed","ping_status":"closed","template":"","meta":{"om_disable_all_campaigns":false,"_monsterinsights_skip_tracking":false,"_monsterinsights_sitenote_active":false,"_monsterinsights_sitenote_note":"","_monsterinsights_sitenote_category":0,"generate_page_header":"","footnotes":""},"class_list":["post-279","page","type-page","status-publish"],"aioseo_notices":[],"_links":{"self":[{"href":"https:\/\/www.uea.edu.ec\/web\/v1\/index.php?rest_route=\/wp\/v2\/pages\/279"}],"collection":[{"href":"https:\/\/www.uea.edu.ec\/web\/v1\/index.php?rest_route=\/wp\/v2\/pages"}],"about":[{"href":"https:\/\/www.uea.edu.ec\/web\/v1\/index.php?rest_route=\/wp\/v2\/types\/page"}],"author":[{"embeddable":true,"href":"https:\/\/www.uea.edu.ec\/web\/v1\/index.php?rest_route=\/wp\/v2\/users\/2"}],"replies":[{"embeddable":true,"href":"https:\/\/www.uea.edu.ec\/web\/v1\/index.php?rest_route=%2Fwp%2Fv2%2Fcomments&post=279"}],"version-history":[{"count":5,"href":"https:\/\/www.uea.edu.ec\/web\/v1\/index.php?rest_route=\/wp\/v2\/pages\/279\/revisions"}],"predecessor-version":[{"id":6242,"href":"https:\/\/www.uea.edu.ec\/web\/v1\/index.php?rest_route=\/wp\/v2\/pages\/279\/revisions\/6242"}],"wp:attachment":[{"href":"https:\/\/www.uea.edu.ec\/web\/v1\/index.php?rest_route=%2Fwp%2Fv2%2Fmedia&parent=279"}],"curies":[{"name":"wp","href":"https:\/\/api.w.org\/{rel}","templated":true}]}}