{"id":4100,"date":"2018-07-24T22:39:43","date_gmt":"2018-07-24T22:39:43","guid":{"rendered":"https:\/\/www.uea.edu.ec\/wp2018\/?page_id=4100"},"modified":"2020-03-03T11:50:20","modified_gmt":"2020-03-03T16:50:20","slug":"biblioteca-general","status":"publish","type":"page","link":"https:\/\/www.uea.edu.ec\/web\/v1\/?page_id=4100","title":{"rendered":"Biblioteca General"},"content":{"rendered":"<section class=\"wpb-content-wrapper\"><p>[vc_row css=&#8221;.vc_custom_1535146954877{margin-top: -30px !important;}&#8221;][vc_column][vc_tta_tour active_section=&#8221;1&#8243; css=&#8221;.vc_custom_1532479159877{margin-top: 30px !important;margin-right: -20px !important;margin-left: -20px !important;}&#8221;][vc_tta_section i_icon_fontawesome=&#8221;fa fa-university&#8221; add_icon=&#8221;true&#8221; title=&#8221;Inicio&#8221; tab_id=&#8221;1532468447454-edd15d83-990b&#8221;][vc_column_text]<\/p>\n<p style=\"text-align: justify;\"><strong>DEFINICI\u00d3N<\/strong><\/p>\n<p style=\"text-align: justify;\">La Biblioteca de la Universidad Estatal Amaz\u00f3nica es un centro de recursos de informaci\u00f3n y documentaci\u00f3n en cualquier soporte, orientado a apoyar las actividades de estudio, investigaci\u00f3n, docencia y vinculaci\u00f3n con la colectividad. Est\u00e1 constituida por los fondos bibliogr\u00e1ficos y documentales adquiridos, as\u00ed como las donaciones e intercambios, y los adquiridos en favor de la Universidad por otros organismos.<\/p>\n<p style=\"text-align: justify;\"><b>MISI\u00d3N<\/b><\/p>\n<p style=\"text-align: justify;\">La Biblioteca de la Universidad Estatal Amaz\u00f3nica tiene como misi\u00f3n proveer recursos y servicios de informaci\u00f3n de calidad a docentes, alumnos y comunidad en general, para contribuir a su desarrollo acad\u00e9mico y de investigaci\u00f3n; mantener espacios f\u00edsicos y virtuales para aprovechar al m\u00e1ximo las nuevas tecnolog\u00edas de informaci\u00f3n y mejorar sus condiciones de aprendizaje.<\/p>\n<p style=\"text-align: justify;\"><strong>OBJETIVOS<\/strong><\/p>\n<p style=\"text-align: justify;\">Gestionar eficazmente los recursos de informaci\u00f3n en cualquier soporte, con independencia del concepto presupuestario y del procedimiento con que estos recursos se adquieran o contraten.<\/p>\n<p style=\"text-align: justify;\">Servir como ente de apoyo a todas las actividades docentes, de investigaci\u00f3n y vinculaci\u00f3n de la Universidad Estatal Amaz\u00f3nica.<\/p>\n<p style=\"text-align: justify;\">Gestionar eficazmente los recursos de informaci\u00f3n en cualquier soporte, con independencia del concepto presupuestario y del procedimiento con que estos recursos se adquieran o contraten.<\/p>\n<p>[\/vc_column_text][\/vc_tta_section][vc_tta_section i_icon_fontawesome=&#8221;fa fa-leanpub&#8221; add_icon=&#8221;true&#8221; title=&#8221;Biblioteca Virtual&#8221; tab_id=&#8221;1532468441719-2d9624f3-f53f&#8221;][vc_row_inner][vc_column_inner width=&#8221;1\/2&#8243;][vc_btn title=&#8221;BIBLIOTECAS VIRTUALES&#8221; link=&#8221;url:https%3A%2F%2Fwww.uea.edu.ec%2F%3Fpage_id%3D6919||target:%20_blank|&#8221;][\/vc_column_inner][vc_column_inner width=&#8221;1\/2&#8243;][\/vc_column_inner][\/vc_row_inner][vc_row_inner][vc_column_inner width=&#8221;1\/2&#8243;][\/vc_column_inner][vc_column_inner width=&#8221;1\/4&#8243;][\/vc_column_inner][\/vc_row_inner][\/vc_tta_section][vc_tta_section i_icon_fontawesome=&#8221;fa fa-share-square-o&#8221; add_icon=&#8221;true&#8221; title=&#8221;Cat\u00e1logo Online&#8221; tab_id=&#8221;1532468441750-639bac42-ebdf&#8221;][vc_column_text]<span style=\"color: #008000; font-size: 10pt;\"><strong>(<a style=\"color: #008000;\" href=\"https:\/\/www.uea.edu.ec\/pmb\/\" target=\"_blank\" rel=\"noopener noreferrer\">Ingresar al cat\u00e1logo<\/a>)<\/strong><\/span>[\/vc_column_text][\/vc_tta_section][vc_tta_section i_icon_fontawesome=&#8221;fa fa-stack-overflow&#8221; add_icon=&#8221;true&#8221; title=&#8221;Repositorio de Tesis&#8221; tab_id=&#8221;1532472335410-c429b17c-574e&#8221;][vc_column_text css=&#8221;.vc_custom_1575411433554{margin-top: -50px !important;}&#8221;]<strong>REPOSITORIO DIGITAL DE LA UNIVERSIDAD ESTATAL AMAZ\u00d3NICA<\/strong><\/p>\n<p><a href=\"https:\/\/repositorio.uea.edu.ec\/?fbclid=IwAR35t3mbe9aKPNKT9M4k41BC2ukAZLWt6jTHzIXomAxuuD5Thf3aUCqwloI\" target=\"_blank\" rel=\"noopener noreferrer\"><span style=\"color: #008000; font-size: 10pt;\"><strong>(Ingresar al repositorio)<\/strong><\/span><\/a>[\/vc_column_text][\/vc_tta_section][vc_tta_section i_icon_fontawesome=&#8221;fa fa-life-ring&#8221; add_icon=&#8221;true&#8221; title=&#8221;Servicio Bibliotecario&#8221; tab_id=&#8221;1532469518411-961beedf-f4b5&#8243;][vc_column_text]<\/p>\n<p style=\"text-align: justify;\">El n\u00famero de documentos prestables y la duraci\u00f3n del pr\u00e9stamo var\u00edan en funci\u00f3n de la tipolog\u00eda de usuarios y el tipo de los fondos documentales de acuerdo a la siguiente tabla:<\/p>\n<table style=\"border-collapse: collapse; width: 27.8111%; height: 390px;\" border=\"1\">\n<tbody>\n<tr style=\"height: 24px;\">\n<td style=\"width: 8.64465%; text-align: center; height: 24px;\"><span style=\"font-size: 6pt;\"><strong>TIPO<\/strong><\/span><\/td>\n<td style=\"width: 17.7047%; text-align: center; height: 24px;\"><span style=\"font-size: 6pt;\"><strong>USUARIO<\/strong><\/span><\/td>\n<td style=\"width: 15.7432%; text-align: center; height: 24px;\"><span style=\"font-size: 6pt;\"><strong>CANTIDAD<\/strong><\/span><\/td>\n<td style=\"width: 15.8884%; text-align: center; height: 24px;\"><span style=\"font-size: 6pt;\"><strong>DURACI\u00d3N<\/strong><\/span><\/td>\n<td style=\"width: 14.8225%; text-align: center; height: 24px;\"><span style=\"font-size: 6pt;\"><strong>SANCI\u00d3N<\/strong><\/span><\/td>\n<td style=\"width: 20.7234%; text-align: center; height: 24px;\"><span style=\"font-size: 6pt;\"><strong>RENOVACI\u00d3N<\/strong><\/span><\/td>\n<\/tr>\n<tr style=\"height: 24px;\">\n<td style=\"width: 8.64465%; text-align: center; height: 24px;\"><span style=\"font-size: 8pt;\">A<\/span><\/td>\n<td style=\"width: 17.7047%; height: 24px;\"><span style=\"font-size: 8pt;\">Directivos<\/span><\/td>\n<td style=\"width: 15.7432%; text-align: center; height: 24px;\"><span style=\"font-size: 8pt;\">5<\/span><\/td>\n<td style=\"width: 15.8884%; text-align: center; height: 24px;\"><span style=\"font-size: 8pt;\">15<\/span><\/td>\n<td style=\"width: 14.8225%; text-align: center; height: 24px;\"><span style=\"font-size: 8pt;\">SI<\/span><\/td>\n<td style=\"width: 20.7234%; text-align: center; height: 24px;\"><span style=\"font-size: 8pt;\">SI<\/span><\/td>\n<\/tr>\n<tr style=\"height: 24px;\">\n<td style=\"width: 8.64465%; text-align: center; height: 24px;\"><span style=\"font-size: 8pt;\">A<\/span><\/td>\n<td style=\"width: 17.7047%; height: 24px;\"><span style=\"font-size: 8pt;\">Docentes<\/span><\/td>\n<td style=\"width: 15.7432%; text-align: center; height: 24px;\"><span style=\"font-size: 8pt;\">5<\/span><\/td>\n<td style=\"width: 15.8884%; text-align: center; height: 24px;\"><span style=\"font-size: 8pt;\">15<\/span><\/td>\n<td style=\"width: 14.8225%; text-align: center; height: 24px;\"><span style=\"font-size: 8pt;\">SI<\/span><\/td>\n<td style=\"width: 20.7234%; text-align: center; height: 24px;\"><span style=\"font-size: 8pt;\">SI<\/span><\/td>\n<\/tr>\n<tr style=\"height: 24px;\">\n<td style=\"width: 8.64465%; text-align: center; height: 24px;\"><span style=\"font-size: 8pt;\">B<\/span><\/td>\n<td style=\"width: 17.7047%; height: 24px;\"><span style=\"font-size: 8pt;\">Estudiantes<\/span><\/td>\n<td style=\"width: 15.7432%; text-align: center; height: 24px;\"><span style=\"font-size: 8pt;\">3<\/span><\/td>\n<td style=\"width: 15.8884%; text-align: center; height: 24px;\"><span style=\"font-size: 8pt;\">3<\/span><\/td>\n<td style=\"width: 14.8225%; text-align: center; height: 24px;\"><span style=\"font-size: 8pt;\">SI<\/span><\/td>\n<td style=\"width: 20.7234%; text-align: center; height: 24px;\"><span style=\"font-size: 8pt;\">SI<\/span><\/td>\n<\/tr>\n<tr style=\"height: 24px;\">\n<td style=\"width: 8.64465%; text-align: center; height: 24px;\"><span style=\"font-size: 8pt;\">B<\/span><\/td>\n<td style=\"width: 17.7047%; height: 24px;\"><span style=\"font-size: 8pt;\">Administrativos<\/span><\/td>\n<td style=\"width: 15.7432%; text-align: center; height: 24px;\"><span style=\"font-size: 8pt;\">3<\/span><\/td>\n<td style=\"width: 15.8884%; text-align: center; height: 24px;\"><span style=\"font-size: 8pt;\">5<\/span><\/td>\n<td style=\"width: 14.8225%; text-align: center; height: 24px;\"><span style=\"font-size: 8pt;\">SI<\/span><\/td>\n<td style=\"width: 20.7234%; text-align: center; height: 24px;\"><span style=\"font-size: 8pt;\">SI<\/span><\/td>\n<\/tr>\n<tr style=\"height: 24px;\">\n<td style=\"width: 8.64465%; text-align: center; height: 24px;\"><span style=\"font-size: 8pt;\">B<\/span><\/td>\n<td style=\"width: 17.7047%; height: 24px;\"><span style=\"font-size: 8pt;\">Servicios<\/span><\/td>\n<td style=\"width: 15.7432%; text-align: center; height: 24px;\"><span style=\"font-size: 8pt;\">3<\/span><\/td>\n<td style=\"width: 15.8884%; text-align: center; height: 24px;\"><span style=\"font-size: 8pt;\">3<\/span><\/td>\n<td style=\"width: 14.8225%; text-align: center; height: 24px;\"><span style=\"font-size: 8pt;\">SI<\/span><\/td>\n<td style=\"width: 20.7234%; text-align: center; height: 24px;\"><span style=\"font-size: 8pt;\">SI<\/span><\/td>\n<\/tr>\n<tr style=\"height: 24px;\">\n<td style=\"width: 8.64465%; text-align: center; height: 24px;\"><span style=\"font-size: 8pt;\">C<\/span><\/td>\n<td style=\"width: 17.7047%; height: 24px;\"><span style=\"font-size: 8pt;\">Investigadores<\/span><\/td>\n<td style=\"width: 15.7432%; text-align: center; height: 24px;\"><span style=\"font-size: 8pt;\">5<\/span><\/td>\n<td style=\"width: 15.8884%; text-align: center; height: 24px;\"><span style=\"font-size: 8pt;\">15<\/span><\/td>\n<td style=\"width: 14.8225%; text-align: center; height: 24px;\"><span style=\"font-size: 8pt;\">SI<\/span><\/td>\n<td style=\"width: 20.7234%; text-align: center; height: 24px;\"><span style=\"font-size: 8pt;\">SI<\/span><\/td>\n<\/tr>\n<tr style=\"height: 24px;\">\n<td style=\"width: 8.64465%; text-align: center; height: 24px;\"><span style=\"font-size: 8pt;\">D<\/span><\/td>\n<td style=\"width: 17.7047%; height: 24px;\"><span style=\"font-size: 8pt;\">Universidades<\/span><\/td>\n<td style=\"width: 15.7432%; text-align: center; height: 24px;\"><span style=\"font-size: 8pt;\">1<\/span><\/td>\n<td style=\"width: 15.8884%; text-align: center; height: 24px;\"><span style=\"font-size: 8pt;\">1<\/span><\/td>\n<td style=\"width: 14.8225%; text-align: center; height: 24px;\"><span style=\"font-size: 8pt;\">SI<\/span><\/td>\n<td style=\"width: 20.7234%; text-align: center; height: 24px;\"><span style=\"font-size: 8pt;\">NO<\/span><\/td>\n<\/tr>\n<tr style=\"height: 24px;\">\n<td style=\"width: 8.64465%; text-align: center; height: 24px;\"><span style=\"font-size: 8pt;\">D<\/span><\/td>\n<td style=\"width: 17.7047%; height: 24px;\"><span style=\"font-size: 8pt;\">Colegios<\/span><\/td>\n<td style=\"width: 15.7432%; text-align: center; height: 24px;\"><span style=\"font-size: 8pt;\">1<\/span><\/td>\n<td style=\"width: 15.8884%; text-align: center; height: 24px;\"><span style=\"font-size: 8pt;\">1<\/span><\/td>\n<td style=\"width: 14.8225%; text-align: center; height: 24px;\"><span style=\"font-size: 8pt;\">SI<\/span><\/td>\n<td style=\"width: 20.7234%; text-align: center; height: 24px;\"><span style=\"font-size: 8pt;\">NO<\/span><\/td>\n<\/tr>\n<tr style=\"height: 24px;\">\n<td style=\"width: 8.64465%; text-align: center; height: 24px;\"><span style=\"font-size: 8pt;\">D<\/span><\/td>\n<td style=\"width: 17.7047%; height: 24px;\"><span style=\"font-size: 8pt;\">P\u00fablico General<\/span><\/td>\n<td style=\"width: 15.7432%; text-align: center; height: 24px;\"><span style=\"font-size: 8pt;\">1<\/span><\/td>\n<td style=\"width: 15.8884%; text-align: center; height: 24px;\"><span style=\"font-size: 8pt;\">1<\/span><\/td>\n<td style=\"width: 14.8225%; text-align: center; height: 24px;\"><span style=\"font-size: 8pt;\">SI<\/span><\/td>\n<td style=\"width: 20.7234%; text-align: center; height: 24px;\"><span style=\"font-size: 8pt;\">NO<\/span><\/td>\n<\/tr>\n<\/tbody>\n<\/table>\n<p>[\/vc_column_text][\/vc_tta_section][vc_tta_section i_icon_fontawesome=&#8221;fa fa-clock-o&#8221; add_icon=&#8221;true&#8221; title=&#8221;Horario&#8221; tab_id=&#8221;1532469928434-a6eefdf5-22c5&#8243;][vc_column_text]<\/p>\n<p style=\"text-align: justify;\"><strong>HORARIO DE ATENCI\u00d3N DE LA BIBLIOTECA GENERAL:<\/strong><\/p>\n<p style=\"text-align: justify;\">La Biblioteca proporcionar\u00e1 servicios en forma continua, de lunes a viernes de 08:00 am a 19:00 horas; salvo causas de fuerza mayor o feriados se extender\u00e1 los fines de semana. En tal caso, es obligaci\u00f3n del personal de la biblioteca colocar un aviso informativo en la puerta de la Biblioteca.<\/p>\n<p>[\/vc_column_text][\/vc_tta_section][vc_tta_section i_icon_fontawesome=&#8221;fa fa-check-square&#8221; add_icon=&#8221;true&#8221; title=&#8221;Servicios&#8221; tab_id=&#8221;1532469970534-00ffdb3c-3a37&#8243;][vc_column_text]<\/p>\n<p style=\"text-align: justify;\"><strong>SERVICIOS QUE OFRECE LA BIBLIOTECA GENERAL<\/strong><\/p>\n<p style=\"text-align: justify;\"><strong>Estanter\u00eda Cerrada:<\/strong> permite al usuario la consulta de la informaci\u00f3n bibliogr\u00e1fica a trav\u00e9s de la visita a nuestra p\u00e1gina https:\/\/www.uea.edu.ec\/pmb\/\u00a0disponibles en cada una de las \u00e1reas del conocimiento, ubicada en el bloque 2 de la carrera de turismo.<\/p>\n<p style=\"text-align: justify;\"><strong>Pr\u00e9stamo en sala de lectura:<\/strong>\u00a0permite a los usuarios la consulta en sala del material bibliogr\u00e1fico existente en la Biblioteca dentro de los horarios de atenci\u00f3n.<\/p>\n<p style=\"text-align: justify;\"><strong>Internet y WIFI:<\/strong>\u00a0facilita la consulta acad\u00e9mica en Internet mediante terminales ubicados en todas las salas de lectura de las bibliotecas en toda el campus universitario y en las laptops y dispositivos electr\u00f3nicos de los usuarios mediante acceso WIFI.<\/p>\n<p style=\"text-align: justify;\"><strong>Salas de lectura y cub\u00edculos de estudio:<\/strong>\u00a0brindan espacios destinados al estudio, la investigaci\u00f3n y la lectura libres de ruido.<\/p>\n<p>[\/vc_column_text][\/vc_tta_section][vc_tta_section i_icon_fontawesome=&#8221;fa fa-phone-square&#8221; add_icon=&#8221;true&#8221; title=&#8221;Contactos&#8221; tab_id=&#8221;1532470081530-0c509919-4182&#8243;][vc_column_text]<\/p>\n<p style=\"text-align: justify;\"><strong>BIBLIOTECARIAS:<\/strong><\/p>\n<p style=\"text-align: justify;\">marreaga@uea.edu.ec\u00a0(M\u00f3nica Arreada)<\/p>\n<p style=\"text-align: justify;\"><strong>FAN PAGE BIBLIOTECA:<\/strong><\/p>\n<p><span style=\"font-size: 10pt; color: #008000;\"><strong>(<a style=\"color: #008000;\" href=\"https:\/\/www.facebook.com\/biblioteca.estatalamazonica?fref=ts\" target=\"_blank\" rel=\"noopener noreferrer\">visitar facebook<\/a>)<\/strong><\/span>[\/vc_column_text][\/vc_tta_section][\/vc_tta_tour][\/vc_column][\/vc_row][vc_row][vc_column][vc_column_text][\/vc_column_text][\/vc_column][\/vc_row]<\/p>\n<\/section>","protected":false},"excerpt":{"rendered":"<p>[vc_row css=&#8221;.vc_custom_1535146954877{margin-top: -30px !important;}&#8221;][vc_column][vc_tta_tour active_section=&#8221;1&#8243; css=&#8221;.vc_custom_1532479159877{margin-top: 30px !important;margin-right: -20px !important;margin-left: -20px !important;}&#8221;][vc_tta_section i_icon_fontawesome=&#8221;fa fa-university&#8221; add_icon=&#8221;true&#8221; title=&#8221;Inicio&#8221; tab_id=&#8221;1532468447454-edd15d83-990b&#8221;][vc_column_text] DEFINICI\u00d3N La Biblioteca de la Universidad Estatal Amaz\u00f3nica es un centro de recursos de informaci\u00f3n y documentaci\u00f3n en cualquier soporte, orientado a apoyar las actividades de estudio, investigaci\u00f3n, docencia y vinculaci\u00f3n con la colectividad. Est\u00e1 constituida por los &#8230; <a title=\"Biblioteca General\" class=\"read-more\" href=\"https:\/\/www.uea.edu.ec\/web\/v1\/?page_id=4100\" aria-label=\"M\u00e1s en Biblioteca General\">Leer m\u00e1s<\/a><\/p>\n","protected":false},"author":2,"featured_media":0,"parent":0,"menu_order":0,"comment_status":"closed","ping_status":"closed","template":"","meta":{"om_disable_all_campaigns":false,"_monsterinsights_skip_tracking":false,"_monsterinsights_sitenote_active":false,"_monsterinsights_sitenote_note":"","_monsterinsights_sitenote_category":0,"generate_page_header":"","footnotes":""},"class_list":["post-4100","page","type-page","status-publish"],"aioseo_notices":[],"_links":{"self":[{"href":"https:\/\/www.uea.edu.ec\/web\/v1\/index.php?rest_route=\/wp\/v2\/pages\/4100"}],"collection":[{"href":"https:\/\/www.uea.edu.ec\/web\/v1\/index.php?rest_route=\/wp\/v2\/pages"}],"about":[{"href":"https:\/\/www.uea.edu.ec\/web\/v1\/index.php?rest_route=\/wp\/v2\/types\/page"}],"author":[{"embeddable":true,"href":"https:\/\/www.uea.edu.ec\/web\/v1\/index.php?rest_route=\/wp\/v2\/users\/2"}],"replies":[{"embeddable":true,"href":"https:\/\/www.uea.edu.ec\/web\/v1\/index.php?rest_route=%2Fwp%2Fv2%2Fcomments&post=4100"}],"version-history":[{"count":54,"href":"https:\/\/www.uea.edu.ec\/web\/v1\/index.php?rest_route=\/wp\/v2\/pages\/4100\/revisions"}],"predecessor-version":[{"id":9521,"href":"https:\/\/www.uea.edu.ec\/web\/v1\/index.php?rest_route=\/wp\/v2\/pages\/4100\/revisions\/9521"}],"wp:attachment":[{"href":"https:\/\/www.uea.edu.ec\/web\/v1\/index.php?rest_route=%2Fwp%2Fv2%2Fmedia&parent=4100"}],"curies":[{"name":"wp","href":"https:\/\/api.w.org\/{rel}","templated":true}]}}