{"id":4481,"date":"2018-07-27T15:26:25","date_gmt":"2018-07-27T15:26:25","guid":{"rendered":"https:\/\/www.uea.edu.ec\/wp2018\/?page_id=4481"},"modified":"2019-01-08T23:44:06","modified_gmt":"2019-01-09T04:44:06","slug":"huellas-del-sumaco-vol-11","status":"publish","type":"page","link":"https:\/\/www.uea.edu.ec\/web\/v1\/?page_id=4481","title":{"rendered":"Huellas del Sumaco Vol. 11"},"content":{"rendered":"<section class=\"wpb-content-wrapper\"><p>[vc_row][vc_column][vc_single_image image=&#8221;4492&#8243; img_size=&#8221;full&#8221; alignment=&#8221;center&#8221;][vc_column_text css=&#8221;.vc_custom_1532715253479{margin-top: 0px !important;}&#8221;]<\/p>\n<p style=\"text-align: center;\"><strong>Contenido del Volumen 11 &nbsp; &nbsp; <\/strong><span style=\"font-size: 10pt;\">(Junio 2014)<\/span><\/p>\n<p>[\/vc_column_text][vc_tta_accordion][vc_tta_section i_icon_fontawesome=&#8221;fa fa-pencil-square-o&#8221; add_icon=&#8221;true&#8221; title=&#8221;Art\u00edculo 1&#8243; tab_id=&#8221;1532706537060-3cabb2ef-bc8a&#8221;][vc_column_text]<\/p>\n<p style=\"text-align: justify;\">EL GUAYAC\u00c1N NEGRO EN NAPO NAPOPI HUAMBULA.<\/p>\n<p style=\"text-align: left;\"><span style=\"font-size: 10pt;\"><strong><span style=\"color: #008000;\">(<a style=\"color: #008000;\" href=\"https:\/\/www.uea.edu.ec\/wp-content\/uploads\/2018\/07\/vol_11_articulo_1.pdf\" target=\"_blank\" rel=\"noopener\">ver art\u00edculo<\/a>)<\/span><\/strong><\/span><\/p>\n<p>[\/vc_column_text][\/vc_tta_section][vc_tta_section i_icon_fontawesome=&#8221;fa fa-pencil-square-o&#8221; add_icon=&#8221;true&#8221; title=&#8221;Art\u00edculo 2&#8243; tab_id=&#8221;1532706588947-a50e042d-db7c&#8221;][vc_column_text]<\/p>\n<p style=\"text-align: justify;\">LAS \u00c1REAS PROTEGIDAS MUNICIPALES: UNA HERRAMIENTA EFECTIVA PARA LA CONSERVACI\u00d3N DE LA BIODIVERSIDAD EN EL ECUADOR, EL CASO DEL DISTRITO METROPOLITANO DE QUITO.<\/p>\n<p style=\"text-align: left;\"><span style=\"font-size: 10pt;\"><strong><span style=\"color: #008000;\">(<a style=\"color: #008000;\" href=\"https:\/\/www.uea.edu.ec\/wp-content\/uploads\/2018\/07\/vol_11_articulo_2.pdf\" target=\"_blank\" rel=\"noopener\">ver art\u00edculo<\/a>)<\/span><\/strong><\/span><\/p>\n<p>[\/vc_column_text][\/vc_tta_section][vc_tta_section i_icon_fontawesome=&#8221;fa fa-pencil-square-o&#8221; add_icon=&#8221;true&#8221; title=&#8221;Art\u00edculo 3&#8243; tab_id=&#8221;1532706588445-5edfcfaa-78c4&#8243;][vc_column_text]<\/p>\n<p style=\"text-align: justify;\">PLUKENETIA VOLUBILIS L. (SACHA INCHI &#8211; TICASU) RIQUEZA NATURAL PARA LA SALUD HUMANA Y VALOR AGREGADO EN LAS CARNES DEL CERDO CRIOLLO ECUATORIANO EN LA AMAZONIA.<\/p>\n<p style=\"text-align: left;\"><span style=\"font-size: 10pt;\"><strong><span style=\"color: #008000;\">(<a style=\"color: #008000;\" href=\"https:\/\/www.uea.edu.ec\/wp-content\/uploads\/2018\/07\/vol_11_articulo_3.pdf\" target=\"_blank\" rel=\"noopener\">ver art\u00edculo<\/a>)<\/span><\/strong><\/span><\/p>\n<p>[\/vc_column_text][\/vc_tta_section][vc_tta_section i_icon_fontawesome=&#8221;fa fa-pencil-square-o&#8221; add_icon=&#8221;true&#8221; title=&#8221;Art\u00edculo 4&#8243; tab_id=&#8221;1532706587936-87db1883-a511&#8243;][vc_column_text]<\/p>\n<p style=\"text-align: justify;\">PRODUCCI\u00d3N DE POLLOS CAMPEROS EN UN SISTEMA DE PASTOREO A BASE DE MAN\u00cd FORRAJERO (ARACHIS PINTOI) EN LA PROVINCIA DE NAPO.<\/p>\n<p style=\"text-align: left;\"><span style=\"font-size: 10pt;\"><strong><span style=\"color: #008000;\">(<a style=\"color: #008000;\" href=\"https:\/\/www.uea.edu.ec\/wp-content\/uploads\/2018\/07\/vol_11_articulo_4.pdf\" target=\"_blank\" rel=\"noopener\">ver art\u00edculo<\/a>)<\/span><\/strong><\/span><\/p>\n<p>[\/vc_column_text][\/vc_tta_section][vc_tta_section i_icon_fontawesome=&#8221;fa fa-pencil-square-o&#8221; add_icon=&#8221;true&#8221; title=&#8221;Art\u00edculo 5&#8243; tab_id=&#8221;1532706587441-72c296a3-72e5&#8243;][vc_column_text]<\/p>\n<p style=\"text-align: justify;\">ORQU\u00cdDEAS DE LA AMAZONIA ECUATORIANA: MARAVILLAS ESCONDIDAS EN LAS MONTA\u00d1AS ANDINO &#8211; AMAZ\u00d3NICAS.<\/p>\n<p style=\"text-align: left;\"><span style=\"font-size: 10pt;\"><strong><span style=\"color: #008000;\">(<a style=\"color: #008000;\" href=\"https:\/\/www.uea.edu.ec\/wp-content\/uploads\/2018\/07\/vol_11_articulo_5.pdf\" target=\"_blank\" rel=\"noopener\">ver art\u00edculo<\/a>)<\/span><\/strong><\/span><\/p>\n<p>[\/vc_column_text][\/vc_tta_section][vc_tta_section i_icon_fontawesome=&#8221;fa fa-pencil-square-o&#8221; add_icon=&#8221;true&#8221; title=&#8221;Art\u00edculo 6&#8243; tab_id=&#8221;1532706586912-4e6cb821-f5fb&#8221;][vc_column_text]<\/p>\n<p style=\"text-align: justify;\">SISTEMA DE REFRIGERACI\u00d3N SOLAR POR ABSORCI\u00d3N PARA LA COMUNIDAD DE KUMAY EN LA PROVINCIA DE PASTAZA.<\/p>\n<p style=\"text-align: left;\"><span style=\"font-size: 10pt;\"><strong><span style=\"color: #008000;\">(<a style=\"color: #008000;\" href=\"https:\/\/www.uea.edu.ec\/wp-content\/uploads\/2018\/07\/vol_11_articulo_6.pdf\" target=\"_blank\" rel=\"noopener\">ver art\u00edculo<\/a>)<\/span><\/strong><\/span><\/p>\n<p>[\/vc_column_text][\/vc_tta_section][vc_tta_section i_icon_fontawesome=&#8221;fa fa-pencil-square-o&#8221; add_icon=&#8221;true&#8221; title=&#8221;Art\u00edculo 7&#8243; tab_id=&#8221;1532706586392-0a9d6075-c258&#8243;][vc_column_text]<\/p>\n<p style=\"text-align: justify;\">TURISMO COMUNITARIO: AN\u00c1LISIS SITUACIONAL EN EL CANT\u00d3N TENA, PROVINCIA DE NAPO.<\/p>\n<p style=\"text-align: left;\"><span style=\"font-size: 10pt;\"><strong><span style=\"color: #008000;\">(<a style=\"color: #008000;\" href=\"https:\/\/www.uea.edu.ec\/wp-content\/uploads\/2018\/07\/vol_11_articulo_7.pdf\" target=\"_blank\" rel=\"noopener\">ver art\u00edculo<\/a>)<\/span><\/strong><\/span><\/p>\n<p>[\/vc_column_text][\/vc_tta_section][vc_tta_section i_icon_fontawesome=&#8221;fa fa-pencil-square-o&#8221; add_icon=&#8221;true&#8221; title=&#8221;Art\u00edculo 8&#8243; tab_id=&#8221;1532706585850-9724cdb0-20e6&#8243;][vc_column_text]<\/p>\n<p style=\"text-align: justify;\">EL CIPCA Y SU ENTORNO: CONOCIENDO SUS POTENCIALIDADES PARA EL DESARROLLO TUR\u00cdSTICO.<\/p>\n<p style=\"text-align: left;\"><span style=\"font-size: 10pt;\"><strong><span style=\"color: #008000;\">(<a style=\"color: #008000;\" href=\"https:\/\/www.uea.edu.ec\/wp-content\/uploads\/2018\/07\/vol_11_articulo_8.pdf\" target=\"_blank\" rel=\"noopener\">ver art\u00edculo<\/a>)<\/span><\/strong><\/span><\/p>\n<p>[\/vc_column_text][\/vc_tta_section][vc_tta_section i_icon_fontawesome=&#8221;fa fa-pencil-square-o&#8221; add_icon=&#8221;true&#8221; title=&#8221;Art\u00edculo 9&#8243; tab_id=&#8221;1532706585312-f6b61c88-78c6&#8243;][vc_column_text]<\/p>\n<p style=\"text-align: justify;\">RESULTADOS DEL CONGRESO \u201cSOCIEDAD EN ARMON\u00cdA CON LA NATURALEZA\u201d DESARROLLADO EN LA UNIVERSIDAD ESTATAL AMAZ\u00d3NICA.<\/p>\n<p style=\"text-align: left;\"><span style=\"font-size: 10pt;\"><strong><span style=\"color: #008000;\">(<a style=\"color: #008000;\" href=\"https:\/\/www.uea.edu.ec\/wp-content\/uploads\/2018\/07\/vol_11_articulo_9.pdf\" target=\"_blank\" rel=\"noopener\">ver art\u00edculo<\/a>)<\/span><\/strong><\/span><\/p>\n<p>[\/vc_column_text][\/vc_tta_section][vc_tta_section i_icon_fontawesome=&#8221;fa fa-pencil-square-o&#8221; add_icon=&#8221;true&#8221; title=&#8221;Art\u00edculo 10&#8243; tab_id=&#8221;1532706584130-19387c6d-77f7&#8243;][vc_column_text]<\/p>\n<p style=\"text-align: justify;\">EL FORTALECIMIENTO DE LAS CIENCIAS B\u00c1SICAS BIOL\u00d3GICAS EN LA CARRERA DE INGENIER\u00cdA AGROPECUARIA: UNA OPCI\u00d3N INEXORABLE PARA LOGRAR LAS METAS PROPUESTAS.<\/p>\n<p style=\"text-align: left;\"><span style=\"font-size: 10pt;\"><strong><span style=\"color: #008000;\">(<a style=\"color: #008000;\" href=\"https:\/\/www.uea.edu.ec\/wp-content\/uploads\/2018\/07\/vol_11_articulo_10.pdf\" target=\"_blank\" rel=\"noopener\">ver art\u00edculo<\/a>)<\/span><\/strong><\/span><\/p>\n<p>[\/vc_column_text][\/vc_tta_section][\/vc_tta_accordion][\/vc_column][\/vc_row][vc_row][vc_column][vc_column_text]<\/p>\n<p style=\"text-align: center;\"><span style=\"font-size: 14pt;\"><strong>Otras ediciones<\/strong><\/span><\/p>\n<p>[\/vc_column_text][vc_row_inner][vc_column_inner][vc_column_text]<a href=\"https:\/\/www.uea.edu.ec\/?page_id=4481\"><img decoding=\"async\" class=\"alignnone wp-image-4504\" src=\"https:\/\/www.uea.edu.ec\/wp-content\/uploads\/2018\/07\/huellas11_mini-171x300.jpg\" alt=\"\" width=\"60\" height=\"105\" srcset=\"https:\/\/www.uea.edu.ec\/web\/v1\/wp-content\/uploads\/2018\/07\/huellas11_mini-171x300.jpg 171w, https:\/\/www.uea.edu.ec\/web\/v1\/wp-content\/uploads\/2018\/07\/huellas11_mini.jpg 186w\" sizes=\"(max-width: 60px) 100vw, 60px\" \/><\/a>&nbsp;&nbsp;<a href=\"https:\/\/www.uea.edu.ec\/?page_id=4483\"><img decoding=\"async\" class=\"alignnone wp-image-4505\" src=\"https:\/\/www.uea.edu.ec\/wp-content\/uploads\/2018\/07\/huellas12_mini-171x300.jpg\" alt=\"\" width=\"60\" height=\"105\" srcset=\"https:\/\/www.uea.edu.ec\/web\/v1\/wp-content\/uploads\/2018\/07\/huellas12_mini-171x300.jpg 171w, https:\/\/www.uea.edu.ec\/web\/v1\/wp-content\/uploads\/2018\/07\/huellas12_mini.jpg 186w\" sizes=\"(max-width: 60px) 100vw, 60px\" \/><\/a>&nbsp;&nbsp;<a href=\"https:\/\/www.uea.edu.ec\/?page_id=4485\"><img decoding=\"async\" class=\"wp-image-4506 alignnone\" src=\"https:\/\/www.uea.edu.ec\/wp-content\/uploads\/2018\/07\/huellas13_mini-171x300.jpg\" alt=\"\" width=\"60\" height=\"105\" srcset=\"https:\/\/www.uea.edu.ec\/web\/v1\/wp-content\/uploads\/2018\/07\/huellas13_mini-171x300.jpg 171w, https:\/\/www.uea.edu.ec\/web\/v1\/wp-content\/uploads\/2018\/07\/huellas13_mini.jpg 186w\" sizes=\"(max-width: 60px) 100vw, 60px\" \/><\/a>&nbsp;&nbsp;<a href=\"https:\/\/www.uea.edu.ec\/?page_id=4487\"><img loading=\"lazy\" decoding=\"async\" class=\"alignnone wp-image-4507\" src=\"https:\/\/www.uea.edu.ec\/wp-content\/uploads\/2018\/07\/huellas14_mini-171x300.jpg\" alt=\"\" width=\"60\" height=\"105\" srcset=\"https:\/\/www.uea.edu.ec\/web\/v1\/wp-content\/uploads\/2018\/07\/huellas14_mini-171x300.jpg 171w, https:\/\/www.uea.edu.ec\/web\/v1\/wp-content\/uploads\/2018\/07\/huellas14_mini.jpg 186w\" sizes=\"(max-width: 60px) 100vw, 60px\" \/><\/a>&nbsp;&nbsp;<a href=\"https:\/\/www.uea.edu.ec\/?page_id=4489\"><img loading=\"lazy\" decoding=\"async\" class=\"wp-image-4508 alignnone\" src=\"https:\/\/www.uea.edu.ec\/wp-content\/uploads\/2018\/07\/huellas15_mini-171x300.jpg\" alt=\"\" width=\"60\" height=\"105\" srcset=\"https:\/\/www.uea.edu.ec\/web\/v1\/wp-content\/uploads\/2018\/07\/huellas15_mini-171x300.jpg 171w, https:\/\/www.uea.edu.ec\/web\/v1\/wp-content\/uploads\/2018\/07\/huellas15_mini.jpg 186w\" sizes=\"(max-width: 60px) 100vw, 60px\" \/><\/a>[\/vc_column_text][\/vc_column_inner][\/vc_row_inner][\/vc_column][\/vc_row]<\/p>\n<\/section>","protected":false},"excerpt":{"rendered":"<p>[vc_row][vc_column][vc_single_image image=&#8221;4492&#8243; img_size=&#8221;full&#8221; alignment=&#8221;center&#8221;][vc_column_text css=&#8221;.vc_custom_1532715253479{margin-top: 0px !important;}&#8221;] Contenido del Volumen 11 &nbsp; &nbsp; (Junio 2014) [\/vc_column_text][vc_tta_accordion][vc_tta_section i_icon_fontawesome=&#8221;fa fa-pencil-square-o&#8221; add_icon=&#8221;true&#8221; title=&#8221;Art\u00edculo 1&#8243; tab_id=&#8221;1532706537060-3cabb2ef-bc8a&#8221;][vc_column_text] EL GUAYAC\u00c1N NEGRO EN NAPO NAPOPI HUAMBULA. (ver art\u00edculo) [\/vc_column_text][\/vc_tta_section][vc_tta_section i_icon_fontawesome=&#8221;fa fa-pencil-square-o&#8221; add_icon=&#8221;true&#8221; title=&#8221;Art\u00edculo 2&#8243; tab_id=&#8221;1532706588947-a50e042d-db7c&#8221;][vc_column_text] LAS \u00c1REAS PROTEGIDAS MUNICIPALES: UNA HERRAMIENTA EFECTIVA PARA LA CONSERVACI\u00d3N DE LA BIODIVERSIDAD EN EL ECUADOR, EL &#8230; <a title=\"Huellas del Sumaco Vol. 11\" class=\"read-more\" href=\"https:\/\/www.uea.edu.ec\/web\/v1\/?page_id=4481\" aria-label=\"M\u00e1s en Huellas del Sumaco Vol. 11\">Leer m\u00e1s<\/a><\/p>\n","protected":false},"author":2,"featured_media":0,"parent":0,"menu_order":0,"comment_status":"closed","ping_status":"closed","template":"","meta":{"om_disable_all_campaigns":false,"_monsterinsights_skip_tracking":false,"_monsterinsights_sitenote_active":false,"_monsterinsights_sitenote_note":"","_monsterinsights_sitenote_category":0,"generate_page_header":"","footnotes":""},"class_list":["post-4481","page","type-page","status-publish"],"aioseo_notices":[],"_links":{"self":[{"href":"https:\/\/www.uea.edu.ec\/web\/v1\/index.php?rest_route=\/wp\/v2\/pages\/4481"}],"collection":[{"href":"https:\/\/www.uea.edu.ec\/web\/v1\/index.php?rest_route=\/wp\/v2\/pages"}],"about":[{"href":"https:\/\/www.uea.edu.ec\/web\/v1\/index.php?rest_route=\/wp\/v2\/types\/page"}],"author":[{"embeddable":true,"href":"https:\/\/www.uea.edu.ec\/web\/v1\/index.php?rest_route=\/wp\/v2\/users\/2"}],"replies":[{"embeddable":true,"href":"https:\/\/www.uea.edu.ec\/web\/v1\/index.php?rest_route=%2Fwp%2Fv2%2Fcomments&post=4481"}],"version-history":[{"count":17,"href":"https:\/\/www.uea.edu.ec\/web\/v1\/index.php?rest_route=\/wp\/v2\/pages\/4481\/revisions"}],"predecessor-version":[{"id":6353,"href":"https:\/\/www.uea.edu.ec\/web\/v1\/index.php?rest_route=\/wp\/v2\/pages\/4481\/revisions\/6353"}],"wp:attachment":[{"href":"https:\/\/www.uea.edu.ec\/web\/v1\/index.php?rest_route=%2Fwp%2Fv2%2Fmedia&parent=4481"}],"curies":[{"name":"wp","href":"https:\/\/api.w.org\/{rel}","templated":true}]}}