{"id":4483,"date":"2018-07-27T15:27:29","date_gmt":"2018-07-27T15:27:29","guid":{"rendered":"https:\/\/www.uea.edu.ec\/wp2018\/?page_id=4483"},"modified":"2019-01-08T23:45:40","modified_gmt":"2019-01-09T04:45:40","slug":"huellas-del-sumaco-vol-12","status":"publish","type":"page","link":"https:\/\/www.uea.edu.ec\/web\/v1\/?page_id=4483","title":{"rendered":"Huellas del Sumaco Vol. 12"},"content":{"rendered":"<section class=\"wpb-content-wrapper\"><p>[vc_row][vc_column][vc_single_image image=&#8221;4493&#8243; img_size=&#8221;full&#8221; alignment=&#8221;center&#8221;][vc_column_text css=&#8221;.vc_custom_1532715294158{margin-top: 0px !important;}&#8221;]<\/p>\n<p style=\"text-align: center;\"><strong>Contenido del Volumen 12 &nbsp; &nbsp; <\/strong><span style=\"font-size: 10pt;\">(Diciembre 2014)<\/span><\/p>\n<p>[\/vc_column_text][vc_tta_accordion][vc_tta_section i_icon_fontawesome=&#8221;fa fa-pencil-square-o&#8221; add_icon=&#8221;true&#8221; title=&#8221;Art\u00edculo 1&#8243; tab_id=&#8221;1532707655547-234fdecc-a7ab&#8221;][vc_column_text]<\/p>\n<p style=\"text-align: justify;\">EL DONCEL <em>(OTOBA PARVIFOLIA)<\/em> EN NAPO NAPUMANTA WAPA YURA (OTOBA PARVIFOLIA).<\/p>\n<p style=\"text-align: left;\"><span style=\"font-size: 10pt;\"><strong><span style=\"color: #008000;\">(<a style=\"color: #008000;\" href=\"https:\/\/www.uea.edu.ec\/wp-content\/uploads\/2018\/07\/vol_12_articulo_1.pdf\" target=\"_blank\" rel=\"noopener\">ver art\u00edculo<\/a>)<\/span><\/strong><\/span><\/p>\n<p>[\/vc_column_text][\/vc_tta_section][vc_tta_section i_icon_fontawesome=&#8221;fa fa-pencil-square-o&#8221; add_icon=&#8221;true&#8221; title=&#8221;Art\u00edculo 2&#8243; tab_id=&#8221;1532707785507-7d8ab498-ae4b&#8221;][vc_column_text]<\/p>\n<p style=\"text-align: justify;\">RESINA DE COPAL EN LA AMAZONIA ECUATORIANA: OPORTUNIDADES ECON\u00d3MICAS PARA LAS COMUNIDADES DE LA RESERVA DE BI\u00d3SFERA SUMACO, ECUADOR.<\/p>\n<p style=\"text-align: left;\"><span style=\"color: #008000; font-size: 10pt;\"><strong>(<a style=\"color: #008000;\" href=\"https:\/\/www.uea.edu.ec\/wp-content\/uploads\/2018\/07\/vol_12_articulo_2.pdf\" target=\"_blank\" rel=\"noopener\">ver art\u00edculo<\/a>)<\/strong><\/span><\/p>\n<p>[\/vc_column_text][\/vc_tta_section][vc_tta_section i_icon_fontawesome=&#8221;fa fa-pencil-square-o&#8221; add_icon=&#8221;true&#8221; title=&#8221;Art\u00edculo 3&#8243; tab_id=&#8221;1532707784980-8b21c572-ce5f&#8221;][vc_column_text]<\/p>\n<p style=\"text-align: justify;\">PRODUCCI\u00d3N DE CUYES <em>(CAVIA PORCELLUS)<\/em> EN UN SISTEMA DE CRIANZA FAMILIAR A BASE DE PASTOS Y FORRAJES EN LA REGI\u00d3N AMAZ\u00d3NICA ECUATORIANA.<\/p>\n<p style=\"text-align: left;\"><span style=\"font-size: 10pt;\"><strong><span style=\"color: #008000;\">(<a style=\"color: #008000;\" href=\"https:\/\/www.uea.edu.ec\/wp-content\/uploads\/2018\/07\/vol_12_articulo_3.pdf\" target=\"_blank\" rel=\"noopener\">ver art\u00edculo<\/a>)<\/span><\/strong><\/span><\/p>\n<p>[\/vc_column_text][\/vc_tta_section][vc_tta_section i_icon_fontawesome=&#8221;fa fa-pencil-square-o&#8221; add_icon=&#8221;true&#8221; title=&#8221;Art\u00edculo 4&#8243; tab_id=&#8221;1532707784436-b1caa891-7de7&#8243;][vc_column_text]<\/p>\n<p style=\"text-align: justify;\">DIAGN\u00d3STICO DEL PROCESO DE COCCI\u00d3N Y EFICIENCIA ENERG\u00c9TICA EN LA OBTENCI\u00d3N DE PANELA EN LA PROVINCIA DE PASTAZA, ECUADOR.<\/p>\n<p style=\"text-align: left;\"><span style=\"font-size: 10pt;\"><strong><span style=\"color: #008000;\">(<a style=\"color: #008000;\" href=\"https:\/\/www.uea.edu.ec\/wp-content\/uploads\/2018\/07\/vol_12_articulo_4.pdf\" target=\"_blank\" rel=\"noopener\">ver art\u00edculo<\/a>)<\/span><\/strong><\/span><\/p>\n<p>[\/vc_column_text][\/vc_tta_section][vc_tta_section i_icon_fontawesome=&#8221;fa fa-pencil-square-o&#8221; add_icon=&#8221;true&#8221; title=&#8221;Art\u00edculo 5&#8243; tab_id=&#8221;1532707783900-24c992b5-2c03&#8243;][vc_column_text]<\/p>\n<p style=\"text-align: justify;\">LOS RETOS SOCIALES EN EL PROCESO DE DISE\u00d1O DE UN PROYECTO REDD+ EN LA AMAZONIA ECUATORIANA.<\/p>\n<p style=\"text-align: left;\"><span style=\"font-size: 10pt;\"><strong><span style=\"color: #008000;\">(<a style=\"color: #008000;\" href=\"https:\/\/www.uea.edu.ec\/wp-content\/uploads\/2018\/07\/vol_12_articulo_5.pdf\" target=\"_blank\" rel=\"noopener\">ver art\u00edculo<\/a>)<\/span><\/strong><\/span><\/p>\n<p>[\/vc_column_text][\/vc_tta_section][vc_tta_section i_icon_fontawesome=&#8221;fa fa-pencil-square-o&#8221; add_icon=&#8221;true&#8221; title=&#8221;Art\u00edculo 6&#8243; tab_id=&#8221;1532707783309-76791eee-b10e&#8221;][vc_column_text]<\/p>\n<p style=\"text-align: justify;\">AN\u00c1LISIS DEL PROCESO DE ELABORACI\u00d3N Y OFERTA DE LA GASTRONOM\u00cdA AMAZ\u00d3NICA: CASO DE ESTUDIO CANT\u00d3N PASTAZA, ECUADOR.<\/p>\n<p style=\"text-align: left;\"><span style=\"font-size: 10pt;\"><strong><span style=\"color: #008000;\">(<a style=\"color: #008000;\" href=\"https:\/\/www.uea.edu.ec\/wp-content\/uploads\/2018\/07\/vol_12_articulo_6.pdf\" target=\"_blank\" rel=\"noopener\">ver art\u00edculo<\/a>)<\/span><\/strong><\/span><\/p>\n<p>[\/vc_column_text][\/vc_tta_section][vc_tta_section i_icon_fontawesome=&#8221;fa fa-pencil-square-o&#8221; add_icon=&#8221;true&#8221; title=&#8221;Art\u00edculo 7&#8243; tab_id=&#8221;1532707782707-bd2447f3-f71a&#8221;][vc_column_text]<\/p>\n<p style=\"text-align: justify;\">MESA DE LA NARANJILLA LIMPIA: FOMENTANDO EL DI\u00c1LOGO PARA LA SOSTENIBILIDAD PRODUCTIVA EN LA RESERVA DE BI\u00d3SFERA SUMACO ECUADOR.<\/p>\n<p style=\"text-align: left;\"><span style=\"font-size: 10pt;\"><strong><span style=\"color: #008000;\">(<a style=\"color: #008000;\" href=\"https:\/\/www.uea.edu.ec\/wp-content\/uploads\/2018\/07\/vol_12_articulo_7.pdf\" target=\"_blank\" rel=\"noopener\">ver art\u00edculo<\/a>)<\/span><\/strong><\/span><\/p>\n<p>[\/vc_column_text][\/vc_tta_section][vc_tta_section i_icon_fontawesome=&#8221;fa fa-pencil-square-o&#8221; add_icon=&#8221;true&#8221; title=&#8221;Art\u00edculo 8&#8243; tab_id=&#8221;1532707781712-fa8e7c63-6d5d&#8221;][vc_column_text]<\/p>\n<p style=\"text-align: justify;\">ACADEMIA, AMAZONIA E INTERCULTURALIDAD: RETOS SOBRE EL PRINCIPIO CONSTITUCIONAL DE PERTINENCIA EN LA EDUCACI\u00d3N SUPERIOR EN ECUADOR.<\/p>\n<p style=\"text-align: left;\"><span style=\"font-size: 10pt;\"><strong><span style=\"color: #008000;\">(<a style=\"color: #008000;\" href=\"https:\/\/www.uea.edu.ec\/wp-content\/uploads\/2018\/07\/vol_12_articulo_8.pdf\" target=\"_blank\" rel=\"noopener\">ver art\u00edculo<\/a>)<\/span><\/strong><\/span><\/p>\n<p>[\/vc_column_text][\/vc_tta_section][\/vc_tta_accordion][\/vc_column][\/vc_row][vc_row][vc_column][vc_column_text]<\/p>\n<p style=\"text-align: center;\"><span style=\"font-size: 14pt;\"><strong>Otras ediciones<\/strong><\/span><\/p>\n<p>[\/vc_column_text][vc_row_inner][vc_column_inner][vc_column_text]<a href=\"https:\/\/www.uea.edu.ec\/?page_id=4481\"><img decoding=\"async\" class=\"alignnone wp-image-4504\" src=\"https:\/\/www.uea.edu.ec\/wp-content\/uploads\/2018\/07\/huellas11_mini-171x300.jpg\" alt=\"\" width=\"60\" height=\"105\" srcset=\"https:\/\/www.uea.edu.ec\/web\/v1\/wp-content\/uploads\/2018\/07\/huellas11_mini-171x300.jpg 171w, https:\/\/www.uea.edu.ec\/web\/v1\/wp-content\/uploads\/2018\/07\/huellas11_mini.jpg 186w\" sizes=\"(max-width: 60px) 100vw, 60px\" \/><\/a>&nbsp;&nbsp;<a href=\"https:\/\/www.uea.edu.ec\/?page_id=4483\"><img decoding=\"async\" class=\"alignnone wp-image-4505\" src=\"https:\/\/www.uea.edu.ec\/wp-content\/uploads\/2018\/07\/huellas12_mini-171x300.jpg\" alt=\"\" width=\"60\" height=\"105\" srcset=\"https:\/\/www.uea.edu.ec\/web\/v1\/wp-content\/uploads\/2018\/07\/huellas12_mini-171x300.jpg 171w, https:\/\/www.uea.edu.ec\/web\/v1\/wp-content\/uploads\/2018\/07\/huellas12_mini.jpg 186w\" sizes=\"(max-width: 60px) 100vw, 60px\" \/><\/a>&nbsp;&nbsp;<a href=\"https:\/\/www.uea.edu.ec\/?page_id=4485\"><img decoding=\"async\" class=\"wp-image-4506 alignnone\" src=\"https:\/\/www.uea.edu.ec\/wp-content\/uploads\/2018\/07\/huellas13_mini-171x300.jpg\" alt=\"\" width=\"60\" height=\"105\" srcset=\"https:\/\/www.uea.edu.ec\/web\/v1\/wp-content\/uploads\/2018\/07\/huellas13_mini-171x300.jpg 171w, https:\/\/www.uea.edu.ec\/web\/v1\/wp-content\/uploads\/2018\/07\/huellas13_mini.jpg 186w\" sizes=\"(max-width: 60px) 100vw, 60px\" \/><\/a>&nbsp;&nbsp;<a href=\"https:\/\/www.uea.edu.ec\/?page_id=4487\"><img loading=\"lazy\" decoding=\"async\" class=\"alignnone wp-image-4507\" src=\"https:\/\/www.uea.edu.ec\/wp-content\/uploads\/2018\/07\/huellas14_mini-171x300.jpg\" alt=\"\" width=\"60\" height=\"105\" srcset=\"https:\/\/www.uea.edu.ec\/web\/v1\/wp-content\/uploads\/2018\/07\/huellas14_mini-171x300.jpg 171w, https:\/\/www.uea.edu.ec\/web\/v1\/wp-content\/uploads\/2018\/07\/huellas14_mini.jpg 186w\" sizes=\"(max-width: 60px) 100vw, 60px\" \/><\/a>&nbsp;&nbsp;<a href=\"https:\/\/www.uea.edu.ec\/?page_id=4489\"><img loading=\"lazy\" decoding=\"async\" class=\"wp-image-4508 alignnone\" src=\"https:\/\/www.uea.edu.ec\/wp-content\/uploads\/2018\/07\/huellas15_mini-171x300.jpg\" alt=\"\" width=\"60\" height=\"105\" srcset=\"https:\/\/www.uea.edu.ec\/web\/v1\/wp-content\/uploads\/2018\/07\/huellas15_mini-171x300.jpg 171w, https:\/\/www.uea.edu.ec\/web\/v1\/wp-content\/uploads\/2018\/07\/huellas15_mini.jpg 186w\" sizes=\"(max-width: 60px) 100vw, 60px\" \/><\/a>[\/vc_column_text][\/vc_column_inner][\/vc_row_inner][\/vc_column][\/vc_row]<\/p>\n<\/section>","protected":false},"excerpt":{"rendered":"<p>[vc_row][vc_column][vc_single_image image=&#8221;4493&#8243; img_size=&#8221;full&#8221; alignment=&#8221;center&#8221;][vc_column_text css=&#8221;.vc_custom_1532715294158{margin-top: 0px !important;}&#8221;] Contenido del Volumen 12 &nbsp; &nbsp; (Diciembre 2014) [\/vc_column_text][vc_tta_accordion][vc_tta_section i_icon_fontawesome=&#8221;fa fa-pencil-square-o&#8221; add_icon=&#8221;true&#8221; title=&#8221;Art\u00edculo 1&#8243; tab_id=&#8221;1532707655547-234fdecc-a7ab&#8221;][vc_column_text] EL DONCEL (OTOBA PARVIFOLIA) EN NAPO NAPUMANTA WAPA YURA (OTOBA PARVIFOLIA). (ver art\u00edculo) [\/vc_column_text][\/vc_tta_section][vc_tta_section i_icon_fontawesome=&#8221;fa fa-pencil-square-o&#8221; add_icon=&#8221;true&#8221; title=&#8221;Art\u00edculo 2&#8243; tab_id=&#8221;1532707785507-7d8ab498-ae4b&#8221;][vc_column_text] RESINA DE COPAL EN LA AMAZONIA ECUATORIANA: OPORTUNIDADES ECON\u00d3MICAS PARA LAS COMUNIDADES DE &#8230; <a title=\"Huellas del Sumaco Vol. 12\" class=\"read-more\" href=\"https:\/\/www.uea.edu.ec\/web\/v1\/?page_id=4483\" aria-label=\"M\u00e1s en Huellas del Sumaco Vol. 12\">Leer m\u00e1s<\/a><\/p>\n","protected":false},"author":2,"featured_media":0,"parent":0,"menu_order":0,"comment_status":"closed","ping_status":"closed","template":"","meta":{"om_disable_all_campaigns":false,"_monsterinsights_skip_tracking":false,"_monsterinsights_sitenote_active":false,"_monsterinsights_sitenote_note":"","_monsterinsights_sitenote_category":0,"generate_page_header":"","footnotes":""},"class_list":["post-4483","page","type-page","status-publish"],"aioseo_notices":[],"_links":{"self":[{"href":"https:\/\/www.uea.edu.ec\/web\/v1\/index.php?rest_route=\/wp\/v2\/pages\/4483"}],"collection":[{"href":"https:\/\/www.uea.edu.ec\/web\/v1\/index.php?rest_route=\/wp\/v2\/pages"}],"about":[{"href":"https:\/\/www.uea.edu.ec\/web\/v1\/index.php?rest_route=\/wp\/v2\/types\/page"}],"author":[{"embeddable":true,"href":"https:\/\/www.uea.edu.ec\/web\/v1\/index.php?rest_route=\/wp\/v2\/users\/2"}],"replies":[{"embeddable":true,"href":"https:\/\/www.uea.edu.ec\/web\/v1\/index.php?rest_route=%2Fwp%2Fv2%2Fcomments&post=4483"}],"version-history":[{"count":14,"href":"https:\/\/www.uea.edu.ec\/web\/v1\/index.php?rest_route=\/wp\/v2\/pages\/4483\/revisions"}],"predecessor-version":[{"id":6355,"href":"https:\/\/www.uea.edu.ec\/web\/v1\/index.php?rest_route=\/wp\/v2\/pages\/4483\/revisions\/6355"}],"wp:attachment":[{"href":"https:\/\/www.uea.edu.ec\/web\/v1\/index.php?rest_route=%2Fwp%2Fv2%2Fmedia&parent=4483"}],"curies":[{"name":"wp","href":"https:\/\/api.w.org\/{rel}","templated":true}]}}