{"id":4489,"date":"2018-07-27T15:29:25","date_gmt":"2018-07-27T15:29:25","guid":{"rendered":"https:\/\/www.uea.edu.ec\/wp2018\/?page_id=4489"},"modified":"2019-01-08T23:47:06","modified_gmt":"2019-01-09T04:47:06","slug":"huellas-del-sumaco-vol-15","status":"publish","type":"page","link":"https:\/\/www.uea.edu.ec\/web\/v1\/?page_id=4489","title":{"rendered":"Huellas del Sumaco Vol. 15"},"content":{"rendered":"<section class=\"wpb-content-wrapper\"><p>[vc_row][vc_column][vc_single_image image=&#8221;4496&#8243; img_size=&#8221;full&#8221; alignment=&#8221;center&#8221;][vc_column_text css=&#8221;.vc_custom_1532715022462{margin-top: 0px !important;}&#8221;]<\/p>\n<p style=\"text-align: center;\"><strong>Contenido del Volumen 15 &nbsp; &nbsp;&nbsp;<\/strong><span style=\"font-size: 10pt;\">(Junio&nbsp;2016)<\/span><\/p>\n<p>[\/vc_column_text][vc_tta_accordion][vc_tta_section i_icon_fontawesome=&#8221;fa fa-pencil-square-o&#8221; add_icon=&#8221;true&#8221; title=&#8221;Art\u00edculo 1&#8243; tab_id=&#8221;1532710589866-363fbcf7-a6a8&#8243;][vc_column_text]<\/p>\n<p style=\"text-align: justify;\">PREVALENCIA DE ENFERMEDADES INFECCIOSAS EN GANADO BOVINO: CASO AMAZONIA ECUATORIANA.<\/p>\n<p style=\"text-align: left;\"><span style=\"font-size: 10pt;\"><strong><span style=\"color: #008000;\">(<a style=\"color: #008000;\" href=\"https:\/\/www.uea.edu.ec\/wp-content\/uploads\/2018\/07\/vol_15_articulo_1.pdf\" target=\"_blank\" rel=\"noopener\">ver art\u00edculo<\/a>)<\/span><\/strong><\/span><\/p>\n<p>[\/vc_column_text][\/vc_tta_section][vc_tta_section i_icon_fontawesome=&#8221;fa fa-pencil-square-o&#8221; add_icon=&#8221;true&#8221; title=&#8221;Art\u00edculo 2&#8243; tab_id=&#8221;1532710678500-793eea54-bb66&#8243;][vc_column_text]<\/p>\n<p style=\"text-align: justify;\">ESTUDIO Y CARACTER\u00cdSTICAS DE CANALES DE CERDOS COMERCIALES ALIMENTADOS CON HARINA DE <em>(ARACHIS PINTOI)<\/em>&nbsp;MAN\u00cd FORRAJERO EN CONDICIONES DE LA REGI\u00d3N AMAZ\u00d3NICA DE ECUADOR.<\/p>\n<p style=\"text-align: left;\"><span style=\"font-size: 10pt;\"><strong><span style=\"color: #008000;\">(<a style=\"color: #008000;\" href=\"https:\/\/www.uea.edu.ec\/wp-content\/uploads\/2018\/07\/vol_15_articulo_2.pdf\" target=\"_blank\" rel=\"noopener\">ver art\u00edculo<\/a>)<\/span><\/strong><\/span><\/p>\n<p>[\/vc_column_text][\/vc_tta_section][vc_tta_section i_icon_fontawesome=&#8221;fa fa-pencil-square-o&#8221; add_icon=&#8221;true&#8221; title=&#8221;Art\u00edculo 3&#8243; tab_id=&#8221;1532710677989-c2b3a782-6880&#8243;][vc_column_text]<\/p>\n<p style=\"text-align: justify;\">EL RECURSO SUELO: \u00bfC\u00d3MO REALIZAR UN DIAGN\u00d3STICO INTEGRAL DE LA FERTILIDAD DEL SUELO CON FINES PRODUCTIVOS?<\/p>\n<p style=\"text-align: left;\"><span style=\"font-size: 10pt;\"><strong><span style=\"color: #008000;\">(<a style=\"color: #008000;\" href=\"https:\/\/www.uea.edu.ec\/wp-content\/uploads\/2018\/07\/vol_15_articulo_3.pdf\" target=\"_blank\" rel=\"noopener\">ver art\u00edculo<\/a>)<\/span><\/strong><\/span><\/p>\n<p>[\/vc_column_text][\/vc_tta_section][vc_tta_section i_icon_fontawesome=&#8221;fa fa-pencil-square-o&#8221; add_icon=&#8221;true&#8221; title=&#8221;Art\u00edculo 4&#8243; tab_id=&#8221;1532710677452-224b6d7c-a172&#8243;][vc_column_text]<\/p>\n<p style=\"text-align: justify;\">LA MANZANILLA DE COL\u00d3N: ASPECTOS BIO GEOGR\u00c1FICOS DEL USO DE PLANTAS CON FINES CURATIVOS DE LOS ESTUDIANTES DE LA UEA Y SUS FAMILIARES.<\/p>\n<p style=\"text-align: left;\"><span style=\"font-size: 10pt;\"><strong><span style=\"color: #008000;\">(<a style=\"color: #008000;\" href=\"https:\/\/www.uea.edu.ec\/wp-content\/uploads\/2018\/07\/vol_15_articulo_4.pdf\" target=\"_blank\" rel=\"noopener\">ver art\u00edculo<\/a>)<\/span><\/strong><\/span><\/p>\n<p>[\/vc_column_text][\/vc_tta_section][vc_tta_section i_icon_fontawesome=&#8221;fa fa-pencil-square-o&#8221; add_icon=&#8221;true&#8221; title=&#8221;Art\u00edculo 5&#8243; tab_id=&#8221;1532710676883-32a67964-9f95&#8243;][vc_column_text]<\/p>\n<p style=\"text-align: justify;\">LA IMPORTANCIA DE LA ASIGNATURA LENGUAJE Y COMUNICACI\u00d3N, EN LAS CARRERAS DE INGENIER\u00cdA EN TURISMO, AMBIENTAL Y AGROPECUARIA.<\/p>\n<p style=\"text-align: left;\"><span style=\"font-size: 10pt;\"><strong><span style=\"color: #008000;\">(<a style=\"color: #008000;\" href=\"https:\/\/www.uea.edu.ec\/wp-content\/uploads\/2018\/07\/vol_15_articulo_5.pdf\" target=\"_blank\" rel=\"noopener\">ver art\u00edculo<\/a>)<\/span><\/strong><\/span><\/p>\n<p>[\/vc_column_text][\/vc_tta_section][vc_tta_section i_icon_fontawesome=&#8221;fa fa-pencil-square-o&#8221; add_icon=&#8221;true&#8221; title=&#8221;Art\u00edculo 6&#8243; tab_id=&#8221;1532710676306-9c88164d-5b4c&#8221;][vc_column_text]<\/p>\n<p style=\"text-align: justify;\">ELABORACI\u00d3N DE COMPOST A BASE DE ESTI\u00c9RCOL, R\u00daMEN Y SANGRE DE VACUNOS FAENADOS EN CAMAL.<\/p>\n<p style=\"text-align: left;\"><span style=\"font-size: 10pt;\"><strong><span style=\"color: #008000;\">(<a style=\"color: #008000;\" href=\"https:\/\/www.uea.edu.ec\/wp-content\/uploads\/2018\/07\/vol_15_articulo_6.pdf\" target=\"_blank\" rel=\"noopener\">ver art\u00edculo<\/a>)<\/span><\/strong><\/span><\/p>\n<p>[\/vc_column_text][\/vc_tta_section][vc_tta_section i_icon_fontawesome=&#8221;fa fa-pencil-square-o&#8221; add_icon=&#8221;true&#8221; title=&#8221;Art\u00edculo 7&#8243; tab_id=&#8221;1532710675739-d0802ab6-601d&#8221;][vc_column_text]<\/p>\n<p style=\"text-align: justify;\">PRODUCCI\u00d3N DE <em>(<\/em><em>LYCOPERSICUM SCULENTUM MILL VAR. INIFAT-28)<\/em> A PARTIR DE MEZCLAS DE TURBA, CACHAZA Y BIO CARB\u00d3N. UNA EXPERIENCIA PARA LA AMAZONIA ECUATORIANA.<\/p>\n<p style=\"text-align: left;\"><span style=\"font-size: 10pt;\"><strong><span style=\"color: #008000;\">(<a style=\"color: #008000;\" href=\"https:\/\/www.uea.edu.ec\/wp-content\/uploads\/2018\/07\/vol_15_articulo_7.pdf\" target=\"_blank\" rel=\"noopener\">ver art\u00edculo<\/a>)<\/span><\/strong><\/span><\/p>\n<p>[\/vc_column_text][\/vc_tta_section][vc_tta_section i_icon_fontawesome=&#8221;fa fa-pencil-square-o&#8221; add_icon=&#8221;true&#8221; title=&#8221;Art\u00edculo 8&#8243; tab_id=&#8221;1532710675005-30cce433-5587&#8243;][vc_column_text]<\/p>\n<p style=\"text-align: justify;\">ENTREVISTA A DAVID NEILL: IMPORTANCIA DE LA INVESTIGACI\u00d3N SOBRE CONSERVACI\u00d3N DE LA BIODIVERSIDAD EN LA AMAZONIA ECUATORIANA.<\/p>\n<p style=\"text-align: left;\"><span style=\"font-size: 10pt;\"><strong><span style=\"color: #008000;\">(<a style=\"color: #008000;\" href=\"https:\/\/www.uea.edu.ec\/wp-content\/uploads\/2018\/07\/vol_15_articulo_8.pdf\" target=\"_blank\" rel=\"noopener\">ver art\u00edculo<\/a>)<\/span><\/strong><\/span><\/p>\n<p>[\/vc_column_text][\/vc_tta_section][\/vc_tta_accordion][\/vc_column][\/vc_row][vc_row][vc_column][vc_column_text]<\/p>\n<p style=\"text-align: center;\"><span style=\"font-size: 14pt;\"><strong>Otras ediciones<\/strong><\/span><\/p>\n<p>[\/vc_column_text][vc_row_inner][vc_column_inner][vc_column_text]<a href=\"https:\/\/www.uea.edu.ec\/?page_id=4481\"><img decoding=\"async\" class=\"alignnone wp-image-4504\" src=\"https:\/\/www.uea.edu.ec\/wp-content\/uploads\/2018\/07\/huellas11_mini-171x300.jpg\" alt=\"\" width=\"60\" height=\"105\" srcset=\"https:\/\/www.uea.edu.ec\/web\/v1\/wp-content\/uploads\/2018\/07\/huellas11_mini-171x300.jpg 171w, https:\/\/www.uea.edu.ec\/web\/v1\/wp-content\/uploads\/2018\/07\/huellas11_mini.jpg 186w\" sizes=\"(max-width: 60px) 100vw, 60px\" \/><\/a>&nbsp;&nbsp;<a href=\"https:\/\/www.uea.edu.ec\/?page_id=4483\"><img decoding=\"async\" class=\"alignnone wp-image-4505\" src=\"https:\/\/www.uea.edu.ec\/wp-content\/uploads\/2018\/07\/huellas12_mini-171x300.jpg\" alt=\"\" width=\"60\" height=\"105\" srcset=\"https:\/\/www.uea.edu.ec\/web\/v1\/wp-content\/uploads\/2018\/07\/huellas12_mini-171x300.jpg 171w, https:\/\/www.uea.edu.ec\/web\/v1\/wp-content\/uploads\/2018\/07\/huellas12_mini.jpg 186w\" sizes=\"(max-width: 60px) 100vw, 60px\" \/><\/a>&nbsp;&nbsp;<a href=\"https:\/\/www.uea.edu.ec\/?page_id=4485\"><img decoding=\"async\" class=\"wp-image-4506 alignnone\" src=\"https:\/\/www.uea.edu.ec\/wp-content\/uploads\/2018\/07\/huellas13_mini-171x300.jpg\" alt=\"\" width=\"60\" height=\"105\" srcset=\"https:\/\/www.uea.edu.ec\/web\/v1\/wp-content\/uploads\/2018\/07\/huellas13_mini-171x300.jpg 171w, https:\/\/www.uea.edu.ec\/web\/v1\/wp-content\/uploads\/2018\/07\/huellas13_mini.jpg 186w\" sizes=\"(max-width: 60px) 100vw, 60px\" \/><\/a>&nbsp;&nbsp;<a href=\"https:\/\/www.uea.edu.ec\/?page_id=4487\"><img loading=\"lazy\" decoding=\"async\" class=\"alignnone wp-image-4507\" src=\"https:\/\/www.uea.edu.ec\/wp-content\/uploads\/2018\/07\/huellas14_mini-171x300.jpg\" alt=\"\" width=\"60\" height=\"105\" srcset=\"https:\/\/www.uea.edu.ec\/web\/v1\/wp-content\/uploads\/2018\/07\/huellas14_mini-171x300.jpg 171w, https:\/\/www.uea.edu.ec\/web\/v1\/wp-content\/uploads\/2018\/07\/huellas14_mini.jpg 186w\" sizes=\"(max-width: 60px) 100vw, 60px\" \/><\/a>&nbsp;&nbsp;<a href=\"https:\/\/www.uea.edu.ec\/?page_id=4489\"><img loading=\"lazy\" decoding=\"async\" class=\"wp-image-4508 alignnone\" src=\"https:\/\/www.uea.edu.ec\/wp-content\/uploads\/2018\/07\/huellas15_mini-171x300.jpg\" alt=\"\" width=\"60\" height=\"105\" srcset=\"https:\/\/www.uea.edu.ec\/web\/v1\/wp-content\/uploads\/2018\/07\/huellas15_mini-171x300.jpg 171w, https:\/\/www.uea.edu.ec\/web\/v1\/wp-content\/uploads\/2018\/07\/huellas15_mini.jpg 186w\" sizes=\"(max-width: 60px) 100vw, 60px\" \/><\/a>[\/vc_column_text][\/vc_column_inner][\/vc_row_inner][\/vc_column][\/vc_row]<\/p>\n<\/section>","protected":false},"excerpt":{"rendered":"<p>[vc_row][vc_column][vc_single_image image=&#8221;4496&#8243; img_size=&#8221;full&#8221; alignment=&#8221;center&#8221;][vc_column_text css=&#8221;.vc_custom_1532715022462{margin-top: 0px !important;}&#8221;] Contenido del Volumen 15 &nbsp; &nbsp;&nbsp;(Junio&nbsp;2016) [\/vc_column_text][vc_tta_accordion][vc_tta_section i_icon_fontawesome=&#8221;fa fa-pencil-square-o&#8221; add_icon=&#8221;true&#8221; title=&#8221;Art\u00edculo 1&#8243; tab_id=&#8221;1532710589866-363fbcf7-a6a8&#8243;][vc_column_text] PREVALENCIA DE ENFERMEDADES INFECCIOSAS EN GANADO BOVINO: CASO AMAZONIA ECUATORIANA. (ver art\u00edculo) [\/vc_column_text][\/vc_tta_section][vc_tta_section i_icon_fontawesome=&#8221;fa fa-pencil-square-o&#8221; add_icon=&#8221;true&#8221; title=&#8221;Art\u00edculo 2&#8243; tab_id=&#8221;1532710678500-793eea54-bb66&#8243;][vc_column_text] ESTUDIO Y CARACTER\u00cdSTICAS DE CANALES DE CERDOS COMERCIALES ALIMENTADOS CON HARINA DE (ARACHIS PINTOI)&nbsp;MAN\u00cd FORRAJERO EN &#8230; <a title=\"Huellas del Sumaco Vol. 15\" class=\"read-more\" href=\"https:\/\/www.uea.edu.ec\/web\/v1\/?page_id=4489\" aria-label=\"M\u00e1s en Huellas del Sumaco Vol. 15\">Leer m\u00e1s<\/a><\/p>\n","protected":false},"author":2,"featured_media":0,"parent":0,"menu_order":0,"comment_status":"closed","ping_status":"closed","template":"","meta":{"om_disable_all_campaigns":false,"_monsterinsights_skip_tracking":false,"_monsterinsights_sitenote_active":false,"_monsterinsights_sitenote_note":"","_monsterinsights_sitenote_category":0,"generate_page_header":"","footnotes":""},"class_list":["post-4489","page","type-page","status-publish"],"aioseo_notices":[],"_links":{"self":[{"href":"https:\/\/www.uea.edu.ec\/web\/v1\/index.php?rest_route=\/wp\/v2\/pages\/4489"}],"collection":[{"href":"https:\/\/www.uea.edu.ec\/web\/v1\/index.php?rest_route=\/wp\/v2\/pages"}],"about":[{"href":"https:\/\/www.uea.edu.ec\/web\/v1\/index.php?rest_route=\/wp\/v2\/types\/page"}],"author":[{"embeddable":true,"href":"https:\/\/www.uea.edu.ec\/web\/v1\/index.php?rest_route=\/wp\/v2\/users\/2"}],"replies":[{"embeddable":true,"href":"https:\/\/www.uea.edu.ec\/web\/v1\/index.php?rest_route=%2Fwp%2Fv2%2Fcomments&post=4489"}],"version-history":[{"count":10,"href":"https:\/\/www.uea.edu.ec\/web\/v1\/index.php?rest_route=\/wp\/v2\/pages\/4489\/revisions"}],"predecessor-version":[{"id":6358,"href":"https:\/\/www.uea.edu.ec\/web\/v1\/index.php?rest_route=\/wp\/v2\/pages\/4489\/revisions\/6358"}],"wp:attachment":[{"href":"https:\/\/www.uea.edu.ec\/web\/v1\/index.php?rest_route=%2Fwp%2Fv2%2Fmedia&parent=4489"}],"curies":[{"name":"wp","href":"https:\/\/api.w.org\/{rel}","templated":true}]}}