{"id":4744,"date":"2018-07-30T21:57:17","date_gmt":"2018-07-30T21:57:17","guid":{"rendered":"https:\/\/www.uea.edu.ec\/wp2018\/?page_id=4744"},"modified":"2019-01-04T11:25:32","modified_gmt":"2019-01-04T16:25:32","slug":"proyectos-de-vinculacion","status":"publish","type":"page","link":"https:\/\/www.uea.edu.ec\/web\/v1\/?page_id=4744","title":{"rendered":"Proyectos de Vinculaci\u00f3n"},"content":{"rendered":"<section class=\"wpb-content-wrapper\"><p>[vc_row][vc_column][smartslider3 slider=&#8221;2&#8243;][\/vc_column][\/vc_row][vc_row css=&#8221;.vc_custom_1532988264979{margin-top: 30px !important;}&#8221;][vc_column][vc_column_text]<\/p>\n<p style=\"text-align: center;\"><span style=\"font-size: 14pt;\"><strong>INGENIER\u00cdA AGROINDUSTRIAL<\/strong><\/span><\/p>\n<p>[\/vc_column_text][vc_tta_accordion][vc_tta_section i_icon_fontawesome=&#8221;fa fa-pencil-square-o&#8221; add_icon=&#8221;true&#8221; title=&#8221;Proyecto 1&#8243; tab_id=&#8221;1532987594965-db050755-e442&#8243;][vc_column_text]<\/p>\n<p style=\"text-align: justify;\">CONTRIBUCI\u00d3N A LA PREVENCI\u00d3N DE RIESGOS LABORALES EN PANELERAS.<\/p>\n<p style=\"text-align: justify;\"><span style=\"color: #008000;\"><strong><span style=\"font-size: 10pt;\">(<a style=\"color: #008000;\" href=\"https:\/\/www.uea.edu.ec\/wp-content\/uploads\/2018\/07\/contribucion-a-la-prevenci\u00f3n-de-riesgos-laborales-en-paneleras.pdf\" target=\"_blank\" rel=\"noopener\">ver m\u00e1s detalles<\/a>)<\/span><\/strong><\/span><\/p>\n<p>[\/vc_column_text][\/vc_tta_section][vc_tta_section i_icon_fontawesome=&#8221;fa fa-pencil-square-o&#8221; add_icon=&#8221;true&#8221; title=&#8221;Proyecto 2&#8243; tab_id=&#8221;1532987624005-084b9310-b20c&#8221;][vc_column_text]<\/p>\n<p style=\"text-align: justify;\">DESARROLLO PRODUCTIVO AGROINDUSTRIAL DE LOS GRUPOS VULNERABLES.<\/p>\n<p><span style=\"color: #008000;\"><strong><span style=\"font-size: 10pt;\">(<a style=\"color: #008000;\" href=\"https:\/\/www.uea.edu.ec\/wp-content\/uploads\/2018\/07\/desarrollo-productivo-agroindustrial-de-los-grupos-vulnerables.pdf\" target=\"_blank\" rel=\"noopener\">ver m\u00e1s detalles<\/a>)<\/span><\/strong><\/span>[\/vc_column_text][\/vc_tta_section][vc_tta_section i_icon_fontawesome=&#8221;fa fa-pencil-square-o&#8221; add_icon=&#8221;true&#8221; title=&#8221;Proyecto 3&#8243; tab_id=&#8221;1532988760379-7391eb0d-fe02&#8243;][vc_column_text]<\/p>\n<p style=\"text-align: justify;\">FORTALECIMIENTO DE PROCESOS PRODUCTIVOS EN MICROPYMES LECHERAS.<\/p>\n<p style=\"text-align: justify;\"><span style=\"color: #008000;\"><strong><span style=\"font-size: 10pt;\">(<a style=\"color: #008000;\" href=\"https:\/\/www.uea.edu.ec\/wp-content\/uploads\/2018\/07\/fortalecimiento-de-procesos-productivos-en-micropymes-lecheras.pdf\" target=\"_blank\" rel=\"noopener\">ver m\u00e1s detalles<\/a>)<\/span><\/strong><\/span><\/p>\n<p>[\/vc_column_text][\/vc_tta_section][vc_tta_section i_icon_fontawesome=&#8221;fa fa-pencil-square-o&#8221; add_icon=&#8221;true&#8221; title=&#8221;Proyecto 4&#8243; tab_id=&#8221;1532988846553-d9bb0b6e-aa36&#8243;][vc_column_text]<\/p>\n<p style=\"text-align: justify;\">\u00d1UQA MIKUNA.<\/p>\n<p style=\"text-align: justify;\"><span style=\"color: #008000;\"><strong><span style=\"font-size: 10pt;\">(<a style=\"color: #008000;\" href=\"https:\/\/www.uea.edu.ec\/wp-content\/uploads\/2018\/07\/\u00f1uqa-mikuna.pdf\" target=\"_blank\" rel=\"noopener\">ver m\u00e1s detalles<\/a>)<\/span><\/strong><\/span><\/p>\n<p>[\/vc_column_text][\/vc_tta_section][vc_tta_section i_icon_fontawesome=&#8221;fa fa-pencil-square-o&#8221; add_icon=&#8221;true&#8221; title=&#8221;Proyecto 5&#8243; tab_id=&#8221;1532988929387-6f153750-b7fc&#8221;][vc_column_text]<\/p>\n<p style=\"text-align: justify;\">PAR\u00c1METROS OPERACIONALES PANELA.<\/p>\n<p style=\"text-align: justify;\"><span style=\"color: #008000;\"><strong><span style=\"font-size: 10pt;\">(<a style=\"color: #008000;\" href=\"https:\/\/www.uea.edu.ec\/wp-content\/uploads\/2018\/07\/parametros-operacionales-panela.pdf\" target=\"_blank\" rel=\"noopener\">ver m\u00e1s detalles<\/a>)<\/span><\/strong><\/span><\/p>\n<p>[\/vc_column_text][\/vc_tta_section][\/vc_tta_accordion][\/vc_column][\/vc_row][vc_row][vc_column][vc_column_text]<\/p>\n<p style=\"text-align: center;\"><span style=\"font-size: 14pt;\"><strong>INGENIER\u00cdA AGROPECUARIA<\/strong><\/span><\/p>\n<p>[\/vc_column_text][vc_tta_accordion][vc_tta_section i_icon_fontawesome=&#8221;fa fa-pencil-square-o&#8221; add_icon=&#8221;true&#8221; title=&#8221;Proyecto 1&#8243; tab_id=&#8221;1532991508359-de6c6ae2-9308&#8243;][\/vc_tta_section][\/vc_tta_accordion][\/vc_column][\/vc_row][vc_row][vc_column][vc_column_text]<\/p>\n<p style=\"text-align: center;\"><span style=\"font-size: 14pt;\"><strong>INGENIER\u00cdA AMBIENTAL<\/strong><\/span><\/p>\n<p>[\/vc_column_text][vc_tta_accordion][vc_tta_section i_icon_fontawesome=&#8221;fa fa-pencil-square-o&#8221; add_icon=&#8221;true&#8221; title=&#8221;Proyecto 1&#8243; tab_id=&#8221;1532987686530-068e3d92-dec2&#8243;][vc_column_text]<\/p>\n<p style=\"text-align: justify;\">BARRIOS ECOL\u00d3GICOS.<\/p>\n<p style=\"text-align: justify;\"><span style=\"color: #008000;\"><strong><span style=\"font-size: 10pt;\">(<a style=\"color: #008000;\" href=\"https:\/\/www.uea.edu.ec\/wp-content\/uploads\/2018\/07\/barrios-ecologicos.pdf\" target=\"_blank\" rel=\"noopener\">ver m\u00e1s detalles<\/a>)<\/span><\/strong><\/span><\/p>\n<p>[\/vc_column_text][\/vc_tta_section][vc_tta_section i_icon_fontawesome=&#8221;fa fa-pencil-square-o&#8221; add_icon=&#8221;true&#8221; title=&#8221;Proyecto 2&#8243; tab_id=&#8221;1532987686560-ea13900c-be71&#8243;][vc_column_text]<\/p>\n<p style=\"text-align: justify;\">GESTI\u00d3N AMBIENTAL EN EL GADM PASTAZA.<\/p>\n<p style=\"text-align: justify;\"><strong><span style=\"font-size: 10pt; color: #008000;\">(<a style=\"color: #008000;\" href=\"https:\/\/www.uea.edu.ec\/wp-content\/uploads\/2018\/07\/gesti\u00f3n-ambiental-en-el-gadm-pastaza.pdf\" target=\"_blank\" rel=\"noopener\">ver m\u00e1s detalles<\/a>)<\/span><\/strong><\/p>\n<p>[\/vc_column_text][\/vc_tta_section][vc_tta_section i_icon_fontawesome=&#8221;fa fa-pencil-square-o&#8221; add_icon=&#8221;true&#8221; title=&#8221;Proyecto 3&#8243; tab_id=&#8221;1532989863408-72e52e20-42ec&#8221;][vc_column_text]<\/p>\n<p style=\"text-align: justify;\">GESTI\u00d3N DE RS EN TARQUI.<\/p>\n<p style=\"text-align: justify;\"><span style=\"font-size: 10pt; color: #008000;\"><strong>(<a style=\"color: #008000;\" href=\"https:\/\/www.uea.edu.ec\/wp-content\/uploads\/2018\/07\/gestion-de-rs-en-tarqui.pdf\" target=\"_blank\" rel=\"noopener\">ver m\u00e1s detalles<\/a>)<\/strong><\/span><\/p>\n<p>[\/vc_column_text][\/vc_tta_section][vc_tta_section i_icon_fontawesome=&#8221;fa fa-pencil-square-o&#8221; add_icon=&#8221;true&#8221; title=&#8221;Proyecto 4&#8243; tab_id=&#8221;1532989862704-f6958e5f-6bdb&#8221;][vc_column_text]<\/p>\n<p style=\"text-align: justify;\">MICROCUENCA DEL R\u00cdO PUYO.<\/p>\n<p style=\"text-align: justify;\"><span style=\"color: #008000;\"><strong><span style=\"font-size: 10pt;\">(<a style=\"color: #008000;\" href=\"https:\/\/www.uea.edu.ec\/wp-content\/uploads\/2018\/07\/microcuenca-del-rio-puyo.pdf\" target=\"_blank\" rel=\"noopener\">ver m\u00e1s detalles<\/a>)<\/span><\/strong><\/span><\/p>\n<p>[\/vc_column_text][\/vc_tta_section][vc_tta_section i_icon_fontawesome=&#8221;fa fa-pencil-square-o&#8221; add_icon=&#8221;true&#8221; title=&#8221;Proyecto 5&#8243; tab_id=&#8221;1532989862008-aefafc9e-4790&#8243;][vc_column_text]<\/p>\n<p style=\"text-align: justify;\">PLAN DE EMERGENCIA COMUNITARIO.<\/p>\n<p style=\"text-align: justify;\"><span style=\"color: #008000; font-size: 10pt;\"><strong>(<a style=\"color: #008000;\" href=\"https:\/\/www.uea.edu.ec\/wp-content\/uploads\/2018\/07\/plan-de-emergencia-comunitario.pdf\" target=\"_blank\" rel=\"noopener\">ver m\u00e1s detalles<\/a>)<\/strong><\/span><\/p>\n<p>[\/vc_column_text][\/vc_tta_section][vc_tta_section i_icon_fontawesome=&#8221;fa fa-pencil-square-o&#8221; add_icon=&#8221;true&#8221; title=&#8221;Proyecto 6&#8243; tab_id=&#8221;1532989861257-e33c3865-edda&#8221;][vc_column_text]<\/p>\n<p style=\"text-align: justify;\">REFORESTACI\u00d3N EN DOS CAPTACIONES DE AGUA.<\/p>\n<p style=\"text-align: justify;\"><span style=\"font-size: 10pt; color: #008000;\"><strong>(<a style=\"color: #008000;\" href=\"https:\/\/www.uea.edu.ec\/wp-content\/uploads\/2018\/07\/reforestacion-en-dos-captaciones-de-agua.pdf\" target=\"_blank\" rel=\"noopener\">ver m\u00e1s detalles<\/a>)<\/strong><\/span><\/p>\n<p>[\/vc_column_text][\/vc_tta_section][vc_tta_section i_icon_fontawesome=&#8221;fa fa-pencil-square-o&#8221; add_icon=&#8221;true&#8221; title=&#8221;Proyecto 7&#8243; tab_id=&#8221;1532989860488-0b503dbb-4802&#8243;][vc_column_text]<\/p>\n<p style=\"text-align: justify;\">RESTAURACI\u00d3N ECOL\u00d3GICA VENCEDORES &#8211; COTOCOCHA.<\/p>\n<p style=\"text-align: justify;\"><span style=\"font-size: 10pt; color: #008000;\"><strong>(<a style=\"color: #008000;\" href=\"https:\/\/www.uea.edu.ec\/wp-content\/uploads\/2018\/07\/restauracion-ecologica-vencedores-cotococha.pdf\" target=\"_blank\" rel=\"noopener\">ver m\u00e1s detalles<\/a>)<\/strong><\/span><\/p>\n<p>[\/vc_column_text][\/vc_tta_section][vc_tta_section i_icon_fontawesome=&#8221;fa fa-pencil-square-o&#8221; add_icon=&#8221;true&#8221; title=&#8221;Proyecto 8&#8243; tab_id=&#8221;1532989859760-09d677e8-356b&#8221;][vc_column_text]<\/p>\n<p style=\"text-align: justify;\">SE\u00d1AL\u00c9TICA EN SENDEROS ECOL\u00d3GICOS.<\/p>\n<p style=\"text-align: justify;\"><span style=\"font-size: 10pt; color: #008000;\"><strong>(<a style=\"color: #008000;\" href=\"https:\/\/www.uea.edu.ec\/wp-content\/uploads\/2018\/07\/senaletica-en-senderos-ecologicos.pdf\" target=\"_blank\" rel=\"noopener\">ver m\u00e1s detalles<\/a>)<\/strong><\/span><\/p>\n<p>[\/vc_column_text][\/vc_tta_section][vc_tta_section i_icon_fontawesome=&#8221;fa fa-pencil-square-o&#8221; add_icon=&#8221;true&#8221; title=&#8221;Proyecto 9&#8243; tab_id=&#8221;1532989859010-6f0686c5-69a9&#8243;][vc_column_text]<\/p>\n<p style=\"text-align: justify;\">SODIS.<\/p>\n<p style=\"text-align: justify;\"><span style=\"color: #008000;\"><strong><span style=\"font-size: 10pt;\">(<a style=\"color: #008000;\" href=\"https:\/\/www.uea.edu.ec\/wp-content\/uploads\/2018\/07\/sodis.pdf\" target=\"_blank\" rel=\"noopener\">ver m\u00e1s detalles<\/a>)<\/span><\/strong><\/span><\/p>\n<p>[\/vc_column_text][\/vc_tta_section][\/vc_tta_accordion][\/vc_column][\/vc_row][vc_row][vc_column][vc_column_text]<\/p>\n<p style=\"text-align: center;\"><span style=\"font-size: 14pt;\"><strong>LICENCIATURA EN TURISMO<\/strong><\/span><\/p>\n<p>[\/vc_column_text][vc_tta_accordion][vc_tta_section i_icon_fontawesome=&#8221;fa fa-pencil-square-o&#8221; add_icon=&#8221;true&#8221; title=&#8221;Proyecto 1&#8243; tab_id=&#8221;1532988341442-0a78bf50-299d&#8221;][vc_column_text]<\/p>\n<p style=\"text-align: justify;\">RESTAURACI\u00d3N DE SENDEROS ECOL\u00d3GICOS.<\/p>\n<p style=\"text-align: justify;\"><span style=\"color: #008000;\"><strong><span style=\"font-size: 10pt;\">(<a style=\"color: #008000;\" href=\"https:\/\/www.uea.edu.ec\/wp-content\/uploads\/2018\/07\/restauracion-de-senderos-ecologicos.pdf\" target=\"_blank\" rel=\"noopener\">ver m\u00e1s detalles<\/a>)<\/span><\/strong><\/span><\/p>\n<p>[\/vc_column_text][\/vc_tta_section][\/vc_tta_accordion][\/vc_column][\/vc_row]<\/p>\n<\/section>","protected":false},"excerpt":{"rendered":"<p>[vc_row][vc_column][smartslider3 slider=&#8221;2&#8243;][\/vc_column][\/vc_row][vc_row css=&#8221;.vc_custom_1532988264979{margin-top: 30px !important;}&#8221;][vc_column][vc_column_text] INGENIER\u00cdA AGROINDUSTRIAL [\/vc_column_text][vc_tta_accordion][vc_tta_section i_icon_fontawesome=&#8221;fa fa-pencil-square-o&#8221; add_icon=&#8221;true&#8221; title=&#8221;Proyecto 1&#8243; tab_id=&#8221;1532987594965-db050755-e442&#8243;][vc_column_text] CONTRIBUCI\u00d3N A LA PREVENCI\u00d3N DE RIESGOS LABORALES EN PANELERAS. (ver m\u00e1s detalles) [\/vc_column_text][\/vc_tta_section][vc_tta_section i_icon_fontawesome=&#8221;fa fa-pencil-square-o&#8221; add_icon=&#8221;true&#8221; title=&#8221;Proyecto 2&#8243; tab_id=&#8221;1532987624005-084b9310-b20c&#8221;][vc_column_text] DESARROLLO PRODUCTIVO AGROINDUSTRIAL DE LOS GRUPOS VULNERABLES. (ver m\u00e1s detalles)[\/vc_column_text][\/vc_tta_section][vc_tta_section i_icon_fontawesome=&#8221;fa fa-pencil-square-o&#8221; add_icon=&#8221;true&#8221; title=&#8221;Proyecto 3&#8243; tab_id=&#8221;1532988760379-7391eb0d-fe02&#8243;][vc_column_text] FORTALECIMIENTO DE PROCESOS PRODUCTIVOS EN MICROPYMES &#8230; <a title=\"Proyectos de Vinculaci\u00f3n\" class=\"read-more\" href=\"https:\/\/www.uea.edu.ec\/web\/v1\/?page_id=4744\" aria-label=\"M\u00e1s en Proyectos de Vinculaci\u00f3n\">Leer m\u00e1s<\/a><\/p>\n","protected":false},"author":2,"featured_media":0,"parent":0,"menu_order":0,"comment_status":"closed","ping_status":"closed","template":"","meta":{"om_disable_all_campaigns":false,"_monsterinsights_skip_tracking":false,"_monsterinsights_sitenote_active":false,"_monsterinsights_sitenote_note":"","_monsterinsights_sitenote_category":0,"generate_page_header":"","footnotes":""},"class_list":["post-4744","page","type-page","status-publish"],"aioseo_notices":[],"_links":{"self":[{"href":"https:\/\/www.uea.edu.ec\/web\/v1\/index.php?rest_route=\/wp\/v2\/pages\/4744"}],"collection":[{"href":"https:\/\/www.uea.edu.ec\/web\/v1\/index.php?rest_route=\/wp\/v2\/pages"}],"about":[{"href":"https:\/\/www.uea.edu.ec\/web\/v1\/index.php?rest_route=\/wp\/v2\/types\/page"}],"author":[{"embeddable":true,"href":"https:\/\/www.uea.edu.ec\/web\/v1\/index.php?rest_route=\/wp\/v2\/users\/2"}],"replies":[{"embeddable":true,"href":"https:\/\/www.uea.edu.ec\/web\/v1\/index.php?rest_route=%2Fwp%2Fv2%2Fcomments&post=4744"}],"version-history":[{"count":11,"href":"https:\/\/www.uea.edu.ec\/web\/v1\/index.php?rest_route=\/wp\/v2\/pages\/4744\/revisions"}],"predecessor-version":[{"id":6154,"href":"https:\/\/www.uea.edu.ec\/web\/v1\/index.php?rest_route=\/wp\/v2\/pages\/4744\/revisions\/6154"}],"wp:attachment":[{"href":"https:\/\/www.uea.edu.ec\/web\/v1\/index.php?rest_route=%2Fwp%2Fv2%2Fmedia&parent=4744"}],"curies":[{"name":"wp","href":"https:\/\/api.w.org\/{rel}","templated":true}]}}