{"id":4821,"date":"2018-07-31T20:35:00","date_gmt":"2018-07-31T20:35:00","guid":{"rendered":"https:\/\/www.uea.edu.ec\/wp2018\/?page_id=4821"},"modified":"2021-09-15T09:18:25","modified_gmt":"2021-09-15T14:18:25","slug":"estaciones-cientificas","status":"publish","type":"page","link":"https:\/\/www.uea.edu.ec\/web\/v1\/?page_id=4821","title":{"rendered":"Estaciones Cient\u00edficas"},"content":{"rendered":"<section class=\"wpb-content-wrapper\"><p>[vc_row css=&#8221;.vc_custom_1535144817629{margin-top: -30px !important;}&#8221;][vc_column][vc_tta_accordion active_section=&#8221;1&#8243; css=&#8221;.vc_custom_1533069590025{margin-top: 30px !important;}&#8221;][vc_tta_section i_icon_fontawesome=&#8221;fa fa-location-arrow&#8221; add_icon=&#8221;true&#8221; title=&#8221;ESTACI\u00d3N CIENT\u00cdFICA NANGARITZA&#8221; tab_id=&#8221;1533069046738-698f7a5b-da98&#8243;][vc_video link=&#8221;https:\/\/www.youtube.com\/watch?v=DqYgt7mIbcQ&#8221; align=&#8221;center&#8221; css_animation=&#8221;fadeInUp&#8221;][\/vc_tta_section][vc_tta_section i_icon_fontawesome=&#8221;fa fa-location-arrow&#8221; add_icon=&#8221;true&#8221; title=&#8221;ESTACI\u00d3N CIENT\u00cdFICA ALTO PIAT\u00daA&#8221; tab_id=&#8221;1533069210208-d88ff734-3de1&#8243;][\/vc_tta_section][\/vc_tta_accordion][vc_column_text][\/vc_column_text][\/vc_column][\/vc_row]<\/p>\n<\/section>","protected":false},"excerpt":{"rendered":"<p>[vc_row css=&#8221;.vc_custom_1535144817629{margin-top: -30px !important;}&#8221;][vc_column][vc_tta_accordion active_section=&#8221;1&#8243; css=&#8221;.vc_custom_1533069590025{margin-top: 30px !important;}&#8221;][vc_tta_section i_icon_fontawesome=&#8221;fa fa-location-arrow&#8221; add_icon=&#8221;true&#8221; title=&#8221;ESTACI\u00d3N CIENT\u00cdFICA NANGARITZA&#8221; tab_id=&#8221;1533069046738-698f7a5b-da98&#8243;][vc_video link=&#8221;https:\/\/www.youtube.com\/watch?v=DqYgt7mIbcQ&#8221; align=&#8221;center&#8221; css_animation=&#8221;fadeInUp&#8221;][\/vc_tta_section][vc_tta_section i_icon_fontawesome=&#8221;fa fa-location-arrow&#8221; add_icon=&#8221;true&#8221; title=&#8221;ESTACI\u00d3N CIENT\u00cdFICA ALTO PIAT\u00daA&#8221; tab_id=&#8221;1533069210208-d88ff734-3de1&#8243;][\/vc_tta_section][\/vc_tta_accordion][vc_column_text][\/vc_column_text][\/vc_column][\/vc_row]<\/p>\n","protected":false},"author":2,"featured_media":0,"parent":0,"menu_order":0,"comment_status":"closed","ping_status":"closed","template":"","meta":{"om_disable_all_campaigns":false,"_monsterinsights_skip_tracking":false,"_monsterinsights_sitenote_active":false,"_monsterinsights_sitenote_note":"","_monsterinsights_sitenote_category":0,"generate_page_header":"","footnotes":""},"class_list":["post-4821","page","type-page","status-publish"],"aioseo_notices":[],"_links":{"self":[{"href":"https:\/\/www.uea.edu.ec\/web\/v1\/index.php?rest_route=\/wp\/v2\/pages\/4821"}],"collection":[{"href":"https:\/\/www.uea.edu.ec\/web\/v1\/index.php?rest_route=\/wp\/v2\/pages"}],"about":[{"href":"https:\/\/www.uea.edu.ec\/web\/v1\/index.php?rest_route=\/wp\/v2\/types\/page"}],"author":[{"embeddable":true,"href":"https:\/\/www.uea.edu.ec\/web\/v1\/index.php?rest_route=\/wp\/v2\/users\/2"}],"replies":[{"embeddable":true,"href":"https:\/\/www.uea.edu.ec\/web\/v1\/index.php?rest_route=%2Fwp%2Fv2%2Fcomments&post=4821"}],"version-history":[{"count":7,"href":"https:\/\/www.uea.edu.ec\/web\/v1\/index.php?rest_route=\/wp\/v2\/pages\/4821\/revisions"}],"predecessor-version":[{"id":13055,"href":"https:\/\/www.uea.edu.ec\/web\/v1\/index.php?rest_route=\/wp\/v2\/pages\/4821\/revisions\/13055"}],"wp:attachment":[{"href":"https:\/\/www.uea.edu.ec\/web\/v1\/index.php?rest_route=%2Fwp%2Fv2%2Fmedia&parent=4821"}],"curies":[{"name":"wp","href":"https:\/\/api.w.org\/{rel}","templated":true}]}}