{"id":4893,"date":"2018-08-01T15:55:44","date_gmt":"2018-08-01T15:55:44","guid":{"rendered":"https:\/\/www.uea.edu.ec\/wp2018\/?page_id=4893"},"modified":"2018-08-02T00:34:38","modified_gmt":"2018-08-02T00:34:38","slug":"instrucciones-urkund","status":"publish","type":"page","link":"https:\/\/www.uea.edu.ec\/web\/v1\/?page_id=4893","title":{"rendered":"Instrucciones URKUND"},"content":{"rendered":"<section class=\"wpb-content-wrapper\"><p>[vc_row css=&#8221;.vc_custom_1533169092489{margin-top: -30px !important;}&#8221;][vc_column][vc_single_image image=&#8221;4961&#8243; img_size=&#8221;medium&#8221; alignment=&#8221;center&#8221; css_animation=&#8221;fadeInUp&#8221;][vc_column_text]<\/p>\n<p style=\"text-align: center;\"><strong><span style=\"font-size: 14pt;\">USO DE LA HERRAMIENTA ANTIPLAGIO<\/span><\/strong><\/p>\n<p style=\"text-align: justify;\">El tema de similitud y plagio, es un problema muy grave en el sistema de educaci\u00f3n superior, por esto la Secretar\u00eda de Educaci\u00f3n Superior Ciencia, Tecnolog\u00eda e Innovaci\u00f3n,\u00a0 entrega la Herramienta de Control de Similitud\u00a0URKUND, la misma que no tiene l\u00edmite de carga de consultas, por lo tanto se puede controlar todo tipo de trabajos acad\u00e9micos, como: tesis, tesinas, monograf\u00edas, reportes, informes, trabajos de semestre, etc.<\/p>\n<p style=\"text-align: justify;\"><strong>Indicaciones:<\/strong><\/p>\n<p style=\"padding-left: 30px; text-align: justify;\">1. Revisar su nombre de usuario y clave asignada por la Herramienta en el correo Intitucional (nombre@uea.edu.ec).<\/p>\n<p style=\"padding-left: 30px; text-align: justify;\">2. Descargar el manual de usuario, proporcionado por la SENESCYT.<\/p>\n<ul style=\"text-align: justify;\">\n<li style=\"text-align: justify;\"><span style=\"color: #008000;\"><strong><span style=\"font-size: 10pt;\">(<a style=\"color: #008000;\" href=\"https:\/\/www.uea.edu.ec\/wp2018\/wp-content\/uploads\/2018\/08\/manual_uso_urkund_2013.pdf\" target=\"_blank\" rel=\"noopener\">ver manual<\/a>)<\/span><\/strong><\/span><\/li>\n<li style=\"text-align: justify;\"><span style=\"color: #008000;\"><strong><span style=\"font-size: 10pt;\">(<a style=\"color: #008000;\" href=\"https:\/\/www.uea.edu.ec\/wp2018\/wp-content\/uploads\/2018\/08\/directrices_herramienta_urkund.pdf\" target=\"_blank\" rel=\"noopener\">ver directrices<\/a>)<\/span><\/strong><\/span><\/li>\n<\/ul>\n<p style=\"padding-left: 30px; text-align: justify;\">3. Ingresar al sitio: <a href=\"http:\/\/www.urkund.com\/en\/log-in-en\" target=\"_blank\" rel=\"noopener\"><em>http:\/\/www.urkund.com\/en\/log-in-en<\/em><\/a><\/p>\n<p style=\"padding-left: 30px; text-align: justify;\">4. En la p\u00e1gina desplegada en URKUND web inbox <strong>Personal web inbox.<\/strong><\/p>\n<p style=\"padding-left: 30px; text-align: justify;\">5. Seguir las instrucciones del Manual proporcionado.<\/p>\n<p style=\"text-align: justify;\"><strong>Recuerde:<\/strong><\/p>\n<p style=\"padding-left: 30px; text-align: justify;\">1. Puede personalizar su clave de ingreso a la Herramienta.<\/p>\n<p style=\"padding-left: 30px; text-align: justify;\">2. <strong>No intente cambiar el correo Institucional, ni el nombre de usuario (no va a funcionar para otro correo que no sea el institucional).<\/strong><\/p>\n<p style=\"padding-left: 30px; text-align: justify;\">3. Cree carpeta de acuerdo a su necesidad, y comunique a los estudiantes que en el asunto debe contar el nombre de la carpeta entre corchetes \u201c[]\u201d<\/p>\n<p style=\"text-align: center;\"><em><strong>Importante: Por disposici\u00f3n de la SENESCYT, los docentes deben realizar m\u00ednimo una consulta en la HERRAMIENTA al mes.<\/strong><\/em><\/p>\n<p>[\/vc_column_text][\/vc_column][\/vc_row]<\/p>\n<\/section>","protected":false},"excerpt":{"rendered":"<p>[vc_row css=&#8221;.vc_custom_1533169092489{margin-top: -30px !important;}&#8221;][vc_column][vc_single_image image=&#8221;4961&#8243; img_size=&#8221;medium&#8221; alignment=&#8221;center&#8221; css_animation=&#8221;fadeInUp&#8221;][vc_column_text] USO DE LA HERRAMIENTA ANTIPLAGIO El tema de similitud y plagio, es un problema muy grave en el sistema de educaci\u00f3n superior, por esto la Secretar\u00eda de Educaci\u00f3n Superior Ciencia, Tecnolog\u00eda e Innovaci\u00f3n,\u00a0 entrega la Herramienta de Control de Similitud\u00a0URKUND, la misma que no tiene l\u00edmite de &#8230; <a title=\"Instrucciones URKUND\" class=\"read-more\" href=\"https:\/\/www.uea.edu.ec\/web\/v1\/?page_id=4893\" aria-label=\"M\u00e1s en Instrucciones URKUND\">Leer m\u00e1s<\/a><\/p>\n","protected":false},"author":2,"featured_media":0,"parent":0,"menu_order":0,"comment_status":"closed","ping_status":"closed","template":"","meta":{"om_disable_all_campaigns":false,"_monsterinsights_skip_tracking":false,"_monsterinsights_sitenote_active":false,"_monsterinsights_sitenote_note":"","_monsterinsights_sitenote_category":0,"generate_page_header":"","footnotes":""},"class_list":["post-4893","page","type-page","status-publish"],"aioseo_notices":[],"_links":{"self":[{"href":"https:\/\/www.uea.edu.ec\/web\/v1\/index.php?rest_route=\/wp\/v2\/pages\/4893"}],"collection":[{"href":"https:\/\/www.uea.edu.ec\/web\/v1\/index.php?rest_route=\/wp\/v2\/pages"}],"about":[{"href":"https:\/\/www.uea.edu.ec\/web\/v1\/index.php?rest_route=\/wp\/v2\/types\/page"}],"author":[{"embeddable":true,"href":"https:\/\/www.uea.edu.ec\/web\/v1\/index.php?rest_route=\/wp\/v2\/users\/2"}],"replies":[{"embeddable":true,"href":"https:\/\/www.uea.edu.ec\/web\/v1\/index.php?rest_route=%2Fwp%2Fv2%2Fcomments&post=4893"}],"version-history":[{"count":7,"href":"https:\/\/www.uea.edu.ec\/web\/v1\/index.php?rest_route=\/wp\/v2\/pages\/4893\/revisions"}],"predecessor-version":[{"id":4965,"href":"https:\/\/www.uea.edu.ec\/web\/v1\/index.php?rest_route=\/wp\/v2\/pages\/4893\/revisions\/4965"}],"wp:attachment":[{"href":"https:\/\/www.uea.edu.ec\/web\/v1\/index.php?rest_route=%2Fwp%2Fv2%2Fmedia&parent=4893"}],"curies":[{"name":"wp","href":"https:\/\/api.w.org\/{rel}","templated":true}]}}