{"id":6738,"date":"2019-04-02T15:27:33","date_gmt":"2019-04-02T20:27:33","guid":{"rendered":"https:\/\/www.uea.edu.ec\/?page_id=6738"},"modified":"2019-04-03T10:24:18","modified_gmt":"2019-04-03T15:24:18","slug":"ley-de-transparencia-octubre-2018","status":"publish","type":"page","link":"https:\/\/www.uea.edu.ec\/web\/v1\/?page_id=6738","title":{"rendered":"LEY DE TRANSPARENCIA OCTUBRE 2018"},"content":{"rendered":"<section class=\"wpb-content-wrapper\">[vc_row][vc_column][vc_column_text]<p><\/p>\n<p><a href=\"https:\/\/www.uea.edu.ec\/wp-content\/uploads\/2019\/04\/Literal_a1_octubre_2018.pdf\" target=\"_blank\" rel=\"noopener\"><span style=\"color: #008000;\"><strong>Literal\u00a0a1):<\/strong>\u00a0Estructura Org\u00e1nica Funcional<\/span><\/a><\/p>\n<p><\/p>\n<p><\/p>\n<p><span style=\"color: #008000;\"><a style=\"color: #008000;\" href=\"https:\/\/www.uea.edu.ec\/wp-content\/uploads\/2019\/04\/Literal_a2-octubre_2018.pdf\" target=\"_blank\" rel=\"noopener\"><strong>L<\/strong><strong>iteral\u00a0a2):<\/strong>\u00a0Base Legal<\/a><\/span><\/p>\n<p><\/p>\n<p><\/p>\n<p><span style=\"color: #008000;\"><a style=\"color: #008000;\" href=\"https:\/\/www.uea.edu.ec\/wp-content\/uploads\/2019\/04\/Literal_a3-octubre-2018.pdf\" target=\"_blank\" rel=\"noopener\"><strong>Literal\u00a0a3):<\/strong>\u00a0Regulaciones y procedimientos internos aplicables a la entidad<\/a><\/span><\/p>\n<p><\/p>\n<p><\/p>\n<p><strong>Literal\u00a0a4):\u00a0<\/strong>Metas y objetivos de las unidades administrativas de conformidad con los programas operativos<\/p>\n<p><\/p>\n<p><\/p>\n<p><span style=\"color: #008000;\"><a style=\"color: #008000;\" href=\"https:\/\/www.uea.edu.ec\/wp-content\/uploads\/2019\/04\/Literal_b1_octubre_2018.pdf\" target=\"_blank\" rel=\"noopener\"><strong>Literal b1):<\/strong>\u00a0Directorio completo de la instituci\u00f3n<\/a><\/span><\/p>\n<p><\/p>\n<p><\/p>\n<p><strong>Literal b2):<\/strong>\u00a0Distributivo de personal<\/p>\n<p><\/p>\n<p><\/p>\n<p><strong>Literal c):<\/strong>\u00a0Remuneraci\u00f3n mensual por puesto y todo ingreso adicional<\/p>\n<p><\/p>\n<p><\/p>\n<p><span style=\"color: #008000;\"><a style=\"color: #008000;\" href=\"https:\/\/www.uea.edu.ec\/wp-content\/uploads\/2019\/04\/Literal_d-octubre_2018.pdf\" target=\"_blank\" rel=\"noopener\"><strong>Literal d):<\/strong>\u00a0Servicios que ofrece la instituci\u00f3n y la forma de acceder a ellos. Horarios de atenci\u00f3n<\/a><\/span><\/p>\n<p><\/p>\n<p><\/p>\n<p><span style=\"color: #008000;\"><a style=\"color: #008000;\" href=\"https:\/\/www.uea.edu.ec\/wp-content\/uploads\/2019\/04\/Literal_e-octubre-2018.pdf\" target=\"_blank\" rel=\"noopener\"><strong>Literal e):<\/strong>\u00a0Texto \u00edntegro de todos los contratos colectivos vigentes en la instituci\u00f3n<\/a><\/span><\/p>\n<p><\/p>\n<p><\/p>\n<p><span style=\"color: #008000;\"><a style=\"color: #008000;\" href=\"https:\/\/www.uea.edu.ec\/wp-content\/uploads\/2019\/04\/iteral_f1-octubre_2018.pdf\" target=\"_blank\" rel=\"noopener\"><strong>Literal f1):<\/strong>\u00a0Formularios o formatos que se requieren para los tr\u00e1mites inherentes a su campos de acci\u00f3n<\/a><\/span><\/p>\n<p><\/p>\n<p><\/p>\n<p><span style=\"color: #008000;\"><a style=\"color: #008000;\" href=\"https:\/\/www.uea.edu.ec\/wp-content\/uploads\/2019\/04\/Literal_f2-octubre-2018.pdf\" target=\"_blank\" rel=\"noopener\"><strong>Literal f2):<\/strong>\u00a0Solicitud de acceso a la informaci\u00f3n p\u00fablica<\/a><\/span><\/p>\n<p><\/p>\n<p><\/p>\n<p><span style=\"color: #339966;\"><a style=\"color: #339966;\" href=\"https:\/\/www.uea.edu.ec\/2018\/images\/Transparencia\/Literal_g-Presupuesto_de_la_institucion_octubre_2018.pdf\"><strong>Literal g):<\/strong>\u00a0Ejecuci\u00f3n de Gastos \u2013 Reportes CUR,\u00a0Presupuesto Mensual,\u00a0Reportes de CXP SRI,\u00a0Reporte de Gastos,\u00a0Reporte de Ingresos y Gastos<\/a><\/span><\/p>\n<p><\/p>\n<p><\/p>\n<p><a href=\"https:\/\/www.uea.edu.ec\/wp-content\/uploads\/2019\/04\/Literal_h-octubre_2018.pdf\" target=\"_blank\" rel=\"noopener\"><span style=\"color: #008000;\"><strong>Literal h):<\/strong>\u00a0Resultados de \u00a0auditor\u00edas internas y gubernamentales al ejercicio presupuestal<\/span><\/a><\/p>\n<p><\/p>\n<p><\/p>\n<p><strong>Literal i):<\/strong>\u00a0Informaci\u00f3n completa y detallada sobre los procesos precontractuales, contractuales, de adjudicaci\u00f3n y liquidaci\u00f3n, de las contrataciones de obras, adquisici\u00f3n de bienes, prestaci\u00f3n de servicios, arrendamientos mercantiles<\/p>\n<p><\/p>\n<p><\/p>\n<p><span style=\"color: #008000;\"><a style=\"color: #008000;\" href=\"https:\/\/www.uea.edu.ec\/wp-content\/uploads\/2019\/04\/Literal_j-octubre_2018.pdf\" target=\"_blank\" rel=\"noopener\"><strong>Literal j):<\/strong>\u00a0Un listado de las empresas y personas que han incumplido contratos con dicha instituci\u00f3n<\/a><\/span><\/p>\n<p><\/p>\n<p><\/p>\n<p><strong>Literal k):<\/strong>\u00a0Planes y programas de la instituci\u00f3n en ejecuci\u00f3n<\/p>\n<p><\/p>\n<p><\/p>\n<p><span style=\"color: #008000;\"><a style=\"color: #008000;\" href=\"https:\/\/www.uea.edu.ec\/wp-content\/uploads\/2019\/04\/literal_l-octubre_2018.pdf\" target=\"_blank\" rel=\"noopener\"><strong>Literal l):<\/strong>\u00a0El detalle de los contratos de cr\u00e9dito externos o internos; la fuente de los fondos con los que se pagar\u00e1 esos cr\u00e9ditos y cuando se trate de pr\u00e9stamos o contratos de financiamientos en el que se conste lo previsto en la Ley Org\u00e1nica<\/a><\/span><\/p>\n<p><span style=\"color: #008000;\"><\/span><\/p>\n<p><span style=\"color: #008000;\"><\/span><\/p>\n<p><span style=\"color: #008000;\"><a style=\"color: #008000;\" href=\"https:\/\/www.uea.edu.ec\/wp-content\/uploads\/2019\/04\/Literal_m-octubre_2018.pdf\" target=\"_blank\" rel=\"noopener\"><strong>Literal m):<\/strong>\u00a0Mecanismo de rendici\u00f3n de cuentas a la ciudadan\u00eda, tales como metas e informes de gesti\u00f3n e indicadores de desempe<\/a>\u00f1o<\/span><\/p>\n<p><\/p>\n<p><\/p>\n<p><span style=\"color: #339966;\"><a style=\"color: #339966;\" href=\"https:\/\/www.uea.edu.ec\/2018\/images\/Transparencia\/Literal_n-Viaticos_informes_de_trabajo_y_justificativos_octubre_2018.pdf\" target=\"_blank\" rel=\"noopener\"><strong>Literal n):<\/strong>\u00a0Los vi\u00e1ticos, informes de trabajo y justificativos de movilizaci\u00f3n nacional o internacional de las autoridades, dignatarios y funcionarios p\u00fablicos<\/a><\/span><\/p>\n<p><\/p>\n<p><\/p>\n<p><span style=\"color: #008000;\"><a style=\"color: #008000;\" href=\"https:\/\/www.uea.edu.ec\/wp-content\/uploads\/2019\/04\/Literal_o-octubre_2018.pdf\" target=\"_blank\" rel=\"noopener\"><strong>Literal o):<\/strong>\u00a0El nombre, direcci\u00f3n de la oficina, apartado postal y direcci\u00f3n electr\u00f3nica del responsable de atender la informaci\u00f3n p\u00fablica de que trata esta Ley<\/a><\/span><\/p>\n<p><\/p>[\/vc_column_text][\/vc_column][\/vc_row]<\/section>","protected":false},"excerpt":{"rendered":"<p>[vc_row][vc_column][vc_column_text] Literal\u00a0a1):\u00a0Estructura Org\u00e1nica Funcional Literal\u00a0a2):\u00a0Base Legal Literal\u00a0a3):\u00a0Regulaciones y procedimientos internos aplicables a la entidad Literal\u00a0a4):\u00a0Metas y objetivos de las unidades administrativas de conformidad con los programas operativos Literal b1):\u00a0Directorio completo de la instituci\u00f3n Literal b2):\u00a0Distributivo de personal Literal c):\u00a0Remuneraci\u00f3n mensual por puesto y todo ingreso adicional Literal d):\u00a0Servicios que ofrece la instituci\u00f3n y la forma &#8230; <a title=\"LEY DE TRANSPARENCIA OCTUBRE 2018\" class=\"read-more\" href=\"https:\/\/www.uea.edu.ec\/web\/v1\/?page_id=6738\" aria-label=\"M\u00e1s en LEY DE TRANSPARENCIA OCTUBRE 2018\">Leer m\u00e1s<\/a><\/p>\n","protected":false},"author":8,"featured_media":0,"parent":0,"menu_order":0,"comment_status":"closed","ping_status":"closed","template":"","meta":{"om_disable_all_campaigns":false,"_monsterinsights_skip_tracking":false,"_monsterinsights_sitenote_active":false,"_monsterinsights_sitenote_note":"","_monsterinsights_sitenote_category":0,"generate_page_header":"","footnotes":""},"class_list":["post-6738","page","type-page","status-publish"],"aioseo_notices":[],"_links":{"self":[{"href":"https:\/\/www.uea.edu.ec\/web\/v1\/index.php?rest_route=\/wp\/v2\/pages\/6738"}],"collection":[{"href":"https:\/\/www.uea.edu.ec\/web\/v1\/index.php?rest_route=\/wp\/v2\/pages"}],"about":[{"href":"https:\/\/www.uea.edu.ec\/web\/v1\/index.php?rest_route=\/wp\/v2\/types\/page"}],"author":[{"embeddable":true,"href":"https:\/\/www.uea.edu.ec\/web\/v1\/index.php?rest_route=\/wp\/v2\/users\/8"}],"replies":[{"embeddable":true,"href":"https:\/\/www.uea.edu.ec\/web\/v1\/index.php?rest_route=%2Fwp%2Fv2%2Fcomments&post=6738"}],"version-history":[{"count":5,"href":"https:\/\/www.uea.edu.ec\/web\/v1\/index.php?rest_route=\/wp\/v2\/pages\/6738\/revisions"}],"predecessor-version":[{"id":6793,"href":"https:\/\/www.uea.edu.ec\/web\/v1\/index.php?rest_route=\/wp\/v2\/pages\/6738\/revisions\/6793"}],"wp:attachment":[{"href":"https:\/\/www.uea.edu.ec\/web\/v1\/index.php?rest_route=%2Fwp%2Fv2%2Fmedia&parent=6738"}],"curies":[{"name":"wp","href":"https:\/\/api.w.org\/{rel}","templated":true}]}}