{"id":7321,"date":"2019-09-13T09:14:17","date_gmt":"2019-09-13T14:14:17","guid":{"rendered":"https:\/\/www.uea.edu.ec\/?page_id=7321"},"modified":"2020-04-05T13:36:56","modified_gmt":"2020-04-05T18:36:56","slug":"ley-de-transparencia-julio-2019","status":"publish","type":"page","link":"https:\/\/www.uea.edu.ec\/web\/v1\/?page_id=7321","title":{"rendered":"LEY DE TRANSPARENCIA JULIO 2019"},"content":{"rendered":"<section class=\"wpb-content-wrapper\">[vc_row][vc_column][vc_column_text]<p><\/p>\n<h1 class=\"wp-block-heading\">\u00a0<\/h1>\n<p><\/p>\n<p><\/p>\n<p><span style=\"color: #008000;\"><a style=\"color: #008000;\" href=\"https:\/\/www.uea.edu.ec\/wp-content\/uploads\/2019\/12\/Literal_a1-Organigrama_de_la_institucion_junio_2019-1.pdf\" target=\"_blank\" rel=\"noopener noreferrer\"><strong>Literal\u00a0a1):<\/strong>\u00a0Estructura Org\u00e1nica Funcional<\/a><\/span><\/p>\n<p><\/p>\n<p><\/p>\n<p><span style=\"color: #993300;\"><a style=\"color: #993300;\" href=\"https:\/\/www.uea.edu.ec\/wp-content\/uploads\/documentos\/lotaip\/Literal_A2_2019_Julio.pdf\" target=\"_blank\" rel=\"noopener noreferrer\"><strong>Literal\u00a0a2):<\/strong>\u00a0Base Legal<\/a><\/span><\/p>\n<p><\/p>\n<p><\/p>\n<p><span style=\"color: #993300;\"><a style=\"color: #993300;\" href=\"https:\/\/www.uea.edu.ec\/wp-content\/uploads\/documentos\/lotaip\/Literal_A3_2019_Julio.pdf\" target=\"_blank\" rel=\"noopener noreferrer\"><strong>Literal\u00a0a3):<\/strong>\u00a0Regulaciones y procedimientos internos aplicables a la entidad<\/a><\/span><\/p>\n<p><\/p>\n<p><\/p>\n<p><span style=\"color: #993300;\"><a style=\"color: #993300;\" href=\"https:\/\/www.uea.edu.ec\/wp-content\/uploads\/documentos\/lotaip\/Literal_A4_2019_Julio.pdf\" target=\"_blank\" rel=\"noopener noreferrer\"><strong>Literal\u00a0a4):\u00a0<\/strong>Metas y objetivos de las unidades administrativas de conformidad con los programas operativos<\/a><\/span><\/p>\n<p><\/p>\n<p><\/p>\n<p><strong>Literal b1):<\/strong>\u00a0Directorio completo de la instituci\u00f3n<\/p>\n<p><\/p>\n<p><\/p>\n<p><strong>Literal b2):<\/strong>\u00a0Distributivo de personal<\/p>\n<p><\/p>\n<p><\/p>\n<p><strong>Literal c):<\/strong>\u00a0Remuneraci\u00f3n mensual por puesto y todo ingreso adicional<\/p>\n<p><\/p>\n<p><\/p>\n<p><span style=\"color: #008000;\"><a style=\"color: #008000;\" href=\"https:\/\/www.uea.edu.ec\/wp-content\/uploads\/2019\/12\/Literal_d-Servicios_que_ofrece_y_las_formas_de_acceder_a_ellos_junio_2019-1.pdf\" target=\"_blank\" rel=\"noopener noreferrer\"><strong>Literal d):<\/strong>\u00a0Servicios que ofrece la instituci\u00f3n y la forma de acceder a ellos. Horarios de atenci\u00f3n<\/a><\/span><\/p>\n<p><\/p>\n<p><\/p>\n<p><span style=\"color: #008000;\"><a style=\"color: #008000;\" href=\"https:\/\/www.uea.edu.ec\/wp-content\/uploads\/2019\/12\/Literal_e-Texto_integro_de_contratos_colectivos_vigentes_junio_2019-1.pdf\" target=\"_blank\" rel=\"noopener noreferrer\"><strong>Literal e):<\/strong>\u00a0Texto \u00edntegro de todos los contratos colectivos vigentes en la instituci\u00f3n<\/a><\/span><\/p>\n<p><\/p>\n<p><\/p>\n<p style=\"text-align: justify;\"><span style=\"color: #008000;\"><a style=\"color: #008000;\" href=\"https:\/\/www.uea.edu.ec\/wp-content\/uploads\/2019\/12\/Literal_f1-Formulario_solicitud_acceso_a_la_informacion_publica_junio_2019-1.pdf\" target=\"_blank\" rel=\"noopener noreferrer\"><strong>Literal f1):<\/strong>\u00a0Formularios o formatos que se requieren para los tr\u00e1mites inherentes a su campos de acci\u00f3n<\/a><\/span><\/p>\n<p><\/p>\n<p><\/p>\n<p><span style=\"color: #008000;\"><a style=\"color: #008000;\" href=\"https:\/\/www.uea.edu.ec\/wp-content\/uploads\/2019\/12\/Literal_f2-Formulario_solicitud_acceso_a_la_informacion_publica_junio_2019-copia-1.pdf\" target=\"_blank\" rel=\"noopener noreferrer\"><strong>Literal f2):<\/strong>\u00a0Solicitud de acceso a la informaci\u00f3n p\u00fablica<\/a><\/span><\/p>\n<p><\/p>\n<p><\/p>\n<p><span style=\"color: #008000;\"><a style=\"color: #008000;\" href=\"https:\/\/www.uea.edu.ec\/wp-content\/uploads\/2019\/12\/Literal_g-Presupuesto_julio_2019.pdf\" target=\"_blank\" rel=\"noopener noreferrer\"><strong>Literal g):<\/strong>\u00a0Ejecuci\u00f3n de Gastos \u2013 Reportes CUR,\u00a0Presupuesto Mensual,\u00a0Reportes de CXP SRI,\u00a0Reporte de Gastos,\u00a0Reporte de Ingresos y Gastos<\/a><\/span><\/p>\n<p><\/p>\n<p><\/p>\n<p><span style=\"color: #993300;\"><a style=\"color: #993300;\" href=\"https:\/\/www.uea.edu.ec\/wp-content\/uploads\/documentos\/lotaip\/Literal_H_2019_Junio.pdf\" target=\"_blank\" rel=\"noopener noreferrer\"><strong>Literal h):<\/strong>\u00a0Resultados de \u00a0auditor\u00edas internas y gubernamentales al ejercicio presupuestal<\/a><\/span><\/p>\n<p><\/p>\n<p><\/p>\n<p><strong>Literal i):<\/strong>\u00a0Informaci\u00f3n completa y detallada sobre<br \/>los procesos precontractuales, contractuales, de adjudicaci\u00f3n y<br \/>liquidaci\u00f3n, de las contrataciones de obras, adquisici\u00f3n de bienes,<br \/>prestaci\u00f3n de servicios, arrendamientos mercantiles<\/p>\n<p><\/p>\n<p><\/p>\n<p><span style=\"color: #993300;\"><a style=\"color: #993300;\" href=\"https:\/\/www.uea.edu.ec\/wp-content\/uploads\/documentos\/lotaip\/Literal_J_2019_Junio.pdf\" target=\"_blank\" rel=\"noopener noreferrer\"><strong>Literal j):<\/strong>\u00a0Un listado de las empresas y personas que han incumplido contratos con dicha instituci\u00f3n<\/a><\/span><\/p>\n<p><\/p>\n<p><\/p>\n<p><strong>Literal k):<\/strong>\u00a0Planes y programas de la instituci\u00f3n en ejecuci\u00f3n<\/p>\n<p><\/p>\n<p><\/p>\n<p><span style=\"color: #008000;\"><a style=\"color: #008000;\" href=\"https:\/\/www.uea.edu.ec\/wp-content\/uploads\/2019\/11\/Literal_l-Contratos_julio_2019.pdf\" target=\"_blank\" rel=\"noopener noreferrer\"><strong>Literal l):<\/strong> El detalle de los contratos de cr\u00e9dito externos o internos; la fuente de<\/a><\/span><br \/><span style=\"color: #008000;\">los fondos con los que se pagar\u00e1 esos cr\u00e9ditos y cuando se trate de<\/span><br \/><span style=\"color: #008000;\">pr\u00e9stamos o contratos de financiamientos en el que se conste lo previsto<\/span><br \/><span style=\"color: #008000;\">en la Ley Org\u00e1nica<\/span><\/p>\n<p><\/p>\n<p><\/p>\n<p><span style=\"color: #008000;\"><a style=\"color: #008000;\" href=\"https:\/\/www.uea.edu.ec\/wp-content\/uploads\/2019\/12\/Literal_m-Mecanismos_de_rendicion_de_cuentas_a_la_ciudadania_junio_2019-1.pdf\" target=\"_blank\" rel=\"noopener noreferrer\"><strong>Literal m):<\/strong>\u00a0Mecanismo de rendici\u00f3n de cuentas a la ciudadan\u00eda, tales como metas e informes de gesti\u00f3n e indicadores de desempe\u00f1o<\/a><\/span><\/p>\n<p><\/p>\n<p><\/p>\n<p><strong>Literal n):<\/strong> Los vi\u00e1ticos, informes de trabajo y justificativos de movilizaci\u00f3n nacional<br \/>o internacional de las autoridades, dignatarios y funcionarios p\u00fablicos<\/p>\n<p><\/p>\n<p><\/p>\n<p><span style=\"color: #008000;\"><a style=\"color: #008000;\" href=\"https:\/\/www.uea.edu.ec\/wp-content\/uploads\/2019\/12\/Literal_o-Responsable_de_atender_la_informacion_publicA_junio_2019-1.pdf\" target=\"_blank\" rel=\"noopener noreferrer\"><strong>Literal o):<\/strong> El nombre, direcci\u00f3n de la oficina, apartado postal y direcci\u00f3n electr\u00f3nica del responsable de atender la informaci\u00f3n p\u00fablica de que trata esta Ley<\/a><\/span><\/p>\n<p><\/p>[\/vc_column_text][\/vc_column][\/vc_row]<\/section>","protected":false},"excerpt":{"rendered":"<p>[vc_row][vc_column][vc_column_text] \u00a0 Literal\u00a0a1):\u00a0Estructura Org\u00e1nica Funcional Literal\u00a0a2):\u00a0Base Legal Literal\u00a0a3):\u00a0Regulaciones y procedimientos internos aplicables a la entidad Literal\u00a0a4):\u00a0Metas y objetivos de las unidades administrativas de conformidad con los programas operativos Literal b1):\u00a0Directorio completo de la instituci\u00f3n Literal b2):\u00a0Distributivo de personal Literal c):\u00a0Remuneraci\u00f3n mensual por puesto y todo ingreso adicional Literal d):\u00a0Servicios que ofrece la instituci\u00f3n y la &#8230; <a title=\"LEY DE TRANSPARENCIA JULIO 2019\" class=\"read-more\" href=\"https:\/\/www.uea.edu.ec\/web\/v1\/?page_id=7321\" aria-label=\"M\u00e1s en LEY DE TRANSPARENCIA JULIO 2019\">Leer m\u00e1s<\/a><\/p>\n","protected":false},"author":8,"featured_media":0,"parent":0,"menu_order":0,"comment_status":"closed","ping_status":"closed","template":"","meta":{"om_disable_all_campaigns":false,"_monsterinsights_skip_tracking":false,"_monsterinsights_sitenote_active":false,"_monsterinsights_sitenote_note":"","_monsterinsights_sitenote_category":0,"generate_page_header":"","footnotes":""},"class_list":["post-7321","page","type-page","status-publish"],"aioseo_notices":[],"_links":{"self":[{"href":"https:\/\/www.uea.edu.ec\/web\/v1\/index.php?rest_route=\/wp\/v2\/pages\/7321"}],"collection":[{"href":"https:\/\/www.uea.edu.ec\/web\/v1\/index.php?rest_route=\/wp\/v2\/pages"}],"about":[{"href":"https:\/\/www.uea.edu.ec\/web\/v1\/index.php?rest_route=\/wp\/v2\/types\/page"}],"author":[{"embeddable":true,"href":"https:\/\/www.uea.edu.ec\/web\/v1\/index.php?rest_route=\/wp\/v2\/users\/8"}],"replies":[{"embeddable":true,"href":"https:\/\/www.uea.edu.ec\/web\/v1\/index.php?rest_route=%2Fwp%2Fv2%2Fcomments&post=7321"}],"version-history":[{"count":12,"href":"https:\/\/www.uea.edu.ec\/web\/v1\/index.php?rest_route=\/wp\/v2\/pages\/7321\/revisions"}],"predecessor-version":[{"id":9718,"href":"https:\/\/www.uea.edu.ec\/web\/v1\/index.php?rest_route=\/wp\/v2\/pages\/7321\/revisions\/9718"}],"wp:attachment":[{"href":"https:\/\/www.uea.edu.ec\/web\/v1\/index.php?rest_route=%2Fwp%2Fv2%2Fmedia&parent=7321"}],"curies":[{"name":"wp","href":"https:\/\/api.w.org\/{rel}","templated":true}]}}