{"id":7665,"date":"2019-12-03T22:14:22","date_gmt":"2019-12-04T03:14:22","guid":{"rendered":"https:\/\/www.uea.edu.ec\/?page_id=7665"},"modified":"2022-01-27T12:08:30","modified_gmt":"2022-01-27T17:08:30","slug":"reglamentos-vigentes","status":"publish","type":"page","link":"https:\/\/www.uea.edu.ec\/web\/v1\/?page_id=7665","title":{"rendered":"REGLAMENTOS VIGENTES"},"content":{"rendered":"<section class=\"wpb-content-wrapper\">[vc_row][vc_column][vc_column_text]<p><\/p>\n<ul>\n<li><a href=\"https:\/\/www.uea.edu.ec\/?page_id=7729\" rel=\"noopener noreferrer\">A\u00f1o 2011<\/a><\/li>\n<li><a href=\"https:\/\/www.uea.edu.ec\/?page_id=7737\">A\u00f1o 2012<\/a><\/li>\n<li><a href=\"https:\/\/www.uea.edu.ec\/?page_id=7752\">A\u00f1o 2014<\/a><\/li>\n<li><a href=\"https:\/\/www.uea.edu.ec\/?page_id=7760\">A\u00f1o 2015<\/a><\/li>\n<li><a href=\"https:\/\/www.uea.edu.ec\/?page_id=7767\">A\u00f1o 2016<\/a><\/li>\n<li><a href=\"https:\/\/www.uea.edu.ec\/?page_id=7776\">A\u00f1o 2017<\/a><\/li>\n<li><a href=\"https:\/\/www.uea.edu.ec\/?page_id=7785\">A\u00f1o 2018<\/a><\/li>\n<li><a href=\"https:\/\/www.uea.edu.ec\/?page_id=8214\">A\u00f1o 2019<\/a><\/li>\n<li><a href=\"https:\/\/www.uea.edu.ec\/?page_id=11105\" target=\"_blank\" rel=\"noopener noreferrer\">A\u00f1o 2020<\/a><\/li>\n<li><a href=\"https:\/\/www.uea.edu.ec\/?page_id=12381\" target=\"_blank\" rel=\"noopener noreferrer\">A\u00f1o 2021<\/a><\/li>\n<li><a href=\"https:\/\/www.uea.edu.ec\/?page_id=13844\" target=\"_blank\" rel=\"noopener\">A\u00f1o 2022<\/a><\/li>\n<\/ul>\n<p><\/p>[\/vc_column_text][\/vc_column][\/vc_row]<\/section>","protected":false},"excerpt":{"rendered":"<p>[vc_row][vc_column][vc_column_text] A\u00f1o 2011 A\u00f1o 2012 A\u00f1o 2014 A\u00f1o 2015 A\u00f1o 2016 A\u00f1o 2017 A\u00f1o 2018 A\u00f1o 2019 A\u00f1o 2020 A\u00f1o 2021 A\u00f1o 2022 [\/vc_column_text][\/vc_column][\/vc_row]<\/p>\n","protected":false},"author":8,"featured_media":0,"parent":0,"menu_order":0,"comment_status":"closed","ping_status":"closed","template":"","meta":{"om_disable_all_campaigns":false,"_monsterinsights_skip_tracking":false,"_monsterinsights_sitenote_active":false,"_monsterinsights_sitenote_note":"","_monsterinsights_sitenote_category":0,"generate_page_header":"","footnotes":""},"class_list":["post-7665","page","type-page","status-publish"],"aioseo_notices":[],"_links":{"self":[{"href":"https:\/\/www.uea.edu.ec\/web\/v1\/index.php?rest_route=\/wp\/v2\/pages\/7665"}],"collection":[{"href":"https:\/\/www.uea.edu.ec\/web\/v1\/index.php?rest_route=\/wp\/v2\/pages"}],"about":[{"href":"https:\/\/www.uea.edu.ec\/web\/v1\/index.php?rest_route=\/wp\/v2\/types\/page"}],"author":[{"embeddable":true,"href":"https:\/\/www.uea.edu.ec\/web\/v1\/index.php?rest_route=\/wp\/v2\/users\/8"}],"replies":[{"embeddable":true,"href":"https:\/\/www.uea.edu.ec\/web\/v1\/index.php?rest_route=%2Fwp%2Fv2%2Fcomments&post=7665"}],"version-history":[{"count":15,"href":"https:\/\/www.uea.edu.ec\/web\/v1\/index.php?rest_route=\/wp\/v2\/pages\/7665\/revisions"}],"predecessor-version":[{"id":13850,"href":"https:\/\/www.uea.edu.ec\/web\/v1\/index.php?rest_route=\/wp\/v2\/pages\/7665\/revisions\/13850"}],"wp:attachment":[{"href":"https:\/\/www.uea.edu.ec\/web\/v1\/index.php?rest_route=%2Fwp%2Fv2%2Fmedia&parent=7665"}],"curies":[{"name":"wp","href":"https:\/\/api.w.org\/{rel}","templated":true}]}}