{"id":7831,"date":"2019-12-08T10:26:34","date_gmt":"2019-12-08T15:26:34","guid":{"rendered":"https:\/\/www.uea.edu.ec\/?page_id=7831"},"modified":"2023-09-14T10:53:36","modified_gmt":"2023-09-14T15:53:36","slug":"instructivos-vigentes-de-la-uea","status":"publish","type":"page","link":"https:\/\/www.uea.edu.ec\/web\/v1\/?page_id=7831","title":{"rendered":"INSTRUCTIVOS VIGENTES DE LA UEA"},"content":{"rendered":"<section class=\"wpb-content-wrapper\"><p>[vc_row][vc_column][vc_column_text]<\/p>\r\n<p><\/p>\r\n<ul>\r\n<li><a href=\"https:\/\/www.uea.edu.ec\/?page_id=7835\">A\u00f1o 2011<\/a><\/li>\r\n<li><a href=\"https:\/\/www.uea.edu.ec\/?page_id=7848\">A\u00f1o 2012<\/a><\/li>\r\n<li><a href=\"https:\/\/www.uea.edu.ec\/?page_id=7854\">A\u00f1o 2014<\/a><\/li>\r\n<li><a href=\"https:\/\/www.uea.edu.ec\/?page_id=7859\">A\u00f1o 2015<\/a><\/li>\r\n<li><a href=\"https:\/\/www.uea.edu.ec\/?page_id=7865\">A\u00f1o 2016<\/a><\/li>\r\n<li><a href=\"https:\/\/www.uea.edu.ec\/?page_id=7874\">A\u00f1o 2017<\/a><\/li>\r\n<li><a href=\"https:\/\/www.uea.edu.ec\/?page_id=7882\" target=\"_blank\" rel=\"noopener noreferrer\">A\u00f1o 2018<\/a><\/li>\r\n<li><a href=\"https:\/\/www.uea.edu.ec\/?page_id=7891\" target=\"_blank\" rel=\"noopener noreferrer\">A\u00f1o 2019<\/a><\/li>\r\n<li><a href=\"https:\/\/www.uea.edu.ec\/?page_id=10174\" target=\"_blank\" rel=\"noopener noreferrer\">A\u00f1o 2020<\/a><\/li>\r\n<li><a href=\"https:\/\/www.uea.edu.ec\/?page_id=12463\" target=\"_blank\" rel=\"noopener noreferrer\">A\u00f1o 2021<\/a><\/li>\r\n<li><a href=\"https:\/\/www.uea.edu.ec\/?page_id=14673\" target=\"_blank\" rel=\"noopener\">A\u00f1o 2022<\/a><\/li>\r\n<li><a href=\"https:\/\/www.uea.edu.ec\/?page_id=19256\" target=\"_blank\" rel=\"noopener\">A\u00f1o 2023<\/a><\/li>\r\n<\/ul>\r\n<p><\/p>\r\n<p>[\/vc_column_text][\/vc_column][\/vc_row]<\/p><\/section>","protected":false},"excerpt":{"rendered":"<p>[vc_row][vc_column][vc_column_text] A\u00f1o 2011 A\u00f1o 2012 A\u00f1o 2014 A\u00f1o 2015 A\u00f1o 2016 A\u00f1o 2017 A\u00f1o 2018 A\u00f1o 2019 A\u00f1o 2020 A\u00f1o 2021 A\u00f1o 2022 A\u00f1o 2023 [\/vc_column_text][\/vc_column][\/vc_row]<\/p>\n","protected":false},"author":8,"featured_media":0,"parent":0,"menu_order":0,"comment_status":"closed","ping_status":"closed","template":"","meta":{"om_disable_all_campaigns":false,"_monsterinsights_skip_tracking":false,"_monsterinsights_sitenote_active":false,"_monsterinsights_sitenote_note":"","_monsterinsights_sitenote_category":0,"generate_page_header":"","footnotes":""},"class_list":["post-7831","page","type-page","status-publish"],"aioseo_notices":[],"_links":{"self":[{"href":"https:\/\/www.uea.edu.ec\/web\/v1\/index.php?rest_route=\/wp\/v2\/pages\/7831"}],"collection":[{"href":"https:\/\/www.uea.edu.ec\/web\/v1\/index.php?rest_route=\/wp\/v2\/pages"}],"about":[{"href":"https:\/\/www.uea.edu.ec\/web\/v1\/index.php?rest_route=\/wp\/v2\/types\/page"}],"author":[{"embeddable":true,"href":"https:\/\/www.uea.edu.ec\/web\/v1\/index.php?rest_route=\/wp\/v2\/users\/8"}],"replies":[{"embeddable":true,"href":"https:\/\/www.uea.edu.ec\/web\/v1\/index.php?rest_route=%2Fwp%2Fv2%2Fcomments&post=7831"}],"version-history":[{"count":13,"href":"https:\/\/www.uea.edu.ec\/web\/v1\/index.php?rest_route=\/wp\/v2\/pages\/7831\/revisions"}],"predecessor-version":[{"id":19261,"href":"https:\/\/www.uea.edu.ec\/web\/v1\/index.php?rest_route=\/wp\/v2\/pages\/7831\/revisions\/19261"}],"wp:attachment":[{"href":"https:\/\/www.uea.edu.ec\/web\/v1\/index.php?rest_route=%2Fwp%2Fv2%2Fmedia&parent=7831"}],"curies":[{"name":"wp","href":"https:\/\/api.w.org\/{rel}","templated":true}]}}