{"id":7874,"date":"2019-12-08T11:24:05","date_gmt":"2019-12-08T16:24:05","guid":{"rendered":"https:\/\/www.uea.edu.ec\/?page_id=7874"},"modified":"2019-12-08T15:56:04","modified_gmt":"2019-12-08T20:56:04","slug":"instructivos-vigentes-2017","status":"publish","type":"page","link":"https:\/\/www.uea.edu.ec\/web\/v1\/?page_id=7874","title":{"rendered":"INSTRUCTIVOS VIGENTES 2017"},"content":{"rendered":"<section class=\"wpb-content-wrapper\">[vc_row][vc_column][vc_column_text]<p><\/p>\n<ul class=\"wp-block-list\">\n<li><a href=\"https:\/\/www.uea.edu.ec\/wp-content\/uploads\/2019\/12\/I_01_2017.pdf\" target=\"_blank\" rel=\"noreferrer noopener\" aria-label=\"Instructivo de control para el desarrollo de actividades acad\u00e9micas profesor e investigador - Feb 2017 (opens in a new tab)\">Instructivo de control para el desarrollo de actividades acad\u00e9micas profesor e investigador &#8211; Febrero de 2017<\/a><\/li>\n<\/ul>\n<p><\/p>\n<p><\/p>\n<ul class=\"wp-block-list\">\n<li><a href=\"https:\/\/www.uea.edu.ec\/wp-content\/uploads\/2019\/12\/I_02_2017.pdf\" target=\"_blank\" rel=\"noreferrer noopener\" aria-label=\"Instructivo de evaluaci\u00f3n y Calificaci\u00f3n del aprendizaje en los programas de maestr\u00eda de la  UEA - Sep 2017 (opens in a new tab)\">Instructivo de evaluaci\u00f3n y Calificaci\u00f3n del aprendizaje en los programas de maestr\u00eda de la UEA &#8211; Septiembre de 2017<\/a><\/li>\n<li><a href=\"https:\/\/www.uea.edu.ec\/wp-content\/uploads\/2019\/12\/I_03_2017.pdf\" target=\"_blank\" rel=\"noreferrer noopener\" aria-label=\"Instructivo para aplicar la gratuidad de la educaci\u00f3n de la  UEA - Sep 2017 (opens in a new tab)\">Instructivo para aplicar la gratuidad de la educaci\u00f3n de la UEA &#8211; Septiembre 2017<\/a><\/li>\n<\/ul>\n<p><\/p>[\/vc_column_text][\/vc_column][\/vc_row]<\/section>","protected":false},"excerpt":{"rendered":"<p>[vc_row][vc_column][vc_column_text] Instructivo de control para el desarrollo de actividades acad\u00e9micas profesor e investigador &#8211; Febrero de 2017 Instructivo de evaluaci\u00f3n y Calificaci\u00f3n del aprendizaje en los programas de maestr\u00eda de la UEA &#8211; Septiembre de 2017 Instructivo para aplicar la gratuidad de la educaci\u00f3n de la UEA &#8211; Septiembre 2017 [\/vc_column_text][\/vc_column][\/vc_row]<\/p>\n","protected":false},"author":8,"featured_media":0,"parent":0,"menu_order":0,"comment_status":"closed","ping_status":"closed","template":"","meta":{"om_disable_all_campaigns":false,"_monsterinsights_skip_tracking":false,"_monsterinsights_sitenote_active":false,"_monsterinsights_sitenote_note":"","_monsterinsights_sitenote_category":0,"generate_page_header":"","footnotes":""},"class_list":["post-7874","page","type-page","status-publish"],"aioseo_notices":[],"_links":{"self":[{"href":"https:\/\/www.uea.edu.ec\/web\/v1\/index.php?rest_route=\/wp\/v2\/pages\/7874"}],"collection":[{"href":"https:\/\/www.uea.edu.ec\/web\/v1\/index.php?rest_route=\/wp\/v2\/pages"}],"about":[{"href":"https:\/\/www.uea.edu.ec\/web\/v1\/index.php?rest_route=\/wp\/v2\/types\/page"}],"author":[{"embeddable":true,"href":"https:\/\/www.uea.edu.ec\/web\/v1\/index.php?rest_route=\/wp\/v2\/users\/8"}],"replies":[{"embeddable":true,"href":"https:\/\/www.uea.edu.ec\/web\/v1\/index.php?rest_route=%2Fwp%2Fv2%2Fcomments&post=7874"}],"version-history":[{"count":3,"href":"https:\/\/www.uea.edu.ec\/web\/v1\/index.php?rest_route=\/wp\/v2\/pages\/7874\/revisions"}],"predecessor-version":[{"id":7940,"href":"https:\/\/www.uea.edu.ec\/web\/v1\/index.php?rest_route=\/wp\/v2\/pages\/7874\/revisions\/7940"}],"wp:attachment":[{"href":"https:\/\/www.uea.edu.ec\/web\/v1\/index.php?rest_route=%2Fwp%2Fv2%2Fmedia&parent=7874"}],"curies":[{"name":"wp","href":"https:\/\/api.w.org\/{rel}","templated":true}]}}