{"id":7882,"date":"2019-12-08T11:32:35","date_gmt":"2019-12-08T16:32:35","guid":{"rendered":"https:\/\/www.uea.edu.ec\/?page_id=7882"},"modified":"2019-12-08T15:56:51","modified_gmt":"2019-12-08T20:56:51","slug":"instructivos-vigentes-2018-2","status":"publish","type":"page","link":"https:\/\/www.uea.edu.ec\/web\/v1\/?page_id=7882","title":{"rendered":"INSTRUCTIVOS VIGENTES 2018"},"content":{"rendered":"<section class=\"wpb-content-wrapper\">[vc_row][vc_column][vc_column_text]<p><\/p>\n<ul class=\"wp-block-list\">\n<li><a href=\"https:\/\/www.uea.edu.ec\/wp-content\/uploads\/2019\/12\/I_01_2018.pdf\" target=\"_blank\" rel=\"noreferrer noopener\" aria-label=\"Instructivo de procedencia de los descuentos en las Remunieraciones de los servidores UEA - May 2018 (opens in a new tab)\">Instructivo de procedencia de los descuentos en las remuneraciones de los servidores de la UEA &#8211; Mayo de 2018<\/a><\/li>\n<li><a href=\"https:\/\/www.uea.edu.ec\/wp-content\/uploads\/2019\/12\/I_02_2018.pdf\" target=\"_blank\" rel=\"noreferrer noopener\" aria-label=\"Instructivo para la Coevaluaci\u00f3n por pares acad\u00e9micos UEA - Dic 2018 (opens in a new tab)\">Instructivo para la coevaluaci\u00f3n por pares acad\u00e9micos de la UEA &#8211; Diciembre de 2018<\/a><\/li>\n<li><a href=\"https:\/\/www.uea.edu.ec\/wp-content\/uploads\/2019\/12\/I_03_2018.pdf\" target=\"_blank\" rel=\"noreferrer noopener\" aria-label=\"Instructivo para la Emisi\u00f3n de Duplicados de T\u00edtulos UEA - May 2018 (opens in a new tab)\">Instructivo para la emisi\u00f3n de duplicados de t\u00edtulos de la UEA &#8211; Mayo de 2018<\/a><\/li>\n<li><a href=\"https:\/\/www.uea.edu.ec\/wp-content\/uploads\/2019\/12\/I_04_2018.pdf\" target=\"_blank\" rel=\"noreferrer noopener\" aria-label=\"Instructivo para regular la movilidad estudiantil internacional de la UEA - May 2018 (opens in a new tab)\">Instructivo para regular la movilidad estudiantil internacional de la UEA &#8211; Mayo de 2018<\/a><\/li>\n<\/ul>\n<p><\/p>[\/vc_column_text][\/vc_column][\/vc_row]<\/section>","protected":false},"excerpt":{"rendered":"<p>[vc_row][vc_column][vc_column_text] Instructivo de procedencia de los descuentos en las remuneraciones de los servidores de la UEA &#8211; Mayo de 2018 Instructivo para la coevaluaci\u00f3n por pares acad\u00e9micos de la UEA &#8211; Diciembre de 2018 Instructivo para la emisi\u00f3n de duplicados de t\u00edtulos de la UEA &#8211; Mayo de 2018 Instructivo para regular la movilidad estudiantil &#8230; <a title=\"INSTRUCTIVOS VIGENTES 2018\" class=\"read-more\" href=\"https:\/\/www.uea.edu.ec\/web\/v1\/?page_id=7882\" aria-label=\"M\u00e1s en INSTRUCTIVOS VIGENTES 2018\">Leer m\u00e1s<\/a><\/p>\n","protected":false},"author":8,"featured_media":0,"parent":0,"menu_order":0,"comment_status":"closed","ping_status":"closed","template":"","meta":{"om_disable_all_campaigns":false,"_monsterinsights_skip_tracking":false,"_monsterinsights_sitenote_active":false,"_monsterinsights_sitenote_note":"","_monsterinsights_sitenote_category":0,"generate_page_header":"","footnotes":""},"class_list":["post-7882","page","type-page","status-publish"],"aioseo_notices":[],"_links":{"self":[{"href":"https:\/\/www.uea.edu.ec\/web\/v1\/index.php?rest_route=\/wp\/v2\/pages\/7882"}],"collection":[{"href":"https:\/\/www.uea.edu.ec\/web\/v1\/index.php?rest_route=\/wp\/v2\/pages"}],"about":[{"href":"https:\/\/www.uea.edu.ec\/web\/v1\/index.php?rest_route=\/wp\/v2\/types\/page"}],"author":[{"embeddable":true,"href":"https:\/\/www.uea.edu.ec\/web\/v1\/index.php?rest_route=\/wp\/v2\/users\/8"}],"replies":[{"embeddable":true,"href":"https:\/\/www.uea.edu.ec\/web\/v1\/index.php?rest_route=%2Fwp%2Fv2%2Fcomments&post=7882"}],"version-history":[{"count":3,"href":"https:\/\/www.uea.edu.ec\/web\/v1\/index.php?rest_route=\/wp\/v2\/pages\/7882\/revisions"}],"predecessor-version":[{"id":7941,"href":"https:\/\/www.uea.edu.ec\/web\/v1\/index.php?rest_route=\/wp\/v2\/pages\/7882\/revisions\/7941"}],"wp:attachment":[{"href":"https:\/\/www.uea.edu.ec\/web\/v1\/index.php?rest_route=%2Fwp%2Fv2%2Fmedia&parent=7882"}],"curies":[{"name":"wp","href":"https:\/\/api.w.org\/{rel}","templated":true}]}}