{"id":9735,"date":"2020-04-05T19:34:37","date_gmt":"2020-04-06T00:34:37","guid":{"rendered":"https:\/\/www.uea.edu.ec\/?page_id=9735"},"modified":"2022-01-21T14:15:57","modified_gmt":"2022-01-21T19:15:57","slug":"9735-2","status":"publish","type":"page","link":"https:\/\/www.uea.edu.ec\/web\/v1\/?page_id=9735","title":{"rendered":"&#8211;"},"content":{"rendered":"<section class=\"wpb-content-wrapper\">[vc_row][vc_column][vc_column_text]<p><\/p>\n<header class=\"entry-header\">\n<h1 class=\"entry-title\">\u00a0<\/h1>\n<\/header>\n<div class=\"entry-content vc-main-sortable-container ui-sortable\">\n<div class=\"vc_empty-placeholder\">\u00a0<\/div>\n<div class=\"vc_element vc_vc_row vc_container-block vc_layout_1\" data-tag=\"vc_row\" data-shortcode-controls=\"[&quot;edit&quot;,&quot;clone&quot;,&quot;delete&quot;]\" data-model-id=\"779a7cdb205a4f702c8939f25965ef8c\">\n<div class=\"vc_row wpb_row vc_row-fluid ui-sortable\">\n<div class=\"vc_element vc_vc_column vc_container-block vc_col-sm-12\" data-tag=\"vc_column\" data-shortcode-controls=\"[&quot;edit&quot;,&quot;clone&quot;,&quot;delete&quot;]\" data-model-id=\"23eb137f82adf3f54cd48b82409c332f\">\n<div class=\"wpb_column vc_column_container\">\n<div class=\"vc_column-inner \">\n<div class=\"wpb_wrapper vc_element-container ui-sortable\">\n<div class=\"vc_element vc_vc_column_text\" data-shortcode-controls=\"[&quot;edit&quot;,&quot;clone&quot;,&quot;delete&quot;]\" data-container=\"\" data-model-id=\"79e02142002a6899f36a7f7ef8ba8a46\" data-tag=\"vc_column_text\">\n<div class=\"wpb_text_column wpb_content_element \">\n<div class=\"wpb_wrapper\"><header class=\"entry-header\">\n<h1 class=\"entry-title\">LEY DE TRANSPARENCIA ABRIL 2020<\/h1>\n<\/header>\n<div class=\"entry-content\">\n<div class=\"vc_row wpb_row vc_row-fluid ui-sortable\">\n<div class=\"wpb_column vc_column_container vc_col-sm-12\">\n<div class=\"vc_column-inner \">\n<div class=\"wpb_wrapper\">\n<div class=\"wpb_text_column wpb_content_element \">\n<div class=\"wpb_wrapper\">\n<p><span style=\"color: #993300;\"><a style=\"color: #993300;\" href=\"https:\/\/www.uea.edu.ec\/wp-content\/uploads\/documentos\/lotaip\/Literal_A1_2020_Marzo.pdf\" target=\"_blank\" rel=\"noopener noreferrer\"><strong>Literal\u00a0a1):<\/strong>\u00a0Estructura Org\u00e1nica Funcional<\/a><\/span><\/p>\n<p><span style=\"color: #993300;\"><a style=\"color: #993300;\" href=\"https:\/\/www.uea.edu.ec\/wp-content\/uploads\/documentos\/lotaip\/Literal_A2_2020_Marzo.pdf\" target=\"_blank\" rel=\"noopener noreferrer\"><strong>Literal\u00a0a2):<\/strong>\u00a0Base Legal<\/a><\/span><\/p>\n<p><span style=\"color: #993300;\"><a style=\"color: #993300;\" href=\"https:\/\/www.uea.edu.ec\/wp-content\/uploads\/Literal_-A3_Marzo_2020.pdf\" target=\"_blank\" rel=\"noopener noreferrer\"><strong>Literal\u00a0a3):<\/strong>\u00a0Regulaciones y procedimientos internos aplicables a la entidad<\/a><\/span><\/p>\n<p><a href=\"https:\/\/www.uea.edu.ec\/wp-content\/uploads\/documentos\/lotaip\/Literal_A4_2020_Marzo.pdf\" target=\"_blank\" rel=\"noopener noreferrer\"><span style=\"color: #993300;\"><strong>Literal\u00a0a4):\u00a0<\/strong>Metas y objetivos de las unidades administrativas de conformidad con los programas operativos<\/span><\/a><\/p>\n<p><a href=\"https:\/\/www.uea.edu.ec\/wp-content\/uploads\/documentos\/lotaip\/Literal_b1_marzo_2020-Literal-a-Directorio-.pdf\" target=\"_blank\" rel=\"noopener noreferrer\"><span style=\"color: #993300;\"><strong>Literal b1):<\/strong>\u00a0Directorio completo de la instituci\u00f3n<\/span><\/a><\/p>\n<p><span style=\"color: #993300;\"><a style=\"color: #993300;\" href=\"https:\/\/www.uea.edu.ec\/wp-content\/uploads\/documentos\/lotaip\/Literal_B2_2020_Marzo.pdf\" target=\"_blank\" rel=\"noopener noreferrer\"><strong>Literal b2):<\/strong>\u00a0Distributivo de personal<\/a><\/span><\/p>\n<p><span style=\"color: #993300;\"><a style=\"color: #993300;\" href=\"https:\/\/www.uea.edu.ec\/wp-content\/uploads\/documentos\/lotaip\/Literal_C_2020_Marzo.pdf\" target=\"_blank\" rel=\"noopener noreferrer\"><strong>Literal c):<\/strong>\u00a0Remuneraci\u00f3n mensual por puesto y todo ingreso adicional<\/a><\/span><\/p>\n<p><span style=\"color: #993300;\"><a style=\"color: #993300;\" href=\"https:\/\/www.uea.edu.ec\/wp-content\/uploads\/documentos\/lotaip\/Literal_D_2020_Marzo.pdf\" target=\"_blank\" rel=\"noopener noreferrer\"><strong>Literal d):<\/strong>\u00a0Servicios que ofrece la instituci\u00f3n y la forma de acceder a ellos. Horarios de atenci\u00f3n<\/a><\/span><\/p>\n<p><span style=\"color: #993300;\"><a style=\"color: #993300;\" href=\"https:\/\/www.uea.edu.ec\/wp-content\/uploads\/documentos\/lotaip\/Literal_E_2020_Marzo.pdf\" target=\"_blank\" rel=\"noopener noreferrer\"><strong>Literal e):<\/strong>\u00a0Texto \u00edntegro de todos los contratos colectivos vigentes en la instituci\u00f3n<\/a><\/span><\/p>\n<p><span style=\"color: #993300;\"><a style=\"color: #993300;\" href=\"https:\/\/www.uea.edu.ec\/wp-content\/uploads\/documentos\/lotaip\/Literla_F1_2020_Marzo.pdf\" target=\"_blank\" rel=\"noopener noreferrer\"><strong>Literal f1):<\/strong>\u00a0Formularios o formatos que se requieren para los tr\u00e1mites inherentes a su campos de acci\u00f3n<\/a><\/span><\/p>\n<p><span style=\"color: #993300;\"><a style=\"color: #993300;\" href=\"http:\/\/uea.edu.ec\/wp-content\/uploads\/documentos\/lotaip\/Literal_F2.pdf\" target=\"_blank\" rel=\"noopener noreferrer\"><strong>Literal f2):<\/strong>\u00a0Solicitud de acceso a la informaci\u00f3n p\u00fablica<\/a><\/span><\/p>\n<p><span style=\"color: #993300;\"><a style=\"color: #993300;\" href=\"https:\/\/www.uea.edu.ec\/wp-content\/uploads\/documentos\/lotaip\/Literal_G_2020_Marzo.pdf\" target=\"_blank\" rel=\"noopener noreferrer\"><strong>Literal g):<\/strong>\u00a0Ejecuci\u00f3n de Gastos \u2013 Reportes CUR,\u00a0Presupuesto Mensual,\u00a0Reportes de CXP SRI,\u00a0Reporte de Gastos,\u00a0Reporte de Ingresos y Gastos<\/a><\/span><\/p>\n<p><span style=\"color: #993300;\"><a style=\"color: #993300;\" href=\"https:\/\/www.uea.edu.ec\/wp-content\/uploads\/documentos\/lotaip\/Literal_H_2020_Marzo.pdf\" target=\"_blank\" rel=\"noopener noreferrer\"><strong>Literal h):<\/strong>\u00a0Resultados de \u00a0auditor\u00edas internas y gubernamentales al ejercicio presupuestal<\/a><\/span><\/p>\n<p><a href=\"https:\/\/www.uea.edu.ec\/wp-content\/uploads\/Literal_i_marzo_2020.pdf\" target=\"_blank\" rel=\"noopener noreferrer\"><span style=\"color: #993300;\"><strong>Literal i):<\/strong>\u00a0Informaci\u00f3n completa y detallada sobre los procesos precontractuales, contractuales, de adjudicaci\u00f3n y liquidaci\u00f3n, de las contrataciones de obras, adquisici\u00f3n de bienes, prestaci\u00f3n de servicios, arrendamientos mercantiles<\/span><\/a><\/p>\n<p><strong>Literal j):<\/strong>\u00a0Un listado de las empresas y personas que han incumplido contratos con dicha instituci\u00f3n<\/p>\n<p><a href=\"https:\/\/www.uea.edu.ec\/wp-content\/uploads\/documentos\/lotaip\/Literal_k_2020_marzo.pdf\" target=\"_blank\" rel=\"noopener noreferrer\"><span style=\"color: #993300;\"><strong>Literal k):<\/strong>\u00a0Planes y programas de la instituci\u00f3n en ejecuci\u00f3n<\/span><\/a><\/p>\n<p><span style=\"color: #993300;\"><a style=\"color: #993300;\" href=\"https:\/\/www.uea.edu.ec\/wp-content\/uploads\/documentos\/lotaip\/Literal_l_2020_Marzo.pdf\" target=\"_blank\" rel=\"noopener noreferrer\"><strong>Literal l):<\/strong>\u00a0El detalle de los contratos de cr\u00e9dito externos o internos; la fuente de los fondos con los que se pagar\u00e1 esos cr\u00e9ditos y cuando se trate de pr\u00e9stamos o contratos de financiamientos en el que se conste lo previsto en la Ley Org\u00e1nica<\/a><\/span><\/p>\n<p><span style=\"color: #993300;\"><a style=\"color: #993300;\" href=\"https:\/\/www.uea.edu.ec\/wp-content\/uploads\/documentos\/lotaip\/Literal_M_2020_Marzo.pdf\" target=\"_blank\" rel=\"noopener noreferrer\"><strong>Literal m):<\/strong>\u00a0Mecanismo de rendici\u00f3n de cuentas a la ciudadan\u00eda, tales como metas e informes de gesti\u00f3n e indicadores de desempe\u00f1o<\/a><\/span><\/p>\n<p><span style=\"color: #993300;\"><a style=\"color: #993300;\" href=\"https:\/\/www.uea.edu.ec\/wp-content\/uploads\/documentos\/lotaip\/Literal_N_2020_Marzo.pdf\"><strong>Literal n):<\/strong>\u00a0Los vi\u00e1ticos, informes de trabajo y justificativos de movilizaci\u00f3n nacional o internacional de las autoridades, dignatarios y funcionarios p\u00fablicos<\/a><\/span><\/p>\n<p><a href=\"https:\/\/www.uea.edu.ec\/wp-content\/uploads\/documentos\/lotaip\/Literal_o_marzo_2020-1.pdf\" target=\"_blank\" rel=\"noopener noreferrer\"><span style=\"color: #993300;\"><strong>Literal o):<\/strong>\u00a0El nombre, direcci\u00f3n de la oficina, apartado postal y direcci\u00f3n electr\u00f3nica del responsable de atender la informaci\u00f3n p\u00fablica de que trata esta Ley<\/span><\/a><\/p>\n<\/div>\n<\/div>\n<\/div>\n<\/div>\n<\/div>\n<\/div>\n<\/div>\n<\/div>\n<\/div>\n<div class=\"vc_controls-element vc_controls\" data-can-all=\"true\" data-can-edit=\"true\">\u00a0<\/div>\n<\/div>\n<\/div>\n<\/div>\n<\/div>\n<div class=\"vc_controls-column vc_controls\">\n<div class=\"vc_controls-out-tl\">\n<div class=\"vc_element element-vc_column vc_active\">\u00a0<\/div>\n<\/div>\n<div class=\"vc_controls-bc\">\u00a0<\/div>\n<\/div>\n<div class=\"vc_resize-bar\">\u00a0<\/div>\n<\/div>\n<\/div>\n<div class=\"no-controls\">\u00a0<\/div>\n<\/div>\n<div id=\"vc_no-content-helper\" class=\"vc_welcome vc_ui-font-open-sans vc_not-empty\">\n<div class=\"vc_welcome-visible-ne\">\u00a0<\/div>\n<\/div>\n<\/div>\n<p><\/p>[\/vc_column_text][\/vc_column][\/vc_row]<\/section>","protected":false},"excerpt":{"rendered":"<p>[vc_row][vc_column][vc_column_text] \u00a0 \u00a0 LEY DE TRANSPARENCIA ABRIL 2020 Literal\u00a0a1):\u00a0Estructura Org\u00e1nica Funcional Literal\u00a0a2):\u00a0Base Legal Literal\u00a0a3):\u00a0Regulaciones y procedimientos internos aplicables a la entidad Literal\u00a0a4):\u00a0Metas y objetivos de las unidades administrativas de conformidad con los programas operativos Literal b1):\u00a0Directorio completo de la instituci\u00f3n Literal b2):\u00a0Distributivo de personal Literal c):\u00a0Remuneraci\u00f3n mensual por puesto y todo ingreso adicional Literal d):\u00a0Servicios &#8230; <a title=\"&#8211;\" class=\"read-more\" href=\"https:\/\/www.uea.edu.ec\/web\/v1\/?page_id=9735\" aria-label=\"M\u00e1s en &#8211;\">Leer m\u00e1s<\/a><\/p>\n","protected":false},"author":8,"featured_media":0,"parent":0,"menu_order":0,"comment_status":"closed","ping_status":"closed","template":"","meta":{"om_disable_all_campaigns":false,"_monsterinsights_skip_tracking":false,"_monsterinsights_sitenote_active":false,"_monsterinsights_sitenote_note":"","_monsterinsights_sitenote_category":0,"generate_page_header":"","footnotes":""},"class_list":["post-9735","page","type-page","status-publish"],"aioseo_notices":[],"_links":{"self":[{"href":"https:\/\/www.uea.edu.ec\/web\/v1\/index.php?rest_route=\/wp\/v2\/pages\/9735"}],"collection":[{"href":"https:\/\/www.uea.edu.ec\/web\/v1\/index.php?rest_route=\/wp\/v2\/pages"}],"about":[{"href":"https:\/\/www.uea.edu.ec\/web\/v1\/index.php?rest_route=\/wp\/v2\/types\/page"}],"author":[{"embeddable":true,"href":"https:\/\/www.uea.edu.ec\/web\/v1\/index.php?rest_route=\/wp\/v2\/users\/8"}],"replies":[{"embeddable":true,"href":"https:\/\/www.uea.edu.ec\/web\/v1\/index.php?rest_route=%2Fwp%2Fv2%2Fcomments&post=9735"}],"version-history":[{"count":24,"href":"https:\/\/www.uea.edu.ec\/web\/v1\/index.php?rest_route=\/wp\/v2\/pages\/9735\/revisions"}],"predecessor-version":[{"id":13773,"href":"https:\/\/www.uea.edu.ec\/web\/v1\/index.php?rest_route=\/wp\/v2\/pages\/9735\/revisions\/13773"}],"wp:attachment":[{"href":"https:\/\/www.uea.edu.ec\/web\/v1\/index.php?rest_route=%2Fwp%2Fv2%2Fmedia&parent=9735"}],"curies":[{"name":"wp","href":"https:\/\/api.w.org\/{rel}","templated":true}]}}