{"id":9755,"date":"2020-04-10T09:03:49","date_gmt":"2020-04-10T14:03:49","guid":{"rendered":"https:\/\/www.uea.edu.ec\/?page_id=9755"},"modified":"2021-04-19T14:56:15","modified_gmt":"2021-04-19T19:56:15","slug":"9755-2","status":"publish","type":"page","link":"https:\/\/www.uea.edu.ec\/web\/v1\/?page_id=9755","title":{"rendered":""},"content":{"rendered":"<section class=\"wpb-content-wrapper\">[vc_row][vc_column][vc_column_text]<p><\/p>\n<header class=\"entry-header\">\n<h1 class=\"entry-title\">INFORME 2019<\/h1>\n<\/header>\n<div class=\"entry-content\">\n<div class=\"vc_row wpb_row vc_row-fluid\">\n<div class=\"wpb_column vc_column_container vc_col-sm-12\">\n<div class=\"vc_column-inner \">\n<div class=\"wpb_wrapper\">\n<div class=\"wpb_text_column wpb_content_element \">\n<div class=\"wpb_wrapper\">\n<p><strong>FASE 0: Organizaci\u00f3n interna institucional<\/strong><\/p>\n<ul>\n<li><span style=\"color: #008000;\"><a style=\"color: #008000;\" href=\"https:\/\/www.uea.edu.ec\/wp-content\/uploads\/2020\/08\/Conformacion_del_Equipo_de_Rendicion_de_Cuentas_2019.pdf\" target=\"_blank\" rel=\"noopener noreferrer\">1. Conformaci\u00f3n del equipo de Rendici\u00f3n de Cuentas<\/a><\/span><\/li>\n<li><span style=\"color: #008000;\"><a style=\"color: #008000;\" href=\"https:\/\/www.uea.edu.ec\/wp-content\/uploads\/2020\/08\/2.-Planificacion_y_Dise\u00f1o_de_Herramientas_2019.pdf\" target=\"_blank\" rel=\"noopener noreferrer\">2.1 Dise\u00f1o de la Propuesta del Proceso de Rendici\u00f3n de Cuentas<\/a><\/span><\/li>\n<li><a style=\"color: #993300;\" href=\"https:\/\/www.uea.edu.ec\/wp-content\/uploads\/2020\/08\/Oficio_Alcance_Cronograma_Rendicion_2019.pdf\" target=\"_blank\" rel=\"noopener noreferrer\"><span style=\"color: #008000;\">\u00a0 \u00a0 2.2 Oficio Alcance Cronograma Rendici\u00f3n de Cuentas<\/span><\/a><\/li>\n<\/ul>\n<hr \/>\n<p><strong>Fase 1: Elaboraci\u00f3n del Informe de Rendici\u00f3n de Cuentas<\/strong><\/p>\n<ul>\n<li><span style=\"color: #008000;\">1. <a style=\"color: #008000;\" href=\"https:\/\/www.uea.edu.ec\/wp-content\/uploads\/2020\/08\/Evaluacion_de_la_gestion_institucional_2019.pdf\" target=\"_blank\" rel=\"noopener noreferrer\">Evaluaci\u00f3n de la Gesti\u00f3n Institucional<\/a><\/span><\/li>\n<li><span style=\"color: #008000;\"><a style=\"color: #008000;\" href=\"https:\/\/www.uea.edu.ec\/wp-content\/uploads\/2020\/08\/Formulario_CPCCS_Informe_Rendicio_-2019.xlsx\" target=\"_blank\" rel=\"noopener noreferrer\">2. Llenado del Formulario de Informe de Rendici\u00f3n de Cuentas establecido por el CPCCS<\/a><\/span><\/li>\n<li><span style=\"color: #008000;\"><a style=\"color: #008000;\" href=\"https:\/\/www.uea.edu.ec\/wp-content\/uploads\/2020\/08\/Redaccion_del_Informe_de_Rendicion_de_Cuentas_2019.pdf\" target=\"_blank\" rel=\"noopener noreferrer\">3. Redacci\u00f3n del Informe de Rendici\u00f3n de Cuentas <\/a><\/span><\/li>\n<li><span style=\"color: #008000;\"><a style=\"color: #008000;\" href=\"https:\/\/www.uea.edu.ec\/wp-content\/uploads\/2020\/08\/Socializacion_Interna_y_Aprobacion_del_Informe_de_Rendicion_de_Cuentas_2019.pdf\" target=\"_blank\" rel=\"noopener noreferrer\">4. Socializaci\u00f3n interna y aprobaci\u00f3n del Informe de Rendici\u00f3n de Cuentas por parte de los responsables.<\/a><\/span><\/li>\n<li><span style=\"color: #993300;\"><a style=\"color: #993300;\" href=\"https:\/\/issuu.com\/universidadestatalamazonica\/docs\/informe_cuentas_2019\" target=\"_blank\" rel=\"noopener noreferrer\"><span style=\"color: #008000;\"> 4.1 Informe de Rendici\u00f3n de Cuentas<\/span><\/a><\/span><\/li>\n<\/ul>\n<hr \/>\n<p><strong>Fase 2: Presentaci\u00f3n a la ciudadan\u00eda del Informe de rendici\u00f3n de cuentas<\/strong><\/p>\n<ul>\n<li><span style=\"color: #008000;\"><a style=\"color: #008000;\" href=\"https:\/\/www.uea.edu.ec\/wp-content\/uploads\/Difusion_Invitacion_2019.pdf\" target=\"_blank\" rel=\"noopener noreferrer\">1. Difusi\u00f3n del Informe de Rendici\u00f3n de Cuentas a trav\u00e9s de distintos medios<\/a><\/span><\/li>\n<li><span style=\"color: #008000;\"><a style=\"color: #008000;\" href=\"https:\/\/www.uea.edu.ec\/wp-content\/uploads\/Listado_preliminar_de_invitados_formales_2019.pdf\" target=\"_blank\" rel=\"noopener noreferrer\">\u00a0 \u00a0 1.1 Listado preliminar de invitados formales<\/a><\/span><\/li>\n<li><span style=\"color: #008000;\">\u00a0 \u00a0 <a style=\"color: #008000;\" href=\"https:\/\/www.uea.edu.ec\/wp-content\/uploads\/Difusion_Diapositivas_2019.pdf\" target=\"_blank\" rel=\"noopener noreferrer\">1.2. Difusi\u00f3n D\u00edapositiva<\/a><\/span><\/li>\n<li><span style=\"color: #008000;\">\u00a0 \u00a0 <a style=\"color: #008000;\" href=\"https:\/\/www.youtube.com\/watch?v=LGXcTZ64xaM\" target=\"_blank\" rel=\"noopener noreferrer\">1.3. Video informe Rendici\u00f3n de Cuentas<\/a><\/span><\/li>\n<li><span style=\"color: #008000;\">2. <a style=\"color: #008000;\" href=\"https:\/\/www.uea.edu.ec\/wp-content\/uploads\/Planificacion_Guion_de_Actividades_Deliberaciones_Publicas.pdf\" target=\"_blank\" rel=\"noopener noreferrer\">Planificaci\u00f3n de las deliberaciones p\u00fablica<\/a><\/span><\/li>\n<li><span style=\"color: #993300;\"><span style=\"color: #008000;\">3. <\/span><a style=\"color: #993300;\" href=\"https:\/\/www.uea.edu.ec\/wp-content\/uploads\/Anexo_Memorias_Mesas_Tematicas_2019.pdf\" target=\"_blank\" rel=\"noopener noreferrer\"><span style=\"color: #008000;\">Incorporaci\u00f3n de aportes ciudadanos en el Informe de rendici\u00f3n de cuentas<\/span><\/a><\/span><\/li>\n<\/ul>\n<hr \/>\n<p><strong>Fase 3: Entrega de Informe de rendici\u00f3n de cuentas al Consejo de Participaci\u00f3n Ciudadana y Control Social<\/strong><\/p>\n<ul>\n<li><span style=\"color: #993300;\"><a style=\"color: #993300;\" href=\"https:\/\/www.uea.edu.ec\/web\/wp-content\/uploads\/documentos\/Rendici\u00f3n_2019\/Entrega_del_Informe_de_Rendicion_de_Cuentas_al_CPCCS_2019.pdf\" target=\"_blank\" rel=\"noopener noreferrer\"><span style=\"color: #008000;\">Entrega del Informe de Rendici\u00f3n de Cuentas al CPCCS, a trav\u00e9s del ingreso del Informe en el sistema virtual<\/span><\/a><\/span><\/li>\n<li><span style=\"color: #008000;\"><a style=\"color: #008000;\" href=\"https:\/\/www.uea.edu.ec\/wp-content\/uploads\/documentos\/lotaip\/certificado-informe-LOTAIP-2019.pdf\" target=\"_blank\" rel=\"noopener noreferrer\">Entrega del Informe \u00a0Anual Cumplimiento de LOTAIP Defensor\u00eda del Pueblo, a trav\u00e9s del ingreso en el <\/a>sistema<a style=\"color: #008000;\" href=\"https:\/\/www.uea.edu.ec\/web\/wp-content\/uploads\/documentos\/Rendici\u00f3n_2019\/Entrega_del_Informe_de_Rendicion_de_Cuentas_al_CPCCS_2019.pdf\" target=\"_blank\" rel=\"noopener noreferrer\"> virtual<\/a><\/span><\/li>\n<\/ul>\n<p>&nbsp;<\/p>\n<\/div>\n<\/div>\n<\/div>\n<\/div>\n<\/div>\n<\/div>\n<\/div>\n<p><\/p>[\/vc_column_text][vc_column_text]<\/p>\n<p>\u00a0<\/p>\n\n<p><\/p>\n<p>[\/vc_column_text][\/vc_column][\/vc_row]<\/section>","protected":false},"excerpt":{"rendered":"<p>[vc_row][vc_column][vc_column_text] INFORME 2019 FASE 0: Organizaci\u00f3n interna institucional 1. Conformaci\u00f3n del equipo de Rendici\u00f3n de Cuentas 2.1 Dise\u00f1o de la Propuesta del Proceso de Rendici\u00f3n de Cuentas \u00a0 \u00a0 2.2 Oficio Alcance Cronograma Rendici\u00f3n de Cuentas Fase 1: Elaboraci\u00f3n del Informe de Rendici\u00f3n de Cuentas 1. Evaluaci\u00f3n de la Gesti\u00f3n Institucional 2. Llenado del Formulario &#8230; <a title=\"\" class=\"read-more\" href=\"https:\/\/www.uea.edu.ec\/web\/v1\/?page_id=9755\" aria-label=\"M\u00e1s en \">Leer m\u00e1s<\/a><\/p>\n","protected":false},"author":8,"featured_media":0,"parent":0,"menu_order":0,"comment_status":"closed","ping_status":"closed","template":"","meta":{"om_disable_all_campaigns":false,"_monsterinsights_skip_tracking":false,"_monsterinsights_sitenote_active":false,"_monsterinsights_sitenote_note":"","_monsterinsights_sitenote_category":0,"generate_page_header":"","footnotes":""},"class_list":["post-9755","page","type-page","status-publish"],"aioseo_notices":[],"_links":{"self":[{"href":"https:\/\/www.uea.edu.ec\/web\/v1\/index.php?rest_route=\/wp\/v2\/pages\/9755"}],"collection":[{"href":"https:\/\/www.uea.edu.ec\/web\/v1\/index.php?rest_route=\/wp\/v2\/pages"}],"about":[{"href":"https:\/\/www.uea.edu.ec\/web\/v1\/index.php?rest_route=\/wp\/v2\/types\/page"}],"author":[{"embeddable":true,"href":"https:\/\/www.uea.edu.ec\/web\/v1\/index.php?rest_route=\/wp\/v2\/users\/8"}],"replies":[{"embeddable":true,"href":"https:\/\/www.uea.edu.ec\/web\/v1\/index.php?rest_route=%2Fwp%2Fv2%2Fcomments&post=9755"}],"version-history":[{"count":42,"href":"https:\/\/www.uea.edu.ec\/web\/v1\/index.php?rest_route=\/wp\/v2\/pages\/9755\/revisions"}],"predecessor-version":[{"id":11943,"href":"https:\/\/www.uea.edu.ec\/web\/v1\/index.php?rest_route=\/wp\/v2\/pages\/9755\/revisions\/11943"}],"wp:attachment":[{"href":"https:\/\/www.uea.edu.ec\/web\/v1\/index.php?rest_route=%2Fwp%2Fv2%2Fmedia&parent=9755"}],"curies":[{"name":"wp","href":"https:\/\/api.w.org\/{rel}","templated":true}]}}