{"id":12930,"date":"2023-02-07T11:41:44","date_gmt":"2023-02-07T16:41:44","guid":{"rendered":"https:\/\/web.uea.edu.ec\/web\/v2\/?page_id=12930"},"modified":"2025-01-27T16:59:15","modified_gmt":"2025-01-27T21:59:15","slug":"biblioteca","status":"publish","type":"page","link":"https:\/\/www.uea.edu.ec\/web\/v2\/?page_id=12930","title":{"rendered":""},"content":{"rendered":"\t\t<div data-elementor-type=\"wp-page\" data-elementor-id=\"12930\" class=\"elementor elementor-12930\" data-elementor-settings=\"{&quot;ha_cmc_init_switcher&quot;:&quot;no&quot;}\" data-elementor-post-type=\"page\">\n\t\t\t\t\t\t<section class=\"elementor-section elementor-top-section elementor-element elementor-element-3fca7e8 elementor-section-full_width elementor-section-height-min-height elementor-section-stretched elementor-section-height-default elementor-section-items-middle\" data-id=\"3fca7e8\" data-element_type=\"section\" data-settings=\"{&quot;stretch_section&quot;:&quot;section-stretched&quot;,&quot;background_background&quot;:&quot;slideshow&quot;,&quot;background_slideshow_gallery&quot;:[{&quot;id&quot;:12415,&quot;url&quot;:&quot;https:\\\/\\\/web.uea.edu.ec\\\/web\\\/v2\\\/wp-content\\\/uploads\\\/2023\\\/02\\\/ueatodoedit-2.png&quot;}],&quot;background_slideshow_loop&quot;:&quot;yes&quot;,&quot;background_slideshow_slide_duration&quot;:5000,&quot;background_slideshow_slide_transition&quot;:&quot;fade&quot;,&quot;background_slideshow_transition_duration&quot;:500,&quot;_ha_eqh_enable&quot;:false}\">\n\t\t\t\t\t\t\t<div class=\"elementor-background-overlay\"><\/div>\n\t\t\t\t\t\t\t<div class=\"elementor-container elementor-column-gap-default\">\n\t\t\t\t\t<div class=\"elementor-column elementor-col-100 elementor-top-column elementor-element elementor-element-fdafd55\" data-id=\"fdafd55\" data-element_type=\"column\">\n\t\t\t<div class=\"elementor-widget-wrap elementor-element-populated\">\n\t\t\t\t\t\t<div class=\"elementor-element elementor-element-3c62cff elementor-widget elementor-widget-heading\" data-id=\"3c62cff\" data-element_type=\"widget\" data-widget_type=\"heading.default\">\n\t\t\t\t<div class=\"elementor-widget-container\">\n\t\t\t\t\t<h2 class=\"elementor-heading-title elementor-size-default\">BIBLIOTECA GENERAL<\/h2>\t\t\t\t<\/div>\n\t\t\t\t<\/div>\n\t\t\t\t\t<\/div>\n\t\t<\/div>\n\t\t\t\t\t<\/div>\n\t\t<\/section>\n\t\t\t\t<section class=\"elementor-section elementor-top-section elementor-element elementor-element-9f91acc elementor-section-boxed elementor-section-height-default elementor-section-height-default\" data-id=\"9f91acc\" data-element_type=\"section\" data-settings=\"{&quot;_ha_eqh_enable&quot;:false}\">\n\t\t\t\t\t\t<div class=\"elementor-container elementor-column-gap-default\">\n\t\t\t\t\t<div class=\"elementor-column elementor-col-100 elementor-top-column elementor-element elementor-element-0e6ac48\" data-id=\"0e6ac48\" data-element_type=\"column\">\n\t\t\t<div class=\"elementor-widget-wrap elementor-element-populated\">\n\t\t\t\t\t\t<div class=\"elementor-element elementor-element-277c1f3 elementor-widget elementor-widget-spacer\" data-id=\"277c1f3\" data-element_type=\"widget\" data-widget_type=\"spacer.default\">\n\t\t\t\t<div class=\"elementor-widget-container\">\n\t\t\t\t\t\t\t<div class=\"elementor-spacer\">\n\t\t\t<div class=\"elementor-spacer-inner\"><\/div>\n\t\t<\/div>\n\t\t\t\t\t\t<\/div>\n\t\t\t\t<\/div>\n\t\t\t\t\t<\/div>\n\t\t<\/div>\n\t\t\t\t\t<\/div>\n\t\t<\/section>\n\t\t\t\t<section class=\"elementor-section elementor-top-section elementor-element elementor-element-13e478a elementor-section-boxed elementor-section-height-default elementor-section-height-default\" data-id=\"13e478a\" data-element_type=\"section\" data-settings=\"{&quot;background_background&quot;:&quot;classic&quot;,&quot;_ha_eqh_enable&quot;:false}\">\n\t\t\t\t\t\t<div class=\"elementor-container elementor-column-gap-default\">\n\t\t\t\t\t<div class=\"elementor-column elementor-col-100 elementor-top-column elementor-element elementor-element-2298f7f\" data-id=\"2298f7f\" data-element_type=\"column\">\n\t\t\t<div class=\"elementor-widget-wrap elementor-element-populated\">\n\t\t\t\t\t\t<div class=\"elementor-element elementor-element-1650944 ha-has-bg-overlay elementor-widget elementor-widget-ha-advanced-tabs happy-addon ha-advanced-tabs happy-addon-pro\" data-id=\"1650944\" data-element_type=\"widget\" data-widget_type=\"ha-advanced-tabs.default\">\n\t\t\t\t<div class=\"elementor-widget-container\">\n\t\t\t\t\t\t\t<div class=\"ha-tabs-1650944 ha-tabs ha-tabs--nav-left  ha-tabs--nav-y-top ha-tabs--icon-left\" role=\"tablist\">\n\t\t\t<div class=\"ha-tabs__nav\">\n\t\t\t\t\t\t\t\t\t<div id=\"ha-tab-title-2331\" class=\"ha-tab__title ha-tab__title--desktop elementor-repeater-item-dc3c2c3\" data-tab=\"1\" role=\"tab\" aria-controls=\"ha-tab__content-2331\">\n\t\t\t\t\t\t\t\t\t\t\t\t<span class=\"ha-tab__title-icon\"><i aria-hidden=\"true\" class=\"fas fa-users\"><\/i><\/span>\n\t\t\t\t\t\t\t\t\t\t\t\t<span class=\"ha-tab__title-text\">\u00bfQui\u00e9nes Somos?<\/span><\/div>\n\t\t\t\t\t\t\t\t\t<div id=\"ha-tab-title-2332\" class=\"ha-tab__title ha-tab__title--desktop elementor-repeater-item-f2fd37d\" data-tab=\"2\" role=\"tab\" aria-controls=\"ha-tab__content-2332\">\n\t\t\t\t\t\t\t\t\t\t\t\t<span class=\"ha-tab__title-icon\"><i aria-hidden=\"true\" class=\"fas fa-check\"><\/i><\/span>\n\t\t\t\t\t\t\t\t\t\t\t\t<span class=\"ha-tab__title-text\">Objetivos<\/span><\/div>\n\t\t\t\t\t\t\t\t\t<div id=\"ha-tab-title-2333\" class=\"ha-tab__title ha-tab__title--desktop elementor-repeater-item-62131c5\" data-tab=\"3\" role=\"tab\" aria-controls=\"ha-tab__content-2333\">\n\t\t\t\t\t\t\t\t\t\t\t\t<span class=\"ha-tab__title-icon\"><i aria-hidden=\"true\" class=\"far fa-file-alt\"><\/i><\/span>\n\t\t\t\t\t\t\t\t\t\t\t\t<span class=\"ha-tab__title-text\">Bibliotecas virtuales, cat\u00e1logos y repositorio<\/span><\/div>\n\t\t\t\t\t\t\t\t\t<div id=\"ha-tab-title-2334\" class=\"ha-tab__title ha-tab__title--desktop elementor-repeater-item-955828a\" data-tab=\"4\" role=\"tab\" aria-controls=\"ha-tab__content-2334\">\n\t\t\t\t\t\t\t\t\t\t\t\t<span class=\"ha-tab__title-icon\"><i aria-hidden=\"true\" class=\"fas fa-folder-open\"><\/i><\/span>\n\t\t\t\t\t\t\t\t\t\t\t\t<span class=\"ha-tab__title-text\">Servicio bibliotecario<\/span><\/div>\n\t\t\t\t\t\t\t\t\t<div id=\"ha-tab-title-2335\" class=\"ha-tab__title ha-tab__title--desktop elementor-repeater-item-f5eec45\" data-tab=\"5\" role=\"tab\" aria-controls=\"ha-tab__content-2335\">\n\t\t\t\t\t\t\t\t\t\t\t\t<span class=\"ha-tab__title-icon\"><i aria-hidden=\"true\" class=\"far fa-clock\"><\/i><\/span>\n\t\t\t\t\t\t\t\t\t\t\t\t<span class=\"ha-tab__title-text\">Horario<\/span><\/div>\n\t\t\t\t\t\t\t\t\t<div id=\"ha-tab-title-2336\" class=\"ha-tab__title ha-tab__title--desktop elementor-repeater-item-4a0a7e8\" data-tab=\"6\" role=\"tab\" aria-controls=\"ha-tab__content-2336\">\n\t\t\t\t\t\t\t\t\t\t\t\t<span class=\"ha-tab__title-icon\"><i aria-hidden=\"true\" class=\"fas fa-wifi\"><\/i><\/span>\n\t\t\t\t\t\t\t\t\t\t\t\t<span class=\"ha-tab__title-text\">Servicio<\/span><\/div>\n\t\t\t\t\t\t\t\t\t<div id=\"ha-tab-title-2337\" class=\"ha-tab__title ha-tab__title--desktop elementor-repeater-item-99e0e28\" data-tab=\"7\" role=\"tab\" aria-controls=\"ha-tab__content-2337\">\n\t\t\t\t\t\t\t\t\t\t\t\t<span class=\"ha-tab__title-icon\"><i aria-hidden=\"true\" class=\"fas fa-phone-volume\"><\/i><\/span>\n\t\t\t\t\t\t\t\t\t\t\t\t<span class=\"ha-tab__title-text\">Contactos<\/span><\/div>\n\t\t\t\t\t\t\t<\/div>\n\t\t\t<div class=\"ha-tabs__content\">\n\t\t\t\t\t\t\t\t\t<div class=\"ha-tab__title ha-tab__title--mobile elementor-repeater-item-dc3c2c3\" data-tab=\"1\" role=\"tab\">\n\t\t\t\t\t\t\t\t\t\t\t\t<span class=\"ha-tab__title-icon\"><i aria-hidden=\"true\" class=\"fas fa-users\"><\/i><\/span>\n\t\t\t\t\t\t\t\t\t\t\t\t<span class=\"ha-tab__title-text\">\u00bfQui\u00e9nes Somos?<\/span>\n\t\t\t\t\t<\/div>\n\t\t\t\t\t<div id=\"ha-tab-content-2331\" class=\"ha-tab__content ha-clearfix elementor-repeater-item-dc3c2c3\" data-tab=\"1\" role=\"tabpanel\" aria-labelledby=\"ha-tab-title-2331\">\n\t\t\t\t\t\t<h2 style=\"text-align: justify;\"><span style=\"vertical-align: inherit; color: #384152;\"><span style=\"vertical-align: inherit;\">\u00bfQUI\u00c9NES SOMOS?<\/span><\/span><\/h2><p style=\"text-align: justify;\">La Biblioteca de la Universidad Estatal Amaz\u00f3nica es un centro de recursos de informaci\u00f3n y documentaci\u00f3n en cualquier soporte, orientado a apoyar las actividades de estudio, investigaci\u00f3n, docencia y vinculaci\u00f3n con la colectividad. Est\u00e1 constituida por los fondos bibliogr\u00e1\ufb01cos y documentales adquiridos,as\u00ed como las donaciones e intercambios, y los adquiridos en favor de la Universidad por otros organismos.<\/p><h2 style=\"text-align: justify;\"><span style=\"vertical-align: inherit; color: #3eb5a7;\"><span style=\"vertical-align: inherit;\">Misi\u00f3n<\/span><\/span><\/h2><p style=\"text-align: justify;\">La Biblioteca de la Universidad Estatal Amaz\u00f3nica tiene como misi\u00f3n proveer recursos y servicios de informaci\u00f3n de calidad a docentes, alumnos y comunidad en general, para contribuir a su desarrollo acad\u00e9mico y de investigaci\u00f3n; mantener espacios f\u00edsicos y virtuales para aprovechar al m\u00e1ximo las nuevas tecnolog\u00edas de informaci\u00f3n y mejorar sus condiciones de aprendizaje.<\/p><p style=\"text-align: justify;\">Apoyar el desarrollo de la investigaci\u00f3n de base en todas las \u00e1reas del saber, potenciar la interdisciplinariedad y fomentar la internacionalizaci\u00f3n de la investigaci\u00f3n, para ello se cuenta con un equipo de profesionales que apoyan los procesos de postulaci\u00f3n de proyectos.<\/p>\t\t\t\t\t<\/div>\n\t\t\t\t\t\t\t\t\t<div class=\"ha-tab__title ha-tab__title--mobile elementor-repeater-item-f2fd37d\" data-tab=\"2\" role=\"tab\">\n\t\t\t\t\t\t\t\t\t\t\t\t<span class=\"ha-tab__title-icon\"><i aria-hidden=\"true\" class=\"fas fa-check\"><\/i><\/span>\n\t\t\t\t\t\t\t\t\t\t\t\t<span class=\"ha-tab__title-text\">Objetivos<\/span>\n\t\t\t\t\t<\/div>\n\t\t\t\t\t<div id=\"ha-tab-content-2332\" class=\"ha-tab__content ha-clearfix elementor-repeater-item-f2fd37d\" data-tab=\"2\" role=\"tabpanel\" aria-labelledby=\"ha-tab-title-2332\">\n\t\t\t\t\t\t<h2 style=\"text-align: justify;\"><span style=\"vertical-align: inherit; color: #384152;\"><span style=\"vertical-align: inherit;\">OBJETIVOS<\/span><\/span><\/h2><ul><li style=\"text-align: justify;\">Gestionar e\ufb01cazmente los recursos de informaci\u00f3n en cualquier soporte, con independencia del concepto presupuestario y del procedimiento con que estos recursos se adquieran o contraten.<\/li><\/ul><ul><li style=\"text-align: justify;\">Servir como ente de apoyo a todas las actividades docentes, de investigaci\u00f3n y vinculaci\u00f3n de la Universidad Estatal Amaz\u00f3nica.<\/li><\/ul><p style=\"text-align: justify;\">\u00a0<\/p>\t\t\t\t\t<\/div>\n\t\t\t\t\t\t\t\t\t<div class=\"ha-tab__title ha-tab__title--mobile elementor-repeater-item-62131c5\" data-tab=\"3\" role=\"tab\">\n\t\t\t\t\t\t\t\t\t\t\t\t<span class=\"ha-tab__title-icon\"><i aria-hidden=\"true\" class=\"far fa-file-alt\"><\/i><\/span>\n\t\t\t\t\t\t\t\t\t\t\t\t<span class=\"ha-tab__title-text\">Bibliotecas virtuales, cat\u00e1logos y repositorio<\/span>\n\t\t\t\t\t<\/div>\n\t\t\t\t\t<div id=\"ha-tab-content-2333\" class=\"ha-tab__content ha-clearfix elementor-repeater-item-62131c5\" data-tab=\"3\" role=\"tabpanel\" aria-labelledby=\"ha-tab-title-2333\">\n\t\t\t\t\t\t<h2 style=\"text-align: left;\"><span style=\"color: #384152;\">BIBLIOTECAS VIRTUALES, CAT\u00c1LOGOS Y REPOSITORIO<\/span><\/h2><p style=\"text-align: justify;\"><a href=\"https:\/\/web.uea.edu.ec\/web\/v2\/?page_id=29420\" target=\"_blank\" rel=\"noopener\"><img decoding=\"async\" class=\"alignnone size-medium wp-image-29327\" src=\"https:\/\/web.uea.edu.ec\/web\/v2\/wp-content\/uploads\/2023\/03\/boton1-300x45.png\" alt=\"\" width=\"300\" height=\"45\" srcset=\"https:\/\/www.uea.edu.ec\/web\/v2\/wp-content\/uploads\/2023\/03\/boton1-300x45.png 300w, https:\/\/www.uea.edu.ec\/web\/v2\/wp-content\/uploads\/2023\/03\/boton1-1024x152.png 1024w, https:\/\/www.uea.edu.ec\/web\/v2\/wp-content\/uploads\/2023\/03\/boton1-768x114.png 768w, https:\/\/www.uea.edu.ec\/web\/v2\/wp-content\/uploads\/2023\/03\/boton1-1320x196.png 1320w, https:\/\/www.uea.edu.ec\/web\/v2\/wp-content\/uploads\/2023\/03\/boton1.png 1346w\" sizes=\"(max-width: 300px) 100vw, 300px\" \/><\/a><\/p><p style=\"text-align: justify;\"><a href=\"https:\/\/www.uea.edu.ec\/pmb\/\" target=\"_blank\" rel=\"noopener\"><img decoding=\"async\" class=\"alignnone size-medium wp-image-29328\" src=\"https:\/\/web.uea.edu.ec\/web\/v2\/wp-content\/uploads\/2023\/03\/boton2-300x45.png\" alt=\"\" width=\"300\" height=\"45\" srcset=\"https:\/\/www.uea.edu.ec\/web\/v2\/wp-content\/uploads\/2023\/03\/boton2-300x45.png 300w, https:\/\/www.uea.edu.ec\/web\/v2\/wp-content\/uploads\/2023\/03\/boton2-1024x152.png 1024w, https:\/\/www.uea.edu.ec\/web\/v2\/wp-content\/uploads\/2023\/03\/boton2-768x114.png 768w, https:\/\/www.uea.edu.ec\/web\/v2\/wp-content\/uploads\/2023\/03\/boton2-1320x196.png 1320w, https:\/\/www.uea.edu.ec\/web\/v2\/wp-content\/uploads\/2023\/03\/boton2.png 1346w\" sizes=\"(max-width: 300px) 100vw, 300px\" \/><\/a><\/p><p style=\"text-align: justify;\"><a href=\"https:\/\/repositorio.uea.edu.ec\/?fbclid=IwAR35t3mbe9aKPNKT9M4k41BC2ukAZLWt6jTHzIXomAxuuD5Thf3aUCqwloI\" target=\"_blank\" rel=\"noopener\"><img decoding=\"async\" class=\"alignnone size-medium wp-image-29329\" src=\"https:\/\/web.uea.edu.ec\/web\/v2\/wp-content\/uploads\/2023\/03\/boton3-300x45.png\" alt=\"\" width=\"300\" height=\"45\" srcset=\"https:\/\/www.uea.edu.ec\/web\/v2\/wp-content\/uploads\/2023\/03\/boton3-300x45.png 300w, https:\/\/www.uea.edu.ec\/web\/v2\/wp-content\/uploads\/2023\/03\/boton3-1024x152.png 1024w, https:\/\/www.uea.edu.ec\/web\/v2\/wp-content\/uploads\/2023\/03\/boton3-768x114.png 768w, https:\/\/www.uea.edu.ec\/web\/v2\/wp-content\/uploads\/2023\/03\/boton3-1320x196.png 1320w, https:\/\/www.uea.edu.ec\/web\/v2\/wp-content\/uploads\/2023\/03\/boton3.png 1346w\" sizes=\"(max-width: 300px) 100vw, 300px\" \/><\/a><\/p><p style=\"text-align: justify;\">\u00a0<\/p>\t\t\t\t\t<\/div>\n\t\t\t\t\t\t\t\t\t<div class=\"ha-tab__title ha-tab__title--mobile elementor-repeater-item-955828a\" data-tab=\"4\" role=\"tab\">\n\t\t\t\t\t\t\t\t\t\t\t\t<span class=\"ha-tab__title-icon\"><i aria-hidden=\"true\" class=\"fas fa-folder-open\"><\/i><\/span>\n\t\t\t\t\t\t\t\t\t\t\t\t<span class=\"ha-tab__title-text\">Servicio bibliotecario<\/span>\n\t\t\t\t\t<\/div>\n\t\t\t\t\t<div id=\"ha-tab-content-2334\" class=\"ha-tab__content ha-clearfix elementor-repeater-item-955828a\" data-tab=\"4\" role=\"tabpanel\" aria-labelledby=\"ha-tab-title-2334\">\n\t\t\t\t\t\t<h2><span style=\"color: #384152;\">SERVICIO BIBLIOTECARIO<\/span><\/h2><p style=\"text-align: left;\"><img loading=\"lazy\" decoding=\"async\" class=\"aligncenter wp-image-29330 size-full\" src=\"https:\/\/web.uea.edu.ec\/web\/v2\/wp-content\/uploads\/2023\/03\/cuadro.png\" alt=\"\" width=\"2029\" height=\"1602\" srcset=\"https:\/\/www.uea.edu.ec\/web\/v2\/wp-content\/uploads\/2023\/03\/cuadro.png 2029w, https:\/\/www.uea.edu.ec\/web\/v2\/wp-content\/uploads\/2023\/03\/cuadro-300x237.png 300w, https:\/\/www.uea.edu.ec\/web\/v2\/wp-content\/uploads\/2023\/03\/cuadro-1024x809.png 1024w, https:\/\/www.uea.edu.ec\/web\/v2\/wp-content\/uploads\/2023\/03\/cuadro-768x606.png 768w, https:\/\/www.uea.edu.ec\/web\/v2\/wp-content\/uploads\/2023\/03\/cuadro-1536x1213.png 1536w, https:\/\/www.uea.edu.ec\/web\/v2\/wp-content\/uploads\/2023\/03\/cuadro-1320x1042.png 1320w\" sizes=\"(max-width: 2029px) 100vw, 2029px\" \/><\/p>\t\t\t\t\t<\/div>\n\t\t\t\t\t\t\t\t\t<div class=\"ha-tab__title ha-tab__title--mobile elementor-repeater-item-f5eec45\" data-tab=\"5\" role=\"tab\">\n\t\t\t\t\t\t\t\t\t\t\t\t<span class=\"ha-tab__title-icon\"><i aria-hidden=\"true\" class=\"far fa-clock\"><\/i><\/span>\n\t\t\t\t\t\t\t\t\t\t\t\t<span class=\"ha-tab__title-text\">Horario<\/span>\n\t\t\t\t\t<\/div>\n\t\t\t\t\t<div id=\"ha-tab-content-2335\" class=\"ha-tab__content ha-clearfix elementor-repeater-item-f5eec45\" data-tab=\"5\" role=\"tabpanel\" aria-labelledby=\"ha-tab-title-2335\">\n\t\t\t\t\t\t<h2 style=\"text-align: justify;\"><span style=\"color: #384152;\">HORARIO<\/span><\/h2><p style=\"text-align: JUSTIFY;\">La Biblioteca proporcionar\u00e1 servicios en forma continua, de lunes a viernes de 08:00 am a 19:00 horas; salvo causas de fuerza mayor o feriados se extender\u00e1 los \ufb01nes de semana. En tal caso, es obligaci\u00f3n del personal de la biblioteca colocar un aviso informativo en la puerta de la Biblioteca.<\/p>\t\t\t\t\t<\/div>\n\t\t\t\t\t\t\t\t\t<div class=\"ha-tab__title ha-tab__title--mobile elementor-repeater-item-4a0a7e8\" data-tab=\"6\" role=\"tab\">\n\t\t\t\t\t\t\t\t\t\t\t\t<span class=\"ha-tab__title-icon\"><i aria-hidden=\"true\" class=\"fas fa-wifi\"><\/i><\/span>\n\t\t\t\t\t\t\t\t\t\t\t\t<span class=\"ha-tab__title-text\">Servicio<\/span>\n\t\t\t\t\t<\/div>\n\t\t\t\t\t<div id=\"ha-tab-content-2336\" class=\"ha-tab__content ha-clearfix elementor-repeater-item-4a0a7e8\" data-tab=\"6\" role=\"tabpanel\" aria-labelledby=\"ha-tab-title-2336\">\n\t\t\t\t\t\t<h2 style=\"text-align: justify;\"><span style=\"color: #384152;\">SERVICIOS<\/span><\/h2><h2 style=\"text-align: justify;\"><span style=\"vertical-align: inherit; color: #3eb5a7;\"><span style=\"vertical-align: inherit;\">Estanter\u00cda cerrada<\/span><\/span><\/h2><p style=\"text-align: justify;\">Permite al usuario la consulta de la informaci\u00f3n bibliogr\u00e1\ufb01ca a trav\u00e9s de la visita a nuestra p\u00e1gina https:\/\/www.uea.edu.ec\/pmb\/ disponibles en cada una de las \u00e1reas del conocimiento, ubicada en el bloque 2 de la carrera de turismo.<\/p><h2 style=\"text-align: justify;\"><span style=\"vertical-align: inherit; color: #3eb5a7;\"><span style=\"vertical-align: inherit;\">Pr\u00e9stamo en sala de lectura\u00a0<\/span><\/span><\/h2><p style=\"text-align: justify;\">Permite a los usuarios la consulta en sala del material bibliogr\u00e1\ufb01co existente en la Biblioteca dentro de los horarios de atenci\u00f3n.<\/p><h2 style=\"text-align: justify;\"><span style=\"vertical-align: inherit; color: #3eb5a7;\"><span style=\"vertical-align: inherit;\">Internet y Wi\ufb01\u00a0<\/span><\/span><\/h2><p style=\"text-align: justify;\">Facilita la consulta acad\u00e9mica en Internet mediante terminales ubicados en todas las salas de lectura de las bibliotecas en toda el campus universitario y en las laptops y dispositivos electr\u00f3nicos de los usuarios mediante acceso WIFI.<\/p><h2 style=\"text-align: justify;\"><span style=\"vertical-align: inherit; color: #3eb5a7;\"><span style=\"vertical-align: inherit;\">Salas de lectura y cub\u00edculos de estudio\u00a0<\/span><\/span><\/h2><p style=\"text-align: justify;\">Brindan espacios destinados al estudio, la investigaci\u00f3n y la lectura libres de ruido.<\/p>\t\t\t\t\t<\/div>\n\t\t\t\t\t\t\t\t\t<div class=\"ha-tab__title ha-tab__title--mobile elementor-repeater-item-99e0e28\" data-tab=\"7\" role=\"tab\">\n\t\t\t\t\t\t\t\t\t\t\t\t<span class=\"ha-tab__title-icon\"><i aria-hidden=\"true\" class=\"fas fa-phone-volume\"><\/i><\/span>\n\t\t\t\t\t\t\t\t\t\t\t\t<span class=\"ha-tab__title-text\">Contactos<\/span>\n\t\t\t\t\t<\/div>\n\t\t\t\t\t<div id=\"ha-tab-content-2337\" class=\"ha-tab__content ha-clearfix elementor-repeater-item-99e0e28\" data-tab=\"7\" role=\"tabpanel\" aria-labelledby=\"ha-tab-title-2337\">\n\t\t\t\t\t\t<h2 style=\"text-align: justify;\"><span style=\"color: #384152;\">CONTACTOS<\/span><\/h2><h2><span style=\"color: #12b0a9;\">Bibliotecaria:\u00a0<\/span><span style=\"color: #384152;\">M\u00f3nica Arreaga\u00a0 \u00a0<\/span><\/h2><h3 style=\"text-align: left;\"><img loading=\"lazy\" decoding=\"async\" class=\"alignnone wp-image-15744\" src=\"https:\/\/web.uea.edu.ec\/web\/v2\/wp-content\/uploads\/2023\/02\/correo-300x300.png\" alt=\"\" width=\"37\" height=\"37\" srcset=\"https:\/\/www.uea.edu.ec\/web\/v2\/wp-content\/uploads\/2023\/02\/correo-300x300.png 300w, https:\/\/www.uea.edu.ec\/web\/v2\/wp-content\/uploads\/2023\/02\/correo-1024x1024.png 1024w, https:\/\/www.uea.edu.ec\/web\/v2\/wp-content\/uploads\/2023\/02\/correo-150x150.png 150w, https:\/\/www.uea.edu.ec\/web\/v2\/wp-content\/uploads\/2023\/02\/correo-768x768.png 768w, https:\/\/www.uea.edu.ec\/web\/v2\/wp-content\/uploads\/2023\/02\/correo-1536x1536.png 1536w, https:\/\/www.uea.edu.ec\/web\/v2\/wp-content\/uploads\/2023\/02\/correo-2048x2048.png 2048w, https:\/\/www.uea.edu.ec\/web\/v2\/wp-content\/uploads\/2023\/02\/correo-70x70.png 70w, https:\/\/www.uea.edu.ec\/web\/v2\/wp-content\/uploads\/2023\/02\/correo-246x246.png 246w, https:\/\/www.uea.edu.ec\/web\/v2\/wp-content\/uploads\/2023\/02\/correo-276x276.png 276w, https:\/\/www.uea.edu.ec\/web\/v2\/wp-content\/uploads\/2023\/02\/correo-125x125.png 125w\" sizes=\"(max-width: 37px) 100vw, 37px\" \/><span style=\"color: #384152;\"><strong> marreaga@uea.edu.ec<\/strong><\/span><\/h3><h2>\u00a0<\/h2><h2>\u00a0<\/h2>\t\t\t\t\t<\/div>\n\t\t\t\t\t\t\t<\/div>\n\t\t<\/div>\n\t\t\t\t\t\t<\/div>\n\t\t\t\t<\/div>\n\t\t\t\t\t<\/div>\n\t\t<\/div>\n\t\t\t\t\t<\/div>\n\t\t<\/section>\n\t\t\t\t<\/div>\n\t\t","protected":false},"excerpt":{"rendered":"<p>BIBLIOTECA GENERAL \u00bfQui\u00e9nes Somos? Objetivos Bibliotecas virtuales, cat\u00e1logos y repositorio Servicio bibliotecario Horario Servicio Contactos \u00bfQui\u00e9nes Somos? \u00bfQUI\u00c9NES SOMOS? La &hellip; <\/p>\n","protected":false},"author":10,"featured_media":0,"parent":0,"menu_order":0,"comment_status":"closed","ping_status":"closed","template":"","meta":{"om_disable_all_campaigns":false,"_monsterinsights_skip_tracking":false,"_monsterinsights_sitenote_active":false,"_monsterinsights_sitenote_note":"","_monsterinsights_sitenote_category":0,"footnotes":""},"class_list":["post-12930","page","type-page","status-publish","hentry"],"_links":{"self":[{"href":"https:\/\/www.uea.edu.ec\/web\/v2\/index.php?rest_route=\/wp\/v2\/pages\/12930","targetHints":{"allow":["GET"]}}],"collection":[{"href":"https:\/\/www.uea.edu.ec\/web\/v2\/index.php?rest_route=\/wp\/v2\/pages"}],"about":[{"href":"https:\/\/www.uea.edu.ec\/web\/v2\/index.php?rest_route=\/wp\/v2\/types\/page"}],"author":[{"embeddable":true,"href":"https:\/\/www.uea.edu.ec\/web\/v2\/index.php?rest_route=\/wp\/v2\/users\/10"}],"replies":[{"embeddable":true,"href":"https:\/\/www.uea.edu.ec\/web\/v2\/index.php?rest_route=%2Fwp%2Fv2%2Fcomments&post=12930"}],"version-history":[{"count":405,"href":"https:\/\/www.uea.edu.ec\/web\/v2\/index.php?rest_route=\/wp\/v2\/pages\/12930\/revisions"}],"predecessor-version":[{"id":58587,"href":"https:\/\/www.uea.edu.ec\/web\/v2\/index.php?rest_route=\/wp\/v2\/pages\/12930\/revisions\/58587"}],"wp:attachment":[{"href":"https:\/\/www.uea.edu.ec\/web\/v2\/index.php?rest_route=%2Fwp%2Fv2%2Fmedia&parent=12930"}],"curies":[{"name":"wp","href":"https:\/\/api.w.org\/{rel}","templated":true}]}}