{"id":22538,"date":"2023-02-28T09:29:53","date_gmt":"2023-02-28T14:29:53","guid":{"rendered":"https:\/\/web.uea.edu.ec\/web\/v2\/?page_id=22538"},"modified":"2024-01-26T10:33:45","modified_gmt":"2024-01-26T15:33:45","slug":"facultad-ciencias-de-la-tierra","status":"publish","type":"page","link":"https:\/\/www.uea.edu.ec\/web\/v2\/?page_id=22538","title":{"rendered":""},"content":{"rendered":"\t\t<div data-elementor-type=\"wp-page\" data-elementor-id=\"22538\" class=\"elementor elementor-22538\" data-elementor-settings=\"{&quot;ha_cmc_init_switcher&quot;:&quot;no&quot;}\" data-elementor-post-type=\"page\">\n\t\t\t\t\t\t<section class=\"elementor-section elementor-top-section elementor-element elementor-element-f05554e elementor-section-full_width elementor-section-content-top elementor-section-height-default elementor-section-height-default\" data-id=\"f05554e\" data-element_type=\"section\" data-settings=\"{&quot;background_background&quot;:&quot;slideshow&quot;,&quot;background_slideshow_gallery&quot;:[],&quot;background_slideshow_loop&quot;:&quot;yes&quot;,&quot;background_slideshow_slide_duration&quot;:5000,&quot;background_slideshow_slide_transition&quot;:&quot;fade&quot;,&quot;background_slideshow_transition_duration&quot;:500,&quot;_ha_eqh_enable&quot;:false}\">\n\t\t\t\t\t\t\t<div class=\"elementor-background-overlay\"><\/div>\n\t\t\t\t\t\t\t<div class=\"elementor-container elementor-column-gap-default\">\n\t\t\t\t\t<div class=\"elementor-column elementor-col-100 elementor-top-column elementor-element elementor-element-46d19c6\" data-id=\"46d19c6\" data-element_type=\"column\">\n\t\t\t<div class=\"elementor-widget-wrap elementor-element-populated\">\n\t\t\t\t\t\t<div class=\"elementor-element elementor-element-b58c6c4 elementor-widget elementor-widget-image\" data-id=\"b58c6c4\" data-element_type=\"widget\" data-widget_type=\"image.default\">\n\t\t\t\t<div class=\"elementor-widget-container\">\n\t\t\t\t\t\t\t\t\t\t\t\t\t\t\t<img fetchpriority=\"high\" decoding=\"async\" width=\"4548\" height=\"432\" src=\"https:\/\/www.uea.edu.ec\/web\/v2\/wp-content\/uploads\/2023\/02\/1-2.png\" class=\"attachment-full size-full wp-image-22724\" alt=\"\" srcset=\"https:\/\/www.uea.edu.ec\/web\/v2\/wp-content\/uploads\/2023\/02\/1-2.png 4548w, https:\/\/www.uea.edu.ec\/web\/v2\/wp-content\/uploads\/2023\/02\/1-2-300x28.png 300w, https:\/\/www.uea.edu.ec\/web\/v2\/wp-content\/uploads\/2023\/02\/1-2-1024x97.png 1024w, https:\/\/www.uea.edu.ec\/web\/v2\/wp-content\/uploads\/2023\/02\/1-2-768x73.png 768w, https:\/\/www.uea.edu.ec\/web\/v2\/wp-content\/uploads\/2023\/02\/1-2-1536x146.png 1536w, https:\/\/www.uea.edu.ec\/web\/v2\/wp-content\/uploads\/2023\/02\/1-2-2048x195.png 2048w, https:\/\/www.uea.edu.ec\/web\/v2\/wp-content\/uploads\/2023\/02\/elementor\/thumbs\/1-2-q2u06k84qqedg98ktufs5wgnjloih6k51qjpmc1m4c.png 750w\" sizes=\"(max-width: 4548px) 100vw, 4548px\" \/>\t\t\t\t\t\t\t\t\t\t\t\t\t\t\t<\/div>\n\t\t\t\t<\/div>\n\t\t\t\t<section class=\"elementor-section elementor-inner-section elementor-element elementor-element-85a4b21 elementor-section-boxed elementor-section-height-default elementor-section-height-default\" data-id=\"85a4b21\" data-element_type=\"section\" data-settings=\"{&quot;_ha_eqh_enable&quot;:false}\">\n\t\t\t\t\t\t<div class=\"elementor-container elementor-column-gap-wider\">\n\t\t\t\t\t<div class=\"elementor-column elementor-col-50 elementor-inner-column elementor-element elementor-element-49bc0a0\" data-id=\"49bc0a0\" data-element_type=\"column\">\n\t\t\t<div class=\"elementor-widget-wrap elementor-element-populated\">\n\t\t\t\t\t\t<div class=\"elementor-element elementor-element-4173602 elementor-widget elementor-widget-heading\" data-id=\"4173602\" data-element_type=\"widget\" data-widget_type=\"heading.default\">\n\t\t\t\t<div class=\"elementor-widget-container\">\n\t\t\t\t\t<h1 class=\"elementor-heading-title elementor-size-default\">\u00bfQUI\u00c9NES SOMOS?<\/h1>\t\t\t\t<\/div>\n\t\t\t\t<\/div>\n\t\t\t\t<div class=\"elementor-element elementor-element-913928b elementor-widget elementor-widget-text-editor\" data-id=\"913928b\" data-element_type=\"widget\" data-widget_type=\"text-editor.default\">\n\t\t\t\t<div class=\"elementor-widget-container\">\n\t\t\t\t\t\t\t\t\t<p style=\"text-align: justify;\"><span style=\"color: #384152;\">Desde nuestra fundaci\u00f3n en 2013, nos hemos fortalecido como una Facultad l\u00edder en la regi\u00f3n, nos distinguimos por la excelencia acad\u00e9mica, la innovaci\u00f3n, el emprendimiento, el liderazgo, la vanguardia, la disciplina, la interculturalidad y nuestro modelo educativo.<\/span><\/p><p style=\"text-align: justify;\"><span style=\"color: #384152;\">El prestigio de la Facultad de Ciencias de la Tierra es gracias a la entrega, trabajo y pasi\u00f3n de nuestro cuerpo estudiantil, de nuestros docentes, t\u00e9cnico-docentes, administrativos y graduados. Reconocemos el aporte que cada uno con su talento, su liderazgo y sus metas brinda para construir una educaci\u00f3n integral que ofrece las herramientas para responder a los retos globales y locales del presente y del futuro de nuestra sociedad.<\/span><\/p><p style=\"text-align: justify;\"><span style=\"color: #384152;\">Con la ayuda de todos, y con la ambici\u00f3n de formar a j\u00f3venes l\u00edderes en sus diferentes ecosistemas culturales, contribuimos al desarrollo sostenible de la cuenca amaz\u00f3nica, del pa\u00eds, de Latinoam\u00e9rica y del mundo. El trabajo colectivo de todas y todos convierte la Facultad de Ciencias de la Tierra en un centro global de generaci\u00f3n y difusi\u00f3n de conocimientos, de tecnolog\u00edas y m\u00e9todos en gesti\u00f3n y transformaci\u00f3n de recursos naturales. Formamos profesionales l\u00edderes en comunicaci\u00f3n, en ingenier\u00eda forestal, en agroindustria y en agropecuaria con una perspectiva innovadora, regenerativa y sostenible, para llegar a emprendimientos resilientes e inclusivos.<\/span><\/p><p style=\"text-align: justify;\"><span style=\"color: #384152;\">Trabajamos de forma comprometida para construir competencias profesionales y responsabilidad social en un campus intercultural, diverso e inclusivo donde se fomentan valores como la innovaci\u00f3n, el impacto social, la disciplina y el respeto a la diferencia para la democratizaci\u00f3n del acceso a las oportunidades.<\/span><\/p><p style=\"text-align: justify;\"><span style=\"color: #384152;\">Creemos en l\u00edderes que emprenden y producen legados.<\/span><\/p>\t\t\t\t\t\t\t\t<\/div>\n\t\t\t\t<\/div>\n\t\t\t\t<div class=\"elementor-element elementor-element-a10aabd elementor-widget elementor-widget-image\" data-id=\"a10aabd\" data-element_type=\"widget\" data-widget_type=\"image.default\">\n\t\t\t\t<div class=\"elementor-widget-container\">\n\t\t\t\t\t\t\t\t\t\t\t\t\t\t\t<img decoding=\"async\" width=\"3967\" height=\"1675\" src=\"https:\/\/www.uea.edu.ec\/web\/v2\/wp-content\/uploads\/2023\/02\/Mision-1.png\" class=\"attachment-full size-full wp-image-22549\" alt=\"MISI\u00d3N\" srcset=\"https:\/\/www.uea.edu.ec\/web\/v2\/wp-content\/uploads\/2023\/02\/Mision-1.png 3967w, https:\/\/www.uea.edu.ec\/web\/v2\/wp-content\/uploads\/2023\/02\/Mision-1-300x127.png 300w, https:\/\/www.uea.edu.ec\/web\/v2\/wp-content\/uploads\/2023\/02\/Mision-1-1024x432.png 1024w, https:\/\/www.uea.edu.ec\/web\/v2\/wp-content\/uploads\/2023\/02\/Mision-1-768x324.png 768w, https:\/\/www.uea.edu.ec\/web\/v2\/wp-content\/uploads\/2023\/02\/Mision-1-1536x649.png 1536w, https:\/\/www.uea.edu.ec\/web\/v2\/wp-content\/uploads\/2023\/02\/Mision-1-2048x865.png 2048w\" sizes=\"(max-width: 3967px) 100vw, 3967px\" \/>\t\t\t\t\t\t\t\t\t\t\t\t\t\t\t<\/div>\n\t\t\t\t<\/div>\n\t\t\t\t<div class=\"elementor-element elementor-element-c3bbf9b elementor-widget elementor-widget-text-editor\" data-id=\"c3bbf9b\" data-element_type=\"widget\" data-widget_type=\"text-editor.default\">\n\t\t\t\t<div class=\"elementor-widget-container\">\n\t\t\t\t\t\t\t\t\t<p style=\"text-align: justify;\">Formar profesionales e investigadores altamente capacitados en Comunicaci\u00f3n, Ingenier\u00eda Forestal, Agroindustria y Agropecuaria, para satisfacer las necesidades sociales y participar en el progreso del territorio, bajo los principios del desarrollo sostenible integral y equilibrado del ser humano de la Regi\u00f3n Amaz\u00f3nica y del Ecuador, valorando sus conocimientos ancestrales y fomentando su identidad cultural.<\/p>\t\t\t\t\t\t\t\t<\/div>\n\t\t\t\t<\/div>\n\t\t\t\t<div class=\"elementor-element elementor-element-85d2434 elementor-widget elementor-widget-image\" data-id=\"85d2434\" data-element_type=\"widget\" data-widget_type=\"image.default\">\n\t\t\t\t<div class=\"elementor-widget-container\">\n\t\t\t\t\t\t\t\t\t\t\t\t\t\t\t<img decoding=\"async\" width=\"3967\" height=\"1675\" src=\"https:\/\/www.uea.edu.ec\/web\/v2\/wp-content\/uploads\/2023\/02\/vision-1.png\" class=\"attachment-full size-full wp-image-22551\" alt=\"VISI\u00d3N\" srcset=\"https:\/\/www.uea.edu.ec\/web\/v2\/wp-content\/uploads\/2023\/02\/vision-1.png 3967w, https:\/\/www.uea.edu.ec\/web\/v2\/wp-content\/uploads\/2023\/02\/vision-1-300x127.png 300w, https:\/\/www.uea.edu.ec\/web\/v2\/wp-content\/uploads\/2023\/02\/vision-1-1024x432.png 1024w, https:\/\/www.uea.edu.ec\/web\/v2\/wp-content\/uploads\/2023\/02\/vision-1-768x324.png 768w, https:\/\/www.uea.edu.ec\/web\/v2\/wp-content\/uploads\/2023\/02\/vision-1-1536x649.png 1536w, https:\/\/www.uea.edu.ec\/web\/v2\/wp-content\/uploads\/2023\/02\/vision-1-2048x865.png 2048w\" sizes=\"(max-width: 3967px) 100vw, 3967px\" \/>\t\t\t\t\t\t\t\t\t\t\t\t\t\t\t<\/div>\n\t\t\t\t<\/div>\n\t\t\t\t<div class=\"elementor-element elementor-element-9538572 elementor-widget elementor-widget-text-editor\" data-id=\"9538572\" data-element_type=\"widget\" data-widget_type=\"text-editor.default\">\n\t\t\t\t<div class=\"elementor-widget-container\">\n\t\t\t\t\t\t\t\t\t<p style=\"text-align: justify;\">La Facultad de Ciencias de la Tierra ser\u00e1 una unidad de formaci\u00f3n acad\u00e9mica y cient\u00edfica de docencia, que impulsar\u00e1 la investigaci\u00f3n y promover\u00e1 el progreso sostenible de la Amazon\u00eda, de tal forma que sus recursos sean valorizados como elementos fundamentales del desarrollo de la provincia, del pa\u00eds y del mundo. Impulsar\u00e1 la unidad social en el respeto de la identidad cultural desde sus conocimientos ancestrales para potencializar la econom\u00eda de sus pueblos.<\/p>\t\t\t\t\t\t\t\t<\/div>\n\t\t\t\t<\/div>\n\t\t\t\t<div class=\"elementor-element elementor-element-da0933f elementor-widget elementor-widget-heading\" data-id=\"da0933f\" data-element_type=\"widget\" data-widget_type=\"heading.default\">\n\t\t\t\t<div class=\"elementor-widget-container\">\n\t\t\t\t\t<h1 class=\"elementor-heading-title elementor-size-default\">CARRERAS<\/h1>\t\t\t\t<\/div>\n\t\t\t\t<\/div>\n\t\t\t\t<div class=\"elementor-element elementor-element-5463889 elementor-icon-list--layout-traditional elementor-list-item-link-full_width elementor-widget elementor-widget-icon-list\" data-id=\"5463889\" data-element_type=\"widget\" data-widget_type=\"icon-list.default\">\n\t\t\t\t<div class=\"elementor-widget-container\">\n\t\t\t\t\t\t\t<ul class=\"elementor-icon-list-items\">\n\t\t\t\t\t\t\t<li class=\"elementor-icon-list-item\">\n\t\t\t\t\t\t\t\t\t\t\t<a href=\"https:\/\/web.uea.edu.ec\/web\/v2\/?page_id=3932\" target=\"_blank\">\n\n\t\t\t\t\t\t\t\t\t\t\t\t<span class=\"elementor-icon-list-icon\">\n\t\t\t\t\t\t\t<i aria-hidden=\"true\" class=\"fas fa-university\"><\/i>\t\t\t\t\t\t<\/span>\n\t\t\t\t\t\t\t\t\t\t<span class=\"elementor-icon-list-text\">Ingenier\u00eda Agropecuaria<\/span>\n\t\t\t\t\t\t\t\t\t\t\t<\/a>\n\t\t\t\t\t\t\t\t\t<\/li>\n\t\t\t\t\t\t\t\t<li class=\"elementor-icon-list-item\">\n\t\t\t\t\t\t\t\t\t\t\t<a href=\"https:\/\/web.uea.edu.ec\/web\/v2\/?page_id=3963\" target=\"_blank\">\n\n\t\t\t\t\t\t\t\t\t\t\t\t<span class=\"elementor-icon-list-icon\">\n\t\t\t\t\t\t\t<i aria-hidden=\"true\" class=\"fas fa-university\"><\/i>\t\t\t\t\t\t<\/span>\n\t\t\t\t\t\t\t\t\t\t<span class=\"elementor-icon-list-text\">Ingenier\u00eda  Agroindustrial<\/span>\n\t\t\t\t\t\t\t\t\t\t\t<\/a>\n\t\t\t\t\t\t\t\t\t<\/li>\n\t\t\t\t\t\t\t\t<li class=\"elementor-icon-list-item\">\n\t\t\t\t\t\t\t\t\t\t\t<a href=\"https:\/\/web.uea.edu.ec\/web\/v2\/?page_id=3965\" target=\"_blank\">\n\n\t\t\t\t\t\t\t\t\t\t\t\t<span class=\"elementor-icon-list-icon\">\n\t\t\t\t\t\t\t<i aria-hidden=\"true\" class=\"fas fa-university\"><\/i>\t\t\t\t\t\t<\/span>\n\t\t\t\t\t\t\t\t\t\t<span class=\"elementor-icon-list-text\">Ingenier\u00eda Forestal<\/span>\n\t\t\t\t\t\t\t\t\t\t\t<\/a>\n\t\t\t\t\t\t\t\t\t<\/li>\n\t\t\t\t\t\t\t\t<li class=\"elementor-icon-list-item\">\n\t\t\t\t\t\t\t\t\t\t\t<a href=\"https:\/\/web.uea.edu.ec\/web\/v2\/?page_id=3975\" target=\"_blank\">\n\n\t\t\t\t\t\t\t\t\t\t\t\t<span class=\"elementor-icon-list-icon\">\n\t\t\t\t\t\t\t<i aria-hidden=\"true\" class=\"fas fa-university\"><\/i>\t\t\t\t\t\t<\/span>\n\t\t\t\t\t\t\t\t\t\t<span class=\"elementor-icon-list-text\">Comunicaci\u00f3n<\/span>\n\t\t\t\t\t\t\t\t\t\t\t<\/a>\n\t\t\t\t\t\t\t\t\t<\/li>\n\t\t\t\t\t\t<\/ul>\n\t\t\t\t\t\t<\/div>\n\t\t\t\t<\/div>\n\t\t\t\t\t<\/div>\n\t\t<\/div>\n\t\t\t\t<div class=\"elementor-column elementor-col-50 elementor-inner-column elementor-element elementor-element-f727094\" data-id=\"f727094\" data-element_type=\"column\">\n\t\t\t<div class=\"elementor-widget-wrap elementor-element-populated\">\n\t\t\t\t\t\t<div class=\"elementor-element elementor-element-3f882d1 elementor-widget elementor-widget-heading\" data-id=\"3f882d1\" data-element_type=\"widget\" data-widget_type=\"heading.default\">\n\t\t\t\t<div class=\"elementor-widget-container\">\n\t\t\t\t\t<h1 class=\"elementor-heading-title elementor-size-default\">FORMATOS ACAD\u00c9MICOS <\/h1>\t\t\t\t<\/div>\n\t\t\t\t<\/div>\n\t\t\t\t<div class=\"elementor-element elementor-element-50a1543 elementor-widget elementor-widget-text-editor\" data-id=\"50a1543\" data-element_type=\"widget\" data-widget_type=\"text-editor.default\">\n\t\t\t\t<div class=\"elementor-widget-container\">\n\t\t\t\t\t\t\t\t\t<p>\u00a0<\/p><p>\u00a0<\/p>\t\t\t\t\t\t\t\t<\/div>\n\t\t\t\t<\/div>\n\t\t\t\t<div class=\"elementor-element elementor-element-bad9c9a elementor-widget elementor-widget-heading\" data-id=\"bad9c9a\" data-element_type=\"widget\" data-widget_type=\"heading.default\">\n\t\t\t\t<div class=\"elementor-widget-container\">\n\t\t\t\t\t<h1 class=\"elementor-heading-title elementor-size-default\">ORGANIGRAMA<\/h1>\t\t\t\t<\/div>\n\t\t\t\t<\/div>\n\t\t\t\t<div class=\"elementor-element elementor-element-6b7b2ee elementor-widget elementor-widget-text-editor\" data-id=\"6b7b2ee\" data-element_type=\"widget\" data-widget_type=\"text-editor.default\">\n\t\t\t\t<div class=\"elementor-widget-container\">\n\t\t\t\t\t\t\t\t\t<p>\u00a0<\/p><p>\u00a0<\/p>\t\t\t\t\t\t\t\t<\/div>\n\t\t\t\t<\/div>\n\t\t\t\t<div class=\"elementor-element elementor-element-0e59ced elementor-widget elementor-widget-heading\" data-id=\"0e59ced\" data-element_type=\"widget\" data-widget_type=\"heading.default\">\n\t\t\t\t<div class=\"elementor-widget-container\">\n\t\t\t\t\t<h1 class=\"elementor-heading-title elementor-size-default\">UBICACI\u00d3N<\/h1>\t\t\t\t<\/div>\n\t\t\t\t<\/div>\n\t\t\t\t<div class=\"elementor-element elementor-element-bb05d9f elementor-widget elementor-widget-text-editor\" data-id=\"bb05d9f\" data-element_type=\"widget\" data-widget_type=\"text-editor.default\">\n\t\t\t\t<div class=\"elementor-widget-container\">\n\t\t\t\t\t\t\t\t\t<p>Bloque A<\/p>\t\t\t\t\t\t\t\t<\/div>\n\t\t\t\t<\/div>\n\t\t\t\t<div class=\"elementor-element elementor-element-e48c4b2 elementor-widget elementor-widget-heading\" data-id=\"e48c4b2\" data-element_type=\"widget\" data-widget_type=\"heading.default\">\n\t\t\t\t<div class=\"elementor-widget-container\">\n\t\t\t\t\t<h1 class=\"elementor-heading-title elementor-size-default\">CONTACTOS<\/h1>\t\t\t\t<\/div>\n\t\t\t\t<\/div>\n\t\t\t\t<div class=\"elementor-element elementor-element-a33fb35 elementor-widget__width-inherit elementor-widget elementor-widget-text-editor\" data-id=\"a33fb35\" data-element_type=\"widget\" data-widget_type=\"text-editor.default\">\n\t\t\t\t<div class=\"elementor-widget-container\">\n\t\t\t\t\t\t\t\t\t<p><img loading=\"lazy\" decoding=\"async\" class=\"alignnone wp-image-15743\" src=\"https:\/\/web.uea.edu.ec\/web\/v2\/wp-content\/uploads\/2023\/02\/contacto-300x300.png\" alt=\"\" width=\"25\" height=\"25\" srcset=\"https:\/\/www.uea.edu.ec\/web\/v2\/wp-content\/uploads\/2023\/02\/contacto-300x300.png 300w, https:\/\/www.uea.edu.ec\/web\/v2\/wp-content\/uploads\/2023\/02\/contacto-1024x1024.png 1024w, https:\/\/www.uea.edu.ec\/web\/v2\/wp-content\/uploads\/2023\/02\/contacto-150x150.png 150w, https:\/\/www.uea.edu.ec\/web\/v2\/wp-content\/uploads\/2023\/02\/contacto-768x768.png 768w, https:\/\/www.uea.edu.ec\/web\/v2\/wp-content\/uploads\/2023\/02\/contacto-1536x1536.png 1536w, https:\/\/www.uea.edu.ec\/web\/v2\/wp-content\/uploads\/2023\/02\/contacto-2048x2048.png 2048w, https:\/\/www.uea.edu.ec\/web\/v2\/wp-content\/uploads\/2023\/02\/contacto-70x70.png 70w, https:\/\/www.uea.edu.ec\/web\/v2\/wp-content\/uploads\/2023\/02\/contacto-246x246.png 246w, https:\/\/www.uea.edu.ec\/web\/v2\/wp-content\/uploads\/2023\/02\/contacto-276x276.png 276w, https:\/\/www.uea.edu.ec\/web\/v2\/wp-content\/uploads\/2023\/02\/contacto-125x125.png 125w\" sizes=\"(max-width: 25px) 100vw, 25px\" \/>\u00a0 <span style=\"color: #3eb5a7;\">TEL\u00c9FONO:<\/span> 032892-118 \/ 032892-188 \/ 032892-098 \/ 032896-188<br \/>\u00a0 \u00a0 \u00a0 \u00a0 \u00a0 \u00a0Extensi\u00f3n Secretar\u00eda Dep. Ciencias de la Tierra: 116<br \/>\u00a0 \u00a0 \u00a0 \u00a0 \u00a0 \u00a0Extensi\u00f3n Direcci\u00f3n Dep. Ciencias de la Tierra: 137<\/p><p><img loading=\"lazy\" decoding=\"async\" class=\"alignnone wp-image-15744\" src=\"https:\/\/web.uea.edu.ec\/web\/v2\/wp-content\/uploads\/2023\/02\/correo-300x300.png\" alt=\"\" width=\"25\" height=\"25\" srcset=\"https:\/\/www.uea.edu.ec\/web\/v2\/wp-content\/uploads\/2023\/02\/correo-300x300.png 300w, https:\/\/www.uea.edu.ec\/web\/v2\/wp-content\/uploads\/2023\/02\/correo-1024x1024.png 1024w, https:\/\/www.uea.edu.ec\/web\/v2\/wp-content\/uploads\/2023\/02\/correo-150x150.png 150w, https:\/\/www.uea.edu.ec\/web\/v2\/wp-content\/uploads\/2023\/02\/correo-768x768.png 768w, https:\/\/www.uea.edu.ec\/web\/v2\/wp-content\/uploads\/2023\/02\/correo-1536x1536.png 1536w, https:\/\/www.uea.edu.ec\/web\/v2\/wp-content\/uploads\/2023\/02\/correo-2048x2048.png 2048w, https:\/\/www.uea.edu.ec\/web\/v2\/wp-content\/uploads\/2023\/02\/correo-70x70.png 70w, https:\/\/www.uea.edu.ec\/web\/v2\/wp-content\/uploads\/2023\/02\/correo-246x246.png 246w, https:\/\/www.uea.edu.ec\/web\/v2\/wp-content\/uploads\/2023\/02\/correo-276x276.png 276w, https:\/\/www.uea.edu.ec\/web\/v2\/wp-content\/uploads\/2023\/02\/correo-125x125.png 125w\" sizes=\"(max-width: 25px) 100vw, 25px\" \/>\u00a0 <span style=\"color: #3eb5a7;\">CORREO:\u00a0 <\/span>cienciasdelatierra@uea.edu.ec<\/p>\t\t\t\t\t\t\t\t<\/div>\n\t\t\t\t<\/div>\n\t\t\t\t\t<\/div>\n\t\t<\/div>\n\t\t\t\t\t<\/div>\n\t\t<\/section>\n\t\t\t\t\t<\/div>\n\t\t<\/div>\n\t\t\t\t\t<\/div>\n\t\t<\/section>\n\t\t\t\t<\/div>\n\t\t","protected":false},"excerpt":{"rendered":"<p>\u00bfQUI\u00c9NES SOMOS? Desde nuestra fundaci\u00f3n en 2013, nos hemos fortalecido como una Facultad l\u00edder en la regi\u00f3n, nos distinguimos por &hellip; <\/p>\n","protected":false},"author":10,"featured_media":0,"parent":0,"menu_order":0,"comment_status":"closed","ping_status":"closed","template":"","meta":{"om_disable_all_campaigns":false,"_monsterinsights_skip_tracking":false,"_monsterinsights_sitenote_active":false,"_monsterinsights_sitenote_note":"","_monsterinsights_sitenote_category":0,"footnotes":""},"class_list":["post-22538","page","type-page","status-publish","hentry"],"_links":{"self":[{"href":"https:\/\/www.uea.edu.ec\/web\/v2\/index.php?rest_route=\/wp\/v2\/pages\/22538","targetHints":{"allow":["GET"]}}],"collection":[{"href":"https:\/\/www.uea.edu.ec\/web\/v2\/index.php?rest_route=\/wp\/v2\/pages"}],"about":[{"href":"https:\/\/www.uea.edu.ec\/web\/v2\/index.php?rest_route=\/wp\/v2\/types\/page"}],"author":[{"embeddable":true,"href":"https:\/\/www.uea.edu.ec\/web\/v2\/index.php?rest_route=\/wp\/v2\/users\/10"}],"replies":[{"embeddable":true,"href":"https:\/\/www.uea.edu.ec\/web\/v2\/index.php?rest_route=%2Fwp%2Fv2%2Fcomments&post=22538"}],"version-history":[{"count":343,"href":"https:\/\/www.uea.edu.ec\/web\/v2\/index.php?rest_route=\/wp\/v2\/pages\/22538\/revisions"}],"predecessor-version":[{"id":42272,"href":"https:\/\/www.uea.edu.ec\/web\/v2\/index.php?rest_route=\/wp\/v2\/pages\/22538\/revisions\/42272"}],"wp:attachment":[{"href":"https:\/\/www.uea.edu.ec\/web\/v2\/index.php?rest_route=%2Fwp%2Fv2%2Fmedia&parent=22538"}],"curies":[{"name":"wp","href":"https:\/\/api.w.org\/{rel}","templated":true}]}}