{"id":28685,"date":"2023-03-15T10:08:40","date_gmt":"2023-03-15T15:08:40","guid":{"rendered":"https:\/\/web.uea.edu.ec\/web\/v2\/?page_id=28685"},"modified":"2026-03-19T16:28:12","modified_gmt":"2026-03-19T21:28:12","slug":"sedes","status":"publish","type":"page","link":"https:\/\/www.uea.edu.ec\/web\/v2\/?page_id=28685","title":{"rendered":""},"content":{"rendered":"\t\t<div data-elementor-type=\"wp-page\" data-elementor-id=\"28685\" class=\"elementor elementor-28685\" data-elementor-settings=\"{&quot;ha_cmc_init_switcher&quot;:&quot;no&quot;}\" data-elementor-post-type=\"page\">\n\t\t\t\t\t\t<section class=\"elementor-section elementor-top-section elementor-element elementor-element-55817e7 elementor-section-full_width elementor-section-content-top elementor-section-height-default elementor-section-height-default\" data-id=\"55817e7\" data-element_type=\"section\" data-e-type=\"section\" data-settings=\"{&quot;background_background&quot;:&quot;slideshow&quot;,&quot;background_slideshow_gallery&quot;:[],&quot;background_slideshow_loop&quot;:&quot;yes&quot;,&quot;background_slideshow_slide_duration&quot;:5000,&quot;background_slideshow_slide_transition&quot;:&quot;fade&quot;,&quot;background_slideshow_transition_duration&quot;:500,&quot;_ha_eqh_enable&quot;:false}\">\n\t\t\t\t\t\t\t<div class=\"elementor-background-overlay\"><\/div>\n\t\t\t\t\t\t\t<div class=\"elementor-container elementor-column-gap-default\">\n\t\t\t\t\t<div class=\"elementor-column elementor-col-100 elementor-top-column elementor-element elementor-element-77750a7\" data-id=\"77750a7\" data-element_type=\"column\" data-e-type=\"column\">\n\t\t\t<div class=\"elementor-widget-wrap elementor-element-populated\">\n\t\t\t\t\t\t<section class=\"elementor-section elementor-inner-section elementor-element elementor-element-289e9d2 elementor-section-boxed elementor-section-height-default elementor-section-height-default\" data-id=\"289e9d2\" data-element_type=\"section\" data-e-type=\"section\" data-settings=\"{&quot;_ha_eqh_enable&quot;:false}\">\n\t\t\t\t\t\t<div class=\"elementor-container elementor-column-gap-wider\">\n\t\t\t\t\t<div class=\"elementor-column elementor-col-50 elementor-inner-column elementor-element elementor-element-af62709\" data-id=\"af62709\" data-element_type=\"column\" data-e-type=\"column\">\n\t\t\t<div class=\"elementor-widget-wrap elementor-element-populated\">\n\t\t\t\t\t\t<div class=\"elementor-element elementor-element-d2fc81c elementor-widget elementor-widget-heading\" data-id=\"d2fc81c\" data-element_type=\"widget\" data-e-type=\"widget\" data-widget_type=\"heading.default\">\n\t\t\t\t<div class=\"elementor-widget-container\">\n\t\t\t\t\t<h1 class=\"elementor-heading-title elementor-size-default\">SEDE LAGO AGRIO<\/h1>\t\t\t\t<\/div>\n\t\t\t\t<\/div>\n\t\t\t\t<div class=\"elementor-element elementor-element-751145b elementor-widget elementor-widget-heading\" data-id=\"751145b\" data-element_type=\"widget\" data-e-type=\"widget\" data-widget_type=\"heading.default\">\n\t\t\t\t<div class=\"elementor-widget-container\">\n\t\t\t\t\t<h1 class=\"elementor-heading-title elementor-size-default\">MISI\u00d3N<\/h1>\t\t\t\t<\/div>\n\t\t\t\t<\/div>\n\t\t\t\t<div class=\"elementor-element elementor-element-c3a91d1 elementor-widget elementor-widget-text-editor\" data-id=\"c3a91d1\" data-element_type=\"widget\" data-e-type=\"widget\" data-widget_type=\"text-editor.default\">\n\t\t\t\t<div class=\"elementor-widget-container\">\n\t\t\t\t\t\t\t\t\t<p style=\"text-align: justify;\">Impartir la docencia, realizar la investigaci\u00f3n y vinculaci\u00f3n con la colectividad en determinadas ramas de la ciencia, la t\u00e9cnica y el humanismo, a trav\u00e9s de la cual la Universidad expide sus grados o t\u00edtulos de tercer nivel.\u00a0<\/p>\t\t\t\t\t\t\t\t<\/div>\n\t\t\t\t<\/div>\n\t\t\t\t<div class=\"elementor-element elementor-element-a960bc1 elementor-widget elementor-widget-heading\" data-id=\"a960bc1\" data-element_type=\"widget\" data-e-type=\"widget\" data-widget_type=\"heading.default\">\n\t\t\t\t<div class=\"elementor-widget-container\">\n\t\t\t\t\t<h1 class=\"elementor-heading-title elementor-size-default\">CARRERAS<\/h1>\t\t\t\t<\/div>\n\t\t\t\t<\/div>\n\t\t\t\t<div class=\"elementor-element elementor-element-80e2b0e elementor-icon-list--layout-traditional elementor-list-item-link-full_width elementor-widget elementor-widget-icon-list\" data-id=\"80e2b0e\" data-element_type=\"widget\" data-e-type=\"widget\" data-widget_type=\"icon-list.default\">\n\t\t\t\t<div class=\"elementor-widget-container\">\n\t\t\t\t\t\t\t<ul class=\"elementor-icon-list-items\">\n\t\t\t\t\t\t\t<li class=\"elementor-icon-list-item\">\n\t\t\t\t\t\t\t\t\t\t\t<a href=\"https:\/\/web.uea.edu.ec\/web\/v2\/?page_id=3971\" target=\"_blank\">\n\n\t\t\t\t\t\t\t\t\t\t\t\t<span class=\"elementor-icon-list-icon\">\n\t\t\t\t\t\t\t<i aria-hidden=\"true\" class=\"fas fa-university\"><\/i>\t\t\t\t\t\t<\/span>\n\t\t\t\t\t\t\t\t\t\t<span class=\"elementor-icon-list-text\">Licenciatura en Turismo <\/span>\n\t\t\t\t\t\t\t\t\t\t\t<\/a>\n\t\t\t\t\t\t\t\t\t<\/li>\n\t\t\t\t\t\t\t\t<li class=\"elementor-icon-list-item\">\n\t\t\t\t\t\t\t\t\t\t\t<a href=\"https:\/\/web.uea.edu.ec\/web\/v2\/?page_id=3973\" target=\"_blank\">\n\n\t\t\t\t\t\t\t\t\t\t\t\t<span class=\"elementor-icon-list-icon\">\n\t\t\t\t\t\t\t<i aria-hidden=\"true\" class=\"fas fa-university\"><\/i>\t\t\t\t\t\t<\/span>\n\t\t\t\t\t\t\t\t\t\t<span class=\"elementor-icon-list-text\">Biolog\u00eda<\/span>\n\t\t\t\t\t\t\t\t\t\t\t<\/a>\n\t\t\t\t\t\t\t\t\t<\/li>\n\t\t\t\t\t\t<\/ul>\n\t\t\t\t\t\t<\/div>\n\t\t\t\t<\/div>\n\t\t\t\t<div class=\"elementor-element elementor-element-022652c elementor-widget elementor-widget-heading\" data-id=\"022652c\" data-element_type=\"widget\" data-e-type=\"widget\" data-widget_type=\"heading.default\">\n\t\t\t\t<div class=\"elementor-widget-container\">\n\t\t\t\t\t<h1 class=\"elementor-heading-title elementor-size-default\">CONTACTOS<\/h1>\t\t\t\t<\/div>\n\t\t\t\t<\/div>\n\t\t\t\t<div class=\"elementor-element elementor-element-272b6c1 elementor-widget__width-inherit elementor-widget elementor-widget-text-editor\" data-id=\"272b6c1\" data-element_type=\"widget\" data-e-type=\"widget\" data-widget_type=\"text-editor.default\">\n\t\t\t\t<div class=\"elementor-widget-container\">\n\t\t\t\t\t\t\t\t\t<p><img decoding=\"async\" class=\"alignnone wp-image-15743\" src=\"https:\/\/web.uea.edu.ec\/web\/v2\/wp-content\/uploads\/2023\/02\/contacto-300x300.png\" alt=\"\" width=\"25\" height=\"25\" srcset=\"https:\/\/www.uea.edu.ec\/web\/v2\/wp-content\/uploads\/2023\/02\/contacto-300x300.png 300w, https:\/\/www.uea.edu.ec\/web\/v2\/wp-content\/uploads\/2023\/02\/contacto-1024x1024.png 1024w, https:\/\/www.uea.edu.ec\/web\/v2\/wp-content\/uploads\/2023\/02\/contacto-150x150.png 150w, https:\/\/www.uea.edu.ec\/web\/v2\/wp-content\/uploads\/2023\/02\/contacto-768x768.png 768w, https:\/\/www.uea.edu.ec\/web\/v2\/wp-content\/uploads\/2023\/02\/contacto-1536x1536.png 1536w, https:\/\/www.uea.edu.ec\/web\/v2\/wp-content\/uploads\/2023\/02\/contacto-2048x2048.png 2048w, https:\/\/www.uea.edu.ec\/web\/v2\/wp-content\/uploads\/2023\/02\/contacto-70x70.png 70w, https:\/\/www.uea.edu.ec\/web\/v2\/wp-content\/uploads\/2023\/02\/contacto-246x246.png 246w, https:\/\/www.uea.edu.ec\/web\/v2\/wp-content\/uploads\/2023\/02\/contacto-276x276.png 276w, https:\/\/www.uea.edu.ec\/web\/v2\/wp-content\/uploads\/2023\/02\/contacto-125x125.png 125w\" sizes=\"(max-width: 25px) 100vw, 25px\" \/>\u00a0 \u00a0062832016 \u2013 062830581 Ext. 18100<\/p><p><img decoding=\"async\" class=\"alignnone wp-image-15744\" src=\"https:\/\/web.uea.edu.ec\/web\/v2\/wp-content\/uploads\/2023\/02\/correo-300x300.png\" alt=\"\" width=\"25\" height=\"25\" srcset=\"https:\/\/www.uea.edu.ec\/web\/v2\/wp-content\/uploads\/2023\/02\/correo-300x300.png 300w, https:\/\/www.uea.edu.ec\/web\/v2\/wp-content\/uploads\/2023\/02\/correo-1024x1024.png 1024w, https:\/\/www.uea.edu.ec\/web\/v2\/wp-content\/uploads\/2023\/02\/correo-150x150.png 150w, https:\/\/www.uea.edu.ec\/web\/v2\/wp-content\/uploads\/2023\/02\/correo-768x768.png 768w, https:\/\/www.uea.edu.ec\/web\/v2\/wp-content\/uploads\/2023\/02\/correo-1536x1536.png 1536w, https:\/\/www.uea.edu.ec\/web\/v2\/wp-content\/uploads\/2023\/02\/correo-2048x2048.png 2048w, https:\/\/www.uea.edu.ec\/web\/v2\/wp-content\/uploads\/2023\/02\/correo-70x70.png 70w, https:\/\/www.uea.edu.ec\/web\/v2\/wp-content\/uploads\/2023\/02\/correo-246x246.png 246w, https:\/\/www.uea.edu.ec\/web\/v2\/wp-content\/uploads\/2023\/02\/correo-276x276.png 276w, https:\/\/www.uea.edu.ec\/web\/v2\/wp-content\/uploads\/2023\/02\/correo-125x125.png 125w\" sizes=\"(max-width: 25px) 100vw, 25px\" \/>\u00a0 \u00a0direccionlagoagrio@uea.edu.ec<\/p><p><img decoding=\"async\" class=\"alignnone  wp-image-30596\" src=\"https:\/\/web.uea.edu.ec\/web\/v2\/wp-content\/uploads\/2023\/03\/ubicacion-300x300.png\" alt=\"\" width=\"27\" height=\"27\" srcset=\"https:\/\/www.uea.edu.ec\/web\/v2\/wp-content\/uploads\/2023\/03\/ubicacion-300x300.png 300w, https:\/\/www.uea.edu.ec\/web\/v2\/wp-content\/uploads\/2023\/03\/ubicacion-1024x1021.png 1024w, https:\/\/www.uea.edu.ec\/web\/v2\/wp-content\/uploads\/2023\/03\/ubicacion-150x150.png 150w, https:\/\/www.uea.edu.ec\/web\/v2\/wp-content\/uploads\/2023\/03\/ubicacion-768x766.png 768w, https:\/\/www.uea.edu.ec\/web\/v2\/wp-content\/uploads\/2023\/03\/ubicacion-1536x1532.png 1536w, https:\/\/www.uea.edu.ec\/web\/v2\/wp-content\/uploads\/2023\/03\/ubicacion-2048x2042.png 2048w, https:\/\/www.uea.edu.ec\/web\/v2\/wp-content\/uploads\/2023\/03\/ubicacion-70x70.png 70w, https:\/\/www.uea.edu.ec\/web\/v2\/wp-content\/uploads\/2023\/03\/ubicacion-246x246.png 246w, https:\/\/www.uea.edu.ec\/web\/v2\/wp-content\/uploads\/2023\/03\/ubicacion-276x276.png 276w, https:\/\/www.uea.edu.ec\/web\/v2\/wp-content\/uploads\/2023\/03\/ubicacion-125x125.png 125w, https:\/\/www.uea.edu.ec\/web\/v2\/wp-content\/uploads\/2023\/03\/ubicacion-1320x1316.png 1320w\" sizes=\"(max-width: 27px) 100vw, 27px\" \/>\u00a0 Ubicaci\u00f3n: V\u00eda Aguarico Nueva Loja, 210203<\/p>\t\t\t\t\t\t\t\t<\/div>\n\t\t\t\t<\/div>\n\t\t\t\t<div class=\"elementor-element elementor-element-f151de2 elementor-widget-divider--view-line elementor-widget elementor-widget-divider\" data-id=\"f151de2\" data-element_type=\"widget\" data-e-type=\"widget\" data-widget_type=\"divider.default\">\n\t\t\t\t<div class=\"elementor-widget-container\">\n\t\t\t\t\t\t\t<div class=\"elementor-divider\">\n\t\t\t<span class=\"elementor-divider-separator\">\n\t\t\t\t\t\t<\/span>\n\t\t<\/div>\n\t\t\t\t\t\t<\/div>\n\t\t\t\t<\/div>\n\t\t\t\t\t<\/div>\n\t\t<\/div>\n\t\t\t\t<div class=\"elementor-column elementor-col-50 elementor-inner-column elementor-element elementor-element-0680233\" data-id=\"0680233\" data-element_type=\"column\" data-e-type=\"column\">\n\t\t\t<div class=\"elementor-widget-wrap elementor-element-populated\">\n\t\t\t\t\t\t<div class=\"elementor-element elementor-element-22596bc elementor-widget elementor-widget-heading\" data-id=\"22596bc\" data-element_type=\"widget\" data-e-type=\"widget\" data-widget_type=\"heading.default\">\n\t\t\t\t<div class=\"elementor-widget-container\">\n\t\t\t\t\t<h1 class=\"elementor-heading-title elementor-size-default\">REPONSABLE<\/h1>\t\t\t\t<\/div>\n\t\t\t\t<\/div>\n\t\t\t\t<div class=\"elementor-element elementor-element-e7145c8 elementor-widget elementor-widget-text-editor\" data-id=\"e7145c8\" data-element_type=\"widget\" data-e-type=\"widget\" data-widget_type=\"text-editor.default\">\n\t\t\t\t<div class=\"elementor-widget-container\">\n\t\t\t\t\t\t\t\t\t<h4><span style=\"color: #384152;\">Ing. Janeth Yesenia Arias Cordero<\/span><br><span style=\"color: #384152;\">DIRECTORA ADMINISTRATIVA SEDE ACAD\u00c9MICA LAGO AGRIO -SUCUMB\u00cdOS<\/span><\/h4>\t\t\t\t\t\t\t\t<\/div>\n\t\t\t\t<\/div>\n\t\t\t\t\t<\/div>\n\t\t<\/div>\n\t\t\t\t\t<\/div>\n\t\t<\/section>\n\t\t\t\t<section class=\"elementor-section elementor-inner-section elementor-element elementor-element-7989f1f elementor-section-boxed elementor-section-height-default elementor-section-height-default\" data-id=\"7989f1f\" data-element_type=\"section\" data-e-type=\"section\" data-settings=\"{&quot;_ha_eqh_enable&quot;:false}\">\n\t\t\t\t\t\t<div class=\"elementor-container elementor-column-gap-wider\">\n\t\t\t\t\t<div class=\"elementor-column elementor-col-50 elementor-inner-column elementor-element elementor-element-de6b78c\" data-id=\"de6b78c\" data-element_type=\"column\" data-e-type=\"column\">\n\t\t\t<div class=\"elementor-widget-wrap elementor-element-populated\">\n\t\t\t\t\t\t<div class=\"elementor-element elementor-element-b5561e2 elementor-widget elementor-widget-heading\" data-id=\"b5561e2\" data-element_type=\"widget\" data-e-type=\"widget\" data-widget_type=\"heading.default\">\n\t\t\t\t<div class=\"elementor-widget-container\">\n\t\t\t\t\t<h1 class=\"elementor-heading-title elementor-size-default\">SEDE EL PANGUI<\/h1>\t\t\t\t<\/div>\n\t\t\t\t<\/div>\n\t\t\t\t<div class=\"elementor-element elementor-element-382feea elementor-widget elementor-widget-heading\" data-id=\"382feea\" data-element_type=\"widget\" data-e-type=\"widget\" data-widget_type=\"heading.default\">\n\t\t\t\t<div class=\"elementor-widget-container\">\n\t\t\t\t\t<h1 class=\"elementor-heading-title elementor-size-default\">MISI\u00d3N<\/h1>\t\t\t\t<\/div>\n\t\t\t\t<\/div>\n\t\t\t\t<div class=\"elementor-element elementor-element-daccbea elementor-widget elementor-widget-text-editor\" data-id=\"daccbea\" data-element_type=\"widget\" data-e-type=\"widget\" data-widget_type=\"text-editor.default\">\n\t\t\t\t<div class=\"elementor-widget-container\">\n\t\t\t\t\t\t\t\t\t<p style=\"text-align: justify;\">Impartir la docencia, realizar la investigaci\u00f3n y vinculaci\u00f3n con la colectividad en determinadas ramas de la ciencia, la t\u00e9cnica y el humanismo, a trav\u00e9s de la cual la Universidad expide sus grados o t\u00edtulos de tercer nivel.<\/p>\t\t\t\t\t\t\t\t<\/div>\n\t\t\t\t<\/div>\n\t\t\t\t<div class=\"elementor-element elementor-element-d423d06 elementor-widget elementor-widget-heading\" data-id=\"d423d06\" data-element_type=\"widget\" data-e-type=\"widget\" data-widget_type=\"heading.default\">\n\t\t\t\t<div class=\"elementor-widget-container\">\n\t\t\t\t\t<h1 class=\"elementor-heading-title elementor-size-default\">CARRERAS<\/h1>\t\t\t\t<\/div>\n\t\t\t\t<\/div>\n\t\t\t\t<div class=\"elementor-element elementor-element-1c69ca2 elementor-icon-list--layout-traditional elementor-list-item-link-full_width elementor-widget elementor-widget-icon-list\" data-id=\"1c69ca2\" data-element_type=\"widget\" data-e-type=\"widget\" data-widget_type=\"icon-list.default\">\n\t\t\t\t<div class=\"elementor-widget-container\">\n\t\t\t\t\t\t\t<ul class=\"elementor-icon-list-items\">\n\t\t\t\t\t\t\t<li class=\"elementor-icon-list-item\">\n\t\t\t\t\t\t\t\t\t\t\t<a href=\"https:\/\/web.uea.edu.ec\/web\/v2\/?page_id=3971\" target=\"_blank\">\n\n\t\t\t\t\t\t\t\t\t\t\t\t<span class=\"elementor-icon-list-icon\">\n\t\t\t\t\t\t\t<i aria-hidden=\"true\" class=\"fas fa-university\"><\/i>\t\t\t\t\t\t<\/span>\n\t\t\t\t\t\t\t\t\t\t<span class=\"elementor-icon-list-text\">Licenciatura en Turismo <\/span>\n\t\t\t\t\t\t\t\t\t\t\t<\/a>\n\t\t\t\t\t\t\t\t\t<\/li>\n\t\t\t\t\t\t\t\t<li class=\"elementor-icon-list-item\">\n\t\t\t\t\t\t\t\t\t\t\t<a href=\"https:\/\/web.uea.edu.ec\/web\/v2\/?page_id=3973\" target=\"_blank\">\n\n\t\t\t\t\t\t\t\t\t\t\t\t<span class=\"elementor-icon-list-icon\">\n\t\t\t\t\t\t\t<i aria-hidden=\"true\" class=\"fas fa-university\"><\/i>\t\t\t\t\t\t<\/span>\n\t\t\t\t\t\t\t\t\t\t<span class=\"elementor-icon-list-text\">Biolog\u00eda<\/span>\n\t\t\t\t\t\t\t\t\t\t\t<\/a>\n\t\t\t\t\t\t\t\t\t<\/li>\n\t\t\t\t\t\t<\/ul>\n\t\t\t\t\t\t<\/div>\n\t\t\t\t<\/div>\n\t\t\t\t<div class=\"elementor-element elementor-element-4929cf0 elementor-widget elementor-widget-heading\" data-id=\"4929cf0\" data-element_type=\"widget\" data-e-type=\"widget\" data-widget_type=\"heading.default\">\n\t\t\t\t<div class=\"elementor-widget-container\">\n\t\t\t\t\t<h1 class=\"elementor-heading-title elementor-size-default\">CONTACTOS<\/h1>\t\t\t\t<\/div>\n\t\t\t\t<\/div>\n\t\t\t\t<div class=\"elementor-element elementor-element-bbce21d elementor-widget__width-inherit elementor-widget elementor-widget-text-editor\" data-id=\"bbce21d\" data-element_type=\"widget\" data-e-type=\"widget\" data-widget_type=\"text-editor.default\">\n\t\t\t\t<div class=\"elementor-widget-container\">\n\t\t\t\t\t\t\t\t\t<p><img decoding=\"async\" class=\"alignnone wp-image-15743\" src=\"https:\/\/web.uea.edu.ec\/web\/v2\/wp-content\/uploads\/2023\/02\/contacto-300x300.png\" alt=\"\" width=\"25\" height=\"25\" srcset=\"https:\/\/www.uea.edu.ec\/web\/v2\/wp-content\/uploads\/2023\/02\/contacto-300x300.png 300w, https:\/\/www.uea.edu.ec\/web\/v2\/wp-content\/uploads\/2023\/02\/contacto-1024x1024.png 1024w, https:\/\/www.uea.edu.ec\/web\/v2\/wp-content\/uploads\/2023\/02\/contacto-150x150.png 150w, https:\/\/www.uea.edu.ec\/web\/v2\/wp-content\/uploads\/2023\/02\/contacto-768x768.png 768w, https:\/\/www.uea.edu.ec\/web\/v2\/wp-content\/uploads\/2023\/02\/contacto-1536x1536.png 1536w, https:\/\/www.uea.edu.ec\/web\/v2\/wp-content\/uploads\/2023\/02\/contacto-2048x2048.png 2048w, https:\/\/www.uea.edu.ec\/web\/v2\/wp-content\/uploads\/2023\/02\/contacto-70x70.png 70w, https:\/\/www.uea.edu.ec\/web\/v2\/wp-content\/uploads\/2023\/02\/contacto-246x246.png 246w, https:\/\/www.uea.edu.ec\/web\/v2\/wp-content\/uploads\/2023\/02\/contacto-276x276.png 276w, https:\/\/www.uea.edu.ec\/web\/v2\/wp-content\/uploads\/2023\/02\/contacto-125x125.png 125w\" sizes=\"(max-width: 25px) 100vw, 25px\" \/> \u00a0 \u00a0072120132 \/ 072120105<br \/>\u00a0 \u00a0 \u00a0 \u00a0 \u00a0 \u00a0Extensi\u00f3n Recepci\u00f3n: 19100<br \/>\u00a0 \u00a0 \u00a0 \u00a0 \u00a0 \u00a0Extensi\u00f3n Direcci\u00f3n: 19101<\/p><p><img decoding=\"async\" class=\"alignnone wp-image-15744\" src=\"https:\/\/web.uea.edu.ec\/web\/v2\/wp-content\/uploads\/2023\/02\/correo-300x300.png\" alt=\"\" width=\"25\" height=\"25\" srcset=\"https:\/\/www.uea.edu.ec\/web\/v2\/wp-content\/uploads\/2023\/02\/correo-300x300.png 300w, https:\/\/www.uea.edu.ec\/web\/v2\/wp-content\/uploads\/2023\/02\/correo-1024x1024.png 1024w, https:\/\/www.uea.edu.ec\/web\/v2\/wp-content\/uploads\/2023\/02\/correo-150x150.png 150w, https:\/\/www.uea.edu.ec\/web\/v2\/wp-content\/uploads\/2023\/02\/correo-768x768.png 768w, https:\/\/www.uea.edu.ec\/web\/v2\/wp-content\/uploads\/2023\/02\/correo-1536x1536.png 1536w, https:\/\/www.uea.edu.ec\/web\/v2\/wp-content\/uploads\/2023\/02\/correo-2048x2048.png 2048w, https:\/\/www.uea.edu.ec\/web\/v2\/wp-content\/uploads\/2023\/02\/correo-70x70.png 70w, https:\/\/www.uea.edu.ec\/web\/v2\/wp-content\/uploads\/2023\/02\/correo-246x246.png 246w, https:\/\/www.uea.edu.ec\/web\/v2\/wp-content\/uploads\/2023\/02\/correo-276x276.png 276w, https:\/\/www.uea.edu.ec\/web\/v2\/wp-content\/uploads\/2023\/02\/correo-125x125.png 125w\" sizes=\"(max-width: 25px) 100vw, 25px\" \/>\u00a0 \u00a0 direccionpangui@uea.edu.ec<\/p><p><img loading=\"lazy\" decoding=\"async\" class=\"alignnone wp-image-30596\" src=\"https:\/\/web.uea.edu.ec\/web\/v2\/wp-content\/uploads\/2023\/03\/ubicacion-300x300.png\" alt=\"\" width=\"27\" height=\"27\" srcset=\"https:\/\/www.uea.edu.ec\/web\/v2\/wp-content\/uploads\/2023\/03\/ubicacion-300x300.png 300w, https:\/\/www.uea.edu.ec\/web\/v2\/wp-content\/uploads\/2023\/03\/ubicacion-1024x1021.png 1024w, https:\/\/www.uea.edu.ec\/web\/v2\/wp-content\/uploads\/2023\/03\/ubicacion-150x150.png 150w, https:\/\/www.uea.edu.ec\/web\/v2\/wp-content\/uploads\/2023\/03\/ubicacion-768x766.png 768w, https:\/\/www.uea.edu.ec\/web\/v2\/wp-content\/uploads\/2023\/03\/ubicacion-1536x1532.png 1536w, https:\/\/www.uea.edu.ec\/web\/v2\/wp-content\/uploads\/2023\/03\/ubicacion-2048x2042.png 2048w, https:\/\/www.uea.edu.ec\/web\/v2\/wp-content\/uploads\/2023\/03\/ubicacion-70x70.png 70w, https:\/\/www.uea.edu.ec\/web\/v2\/wp-content\/uploads\/2023\/03\/ubicacion-246x246.png 246w, https:\/\/www.uea.edu.ec\/web\/v2\/wp-content\/uploads\/2023\/03\/ubicacion-276x276.png 276w, https:\/\/www.uea.edu.ec\/web\/v2\/wp-content\/uploads\/2023\/03\/ubicacion-125x125.png 125w, https:\/\/www.uea.edu.ec\/web\/v2\/wp-content\/uploads\/2023\/03\/ubicacion-1320x1316.png 1320w\" sizes=\"(max-width: 27px) 100vw, 27px\" \/>\u00a0 \u00a0Ubicaci\u00f3n: 9CG6+5W6, El Pangui<\/p>\t\t\t\t\t\t\t\t<\/div>\n\t\t\t\t<\/div>\n\t\t\t\t\t<\/div>\n\t\t<\/div>\n\t\t\t\t<div class=\"elementor-column elementor-col-50 elementor-inner-column elementor-element elementor-element-e2538c2\" data-id=\"e2538c2\" data-element_type=\"column\" data-e-type=\"column\">\n\t\t\t<div class=\"elementor-widget-wrap elementor-element-populated\">\n\t\t\t\t\t\t<div class=\"elementor-element elementor-element-e909444 elementor-widget elementor-widget-heading\" data-id=\"e909444\" data-element_type=\"widget\" data-e-type=\"widget\" data-widget_type=\"heading.default\">\n\t\t\t\t<div class=\"elementor-widget-container\">\n\t\t\t\t\t<h1 class=\"elementor-heading-title elementor-size-default\">REPONSABLE<\/h1>\t\t\t\t<\/div>\n\t\t\t\t<\/div>\n\t\t\t\t<div class=\"elementor-element elementor-element-d565272 elementor-widget elementor-widget-text-editor\" data-id=\"d565272\" data-element_type=\"widget\" data-e-type=\"widget\" data-widget_type=\"text-editor.default\">\n\t\t\t\t<div class=\"elementor-widget-container\">\n\t\t\t\t\t\t\t\t\t<h4><span style=\"color: #384152;\">Dr. Marcos David Landivar, PhD.<\/span><br \/><span style=\"color: #384152;\">DIRECTOR ADMINISTRATIVO SEDE ACAD\u00c9MICA EL PANGUI- ZAMORA CHINCHIPE<\/span><\/h4>\t\t\t\t\t\t\t\t<\/div>\n\t\t\t\t<\/div>\n\t\t\t\t\t<\/div>\n\t\t<\/div>\n\t\t\t\t\t<\/div>\n\t\t<\/section>\n\t\t\t\t\t<\/div>\n\t\t<\/div>\n\t\t\t\t\t<\/div>\n\t\t<\/section>\n\t\t\t\t<\/div>\n\t\t","protected":false},"excerpt":{"rendered":"<p>SEDE LAGO AGRIO MISI\u00d3N Impartir la docencia, realizar la investigaci\u00f3n y vinculaci\u00f3n con la colectividad en determinadas ramas de la &hellip; <\/p>\n","protected":false},"author":10,"featured_media":0,"parent":0,"menu_order":0,"comment_status":"closed","ping_status":"closed","template":"","meta":{"om_disable_all_campaigns":false,"_monsterinsights_skip_tracking":false,"_monsterinsights_sitenote_active":false,"_monsterinsights_sitenote_note":"","_monsterinsights_sitenote_category":0,"footnotes":""},"class_list":["post-28685","page","type-page","status-publish","hentry"],"_links":{"self":[{"href":"https:\/\/www.uea.edu.ec\/web\/v2\/index.php?rest_route=\/wp\/v2\/pages\/28685","targetHints":{"allow":["GET"]}}],"collection":[{"href":"https:\/\/www.uea.edu.ec\/web\/v2\/index.php?rest_route=\/wp\/v2\/pages"}],"about":[{"href":"https:\/\/www.uea.edu.ec\/web\/v2\/index.php?rest_route=\/wp\/v2\/types\/page"}],"author":[{"embeddable":true,"href":"https:\/\/www.uea.edu.ec\/web\/v2\/index.php?rest_route=\/wp\/v2\/users\/10"}],"replies":[{"embeddable":true,"href":"https:\/\/www.uea.edu.ec\/web\/v2\/index.php?rest_route=%2Fwp%2Fv2%2Fcomments&post=28685"}],"version-history":[{"count":228,"href":"https:\/\/www.uea.edu.ec\/web\/v2\/index.php?rest_route=\/wp\/v2\/pages\/28685\/revisions"}],"predecessor-version":[{"id":67984,"href":"https:\/\/www.uea.edu.ec\/web\/v2\/index.php?rest_route=\/wp\/v2\/pages\/28685\/revisions\/67984"}],"wp:attachment":[{"href":"https:\/\/www.uea.edu.ec\/web\/v2\/index.php?rest_route=%2Fwp%2Fv2%2Fmedia&parent=28685"}],"curies":[{"name":"wp","href":"https:\/\/api.w.org\/{rel}","templated":true}]}}