{"id":29987,"date":"2023-03-16T14:31:46","date_gmt":"2023-03-16T19:31:46","guid":{"rendered":"https:\/\/web.uea.edu.ec\/web\/v2\/?page_id=29987"},"modified":"2023-03-16T14:56:52","modified_gmt":"2023-03-16T19:56:52","slug":"proyectos-de-vinculacion-de-la-carrera-de-agropecuaria","status":"publish","type":"page","link":"https:\/\/www.uea.edu.ec\/web\/v2\/?page_id=29987","title":{"rendered":"PROYECTOS DE VINCULACI\u00d3N DE LA CARRERA DE AGROPECUARIA"},"content":{"rendered":"\t\t<div data-elementor-type=\"wp-page\" data-elementor-id=\"29987\" class=\"elementor elementor-29987\" data-elementor-settings=\"{&quot;ha_cmc_init_switcher&quot;:&quot;no&quot;}\" data-elementor-post-type=\"page\">\n\t\t\t\t\t\t<section class=\"elementor-section elementor-top-section elementor-element elementor-element-4094bf3 elementor-section-boxed elementor-section-height-default elementor-section-height-default\" data-id=\"4094bf3\" data-element_type=\"section\" data-e-type=\"section\" data-settings=\"{&quot;_ha_eqh_enable&quot;:false}\">\n\t\t\t\t\t\t<div class=\"elementor-container elementor-column-gap-default\">\n\t\t\t\t\t<div class=\"elementor-column elementor-col-100 elementor-top-column elementor-element elementor-element-8def53b\" data-id=\"8def53b\" data-element_type=\"column\" data-e-type=\"column\">\n\t\t\t<div class=\"elementor-widget-wrap elementor-element-populated\">\n\t\t\t\t\t\t<div class=\"elementor-element elementor-element-5624453 ha-card--right ha-card--tablet-top ha-card--mobile-top elementor-widget elementor-widget-ha-card happy-addon ha-card\" data-id=\"5624453\" data-element_type=\"widget\" data-e-type=\"widget\" data-widget_type=\"ha-card.default\">\n\t\t\t\t<div class=\"elementor-widget-container\">\n\t\t\t\t\t\n\t\t\t\t\t<figure class=\"ha-card-figure\">\n\t\t\t\t<img fetchpriority=\"high\" decoding=\"async\" width=\"1024\" height=\"634\" src=\"https:\/\/www.uea.edu.ec\/web\/v2\/wp-content\/uploads\/2023\/02\/vinculacion-edit.png\" class=\"attachment-large size-large wp-image-12363\" alt=\"\" srcset=\"https:\/\/www.uea.edu.ec\/web\/v2\/wp-content\/uploads\/2023\/02\/vinculacion-edit.png 1024w, https:\/\/www.uea.edu.ec\/web\/v2\/wp-content\/uploads\/2023\/02\/vinculacion-edit-300x186.png 300w, https:\/\/www.uea.edu.ec\/web\/v2\/wp-content\/uploads\/2023\/02\/vinculacion-edit-768x476.png 768w\" sizes=\"(max-width: 1024px) 100vw, 1024px\" \/>\t\t\t\t\t\t\t<\/figure>\n\t\t\n\t\t<div class=\"ha-card-body\">\n\n\t\t\t<h1 class=\"ha-card-title\">Manejo integrado de los cultivos de cacao y pl\u00e1tano en la comunidad Rey de Oriente, cant\u00f3n Santa Clara, provincia de Pastaza.<\/h1>\n\t\t\t\t\t\t\t<div class=\"ha-card-text\">\n\t\t\t\t\t<p>El proyecto es ejecutado por la UEA. El objetivo es implementar metodolog\u00edas de manejo integrado y de propagaci\u00f3n de los cultivos de cacao y pl\u00e1tano en la comunidad Rey de Oriente y CIPCA, mediante la propagaci\u00f3n masiva de pl\u00e1tano y capacitaci\u00f3n en el manejo integrado de cacao y plato con parcelas del CIPCA y en fincas de productores de la comunidad Rey de Oriente. Dicho proyecto es ejecutado por los profesores Jorge Freile, Javier Dom\u00ednguez y con el apoyo directo de estudiantes de la carrera de Agropecuaria.<\/p>\n\t\t\t\t<\/div>\n\t\t\t\n\t\t\t\t\t<\/div>\n\t\t\t\t\t\t<\/div>\n\t\t\t\t<\/div>\n\t\t\t\t\t<\/div>\n\t\t<\/div>\n\t\t\t\t\t<\/div>\n\t\t<\/section>\n\t\t\t\t<section class=\"elementor-section elementor-top-section elementor-element elementor-element-fbeb0ee elementor-section-boxed elementor-section-height-default elementor-section-height-default\" data-id=\"fbeb0ee\" data-element_type=\"section\" data-e-type=\"section\" data-settings=\"{&quot;_ha_eqh_enable&quot;:false}\">\n\t\t\t\t\t\t<div class=\"elementor-container elementor-column-gap-default\">\n\t\t\t\t\t<div class=\"elementor-column elementor-col-100 elementor-top-column elementor-element elementor-element-cd23b42\" data-id=\"cd23b42\" data-element_type=\"column\" data-e-type=\"column\">\n\t\t\t<div class=\"elementor-widget-wrap elementor-element-populated\">\n\t\t\t\t\t\t<div class=\"elementor-element elementor-element-7a82669 ha-card--right ha-card--tablet-top ha-card--mobile-top elementor-widget elementor-widget-ha-card happy-addon ha-card\" data-id=\"7a82669\" data-element_type=\"widget\" data-e-type=\"widget\" data-widget_type=\"ha-card.default\">\n\t\t\t\t<div class=\"elementor-widget-container\">\n\t\t\t\t\t\n\t\t\t\t\t<figure class=\"ha-card-figure\">\n\t\t\t\t<img decoding=\"async\" width=\"300\" height=\"225\" src=\"https:\/\/www.uea.edu.ec\/web\/v2\/wp-content\/uploads\/2023\/02\/Vinculacion_4-300x225-1.jpeg\" class=\"attachment-large size-large wp-image-12225\" alt=\"\" \/>\t\t\t\t\t\t\t<\/figure>\n\t\t\n\t\t<div class=\"ha-card-body\">\n\n\t\t\t<h2 class=\"ha-card-title\">Caracterizaci\u00f3n de la situaci\u00f3n y aprovechamiento de los recursos pesqueros amaz\u00f3nicos del ecuador, con fines de uso, manejo y conservaci\u00f3n.<\/h2>\n\t\t\t\t\t\t\t<div class=\"ha-card-text\">\n\t\t\t\t\t<p>El proyecto es ejecutado por la UEA con el apoyo de la fundaci\u00f3n Centro Lianas, WWF y el Instituto Nacional de Pesca. El objetivo es realizar un diagn\u00f3stico actual del contexto de uso, manejo y conservaci\u00f3n de los recursos pesqueros Amaz\u00f3nicos del Ecuador; y a la vez se pretende generar un plan de acci\u00f3n y la determinaci\u00f3n de Hg total en los peces claves comercializados y consumidos por las poblaciones locales. Este proyecto beneficia a pescadores Amaz\u00f3nicos y comerciantes de pescado de los distintos mercados amaz\u00f3nicos. Dicho proyecto es ejecutado por el profesor: Ricardo Burgos y con el apoyo directo de estudiantes de la carrera de Agropecuaria.<\/p>\n\t\t\t\t<\/div>\n\t\t\t\n\t\t\t\t\t<\/div>\n\t\t\t\t\t\t<\/div>\n\t\t\t\t<\/div>\n\t\t\t\t\t<\/div>\n\t\t<\/div>\n\t\t\t\t\t<\/div>\n\t\t<\/section>\n\t\t\t\t<section class=\"elementor-section elementor-top-section elementor-element elementor-element-3dfecf7 elementor-section-boxed elementor-section-height-default elementor-section-height-default\" data-id=\"3dfecf7\" data-element_type=\"section\" data-e-type=\"section\" data-settings=\"{&quot;_ha_eqh_enable&quot;:false}\">\n\t\t\t\t\t\t<div class=\"elementor-container elementor-column-gap-default\">\n\t\t\t\t\t<div class=\"elementor-column elementor-col-100 elementor-top-column elementor-element elementor-element-38c23b0\" data-id=\"38c23b0\" data-element_type=\"column\" data-e-type=\"column\">\n\t\t\t<div class=\"elementor-widget-wrap elementor-element-populated\">\n\t\t\t\t\t\t<div class=\"elementor-element elementor-element-15e4d82 ha-card--right ha-card--tablet-top ha-card--mobile-top elementor-widget elementor-widget-ha-card happy-addon ha-card\" data-id=\"15e4d82\" data-element_type=\"widget\" data-e-type=\"widget\" data-widget_type=\"ha-card.default\">\n\t\t\t\t<div class=\"elementor-widget-container\">\n\t\t\t\t\t\n\t\t\t\t\t<figure class=\"ha-card-figure\">\n\t\t\t\t<img decoding=\"async\" width=\"278\" height=\"208\" src=\"https:\/\/www.uea.edu.ec\/web\/v2\/wp-content\/uploads\/2023\/02\/Vinculacion_5-1.jpg\" class=\"attachment-large size-large wp-image-12232\" alt=\"\" srcset=\"https:\/\/www.uea.edu.ec\/web\/v2\/wp-content\/uploads\/2023\/02\/Vinculacion_5-1.jpg 278w, https:\/\/www.uea.edu.ec\/web\/v2\/wp-content\/uploads\/2023\/02\/Vinculacion_5-1-276x208.jpg 276w\" sizes=\"(max-width: 278px) 100vw, 278px\" \/>\t\t\t\t\t\t\t<\/figure>\n\t\t\n\t\t<div class=\"ha-card-body\">\n\n\t\t\t<h2 class=\"ha-card-title\">Fortalecimiento del sector ca\u00f1icultor de la parroquia Tarqui.<\/h2>\n\t\t\t\t\t\t\t<div class=\"ha-card-text\">\n\t\t\t\t\t<p>El proyecto es ejecutado por la UEA con el apoyo del GAD parroquial de Tarqui. El objetivo es contribuir en el mejoramiento de la calidad de vida de los pobladores de la parroquia Tarqui, a trav\u00e9s de la implementaci\u00f3n de buenas pr\u00e1cticas agr\u00edcolas, mejorando la productividad y calidad de la ca\u00f1a. Dicho proyecto beneficia directamente a peque\u00f1os agricultores de ca\u00f1a de az\u00facar de la parroquia Tarqui; mediante el asesoramiento y aplicaci\u00f3n de t\u00e9cnicas de manejo de la ca\u00f1a, conservaci\u00f3n del suelo, determinaci\u00f3n del volumen de producci\u00f3n, productividad y rentabilidad. El proyecto es ejecutado por los profesores B\u00e9lgica Yaguache, Elisa L\u00f3pez, Karina Carrera y con el apoyo directo de estudiantes de la carrera de Agropecuaria.<\/p>\n\t\t\t\t<\/div>\n\t\t\t\n\t\t\t\t\t<\/div>\n\t\t\t\t\t\t<\/div>\n\t\t\t\t<\/div>\n\t\t\t\t\t<\/div>\n\t\t<\/div>\n\t\t\t\t\t<\/div>\n\t\t<\/section>\n\t\t\t\t<section class=\"elementor-section elementor-top-section elementor-element elementor-element-a832a15 elementor-section-boxed elementor-section-height-default elementor-section-height-default\" data-id=\"a832a15\" data-element_type=\"section\" data-e-type=\"section\" data-settings=\"{&quot;_ha_eqh_enable&quot;:false}\">\n\t\t\t\t\t\t<div class=\"elementor-container elementor-column-gap-default\">\n\t\t\t\t\t<div class=\"elementor-column elementor-col-100 elementor-top-column elementor-element elementor-element-7318817\" data-id=\"7318817\" data-element_type=\"column\" data-e-type=\"column\">\n\t\t\t<div class=\"elementor-widget-wrap elementor-element-populated\">\n\t\t\t\t\t\t<div class=\"elementor-element elementor-element-38f1d3c ha-card--right ha-card--tablet-top ha-card--mobile-top elementor-widget elementor-widget-ha-card happy-addon ha-card\" data-id=\"38f1d3c\" data-element_type=\"widget\" data-e-type=\"widget\" data-widget_type=\"ha-card.default\">\n\t\t\t\t<div class=\"elementor-widget-container\">\n\t\t\t\t\t\n\t\t\t\t\t<figure class=\"ha-card-figure\">\n\t\t\t\t<img loading=\"lazy\" decoding=\"async\" width=\"300\" height=\"169\" src=\"https:\/\/www.uea.edu.ec\/web\/v2\/wp-content\/uploads\/2023\/02\/Vinculacion_6-300x169-1.jpg\" class=\"attachment-large size-large wp-image-12219\" alt=\"\" \/>\t\t\t\t\t\t\t<\/figure>\n\t\t\n\t\t<div class=\"ha-card-body\">\n\n\t\t\t<h2 class=\"ha-card-title\">Sistema de manejo sostenible en peque\u00f1os y grandes rumiantes en la Amazon\u00eda ecuatoriana.<\/h2>\n\t\t\t\t\t\t\t<div class=\"ha-card-text\">\n\t\t\t\t\t<p>El proyecto es ejecutado por la UEA. El objetivo es fortalecer las capacidades en el manejo sostenible de peque\u00f1os y grandes rumiantes, mediante capacitaciones en el manejo de reba\u00f1os ovinos y hatos bovinos. Dicho proyecto beneficia directamente a productores de la asociaci\u00f3n de ganaderos de Arosemena Tola. El proyecto es ejecutado por el profesor Pablo Arias y con el apoyo directo de estudiantes de la carrera de Agropecuaria.<\/p>\n\t\t\t\t<\/div>\n\t\t\t\n\t\t\t\t\t<\/div>\n\t\t\t\t\t\t<\/div>\n\t\t\t\t<\/div>\n\t\t\t\t\t<\/div>\n\t\t<\/div>\n\t\t\t\t\t<\/div>\n\t\t<\/section>\n\t\t\t\t<\/div>\n\t\t","protected":false},"excerpt":{"rendered":"<p>Manejo integrado de los cultivos de cacao y pl\u00e1tano en la comunidad Rey de Oriente, cant\u00f3n Santa Clara, provincia de &hellip; <\/p>\n","protected":false},"author":10,"featured_media":0,"parent":0,"menu_order":0,"comment_status":"closed","ping_status":"closed","template":"","meta":{"om_disable_all_campaigns":false,"_monsterinsights_skip_tracking":false,"_monsterinsights_sitenote_active":false,"_monsterinsights_sitenote_note":"","_monsterinsights_sitenote_category":0,"footnotes":""},"class_list":["post-29987","page","type-page","status-publish","hentry"],"_links":{"self":[{"href":"https:\/\/www.uea.edu.ec\/web\/v2\/index.php?rest_route=\/wp\/v2\/pages\/29987","targetHints":{"allow":["GET"]}}],"collection":[{"href":"https:\/\/www.uea.edu.ec\/web\/v2\/index.php?rest_route=\/wp\/v2\/pages"}],"about":[{"href":"https:\/\/www.uea.edu.ec\/web\/v2\/index.php?rest_route=\/wp\/v2\/types\/page"}],"author":[{"embeddable":true,"href":"https:\/\/www.uea.edu.ec\/web\/v2\/index.php?rest_route=\/wp\/v2\/users\/10"}],"replies":[{"embeddable":true,"href":"https:\/\/www.uea.edu.ec\/web\/v2\/index.php?rest_route=%2Fwp%2Fv2%2Fcomments&post=29987"}],"version-history":[{"count":67,"href":"https:\/\/www.uea.edu.ec\/web\/v2\/index.php?rest_route=\/wp\/v2\/pages\/29987\/revisions"}],"predecessor-version":[{"id":30054,"href":"https:\/\/www.uea.edu.ec\/web\/v2\/index.php?rest_route=\/wp\/v2\/pages\/29987\/revisions\/30054"}],"wp:attachment":[{"href":"https:\/\/www.uea.edu.ec\/web\/v2\/index.php?rest_route=%2Fwp%2Fv2%2Fmedia&parent=29987"}],"curies":[{"name":"wp","href":"https:\/\/api.w.org\/{rel}","templated":true}]}}