{"id":30140,"date":"2023-03-16T15:27:08","date_gmt":"2023-03-16T20:27:08","guid":{"rendered":"https:\/\/web.uea.edu.ec\/web\/v2\/?page_id=30140"},"modified":"2023-03-16T15:30:44","modified_gmt":"2023-03-16T20:30:44","slug":"proyectos-de-vinculacion-de-la-carrera-de-turismo","status":"publish","type":"page","link":"https:\/\/www.uea.edu.ec\/web\/v2\/?page_id=30140","title":{"rendered":"PROYECTOS DE VINCULACI\u00d3N DE LA CARRERA DE TURISMO"},"content":{"rendered":"\t\t<div data-elementor-type=\"wp-page\" data-elementor-id=\"30140\" class=\"elementor elementor-30140\" data-elementor-settings=\"{&quot;ha_cmc_init_switcher&quot;:&quot;no&quot;}\" data-elementor-post-type=\"page\">\n\t\t\t\t\t\t<section class=\"elementor-section elementor-top-section elementor-element elementor-element-873e174 elementor-section-boxed elementor-section-height-default elementor-section-height-default\" data-id=\"873e174\" data-element_type=\"section\" data-settings=\"{&quot;_ha_eqh_enable&quot;:false}\">\n\t\t\t\t\t\t<div class=\"elementor-container elementor-column-gap-default\">\n\t\t\t\t\t<div class=\"elementor-column elementor-col-100 elementor-top-column elementor-element elementor-element-5029a3a\" data-id=\"5029a3a\" data-element_type=\"column\">\n\t\t\t<div class=\"elementor-widget-wrap elementor-element-populated\">\n\t\t\t\t\t\t<div class=\"elementor-element elementor-element-085a57b ha-card--right ha-card--tablet-top ha-card--mobile-top elementor-widget elementor-widget-ha-card happy-addon ha-card\" data-id=\"085a57b\" data-element_type=\"widget\" data-widget_type=\"ha-card.default\">\n\t\t\t\t<div class=\"elementor-widget-container\">\n\t\t\t\t\t\n\t\t\t\t\t<figure class=\"ha-card-figure\">\n\t\t\t\t<img fetchpriority=\"high\" decoding=\"async\" width=\"750\" height=\"563\" src=\"https:\/\/www.uea.edu.ec\/web\/v2\/wp-content\/uploads\/2023\/02\/Vinculacion_14-768x576-1.jpg\" class=\"attachment-large size-large wp-image-12255\" alt=\"\" srcset=\"https:\/\/www.uea.edu.ec\/web\/v2\/wp-content\/uploads\/2023\/02\/Vinculacion_14-768x576-1.jpg 768w, https:\/\/www.uea.edu.ec\/web\/v2\/wp-content\/uploads\/2023\/02\/Vinculacion_14-768x576-1-300x225.jpg 300w\" sizes=\"(max-width: 750px) 100vw, 750px\" \/>\t\t\t\t\t\t\t<\/figure>\n\t\t\n\t\t<div class=\"ha-card-body\">\n\n\t\t\t<h1 class=\"ha-card-title\">Potenciaci\u00f3n de las capacidades tur\u00edsticas de la parroquia rural san Jos\u00e9 \u201ccaso de intervenci\u00f3n atractivos naturales y culturales\u201d.<\/h1>\n\t\t\t\t\t\t\t<div class=\"ha-card-text\">\n\t\t\t\t\t<p>El proyecto es ejecutado por la UEA con el apoyo de GAD parroquial San Jos\u00e9. El objetivo es potenciar las capacidades tur\u00edsticas de la parroquia rural de San Jos\u00e9. Mediante un diagn\u00f3stico de los atractivos naturales, culturales y servicios; socializaci\u00f3n y mantenimiento de \u00e1reas intervenidas y generaci\u00f3n de un documento de atractivos tur\u00edsticos. Dicho proyecto beneficia a pobladores de la parroquia San Jos\u00e9. El proyecto es ejecutado por el profesor Fernando Ortega y con el apoyo directo de estudiantes de la carrera de Turismo.<\/p>\n\t\t\t\t<\/div>\n\t\t\t\n\t\t\t\t\t<\/div>\n\t\t\t\t\t\t<\/div>\n\t\t\t\t<\/div>\n\t\t\t\t\t<\/div>\n\t\t<\/div>\n\t\t\t\t\t<\/div>\n\t\t<\/section>\n\t\t\t\t<section class=\"elementor-section elementor-top-section elementor-element elementor-element-a203da2 elementor-section-boxed elementor-section-height-default elementor-section-height-default\" data-id=\"a203da2\" data-element_type=\"section\" data-settings=\"{&quot;_ha_eqh_enable&quot;:false}\">\n\t\t\t\t\t\t<div class=\"elementor-container elementor-column-gap-default\">\n\t\t\t\t\t<div class=\"elementor-column elementor-col-100 elementor-top-column elementor-element elementor-element-cd0397a\" data-id=\"cd0397a\" data-element_type=\"column\">\n\t\t\t<div class=\"elementor-widget-wrap elementor-element-populated\">\n\t\t\t\t\t\t<div class=\"elementor-element elementor-element-adb0138 ha-card--right ha-card--tablet-top ha-card--mobile-top elementor-widget elementor-widget-ha-card happy-addon ha-card\" data-id=\"adb0138\" data-element_type=\"widget\" data-widget_type=\"ha-card.default\">\n\t\t\t\t<div class=\"elementor-widget-container\">\n\t\t\t\t\t\n\t\t\t\t\t<figure class=\"ha-card-figure\">\n\t\t\t\t<img decoding=\"async\" width=\"750\" height=\"563\" src=\"https:\/\/www.uea.edu.ec\/web\/v2\/wp-content\/uploads\/2023\/02\/Vinculacion_15-768x576-1.jpg\" class=\"attachment-large size-large wp-image-12256\" alt=\"\" srcset=\"https:\/\/www.uea.edu.ec\/web\/v2\/wp-content\/uploads\/2023\/02\/Vinculacion_15-768x576-1.jpg 768w, https:\/\/www.uea.edu.ec\/web\/v2\/wp-content\/uploads\/2023\/02\/Vinculacion_15-768x576-1-300x225.jpg 300w\" sizes=\"(max-width: 750px) 100vw, 750px\" \/>\t\t\t\t\t\t\t<\/figure>\n\t\t\n\t\t<div class=\"ha-card-body\">\n\n\t\t\t<h1 class=\"ha-card-title\">Fortalecimiento de la gesti\u00f3n del turismo en la amazonia ecuatoriana, caso de estudio provincia de Pastaza.<\/h1>\n\t\t\t\t\t\t\t<div class=\"ha-card-text\">\n\t\t\t\t\t<p>El proyecto es ejecutado por la UEA con el apoyo del GAD provincial de Pastaza. El objetivo es fortalecer la gesti\u00f3n del turismo en la Amazon\u00eda ecuatoriana, identificando actores y necesidades de los prestadores de servicios tur\u00edsticos. Dentro de ello esta la identificaci\u00f3n de las necesidades de capacitaci\u00f3n, caracterizaci\u00f3n del potencial tur\u00edstico, dise\u00f1o e implementaci\u00f3n de un programa de capacitaci\u00f3n y la difusi\u00f3n de los resultados. \u00a0Dicho proyecto beneficia a prestadores de servicios tur\u00edstico de Pastaza. El proyecto es ejecutado por el profesor Christian Salazar y con el apoyo directo de estudiantes de la carrera de Turismo.<\/p>\n\t\t\t\t<\/div>\n\t\t\t\n\t\t\t\t\t<\/div>\n\t\t\t\t\t\t<\/div>\n\t\t\t\t<\/div>\n\t\t\t\t\t<\/div>\n\t\t<\/div>\n\t\t\t\t\t<\/div>\n\t\t<\/section>\n\t\t\t\t<\/div>\n\t\t","protected":false},"excerpt":{"rendered":"<p>Potenciaci\u00f3n de las capacidades tur\u00edsticas de la parroquia rural san Jos\u00e9 \u201ccaso de intervenci\u00f3n atractivos naturales y culturales\u201d. El proyecto &hellip; <\/p>\n","protected":false},"author":10,"featured_media":0,"parent":0,"menu_order":0,"comment_status":"closed","ping_status":"closed","template":"","meta":{"om_disable_all_campaigns":false,"_monsterinsights_skip_tracking":false,"_monsterinsights_sitenote_active":false,"_monsterinsights_sitenote_note":"","_monsterinsights_sitenote_category":0,"footnotes":""},"class_list":["post-30140","page","type-page","status-publish","hentry"],"_links":{"self":[{"href":"https:\/\/www.uea.edu.ec\/web\/v2\/index.php?rest_route=\/wp\/v2\/pages\/30140","targetHints":{"allow":["GET"]}}],"collection":[{"href":"https:\/\/www.uea.edu.ec\/web\/v2\/index.php?rest_route=\/wp\/v2\/pages"}],"about":[{"href":"https:\/\/www.uea.edu.ec\/web\/v2\/index.php?rest_route=\/wp\/v2\/types\/page"}],"author":[{"embeddable":true,"href":"https:\/\/www.uea.edu.ec\/web\/v2\/index.php?rest_route=\/wp\/v2\/users\/10"}],"replies":[{"embeddable":true,"href":"https:\/\/www.uea.edu.ec\/web\/v2\/index.php?rest_route=%2Fwp%2Fv2%2Fcomments&post=30140"}],"version-history":[{"count":13,"href":"https:\/\/www.uea.edu.ec\/web\/v2\/index.php?rest_route=\/wp\/v2\/pages\/30140\/revisions"}],"predecessor-version":[{"id":30159,"href":"https:\/\/www.uea.edu.ec\/web\/v2\/index.php?rest_route=\/wp\/v2\/pages\/30140\/revisions\/30159"}],"wp:attachment":[{"href":"https:\/\/www.uea.edu.ec\/web\/v2\/index.php?rest_route=%2Fwp%2Fv2%2Fmedia&parent=30140"}],"curies":[{"name":"wp","href":"https:\/\/api.w.org\/{rel}","templated":true}]}}