{"id":37038,"date":"2023-09-19T10:34:33","date_gmt":"2023-09-19T15:34:33","guid":{"rendered":"https:\/\/web.uea.edu.ec\/web\/v2\/?page_id=37038"},"modified":"2023-10-24T11:03:45","modified_gmt":"2023-10-24T16:03:45","slug":"elecciones-proceso-eleccionario-de-representantes-de-profesores-trabajadores-y-estudiantes-para-el-maximo-organismo-colegiado-de-cogobierno-de-la-uea","status":"publish","type":"page","link":"https:\/\/www.uea.edu.ec\/web\/v2\/?page_id=37038","title":{"rendered":"ELECCIONES PROCESO ELECCIONARIO DE REPRESENTANTES DE PROFESORES, TRABAJADORES Y ESTUDIANTES PARA EL M\u00c1XIMO ORGANISMO COLEGIADO DE COGOBIERNO DE LA UEA"},"content":{"rendered":"\t\t<div data-elementor-type=\"wp-page\" data-elementor-id=\"37038\" class=\"elementor elementor-37038\" data-elementor-settings=\"{&quot;ha_cmc_init_switcher&quot;:&quot;no&quot;}\" data-elementor-post-type=\"page\">\n\t\t\t\t\t\t<section class=\"elementor-section elementor-top-section elementor-element elementor-element-afc4ac8 elementor-section-boxed elementor-section-height-default elementor-section-height-default\" data-id=\"afc4ac8\" data-element_type=\"section\" data-settings=\"{&quot;_ha_eqh_enable&quot;:false}\">\n\t\t\t\t\t\t<div class=\"elementor-container elementor-column-gap-default\">\n\t\t\t\t\t<div class=\"elementor-column elementor-col-100 elementor-top-column elementor-element elementor-element-1d9e5c1\" data-id=\"1d9e5c1\" data-element_type=\"column\">\n\t\t\t<div class=\"elementor-widget-wrap elementor-element-populated\">\n\t\t\t\t\t\t<div class=\"elementor-element elementor-element-bf18612 elementor-widget elementor-widget-text-editor\" data-id=\"bf18612\" data-element_type=\"widget\" data-widget_type=\"text-editor.default\">\n\t\t\t\t<div class=\"elementor-widget-container\">\n\t\t\t\t\t\t\t\t\t<ul><li><span style=\"color: #384152;\"><a style=\"color: #384152;\" href=\"https:\/\/web.uea.edu.ec\/web\/v2\/wp-content\/uploads\/2023\/09\/CONVOCATORIA-ELECCIONES-DOCENTES-TRABAJADORES-Y-ESTUDIANTES-GIGANTOGRAFIA-signed-1-signed.pdf\" target=\"_blank\" rel=\"noopener\">Convocatoria a eleeciones<\/a><\/span><\/li><li><span style=\"color: #384152;\"><a style=\"color: #384152;\" href=\"https:\/\/web.uea.edu.ec\/web\/v2\/wp-content\/uploads\/2023\/09\/CRONOGRAMA-DE-ELECCIONES-DOCENTES-TRABAJADORES-Y-ESTUDIANTES-2023-signed-signed.pdf\" target=\"_blank\" rel=\"noopener\">Cronograma de elecciones<\/a><\/span><\/li><li><span style=\"color: #384152;\"><a style=\"color: #384152;\" href=\"https:\/\/web.uea.edu.ec\/web\/v2\/wp-content\/uploads\/2023\/09\/resoluciOn_rte-uea-no._001-2023_docentes-signed-signed.pdf\" target=\"_blank\" rel=\"noopener\">Resoluci\u00f3n 1<\/a><\/span><\/li><li><span style=\"color: #384152;\"><a style=\"color: #384152;\" href=\"https:\/\/web.uea.edu.ec\/web\/v2\/wp-content\/uploads\/2023\/09\/resoluciOn_rte-uea-no._002-2023_convocatoria_docentes-signed-signed.pdf\" target=\"_blank\" rel=\"noopener\">Resoluci\u00f3n 2<\/a><\/span><\/li><li><span style=\"color: #384152;\"><a style=\"color: #384152;\" href=\"https:\/\/web.uea.edu.ec\/web\/v2\/wp-content\/uploads\/2023\/10\/resoluciOn_rte-uea-no._003-2023_calificacion_candidaturas-signed-1-signed.pdf\" target=\"_blank\" rel=\"noopener\">Resoluci\u00f3n 3<\/a><\/span><\/li><li><span style=\"color: #384152;\"><a style=\"color: #384152;\" href=\"https:\/\/web.uea.edu.ec\/web\/v2\/wp-content\/uploads\/2023\/10\/resoluciOn_rte-uea-no._004-2023_requerimiento_formularios-signed-1-signed.pdf\" target=\"_blank\" rel=\"noopener\">Resoluci\u00f3n 4<\/a><\/span><\/li><li><span style=\"color: #384152;\"><a style=\"color: #384152;\" href=\"https:\/\/web.uea.edu.ec\/web\/v2\/wp-content\/uploads\/2023\/10\/resoluciOn_rte-uea-no._005-2023_docentes_conformacion_juntas_receptoras_del_voto-signed-signed.pdf\" target=\"_blank\" rel=\"noopener\">Resoluci\u00f3n 5<\/a><\/span><\/li><li><span style=\"color: #384152;\"><a style=\"color: #384152;\" href=\"https:\/\/web.uea.edu.ec\/web\/v2\/wp-content\/uploads\/2023\/10\/resoluciOn_rte-uea-no._06-2023_docentes_susension_jornada_laboral-signed-signed.pdf\" target=\"_blank\" rel=\"noopener\">Resoluci\u00f3n 6<\/a><\/span><\/li><li><span style=\"color: #384152;\"><a style=\"color: #384152;\" href=\"https:\/\/web.uea.edu.ec\/web\/v2\/?page_id=37062\" target=\"_blank\" rel=\"noopener\">Padr\u00f3n electoral<\/a><\/span><\/li><li><span style=\"color: #384152;\"><a style=\"color: #384152;\" href=\"https:\/\/web.uea.edu.ec\/web\/v2\/wp-content\/uploads\/2023\/10\/ACTA-DE-PROCLAMACION-DE-RESULTADOS-DOCENTES-SEERVIDORES-Y-TRABAJADORES-signed.-signed.pdf\" target=\"_blank\" rel=\"noopener\">Resultados<\/a><\/span><\/li><\/ul>\t\t\t\t\t\t\t\t<\/div>\n\t\t\t\t<\/div>\n\t\t\t\t\t<\/div>\n\t\t<\/div>\n\t\t\t\t\t<\/div>\n\t\t<\/section>\n\t\t\t\t<section class=\"elementor-section elementor-top-section elementor-element elementor-element-9a259dd elementor-section-boxed elementor-section-height-default elementor-section-height-default\" data-id=\"9a259dd\" data-element_type=\"section\" data-settings=\"{&quot;_ha_eqh_enable&quot;:false}\">\n\t\t\t\t\t\t<div class=\"elementor-container elementor-column-gap-default\">\n\t\t\t\t\t<div class=\"elementor-column elementor-col-100 elementor-top-column elementor-element elementor-element-3fee439\" data-id=\"3fee439\" data-element_type=\"column\">\n\t\t\t<div class=\"elementor-widget-wrap elementor-element-populated\">\n\t\t\t\t\t\t<div class=\"elementor-element elementor-element-0172370 elementor-widget elementor-widget-gallery\" data-id=\"0172370\" data-element_type=\"widget\" data-settings=\"{&quot;lazyload&quot;:&quot;yes&quot;,&quot;gallery_layout&quot;:&quot;grid&quot;,&quot;columns&quot;:4,&quot;columns_tablet&quot;:2,&quot;columns_mobile&quot;:1,&quot;gap&quot;:{&quot;unit&quot;:&quot;px&quot;,&quot;size&quot;:10,&quot;sizes&quot;:[]},&quot;gap_tablet&quot;:{&quot;unit&quot;:&quot;px&quot;,&quot;size&quot;:10,&quot;sizes&quot;:[]},&quot;gap_mobile&quot;:{&quot;unit&quot;:&quot;px&quot;,&quot;size&quot;:10,&quot;sizes&quot;:[]},&quot;link_to&quot;:&quot;file&quot;,&quot;aspect_ratio&quot;:&quot;3:2&quot;,&quot;overlay_background&quot;:&quot;yes&quot;,&quot;content_hover_animation&quot;:&quot;fade-in&quot;}\" data-widget_type=\"gallery.default\">\n\t\t\t\t<div class=\"elementor-widget-container\">\n\t\t\t\t\t\t\t<div class=\"elementor-gallery__container\">\n\t\t\t\t\t\t\t<a class=\"e-gallery-item elementor-gallery-item elementor-animated-content\" href=\"https:\/\/www.uea.edu.ec\/web\/v2\/wp-content\/uploads\/2023\/10\/f43e8f02-2d8e-4f87-92ed-9f35d961396e.jpg\" data-elementor-open-lightbox=\"yes\" data-elementor-lightbox-slideshow=\"0172370\" data-elementor-lightbox-title=\"UEA - PROCESO DE ELECCIONES\" data-e-action-hash=\"#elementor-action%3Aaction%3Dlightbox%26settings%3DeyJpZCI6MzgzNjQsInVybCI6Imh0dHBzOlwvXC93d3cudWVhLmVkdS5lY1wvd2ViXC92Mlwvd3AtY29udGVudFwvdXBsb2Fkc1wvMjAyM1wvMTBcL2Y0M2U4ZjAyLTJkOGUtNGY4Ny05MmVkLTlmMzVkOTYxMzk2ZS5qcGciLCJzbGlkZXNob3ciOiIwMTcyMzcwIn0%3D\">\n\t\t\t\t\t<div class=\"e-gallery-image elementor-gallery-item__image\" data-thumbnail=\"https:\/\/www.uea.edu.ec\/web\/v2\/wp-content\/uploads\/2023\/10\/f43e8f02-2d8e-4f87-92ed-9f35d961396e.jpg\" data-width=\"1600\" data-height=\"1066\" aria-label=\"\" role=\"img\" ><\/div>\n\t\t\t\t\t\t\t\t\t\t\t<div class=\"elementor-gallery-item__overlay\"><\/div>\n\t\t\t\t\t\t\t\t\t\t\t\t\t\t<\/a>\n\t\t\t\t\t\t\t<a class=\"e-gallery-item elementor-gallery-item elementor-animated-content\" href=\"https:\/\/www.uea.edu.ec\/web\/v2\/wp-content\/uploads\/2023\/10\/dd53b5f6-37eb-45d5-b41a-41013b2bde5d.jpg\" data-elementor-open-lightbox=\"yes\" data-elementor-lightbox-slideshow=\"0172370\" data-elementor-lightbox-title=\"UEA - PROCESO DE ELECCIONES\" data-e-action-hash=\"#elementor-action%3Aaction%3Dlightbox%26settings%3DeyJpZCI6MzgzNjUsInVybCI6Imh0dHBzOlwvXC93d3cudWVhLmVkdS5lY1wvd2ViXC92Mlwvd3AtY29udGVudFwvdXBsb2Fkc1wvMjAyM1wvMTBcL2RkNTNiNWY2LTM3ZWItNDVkNS1iNDFhLTQxMDEzYjJiZGU1ZC5qcGciLCJzbGlkZXNob3ciOiIwMTcyMzcwIn0%3D\">\n\t\t\t\t\t<div class=\"e-gallery-image elementor-gallery-item__image\" data-thumbnail=\"https:\/\/www.uea.edu.ec\/web\/v2\/wp-content\/uploads\/2023\/10\/dd53b5f6-37eb-45d5-b41a-41013b2bde5d.jpg\" data-width=\"1600\" data-height=\"1066\" aria-label=\"\" role=\"img\" ><\/div>\n\t\t\t\t\t\t\t\t\t\t\t<div class=\"elementor-gallery-item__overlay\"><\/div>\n\t\t\t\t\t\t\t\t\t\t\t\t\t\t<\/a>\n\t\t\t\t\t\t\t<a class=\"e-gallery-item elementor-gallery-item elementor-animated-content\" href=\"https:\/\/www.uea.edu.ec\/web\/v2\/wp-content\/uploads\/2023\/10\/55544ea2-6ec2-40ad-9928-9e1ed6eb2777.jpg\" data-elementor-open-lightbox=\"yes\" data-elementor-lightbox-slideshow=\"0172370\" data-elementor-lightbox-title=\"UEA - PROCESO DE ELECCIONES\" data-e-action-hash=\"#elementor-action%3Aaction%3Dlightbox%26settings%3DeyJpZCI6MzgzNjYsInVybCI6Imh0dHBzOlwvXC93d3cudWVhLmVkdS5lY1wvd2ViXC92Mlwvd3AtY29udGVudFwvdXBsb2Fkc1wvMjAyM1wvMTBcLzU1NTQ0ZWEyLTZlYzItNDBhZC05OTI4LTllMWVkNmViMjc3Ny5qcGciLCJzbGlkZXNob3ciOiIwMTcyMzcwIn0%3D\">\n\t\t\t\t\t<div class=\"e-gallery-image elementor-gallery-item__image\" data-thumbnail=\"https:\/\/www.uea.edu.ec\/web\/v2\/wp-content\/uploads\/2023\/10\/55544ea2-6ec2-40ad-9928-9e1ed6eb2777.jpg\" data-width=\"1600\" data-height=\"1068\" aria-label=\"\" role=\"img\" ><\/div>\n\t\t\t\t\t\t\t\t\t\t\t<div class=\"elementor-gallery-item__overlay\"><\/div>\n\t\t\t\t\t\t\t\t\t\t\t\t\t\t<\/a>\n\t\t\t\t\t\t\t<a class=\"e-gallery-item elementor-gallery-item elementor-animated-content\" href=\"https:\/\/www.uea.edu.ec\/web\/v2\/wp-content\/uploads\/2023\/10\/eeb4eb7e-95d3-45d0-98b1-8d3162bd0146.jpg\" data-elementor-open-lightbox=\"yes\" data-elementor-lightbox-slideshow=\"0172370\" data-elementor-lightbox-title=\"UEA - PROCESO DE ELECCIONES\" data-e-action-hash=\"#elementor-action%3Aaction%3Dlightbox%26settings%3DeyJpZCI6MzgzNjcsInVybCI6Imh0dHBzOlwvXC93d3cudWVhLmVkdS5lY1wvd2ViXC92Mlwvd3AtY29udGVudFwvdXBsb2Fkc1wvMjAyM1wvMTBcL2VlYjRlYjdlLTk1ZDMtNDVkMC05OGIxLThkMzE2MmJkMDE0Ni5qcGciLCJzbGlkZXNob3ciOiIwMTcyMzcwIn0%3D\">\n\t\t\t\t\t<div class=\"e-gallery-image elementor-gallery-item__image\" data-thumbnail=\"https:\/\/www.uea.edu.ec\/web\/v2\/wp-content\/uploads\/2023\/10\/eeb4eb7e-95d3-45d0-98b1-8d3162bd0146.jpg\" data-width=\"1200\" data-height=\"1599\" aria-label=\"\" role=\"img\" ><\/div>\n\t\t\t\t\t\t\t\t\t\t\t<div class=\"elementor-gallery-item__overlay\"><\/div>\n\t\t\t\t\t\t\t\t\t\t\t\t\t\t<\/a>\n\t\t\t\t\t\t\t<a class=\"e-gallery-item elementor-gallery-item elementor-animated-content\" href=\"https:\/\/www.uea.edu.ec\/web\/v2\/wp-content\/uploads\/2023\/10\/d36bc0a7-7180-4933-bdeb-530438462fe4.jpg\" data-elementor-open-lightbox=\"yes\" data-elementor-lightbox-slideshow=\"0172370\" data-elementor-lightbox-title=\"UEA - PROCESO DE ELECCIONES\" data-e-action-hash=\"#elementor-action%3Aaction%3Dlightbox%26settings%3DeyJpZCI6MzgzNjgsInVybCI6Imh0dHBzOlwvXC93d3cudWVhLmVkdS5lY1wvd2ViXC92Mlwvd3AtY29udGVudFwvdXBsb2Fkc1wvMjAyM1wvMTBcL2QzNmJjMGE3LTcxODAtNDkzMy1iZGViLTUzMDQzODQ2MmZlNC5qcGciLCJzbGlkZXNob3ciOiIwMTcyMzcwIn0%3D\">\n\t\t\t\t\t<div class=\"e-gallery-image elementor-gallery-item__image\" data-thumbnail=\"https:\/\/www.uea.edu.ec\/web\/v2\/wp-content\/uploads\/2023\/10\/d36bc0a7-7180-4933-bdeb-530438462fe4.jpg\" data-width=\"1200\" data-height=\"1599\" aria-label=\"\" role=\"img\" ><\/div>\n\t\t\t\t\t\t\t\t\t\t\t<div class=\"elementor-gallery-item__overlay\"><\/div>\n\t\t\t\t\t\t\t\t\t\t\t\t\t\t<\/a>\n\t\t\t\t\t\t\t<a class=\"e-gallery-item elementor-gallery-item elementor-animated-content\" href=\"https:\/\/www.uea.edu.ec\/web\/v2\/wp-content\/uploads\/2023\/10\/6c7fafc9-c3f9-4a26-a869-0f2d4bbd467f.jpg\" data-elementor-open-lightbox=\"yes\" data-elementor-lightbox-slideshow=\"0172370\" data-elementor-lightbox-title=\"UEA - PROCESO DE ELECCIONES\" data-e-action-hash=\"#elementor-action%3Aaction%3Dlightbox%26settings%3DeyJpZCI6MzgzNjksInVybCI6Imh0dHBzOlwvXC93d3cudWVhLmVkdS5lY1wvd2ViXC92Mlwvd3AtY29udGVudFwvdXBsb2Fkc1wvMjAyM1wvMTBcLzZjN2ZhZmM5LWMzZjktNGEyNi1hODY5LTBmMmQ0YmJkNDY3Zi5qcGciLCJzbGlkZXNob3ciOiIwMTcyMzcwIn0%3D\">\n\t\t\t\t\t<div class=\"e-gallery-image elementor-gallery-item__image\" data-thumbnail=\"https:\/\/www.uea.edu.ec\/web\/v2\/wp-content\/uploads\/2023\/10\/6c7fafc9-c3f9-4a26-a869-0f2d4bbd467f.jpg\" data-width=\"1200\" data-height=\"1599\" aria-label=\"\" role=\"img\" ><\/div>\n\t\t\t\t\t\t\t\t\t\t\t<div class=\"elementor-gallery-item__overlay\"><\/div>\n\t\t\t\t\t\t\t\t\t\t\t\t\t\t<\/a>\n\t\t\t\t\t\t\t<a class=\"e-gallery-item elementor-gallery-item elementor-animated-content\" href=\"https:\/\/www.uea.edu.ec\/web\/v2\/wp-content\/uploads\/2023\/10\/45c23d9a-50cc-4203-944b-c0109cdf471d.jpg\" data-elementor-open-lightbox=\"yes\" data-elementor-lightbox-slideshow=\"0172370\" data-elementor-lightbox-title=\"UEA - PROCESO DE ELECCIONES\" data-e-action-hash=\"#elementor-action%3Aaction%3Dlightbox%26settings%3DeyJpZCI6MzgzNzAsInVybCI6Imh0dHBzOlwvXC93d3cudWVhLmVkdS5lY1wvd2ViXC92Mlwvd3AtY29udGVudFwvdXBsb2Fkc1wvMjAyM1wvMTBcLzQ1YzIzZDlhLTUwY2MtNDIwMy05NDRiLWMwMTA5Y2RmNDcxZC5qcGciLCJzbGlkZXNob3ciOiIwMTcyMzcwIn0%3D\">\n\t\t\t\t\t<div class=\"e-gallery-image elementor-gallery-item__image\" data-thumbnail=\"https:\/\/www.uea.edu.ec\/web\/v2\/wp-content\/uploads\/2023\/10\/45c23d9a-50cc-4203-944b-c0109cdf471d.jpg\" data-width=\"1600\" data-height=\"1066\" aria-label=\"\" role=\"img\" ><\/div>\n\t\t\t\t\t\t\t\t\t\t\t<div class=\"elementor-gallery-item__overlay\"><\/div>\n\t\t\t\t\t\t\t\t\t\t\t\t\t\t<\/a>\n\t\t\t\t\t\t\t<a class=\"e-gallery-item elementor-gallery-item elementor-animated-content\" href=\"https:\/\/www.uea.edu.ec\/web\/v2\/wp-content\/uploads\/2023\/10\/220d150e-5c4f-4d9b-950f-afc4aa136808.jpg\" data-elementor-open-lightbox=\"yes\" data-elementor-lightbox-slideshow=\"0172370\" data-elementor-lightbox-title=\"UEA - PROCESO DE ELECCIONES\" data-e-action-hash=\"#elementor-action%3Aaction%3Dlightbox%26settings%3DeyJpZCI6MzgzNzEsInVybCI6Imh0dHBzOlwvXC93d3cudWVhLmVkdS5lY1wvd2ViXC92Mlwvd3AtY29udGVudFwvdXBsb2Fkc1wvMjAyM1wvMTBcLzIyMGQxNTBlLTVjNGYtNGQ5Yi05NTBmLWFmYzRhYTEzNjgwOC5qcGciLCJzbGlkZXNob3ciOiIwMTcyMzcwIn0%3D\">\n\t\t\t\t\t<div class=\"e-gallery-image elementor-gallery-item__image\" data-thumbnail=\"https:\/\/www.uea.edu.ec\/web\/v2\/wp-content\/uploads\/2023\/10\/220d150e-5c4f-4d9b-950f-afc4aa136808.jpg\" data-width=\"1600\" data-height=\"1066\" aria-label=\"\" role=\"img\" ><\/div>\n\t\t\t\t\t\t\t\t\t\t\t<div class=\"elementor-gallery-item__overlay\"><\/div>\n\t\t\t\t\t\t\t\t\t\t\t\t\t\t<\/a>\n\t\t\t\t\t\t\t<a class=\"e-gallery-item elementor-gallery-item elementor-animated-content\" href=\"https:\/\/www.uea.edu.ec\/web\/v2\/wp-content\/uploads\/2023\/10\/c418c1e1-2471-4971-be0a-55621a8b5134.jpg\" data-elementor-open-lightbox=\"yes\" data-elementor-lightbox-slideshow=\"0172370\" data-elementor-lightbox-title=\"UEA - PROCESO DE ELECCIONES\" data-e-action-hash=\"#elementor-action%3Aaction%3Dlightbox%26settings%3DeyJpZCI6MzgzNzIsInVybCI6Imh0dHBzOlwvXC93d3cudWVhLmVkdS5lY1wvd2ViXC92Mlwvd3AtY29udGVudFwvdXBsb2Fkc1wvMjAyM1wvMTBcL2M0MThjMWUxLTI0NzEtNDk3MS1iZTBhLTU1NjIxYThiNTEzNC5qcGciLCJzbGlkZXNob3ciOiIwMTcyMzcwIn0%3D\">\n\t\t\t\t\t<div class=\"e-gallery-image elementor-gallery-item__image\" data-thumbnail=\"https:\/\/www.uea.edu.ec\/web\/v2\/wp-content\/uploads\/2023\/10\/c418c1e1-2471-4971-be0a-55621a8b5134.jpg\" data-width=\"1600\" data-height=\"1066\" aria-label=\"\" role=\"img\" ><\/div>\n\t\t\t\t\t\t\t\t\t\t\t<div class=\"elementor-gallery-item__overlay\"><\/div>\n\t\t\t\t\t\t\t\t\t\t\t\t\t\t<\/a>\n\t\t\t\t\t\t\t<a class=\"e-gallery-item elementor-gallery-item elementor-animated-content\" href=\"https:\/\/www.uea.edu.ec\/web\/v2\/wp-content\/uploads\/2023\/10\/6d932baf-ad74-466e-8ab4-7514402a1682.jpg\" data-elementor-open-lightbox=\"yes\" data-elementor-lightbox-slideshow=\"0172370\" data-elementor-lightbox-title=\"UEA - PROCESO DE ELECCIONES\" data-e-action-hash=\"#elementor-action%3Aaction%3Dlightbox%26settings%3DeyJpZCI6MzgzNzQsInVybCI6Imh0dHBzOlwvXC93d3cudWVhLmVkdS5lY1wvd2ViXC92Mlwvd3AtY29udGVudFwvdXBsb2Fkc1wvMjAyM1wvMTBcLzZkOTMyYmFmLWFkNzQtNDY2ZS04YWI0LTc1MTQ0MDJhMTY4Mi5qcGciLCJzbGlkZXNob3ciOiIwMTcyMzcwIn0%3D\">\n\t\t\t\t\t<div class=\"e-gallery-image elementor-gallery-item__image\" data-thumbnail=\"https:\/\/www.uea.edu.ec\/web\/v2\/wp-content\/uploads\/2023\/10\/6d932baf-ad74-466e-8ab4-7514402a1682.jpg\" data-width=\"1600\" data-height=\"1066\" aria-label=\"\" role=\"img\" ><\/div>\n\t\t\t\t\t\t\t\t\t\t\t<div class=\"elementor-gallery-item__overlay\"><\/div>\n\t\t\t\t\t\t\t\t\t\t\t\t\t\t<\/a>\n\t\t\t\t\t\t\t<a class=\"e-gallery-item elementor-gallery-item elementor-animated-content\" href=\"https:\/\/www.uea.edu.ec\/web\/v2\/wp-content\/uploads\/2023\/10\/06e605ea-bb47-4c9a-9b01-8088cad9fb39.jpg\" data-elementor-open-lightbox=\"yes\" data-elementor-lightbox-slideshow=\"0172370\" data-elementor-lightbox-title=\"UEA - PROCESO DE ELECCIONES\" data-e-action-hash=\"#elementor-action%3Aaction%3Dlightbox%26settings%3DeyJpZCI6MzgzNzUsInVybCI6Imh0dHBzOlwvXC93d3cudWVhLmVkdS5lY1wvd2ViXC92Mlwvd3AtY29udGVudFwvdXBsb2Fkc1wvMjAyM1wvMTBcLzA2ZTYwNWVhLWJiNDctNGM5YS05YjAxLTgwODhjYWQ5ZmIzOS5qcGciLCJzbGlkZXNob3ciOiIwMTcyMzcwIn0%3D\">\n\t\t\t\t\t<div class=\"e-gallery-image elementor-gallery-item__image\" data-thumbnail=\"https:\/\/www.uea.edu.ec\/web\/v2\/wp-content\/uploads\/2023\/10\/06e605ea-bb47-4c9a-9b01-8088cad9fb39.jpg\" data-width=\"1600\" data-height=\"1066\" aria-label=\"\" role=\"img\" ><\/div>\n\t\t\t\t\t\t\t\t\t\t\t<div class=\"elementor-gallery-item__overlay\"><\/div>\n\t\t\t\t\t\t\t\t\t\t\t\t\t\t<\/a>\n\t\t\t\t\t\t\t<a class=\"e-gallery-item elementor-gallery-item elementor-animated-content\" href=\"https:\/\/www.uea.edu.ec\/web\/v2\/wp-content\/uploads\/2023\/10\/392931487_727185786109405_2617247381649643847_n.jpg\" data-elementor-open-lightbox=\"yes\" data-elementor-lightbox-slideshow=\"0172370\" data-elementor-lightbox-title=\"UEA - PROCESO DE ELECCIONES\" data-e-action-hash=\"#elementor-action%3Aaction%3Dlightbox%26settings%3DeyJpZCI6MzgzNzksInVybCI6Imh0dHBzOlwvXC93d3cudWVhLmVkdS5lY1wvd2ViXC92Mlwvd3AtY29udGVudFwvdXBsb2Fkc1wvMjAyM1wvMTBcLzM5MjkzMTQ4N183MjcxODU3ODYxMDk0MDVfMjYxNzI0NzM4MTY0OTY0Mzg0N19uLmpwZyIsInNsaWRlc2hvdyI6IjAxNzIzNzAifQ%3D%3D\">\n\t\t\t\t\t<div class=\"e-gallery-image elementor-gallery-item__image\" data-thumbnail=\"https:\/\/www.uea.edu.ec\/web\/v2\/wp-content\/uploads\/2023\/10\/392931487_727185786109405_2617247381649643847_n.jpg\" data-width=\"960\" data-height=\"640\" aria-label=\"\" role=\"img\" ><\/div>\n\t\t\t\t\t\t\t\t\t\t\t<div class=\"elementor-gallery-item__overlay\"><\/div>\n\t\t\t\t\t\t\t\t\t\t\t\t\t\t<\/a>\n\t\t\t\t\t\t\t<a class=\"e-gallery-item elementor-gallery-item elementor-animated-content\" href=\"https:\/\/www.uea.edu.ec\/web\/v2\/wp-content\/uploads\/2023\/10\/393801700_727185809442736_1594765600033726463_n.jpg\" data-elementor-open-lightbox=\"yes\" data-elementor-lightbox-slideshow=\"0172370\" data-elementor-lightbox-title=\"UEA - PROCESO DE ELECCIONES\" data-e-action-hash=\"#elementor-action%3Aaction%3Dlightbox%26settings%3DeyJpZCI6MzgzODAsInVybCI6Imh0dHBzOlwvXC93d3cudWVhLmVkdS5lY1wvd2ViXC92Mlwvd3AtY29udGVudFwvdXBsb2Fkc1wvMjAyM1wvMTBcLzM5MzgwMTcwMF83MjcxODU4MDk0NDI3MzZfMTU5NDc2NTYwMDAzMzcyNjQ2M19uLmpwZyIsInNsaWRlc2hvdyI6IjAxNzIzNzAifQ%3D%3D\">\n\t\t\t\t\t<div class=\"e-gallery-image elementor-gallery-item__image\" data-thumbnail=\"https:\/\/www.uea.edu.ec\/web\/v2\/wp-content\/uploads\/2023\/10\/393801700_727185809442736_1594765600033726463_n.jpg\" data-width=\"960\" data-height=\"640\" aria-label=\"\" role=\"img\" ><\/div>\n\t\t\t\t\t\t\t\t\t\t\t<div class=\"elementor-gallery-item__overlay\"><\/div>\n\t\t\t\t\t\t\t\t\t\t\t\t\t\t<\/a>\n\t\t\t\t\t\t\t<a class=\"e-gallery-item elementor-gallery-item elementor-animated-content\" href=\"https:\/\/www.uea.edu.ec\/web\/v2\/wp-content\/uploads\/2023\/10\/392940207_727185842776066_4316327142564454560_n.jpg\" data-elementor-open-lightbox=\"yes\" data-elementor-lightbox-slideshow=\"0172370\" data-elementor-lightbox-title=\"UEA - PROCESO DE ELECCIONES\" data-e-action-hash=\"#elementor-action%3Aaction%3Dlightbox%26settings%3DeyJpZCI6MzgzODEsInVybCI6Imh0dHBzOlwvXC93d3cudWVhLmVkdS5lY1wvd2ViXC92Mlwvd3AtY29udGVudFwvdXBsb2Fkc1wvMjAyM1wvMTBcLzM5Mjk0MDIwN183MjcxODU4NDI3NzYwNjZfNDMxNjMyNzE0MjU2NDQ1NDU2MF9uLmpwZyIsInNsaWRlc2hvdyI6IjAxNzIzNzAifQ%3D%3D\">\n\t\t\t\t\t<div class=\"e-gallery-image elementor-gallery-item__image\" data-thumbnail=\"https:\/\/www.uea.edu.ec\/web\/v2\/wp-content\/uploads\/2023\/10\/392940207_727185842776066_4316327142564454560_n.jpg\" data-width=\"960\" data-height=\"640\" aria-label=\"\" role=\"img\" ><\/div>\n\t\t\t\t\t\t\t\t\t\t\t<div class=\"elementor-gallery-item__overlay\"><\/div>\n\t\t\t\t\t\t\t\t\t\t\t\t\t\t<\/a>\n\t\t\t\t\t\t\t<a class=\"e-gallery-item elementor-gallery-item elementor-animated-content\" href=\"https:\/\/www.uea.edu.ec\/web\/v2\/wp-content\/uploads\/2023\/10\/394620342_727186259442691_4816931132677468046_n.jpg\" data-elementor-open-lightbox=\"yes\" data-elementor-lightbox-slideshow=\"0172370\" data-elementor-lightbox-title=\"UEA - PROCESO DE ELECCIONES\" data-e-action-hash=\"#elementor-action%3Aaction%3Dlightbox%26settings%3DeyJpZCI6MzgzODIsInVybCI6Imh0dHBzOlwvXC93d3cudWVhLmVkdS5lY1wvd2ViXC92Mlwvd3AtY29udGVudFwvdXBsb2Fkc1wvMjAyM1wvMTBcLzM5NDYyMDM0Ml83MjcxODYyNTk0NDI2OTFfNDgxNjkzMTEzMjY3NzQ2ODA0Nl9uLmpwZyIsInNsaWRlc2hvdyI6IjAxNzIzNzAifQ%3D%3D\">\n\t\t\t\t\t<div class=\"e-gallery-image elementor-gallery-item__image\" data-thumbnail=\"https:\/\/www.uea.edu.ec\/web\/v2\/wp-content\/uploads\/2023\/10\/394620342_727186259442691_4816931132677468046_n.jpg\" data-width=\"2048\" data-height=\"1366\" aria-label=\"\" role=\"img\" ><\/div>\n\t\t\t\t\t\t\t\t\t\t\t<div class=\"elementor-gallery-item__overlay\"><\/div>\n\t\t\t\t\t\t\t\t\t\t\t\t\t\t<\/a>\n\t\t\t\t\t\t\t<a class=\"e-gallery-item elementor-gallery-item elementor-animated-content\" href=\"https:\/\/www.uea.edu.ec\/web\/v2\/wp-content\/uploads\/2023\/10\/394254993_727186216109362_8585089734389500045_n.jpg\" data-elementor-open-lightbox=\"yes\" data-elementor-lightbox-slideshow=\"0172370\" data-elementor-lightbox-title=\"UEA - PROCESO DE ELECCIONES\" data-e-action-hash=\"#elementor-action%3Aaction%3Dlightbox%26settings%3DeyJpZCI6MzgzODMsInVybCI6Imh0dHBzOlwvXC93d3cudWVhLmVkdS5lY1wvd2ViXC92Mlwvd3AtY29udGVudFwvdXBsb2Fkc1wvMjAyM1wvMTBcLzM5NDI1NDk5M183MjcxODYyMTYxMDkzNjJfODU4NTA4OTczNDM4OTUwMDA0NV9uLmpwZyIsInNsaWRlc2hvdyI6IjAxNzIzNzAifQ%3D%3D\">\n\t\t\t\t\t<div class=\"e-gallery-image elementor-gallery-item__image\" data-thumbnail=\"https:\/\/www.uea.edu.ec\/web\/v2\/wp-content\/uploads\/2023\/10\/394254993_727186216109362_8585089734389500045_n.jpg\" data-width=\"2048\" data-height=\"1366\" aria-label=\"\" role=\"img\" ><\/div>\n\t\t\t\t\t\t\t\t\t\t\t<div class=\"elementor-gallery-item__overlay\"><\/div>\n\t\t\t\t\t\t\t\t\t\t\t\t\t\t<\/a>\n\t\t\t\t\t<\/div>\n\t\t\t\t\t<\/div>\n\t\t\t\t<\/div>\n\t\t\t\t\t<\/div>\n\t\t<\/div>\n\t\t\t\t\t<\/div>\n\t\t<\/section>\n\t\t\t\t<\/div>\n\t\t","protected":false},"excerpt":{"rendered":"<p>Convocatoria a eleeciones Cronograma de elecciones Resoluci\u00f3n 1 Resoluci\u00f3n 2 Resoluci\u00f3n 3 Resoluci\u00f3n 4 Resoluci\u00f3n 5 Resoluci\u00f3n 6 Padr\u00f3n electoral &hellip; <\/p>\n","protected":false},"author":10,"featured_media":0,"parent":0,"menu_order":0,"comment_status":"closed","ping_status":"closed","template":"","meta":{"om_disable_all_campaigns":false,"_monsterinsights_skip_tracking":false,"_monsterinsights_sitenote_active":false,"_monsterinsights_sitenote_note":"","_monsterinsights_sitenote_category":0,"footnotes":""},"class_list":["post-37038","page","type-page","status-publish","hentry"],"_links":{"self":[{"href":"https:\/\/www.uea.edu.ec\/web\/v2\/index.php?rest_route=\/wp\/v2\/pages\/37038","targetHints":{"allow":["GET"]}}],"collection":[{"href":"https:\/\/www.uea.edu.ec\/web\/v2\/index.php?rest_route=\/wp\/v2\/pages"}],"about":[{"href":"https:\/\/www.uea.edu.ec\/web\/v2\/index.php?rest_route=\/wp\/v2\/types\/page"}],"author":[{"embeddable":true,"href":"https:\/\/www.uea.edu.ec\/web\/v2\/index.php?rest_route=\/wp\/v2\/users\/10"}],"replies":[{"embeddable":true,"href":"https:\/\/www.uea.edu.ec\/web\/v2\/index.php?rest_route=%2Fwp%2Fv2%2Fcomments&post=37038"}],"version-history":[{"count":67,"href":"https:\/\/www.uea.edu.ec\/web\/v2\/index.php?rest_route=\/wp\/v2\/pages\/37038\/revisions"}],"predecessor-version":[{"id":38497,"href":"https:\/\/www.uea.edu.ec\/web\/v2\/index.php?rest_route=\/wp\/v2\/pages\/37038\/revisions\/38497"}],"wp:attachment":[{"href":"https:\/\/www.uea.edu.ec\/web\/v2\/index.php?rest_route=%2Fwp%2Fv2%2Fmedia&parent=37038"}],"curies":[{"name":"wp","href":"https:\/\/api.w.org\/{rel}","templated":true}]}}