{"id":43761,"date":"2024-03-12T14:12:06","date_gmt":"2024-03-12T19:12:06","guid":{"rendered":"https:\/\/www.uea.edu.ec\/web\/v2\/?page_id=43761"},"modified":"2024-06-28T07:54:35","modified_gmt":"2024-06-28T12:54:35","slug":"rendicion-de-cuentas-2023","status":"publish","type":"page","link":"https:\/\/www.uea.edu.ec\/web\/v2\/?page_id=43761","title":{"rendered":""},"content":{"rendered":"\t\t<div data-elementor-type=\"wp-page\" data-elementor-id=\"43761\" class=\"elementor elementor-43761\" data-elementor-settings=\"{&quot;ha_cmc_init_switcher&quot;:&quot;no&quot;}\" data-elementor-post-type=\"page\">\n\t\t\t\t\t\t<section class=\"elementor-section elementor-top-section elementor-element elementor-element-74895f1 elementor-section-boxed elementor-section-height-default elementor-section-height-default\" data-id=\"74895f1\" data-element_type=\"section\" data-settings=\"{&quot;_ha_eqh_enable&quot;:false}\">\n\t\t\t\t\t\t<div class=\"elementor-container elementor-column-gap-default\">\n\t\t\t\t\t<div class=\"elementor-column elementor-col-100 elementor-top-column elementor-element elementor-element-878d71e\" data-id=\"878d71e\" data-element_type=\"column\">\n\t\t\t<div class=\"elementor-widget-wrap elementor-element-populated\">\n\t\t\t\t\t\t<div class=\"elementor-element elementor-element-dbbbd2d elementor-widget elementor-widget-image\" data-id=\"dbbbd2d\" data-element_type=\"widget\" data-widget_type=\"image.default\">\n\t\t\t\t<div class=\"elementor-widget-container\">\n\t\t\t\t\t\t\t\t\t\t\t\t\t\t\t<img fetchpriority=\"high\" decoding=\"async\" width=\"750\" height=\"89\" src=\"https:\/\/www.uea.edu.ec\/web\/v2\/wp-content\/uploads\/2024\/03\/rendicion-de-cuentas-2023-1024x121.png\" class=\"attachment-large size-large wp-image-43764\" alt=\"\" srcset=\"https:\/\/www.uea.edu.ec\/web\/v2\/wp-content\/uploads\/2024\/03\/rendicion-de-cuentas-2023-1024x121.png 1024w, https:\/\/www.uea.edu.ec\/web\/v2\/wp-content\/uploads\/2024\/03\/rendicion-de-cuentas-2023-300x36.png 300w, https:\/\/www.uea.edu.ec\/web\/v2\/wp-content\/uploads\/2024\/03\/rendicion-de-cuentas-2023-768x91.png 768w, https:\/\/www.uea.edu.ec\/web\/v2\/wp-content\/uploads\/2024\/03\/rendicion-de-cuentas-2023-1536x182.png 1536w, https:\/\/www.uea.edu.ec\/web\/v2\/wp-content\/uploads\/2024\/03\/rendicion-de-cuentas-2023-1920x229.png 1920w, https:\/\/www.uea.edu.ec\/web\/v2\/wp-content\/uploads\/2024\/03\/rendicion-de-cuentas-2023.png 1933w\" sizes=\"(max-width: 750px) 100vw, 750px\" \/>\t\t\t\t\t\t\t\t\t\t\t\t\t\t\t<\/div>\n\t\t\t\t<\/div>\n\t\t\t\t\t<\/div>\n\t\t<\/div>\n\t\t\t\t\t<\/div>\n\t\t<\/section>\n\t\t\t\t<section class=\"elementor-section elementor-top-section elementor-element elementor-element-388b6ed elementor-section-boxed elementor-section-height-default elementor-section-height-default\" data-id=\"388b6ed\" data-element_type=\"section\" data-settings=\"{&quot;_ha_eqh_enable&quot;:false}\">\n\t\t\t\t\t\t<div class=\"elementor-container elementor-column-gap-default\">\n\t\t\t\t\t<div class=\"elementor-column elementor-col-100 elementor-top-column elementor-element elementor-element-4b6655b9\" data-id=\"4b6655b9\" data-element_type=\"column\">\n\t\t\t<div class=\"elementor-widget-wrap elementor-element-populated\">\n\t\t\t\t\t\t<div class=\"elementor-element elementor-element-2d36002d elementor-widget elementor-widget-text-editor\" data-id=\"2d36002d\" data-element_type=\"widget\" data-widget_type=\"text-editor.default\">\n\t\t\t\t<div class=\"elementor-widget-container\">\n\t\t\t\t\t\t\t\t\t<p><span style=\"color: #003366;\"><strong>Fase 0: Organizaci\u00f3n interna institucional<\/strong><\/span><br \/><a href=\"https:\/\/www.uea.edu.ec\/web\/v2\/wp-content\/uploads\/2024\/03\/1.-CONFORMACION-DEL-EQUIPO.pdf\" target=\"_blank\" rel=\"noopener\"><span style=\"color: #008080;\">1. Conformaci\u00f3n del equipo del Proceso de Rendici\u00f3n de Cuentas<\/span><\/a><br \/><span style=\"color: #008080;\"><a style=\"color: #008080;\" href=\"https:\/\/www.uea.edu.ec\/web\/v2\/wp-content\/uploads\/2024\/03\/2.-DISENO-DE-LA-PROPUESTA-DEL-PROCESO.pdf\" target=\"_blank\" rel=\"noopener\">2. Dise\u00f1o de la Propuesta del Proceso de Rendici\u00f3n de Cuentas<\/a><\/span><br \/><strong><span style=\"color: #003366;\"><img decoding=\"async\" src=\"https:\/\/www.uea.edu.ec\/web\/v2\/wp-content\/uploads\/2023\/03\/Captura-de-pantalla-2023-03-17-142243-1024x44.png\" alt=\"\" width=\"750\" height=\"32\" \/><\/span><\/strong><br \/><strong><span style=\"color: #003366;\"> Fase 1: Elaboraci\u00f3n del Informe de Rendici\u00f3n de Cuentas<\/span><\/strong><br \/><!-- <i class=\"fa-solid fa-pen-to-square\"><\/i> Font Awesome fontawesome.com -->1. Evaluaci\u00f3n de la Gesti\u00f3n Institucional<br \/><span style=\"color: #008080;\"><a style=\"color: #008080;\" href=\"https:\/\/www.uea.edu.ec\/web\/v2\/wp-content\/uploads\/2024\/03\/1.-LEVANTAMIENTO-PERIODICO-DE-LA-INFORMACION.pdf\" target=\"_blank\" rel=\"noopener\">\u00a0\u00a0\u00a0\u00a0\u00a0\u00a0\u00a0\u00a0 1.1. Levantamiento Peri\u00f3dico de la Informaci\u00f3n<\/a><\/span><br \/><span style=\"color: #008080;\"><a style=\"color: #008080;\" href=\"https:\/\/www.uea.edu.ec\/web\/v2\/wp-content\/uploads\/2024\/03\/1.-LEVANTAMIENTO-PERIODICO-DE-LA-INFORMACION.pdf\" target=\"_blank\" rel=\"noopener\">\u00a0\u00a0\u00a0\u00a0\u00a0<span style=\"color: #008080;\">\u00a0\u00a0\u00a0 <\/span><\/a><a style=\"color: #008080;\" href=\"https:\/\/www.uea.edu.ec\/web\/v2\/wp-content\/uploads\/2024\/05\/Informe_de_gestion_2023.pdf\" target=\"_blank\" rel=\"noopener\">1.2. Consolidaci\u00f3n de Resultados Cuantitativos de la Evaluaci\u00f3n<\/a><\/span><br \/><a style=\"color: #008080;\" href=\"https:\/\/www.uea.edu.ec\/web\/v2\/wp-content\/uploads\/2024\/03\/1.-LEVANTAMIENTO-PERIODICO-DE-LA-INFORMACION.pdf\" target=\"_blank\" rel=\"noopener\">\u00a0\u00a0\u00a0\u00a0\u00a0\u00a0\u00a0\u00a0 <\/a><span style=\"color: #008080;\"><a style=\"color: #008080;\" href=\"https:\/\/www.uea.edu.ec\/web\/v2\/wp-content\/uploads\/2024\/03\/03.-VALIDACION-DE-LA-INFORMACION.pdf\" target=\"_blank\" rel=\"noopener\">1.3. Validaci\u00f3n de los Resultados de la Gesti\u00f3n Anual<\/a><\/span><br \/><a href=\"https:\/\/www.uea.edu.ec\/web\/v2\/wp-content\/uploads\/2024\/03\/2.-LLENADO-DE-FORMULARIO-DE-RENDICION-DE-CUENTAS2023YS-1.pdf\" target=\"_blank\" rel=\"noopener\"><span style=\"color: #008080;\">2. Llenar el Formulario<\/span><\/a><br \/><a href=\"https:\/\/www.uea.edu.ec\/web\/v2\/wp-content\/uploads\/2024\/03\/PDF-Libro-Rendicion-de-Cuentas-2023.pdf\" target=\"_blank\" rel=\"noopener\"><span style=\"color: #008080;\">3. Redacci\u00f3n del Informe de Rendici\u00f3n de Cuentas<\/span><\/a><br \/><a href=\"https:\/\/www.uea.edu.ec\/web\/v2\/wp-content\/uploads\/2024\/03\/4.-SOCIALIZACION-Y-APROBACION-DEL-INFORME.pdf\" target=\"_blank\" rel=\"noopener\"><span style=\"color: #008080;\">4. Socializaci\u00f3n y Aprobaci\u00f3n del Informe<\/span><\/a><br \/><span style=\"color: #003366;\"><strong><img decoding=\"async\" src=\"https:\/\/www.uea.edu.ec\/web\/v2\/wp-content\/uploads\/2023\/03\/Captura-de-pantalla-2023-03-17-142243-1024x44.png\" alt=\"\" width=\"750\" height=\"32\" \/><\/strong><\/span><br \/><span style=\"color: #003366;\"><strong>Fase 2: Presentaci\u00f3n a la ciudadan\u00eda del Informe de rendici\u00f3n de cuentas<\/strong><\/span><br \/>1. Difusi\u00f3n del Informe de Rendici\u00f3n de Cuentas<br \/><span style=\"color: #008080;\"><a href=\"https:\/\/www.uea.edu.ec\/web\/v2\/wp-content\/uploads\/2024\/03\/1.-LEVANTAMIENTO-PERIODICO-DE-LA-INFORMACION.pdf\" target=\"_blank\" rel=\"noopener\">\u00a0\u00a0\u00a0\u00a0\u00a0\u00a0\u00a0\u00a0 <\/a><a style=\"color: #008080;\" href=\"https:\/\/www.uea.edu.ec\/web\/v2\/wp-content\/uploads\/2024\/03\/02.9-invitacion_rendicion_de_ceuntas-1.jpg\" target=\"_blank\" rel=\"noopener\">1.1. Invitaci\u00f3n a Rendici\u00f3n de Cuentas UEA 2023<\/a><\/span><br \/><span style=\"color: #008080;\">\u00a0\u00a0\u00a0\u00a0\u00a0<a href=\"https:\/\/www.uea.edu.ec\/web\/v2\/wp-content\/uploads\/2024\/04\/1.2-SOLICITUD-DE-INVITADOS-AL-EVENTO-DE-RC.pdf\" target=\"_blank\" rel=\"noopener\"> \u00a0<span style=\"color: #008080;\">\u00a0 1.2. Solicitud de invitados al evento de Rendici\u00f3n de Cuentas UEA 2023<\/span><\/a><\/span><br \/><span style=\"color: #008080;\"><a style=\"color: #008080;\" href=\"https:\/\/www.uea.edu.ec\/web\/v2\/wp-content\/uploads\/2024\/04\/1.3.-DIFUSION-DEL-INFORME.pdf\" target=\"_blank\" rel=\"noopener\">\u00a0\u00a0\u00a0\u00a0\u00a0\u00a0\u00a0\u00a0 1.3. Difusi\u00f3n del Informe<\/a><\/span><br \/>2. Planificaci\u00f3n del Evento Participativo<br \/><span style=\"color: #008080;\"><a style=\"color: #008080;\" href=\"https:\/\/www.uea.edu.ec\/web\/v2\/?p=44128\" target=\"_blank\" rel=\"noopener\">\u00a0\u00a0\u00a0\u00a0\u00a0\u00a0\u00a0\u00a0 2.1. Convocatoria P\u00fablica al Evento<\/a><\/span><br \/><a href=\"https:\/\/www.uea.edu.ec\/web\/v2\/wp-content\/uploads\/2024\/03\/1.-LEVANTAMIENTO-PERIODICO-DE-LA-INFORMACION.pdf\" target=\"_blank\" rel=\"noopener\">\u00a0\u00a0\u00a0\u00a0\u00a0\u00a0\u00a0\u00a0 <\/a><span style=\"color: #008080;\"><a style=\"color: #008080;\" href=\"https:\/\/www.uea.edu.ec\/web\/v2\/wp-content\/uploads\/2024\/04\/2.2.-CONDICIONES-LOGISTICAS.pdf\" target=\"_blank\" rel=\"noopener\">2.2. Condiciones de Log\u00edstica que brinden la facilidad para ejecuci\u00f3n del evento<\/a><\/span><br \/><a href=\"https:\/\/www.uea.edu.ec\/web\/v2\/wp-content\/uploads\/2024\/03\/1.-LEVANTAMIENTO-PERIODICO-DE-LA-INFORMACION.pdf\" target=\"_blank\" rel=\"noopener\">\u00a0\u00a0\u00a0\u00a0\u00a0\u00a0\u00a0<span style=\"color: #008080;\">\u00a0 <\/span><\/a><span style=\"color: #008080;\"><a style=\"color: #008080;\" href=\"https:\/\/www.uea.edu.ec\/web\/v2\/wp-content\/uploads\/2024\/04\/2.3.-PREPARACION-DE-FACILITADORES.pdf\" target=\"_blank\" rel=\"noopener\">2.3. Preparaci\u00f3n de Facilitadores<\/a><\/span><br \/><a href=\"https:\/\/www.uea.edu.ec\/web\/v2\/wp-content\/uploads\/2024\/03\/1.-LEVANTAMIENTO-PERIODICO-DE-LA-INFORMACION.pdf\" target=\"_blank\" rel=\"noopener\">\u00a0\u00a0\u00a0\u00a0\u00a0\u00a0\u00a0\u00a0 <\/a><span style=\"color: #008080;\"><a style=\"color: #008080;\" href=\"https:\/\/www.uea.edu.ec\/web\/v2\/wp-content\/uploads\/2024\/04\/2.4.-PREPARACION-DE-LA-AGENDA.pdf\" target=\"_blank\" rel=\"noopener\">2.4. Preparaci\u00f3n de la Agenda<\/a><\/span><br \/>3. Realizaci\u00f3n del Evento de Rendici\u00f3n de Cuentas<br \/><span style=\"color: #008080;\"><a style=\"color: #008080;\" href=\"https:\/\/www.uea.edu.ec\/web\/v2\/wp-content\/uploads\/2024\/04\/REGISTRO-DE-FIRMAS-DEL-EVENTO.pdf\" target=\"_blank\" rel=\"noopener\">\u00a0\u00a0\u00a0\u00a0\u00a0\u00a0\u00a0\u00a0 3.1. Registro de Firmas del Evento<\/a><\/span><br \/><span style=\"color: #008080;\">\u00a0\u00a0\u00a0\u00a0\u00a0\u00a0\u00a0\u00a0 3<a style=\"color: #008080;\" href=\"https:\/\/www.facebook.com\/MokawaFM\/videos\/726525082990074\" target=\"_blank\" rel=\"noopener\">.2. Rendici\u00f3n de Cuentas UEA <span style=\"color: #008080;\">2023<\/span><\/a><\/span><br \/>4. Incorporaci\u00f3n de Aportes Ciudadanos<\/p><p>\u00a0\u00a0\u00a0\u00a0\u00a0\u00a0<span style=\"color: #33cccc;\">\u00a0\u00a0<span style=\"color: #008080;\"><a style=\"color: #008080;\" href=\"https:\/\/www.uea.edu.ec\/web\/v2\/wp-content\/uploads\/2024\/04\/Sugerencias_ciudadanas_2023.pdf\" target=\"_blank\" rel=\"noopener\"> 4.1. Sugerencias Ciudadanas y Compromisos Asumidos<\/a><\/span><\/span><br \/><span style=\"color: #003366;\"><strong><img decoding=\"async\" src=\"https:\/\/www.uea.edu.ec\/web\/v2\/wp-content\/uploads\/2023\/03\/Captura-de-pantalla-2023-03-17-142243-1024x44.png\" alt=\"\" width=\"750\" height=\"32\" \/><\/strong><\/span><br \/><span style=\"color: #003366;\"><strong>Fase 3: Entrega de Informe de rendici\u00f3n de cuentas al Consejo de Participaci\u00f3n Ciudadana y Control Social<\/strong><\/span><br \/><a href=\"https:\/\/www.uea.edu.ec\/web\/v2\/wp-content\/uploads\/2024\/06\/InstitutosdeEducacion.pdf\" target=\"_blank\" rel=\"noopener\"><span style=\"color: #008080;\">1. Entrega del Informe de Rendici\u00f3n de Cuentas al CPCCS<\/span><\/a><\/p>\t\t\t\t\t\t\t\t<\/div>\n\t\t\t\t<\/div>\n\t\t\t\t\t<\/div>\n\t\t<\/div>\n\t\t\t\t\t<\/div>\n\t\t<\/section>\n\t\t\t\t<\/div>\n\t\t","protected":false},"excerpt":{"rendered":"<p>Fase 0: Organizaci\u00f3n interna institucional1. Conformaci\u00f3n del equipo del Proceso de Rendici\u00f3n de Cuentas2. Dise\u00f1o de la Propuesta del Proceso &hellip; <\/p>\n","protected":false},"author":9,"featured_media":0,"parent":0,"menu_order":0,"comment_status":"closed","ping_status":"closed","template":"","meta":{"om_disable_all_campaigns":false,"_monsterinsights_skip_tracking":false,"_monsterinsights_sitenote_active":false,"_monsterinsights_sitenote_note":"","_monsterinsights_sitenote_category":0,"footnotes":""},"class_list":["post-43761","page","type-page","status-publish","hentry"],"_links":{"self":[{"href":"https:\/\/www.uea.edu.ec\/web\/v2\/index.php?rest_route=\/wp\/v2\/pages\/43761","targetHints":{"allow":["GET"]}}],"collection":[{"href":"https:\/\/www.uea.edu.ec\/web\/v2\/index.php?rest_route=\/wp\/v2\/pages"}],"about":[{"href":"https:\/\/www.uea.edu.ec\/web\/v2\/index.php?rest_route=\/wp\/v2\/types\/page"}],"author":[{"embeddable":true,"href":"https:\/\/www.uea.edu.ec\/web\/v2\/index.php?rest_route=\/wp\/v2\/users\/9"}],"replies":[{"embeddable":true,"href":"https:\/\/www.uea.edu.ec\/web\/v2\/index.php?rest_route=%2Fwp%2Fv2%2Fcomments&post=43761"}],"version-history":[{"count":242,"href":"https:\/\/www.uea.edu.ec\/web\/v2\/index.php?rest_route=\/wp\/v2\/pages\/43761\/revisions"}],"predecessor-version":[{"id":51546,"href":"https:\/\/www.uea.edu.ec\/web\/v2\/index.php?rest_route=\/wp\/v2\/pages\/43761\/revisions\/51546"}],"wp:attachment":[{"href":"https:\/\/www.uea.edu.ec\/web\/v2\/index.php?rest_route=%2Fwp%2Fv2%2Fmedia&parent=43761"}],"curies":[{"name":"wp","href":"https:\/\/api.w.org\/{rel}","templated":true}]}}