{"id":43860,"date":"2024-03-19T12:23:28","date_gmt":"2024-03-19T17:23:28","guid":{"rendered":"https:\/\/www.uea.edu.ec\/web\/v2\/?page_id=43860"},"modified":"2024-03-24T22:42:09","modified_gmt":"2024-03-25T03:42:09","slug":"formulario-rendicion-de-cuentas-uea-2023","status":"publish","type":"page","link":"https:\/\/www.uea.edu.ec\/web\/v2\/?page_id=43860","title":{"rendered":""},"content":{"rendered":"\t\t<div data-elementor-type=\"wp-page\" data-elementor-id=\"43860\" class=\"elementor elementor-43860\" data-elementor-settings=\"{&quot;ha_cmc_init_switcher&quot;:&quot;no&quot;}\" data-elementor-post-type=\"page\">\n\t\t\t\t\t\t<section class=\"elementor-section elementor-top-section elementor-element elementor-element-6683c1a elementor-section-boxed elementor-section-height-default elementor-section-height-default\" data-id=\"6683c1a\" data-element_type=\"section\" data-settings=\"{&quot;_ha_eqh_enable&quot;:false}\">\n\t\t\t\t\t\t<div class=\"elementor-container elementor-column-gap-default\">\n\t\t\t\t\t<div class=\"elementor-column elementor-col-100 elementor-top-column elementor-element elementor-element-a398137\" data-id=\"a398137\" data-element_type=\"column\">\n\t\t\t<div class=\"elementor-widget-wrap elementor-element-populated\">\n\t\t\t\t\t\t<div class=\"elementor-element elementor-element-23b4e8d elementor-widget elementor-widget-text-editor\" data-id=\"23b4e8d\" data-element_type=\"widget\" data-widget_type=\"text-editor.default\">\n\t\t\t\t<div class=\"elementor-widget-container\">\n\t\t\t\t\t\t\t\t\t<p><img fetchpriority=\"high\" decoding=\"async\" class=\"aligncenter wp-image-43889 size-full\" src=\"https:\/\/www.uea.edu.ec\/web\/v2\/wp-content\/uploads\/2024\/03\/logo-2023_Mesa-de-trabajo-1-scaled.jpg\" alt=\"\" width=\"2560\" height=\"763\" srcset=\"https:\/\/www.uea.edu.ec\/web\/v2\/wp-content\/uploads\/2024\/03\/logo-2023_Mesa-de-trabajo-1-scaled.jpg 2560w, https:\/\/www.uea.edu.ec\/web\/v2\/wp-content\/uploads\/2024\/03\/logo-2023_Mesa-de-trabajo-1-300x89.jpg 300w, https:\/\/www.uea.edu.ec\/web\/v2\/wp-content\/uploads\/2024\/03\/logo-2023_Mesa-de-trabajo-1-1024x305.jpg 1024w, https:\/\/www.uea.edu.ec\/web\/v2\/wp-content\/uploads\/2024\/03\/logo-2023_Mesa-de-trabajo-1-768x229.jpg 768w, https:\/\/www.uea.edu.ec\/web\/v2\/wp-content\/uploads\/2024\/03\/logo-2023_Mesa-de-trabajo-1-1536x458.jpg 1536w, https:\/\/www.uea.edu.ec\/web\/v2\/wp-content\/uploads\/2024\/03\/logo-2023_Mesa-de-trabajo-1-2048x610.jpg 2048w\" sizes=\"(max-width: 2560px) 100vw, 2560px\" \/><\/p><p style=\"text-align: JUSTIFY;\">La Universidad Estatal Amaz\u00f3nica realiza su Rendici\u00f3n de Cuentas 2023, creando espacios de di\u00e1logo y participaci\u00f3n.<\/p><p style=\"text-align: JUSTIFY;\">La UEA ofrece el presente formulario como un espacio virtual para recabar sugerencias y aportes que puedan contribuir al desarrollo continuo de docencia, investigaci\u00f3n, vinculaci\u00f3n y gesti\u00f3n.<\/p><p style=\"text-align: JUSTIFY;\">Todas las sugerencias ser\u00e1n analizadas por las autoridades universitarias y servir\u00e1n como retroalimentaci\u00f3n dentro de la Planificaci\u00f3n Estrat\u00e9gica y Operativa Institucional.<\/p>\t\t\t\t\t\t\t\t<\/div>\n\t\t\t\t<\/div>\n\t\t\t\t\t<\/div>\n\t\t<\/div>\n\t\t\t\t\t<\/div>\n\t\t<\/section>\n\t\t\t\t<section class=\"elementor-section elementor-top-section elementor-element elementor-element-a5bbc5b elementor-section-full_width elementor-section-height-default elementor-section-height-default\" data-id=\"a5bbc5b\" data-element_type=\"section\">\n\t\t\t\t\t\t<div class=\"elementor-container elementor-column-gap-default\">\n\t\t\t\t\t<div class=\"elementor-column elementor-col-100 elementor-top-column elementor-element elementor-element-fcab946\" data-id=\"fcab946\" data-element_type=\"column\">\n\t\t\t<div class=\"elementor-widget-wrap elementor-element-populated\">\n\t\t\t\t\t\t<div class=\"elementor-element elementor-element-378a6f4 elementor-button-align-stretch elementor-widget elementor-widget-form\" data-id=\"378a6f4\" data-element_type=\"widget\" data-settings=\"{&quot;step_next_label&quot;:&quot;Siguiente&quot;,&quot;step_previous_label&quot;:&quot;Anterior&quot;,&quot;button_width&quot;:&quot;100&quot;,&quot;step_type&quot;:&quot;number_text&quot;,&quot;step_icon_shape&quot;:&quot;circle&quot;}\" data-widget_type=\"form.default\">\n\t\t\t\t<div class=\"elementor-widget-container\">\n\t\t\t\t\t\t\t<form class=\"elementor-form\" method=\"post\" name=\"Nuevo formulario\">\n\t\t\t<input type=\"hidden\" name=\"post_id\" value=\"43860\"\/>\n\t\t\t<input type=\"hidden\" name=\"form_id\" value=\"378a6f4\"\/>\n\t\t\t<input type=\"hidden\" name=\"referer_title\" value=\"\" \/>\n\n\t\t\t\n\t\t\t<div class=\"elementor-form-fields-wrapper elementor-labels-above\">\n\t\t\t\t\t\t\t\t<div class=\"elementor-field-type-text elementor-field-group elementor-column elementor-field-group-field_f35563c elementor-col-100 elementor-field-required\">\n\t\t\t\t\t\t\t\t\t\t\t\t<label for=\"form-field-field_f35563c\" class=\"elementor-field-label\">\n\t\t\t\t\t\t\t\tC\u00c9DULA\t\t\t\t\t\t\t<\/label>\n\t\t\t\t\t\t\t\t\t\t\t\t\t\t<input size=\"1\" type=\"text\" name=\"form_fields[field_f35563c]\" id=\"form-field-field_f35563c\" class=\"elementor-field elementor-size-md  elementor-field-textual\" required=\"required\">\n\t\t\t\t\t\t\t\t\t\t\t<\/div>\n\t\t\t\t\t\t\t\t<div class=\"elementor-field-type-text elementor-field-group elementor-column elementor-field-group-name elementor-col-100 elementor-field-required\">\n\t\t\t\t\t\t\t\t\t\t\t\t<label for=\"form-field-name\" class=\"elementor-field-label\">\n\t\t\t\t\t\t\t\tNOMBRES Y APELLIDOS\t\t\t\t\t\t\t<\/label>\n\t\t\t\t\t\t\t\t\t\t\t\t\t\t<input size=\"1\" type=\"text\" name=\"form_fields[name]\" id=\"form-field-name\" class=\"elementor-field elementor-size-md  elementor-field-textual\" placeholder=\"Nombre\" required=\"required\">\n\t\t\t\t\t\t\t\t\t\t\t<\/div>\n\t\t\t\t\t\t\t\t<div class=\"elementor-field-type-select elementor-field-group elementor-column elementor-field-group-field_e3799a3 elementor-col-100 elementor-field-required\">\n\t\t\t\t\t\t\t\t\t\t\t\t<label for=\"form-field-field_e3799a3\" class=\"elementor-field-label\">\n\t\t\t\t\t\t\t\tG\u00c9NERO\t\t\t\t\t\t\t<\/label>\n\t\t\t\t\t\t\t\t<div class=\"elementor-field elementor-select-wrapper remove-before \">\n\t\t\t<div class=\"select-caret-down-wrapper\">\n\t\t\t\t<i aria-hidden=\"true\" class=\"eicon-caret-down\"><\/i>\t\t\t<\/div>\n\t\t\t<select name=\"form_fields[field_e3799a3]\" id=\"form-field-field_e3799a3\" class=\"elementor-field-textual elementor-size-md\" required=\"required\">\n\t\t\t\t\t\t\t\t\t<option value=\"Masculino\">Masculino<\/option>\n\t\t\t\t\t\t\t\t\t<option value=\"Femenino\">Femenino<\/option>\n\t\t\t\t\t\t\t\t\t<option value=\"LGBTI\">LGBTI<\/option>\n\t\t\t\t\t\t\t<\/select>\n\t\t<\/div>\n\t\t\t\t\t\t<\/div>\n\t\t\t\t\t\t\t\t<div class=\"elementor-field-type-select elementor-field-group elementor-column elementor-field-group-field_c37e742 elementor-col-100 elementor-field-required\">\n\t\t\t\t\t\t\t\t\t\t\t\t<label for=\"form-field-field_c37e742\" class=\"elementor-field-label\">\n\t\t\t\t\t\t\t\tAUTOIDENTIFICACI\u00d3N\t\t\t\t\t\t\t<\/label>\n\t\t\t\t\t\t\t\t<div class=\"elementor-field elementor-select-wrapper remove-before \">\n\t\t\t<div class=\"select-caret-down-wrapper\">\n\t\t\t\t<i aria-hidden=\"true\" class=\"eicon-caret-down\"><\/i>\t\t\t<\/div>\n\t\t\t<select name=\"form_fields[field_c37e742]\" id=\"form-field-field_c37e742\" class=\"elementor-field-textual elementor-size-md\" required=\"required\">\n\t\t\t\t\t\t\t\t\t<option value=\"Ind\u00edgena\">Ind\u00edgena<\/option>\n\t\t\t\t\t\t\t\t\t<option value=\"Afroecutoriano\">Afroecutoriano<\/option>\n\t\t\t\t\t\t\t\t\t<option value=\"Cholo\">Cholo<\/option>\n\t\t\t\t\t\t\t\t\t<option value=\"Mestizo\">Mestizo<\/option>\n\t\t\t\t\t\t\t\t\t<option value=\"Montubio\">Montubio<\/option>\n\t\t\t\t\t\t\t\t\t<option value=\"Otro\">Otro<\/option>\n\t\t\t\t\t\t\t<\/select>\n\t\t<\/div>\n\t\t\t\t\t\t<\/div>\n\t\t\t\t\t\t\t\t<div class=\"elementor-field-type-email elementor-field-group elementor-column elementor-field-group-email elementor-col-100 elementor-field-required\">\n\t\t\t\t\t\t\t\t\t\t\t\t<label for=\"form-field-email\" class=\"elementor-field-label\">\n\t\t\t\t\t\t\t\tCORREO ELECTR\u00d3NICO\t\t\t\t\t\t\t<\/label>\n\t\t\t\t\t\t\t\t\t\t\t\t\t\t<input size=\"1\" type=\"email\" name=\"form_fields[email]\" id=\"form-field-email\" class=\"elementor-field elementor-size-md  elementor-field-textual\" placeholder=\"Correo electr\u00f3nico\" required=\"required\">\n\t\t\t\t\t\t\t\t\t\t\t<\/div>\n\t\t\t\t\t\t\t\t<div class=\"elementor-field-type-select elementor-field-group elementor-column elementor-field-group-field_d4e8f9f elementor-col-100 elementor-field-required\">\n\t\t\t\t\t\t\t\t\t\t\t\t<label for=\"form-field-field_d4e8f9f\" class=\"elementor-field-label\">\n\t\t\t\t\t\t\t\tCU\u00c1L ES SU RELACI\u00d3N CON LA UEA\t\t\t\t\t\t\t<\/label>\n\t\t\t\t\t\t\t\t<div class=\"elementor-field elementor-select-wrapper remove-before \">\n\t\t\t<div class=\"select-caret-down-wrapper\">\n\t\t\t\t<i aria-hidden=\"true\" class=\"eicon-caret-down\"><\/i>\t\t\t<\/div>\n\t\t\t<select name=\"form_fields[field_d4e8f9f]\" id=\"form-field-field_d4e8f9f\" class=\"elementor-field-textual elementor-size-md\" required=\"required\">\n\t\t\t\t\t\t\t\t\t<option value=\"Soy estudiante UEA\">Soy estudiante UEA<\/option>\n\t\t\t\t\t\t\t\t\t<option value=\"Soy Docente UEA\">Soy Docente UEA<\/option>\n\t\t\t\t\t\t\t\t\t<option value=\"Soy Administrativo \/ Trabajador UEA\">Soy Administrativo \/ Trabajador UEA<\/option>\n\t\t\t\t\t\t\t\t\t<option value=\"Soy T\u00e9cnico Docente UEA\">Soy T\u00e9cnico Docente UEA<\/option>\n\t\t\t\t\t\t\t\t\t<option value=\"Soy Representante de entidad o empresa\">Soy Representante de entidad o empresa<\/option>\n\t\t\t\t\t\t\t\t\t<option value=\"Soy ciudadano y no tengo relaci\u00f3n con la UEA\">Soy ciudadano y no tengo relaci\u00f3n con la UEA<\/option>\n\t\t\t\t\t\t\t<\/select>\n\t\t<\/div>\n\t\t\t\t\t\t<\/div>\n\t\t\t\t\t\t\t\t<div class=\"elementor-field-type-select elementor-field-group elementor-column elementor-field-group-field_d203f18 elementor-col-100 elementor-field-required\">\n\t\t\t\t\t\t\t\t\t\t\t\t<label for=\"form-field-field_d203f18\" class=\"elementor-field-label\">\n\t\t\t\t\t\t\t\tINDIQUE LA FUNCI\u00d3N SUSTANTIVA A LA QUE SE RELACIONA SU APORTE\t\t\t\t\t\t\t<\/label>\n\t\t\t\t\t\t\t\t<div class=\"elementor-field elementor-select-wrapper remove-before \">\n\t\t\t<div class=\"select-caret-down-wrapper\">\n\t\t\t\t<i aria-hidden=\"true\" class=\"eicon-caret-down\"><\/i>\t\t\t<\/div>\n\t\t\t<select name=\"form_fields[field_d203f18]\" id=\"form-field-field_d203f18\" class=\"elementor-field-textual elementor-size-md\" required=\"required\">\n\t\t\t\t\t\t\t\t\t<option value=\"Academia\">Academia<\/option>\n\t\t\t\t\t\t\t\t\t<option value=\"Investigaci\u00f3n\">Investigaci\u00f3n<\/option>\n\t\t\t\t\t\t\t\t\t<option value=\"Vinculaci\u00f3n\">Vinculaci\u00f3n<\/option>\n\t\t\t\t\t\t\t\t\t<option value=\"Gesti\u00f3n\">Gesti\u00f3n<\/option>\n\t\t\t\t\t\t\t<\/select>\n\t\t<\/div>\n\t\t\t\t\t\t<\/div>\n\t\t\t\t\t\t\t\t<div class=\"elementor-field-type-textarea elementor-field-group elementor-column elementor-field-group-message elementor-col-100\">\n\t\t\t\t\t\t\t\t\t\t\t\t<label for=\"form-field-message\" class=\"elementor-field-label\">\n\t\t\t\t\t\t\t\tDESCRIBA SU APORTE \/ SUGERENCIA DIRIGIDA A LAS AUTORIDADES DE LA UEA\t\t\t\t\t\t\t<\/label>\n\t\t\t\t\t\t<textarea class=\"elementor-field-textual elementor-field  elementor-size-md\" name=\"form_fields[message]\" id=\"form-field-message\" rows=\"4\" placeholder=\"Mensaje\"><\/textarea>\t\t\t\t<\/div>\n\t\t\t\t\t\t\t\t<div class=\"elementor-field-type-acceptance elementor-field-group elementor-column elementor-field-group-field_f873f21 elementor-col-100 elementor-field-required\">\n\t\t\t\t\t\t\t\t\t\t\t\t<label for=\"form-field-field_f873f21\" class=\"elementor-field-label\">\n\t\t\t\t\t\t\t\tAceptaci\u00f3n de la Pol\u00edtica de Protecci\u00f3n de Datos Personales\t\t\t\t\t\t\t<\/label>\n\t\t\t\t\t\t\t\t<div class=\"elementor-field-subgroup\">\n\t\t\t<span class=\"elementor-field-option\">\n\t\t\t\t<input type=\"checkbox\" name=\"form_fields[field_f873f21]\" id=\"form-field-field_f873f21\" class=\"elementor-field elementor-size-md  elementor-acceptance-field\" required=\"required\">\n\t\t\t\t<label for=\"form-field-field_f873f21\">La Universidad Estatal Amaz\u00f3nica, comprometida con el respeto de los derechos de los titulares en el Tratamiento de Datos Personales, adopta la presente pol\u00edtica con el fin de dar cumplimiento a la regulaci\u00f3n vigente y definir el marco de tratamiento de los datos de car\u00e1cter personal que recoja, almacene, use y circule de conformidad con lo dispuesto en la Ley Org\u00e1nica de Protecci\u00f3n de Datos Personales (LOPD) (<a href=\"https:\/\/api.uea.edu.ec\/url\/udmyzwak55\" target=\"_blank\">https:\/\/api.uea.edu.ec\/url\/udmyzwak55<\/a>) <\/label>\t\t\t<\/span>\n\t\t<\/div>\n\t\t\t\t\t\t<\/div>\n\t\t\t\t\t\t\t\t<div class=\"elementor-field-group elementor-column elementor-field-type-submit elementor-col-100 e-form__buttons\">\n\t\t\t\t\t<button class=\"elementor-button elementor-size-sm\" type=\"submit\">\n\t\t\t\t\t\t<span class=\"elementor-button-content-wrapper\">\n\t\t\t\t\t\t\t\t\t\t\t\t\t\t\t\t\t\t\t\t\t\t<span class=\"elementor-button-text\">Enviar<\/span>\n\t\t\t\t\t\t\t\t\t\t\t\t\t<\/span>\n\t\t\t\t\t<\/button>\n\t\t\t\t<\/div>\n\t\t\t<\/div>\n\t\t<\/form>\n\t\t\t\t\t\t<\/div>\n\t\t\t\t<\/div>\n\t\t\t\t\t<\/div>\n\t\t<\/div>\n\t\t\t\t\t<\/div>\n\t\t<\/section>\n\t\t\t\t<\/div>\n\t\t","protected":false},"excerpt":{"rendered":"<p>La Universidad Estatal Amaz\u00f3nica realiza su Rendici\u00f3n de Cuentas 2023, creando espacios de di\u00e1logo y participaci\u00f3n. La UEA ofrece el &hellip; <\/p>\n","protected":false},"author":10,"featured_media":0,"parent":0,"menu_order":0,"comment_status":"closed","ping_status":"closed","template":"","meta":{"om_disable_all_campaigns":false,"_monsterinsights_skip_tracking":false,"_monsterinsights_sitenote_active":false,"_monsterinsights_sitenote_note":"","_monsterinsights_sitenote_category":0,"footnotes":""},"class_list":["post-43860","page","type-page","status-publish","hentry"],"_links":{"self":[{"href":"https:\/\/www.uea.edu.ec\/web\/v2\/index.php?rest_route=\/wp\/v2\/pages\/43860","targetHints":{"allow":["GET"]}}],"collection":[{"href":"https:\/\/www.uea.edu.ec\/web\/v2\/index.php?rest_route=\/wp\/v2\/pages"}],"about":[{"href":"https:\/\/www.uea.edu.ec\/web\/v2\/index.php?rest_route=\/wp\/v2\/types\/page"}],"author":[{"embeddable":true,"href":"https:\/\/www.uea.edu.ec\/web\/v2\/index.php?rest_route=\/wp\/v2\/users\/10"}],"replies":[{"embeddable":true,"href":"https:\/\/www.uea.edu.ec\/web\/v2\/index.php?rest_route=%2Fwp%2Fv2%2Fcomments&post=43860"}],"version-history":[{"count":119,"href":"https:\/\/www.uea.edu.ec\/web\/v2\/index.php?rest_route=\/wp\/v2\/pages\/43860\/revisions"}],"predecessor-version":[{"id":44180,"href":"https:\/\/www.uea.edu.ec\/web\/v2\/index.php?rest_route=\/wp\/v2\/pages\/43860\/revisions\/44180"}],"wp:attachment":[{"href":"https:\/\/www.uea.edu.ec\/web\/v2\/index.php?rest_route=%2Fwp%2Fv2%2Fmedia&parent=43860"}],"curies":[{"name":"wp","href":"https:\/\/api.w.org\/{rel}","templated":true}]}}