{"id":47286,"date":"2024-05-16T15:14:15","date_gmt":"2024-05-16T20:14:15","guid":{"rendered":"https:\/\/www.uea.edu.ec\/web\/v2\/?page_id=47286"},"modified":"2024-05-16T15:18:34","modified_gmt":"2024-05-16T20:18:34","slug":"47286-2","status":"publish","type":"page","link":"https:\/\/www.uea.edu.ec\/web\/v2\/?page_id=47286","title":{"rendered":""},"content":{"rendered":"\t\t<div data-elementor-type=\"wp-page\" data-elementor-id=\"47286\" class=\"elementor elementor-47286\" data-elementor-settings=\"{&quot;ha_cmc_init_switcher&quot;:&quot;no&quot;}\" data-elementor-post-type=\"page\">\n\t\t\t\t\t\t<section class=\"elementor-section elementor-top-section elementor-element elementor-element-4690933c elementor-section-boxed elementor-section-height-default elementor-section-height-default\" data-id=\"4690933c\" data-element_type=\"section\" data-settings=\"{&quot;_ha_eqh_enable&quot;:false}\">\n\t\t\t\t\t\t<div class=\"elementor-container elementor-column-gap-default\">\n\t\t\t\t\t<div class=\"elementor-column elementor-col-100 elementor-top-column elementor-element elementor-element-116cb845\" data-id=\"116cb845\" data-element_type=\"column\">\n\t\t\t<div class=\"elementor-widget-wrap elementor-element-populated\">\n\t\t\t\t\t\t<div class=\"elementor-element elementor-element-6a521d85 elementor-widget elementor-widget-text-editor\" data-id=\"6a521d85\" data-element_type=\"widget\" data-widget_type=\"text-editor.default\">\n\t\t\t\t<div class=\"elementor-widget-container\">\n\t\t\t\t\t\t\t\t\t\n<p><span style=\"color: #008080;\"><a style=\"color: #008080;\" href=\"https:\/\/www.uea.edu.ec\/web\/v2\/wp-content\/uploads\/2024\/05\/11.1-contratos-de-credito-externos-o-internos.pdf\" data-type=\"link\" data-id=\"https:\/\/www.uea.edu.ec\/web\/v2\/wp-content\/uploads\/2024\/05\/11.1-contratos-de-credito-externos-o-internos.pdf\">11.1 Contratos de cr\u00e9dito externos o internos<\/a><\/span><\/p>\n<p><span style=\"color: #008080;\"><\/span><\/p>\n<p><span style=\"color: #008080;\"><a style=\"color: #008080;\" href=\"https:\/\/www.uea.edu.ec\/web\/v2\/wp-content\/uploads\/2024\/05\/11.2-contratos-de-credito-externos-o-internos.pdf\" data-type=\"link\" data-id=\"https:\/\/www.uea.edu.ec\/web\/v2\/wp-content\/uploads\/2024\/05\/11.2-contratos-de-credito-externos-o-internos.pdf\">11.2 Contratos de cr\u00e9dito externos o internos<\/a><\/span><\/p>\n<p><span style=\"color: #008080;\"><\/span><\/p>\n<p><a href=\"https:\/\/www.uea.edu.ec\/web\/v2\/wp-content\/uploads\/2024\/05\/11.3-contratos-de-credito-externos-o-internos-RECT.pdf\" data-type=\"link\" data-id=\"https:\/\/www.uea.edu.ec\/web\/v2\/wp-content\/uploads\/2024\/05\/11.3-contratos-de-credito-externos-o-internos-RECT.pdf\"><span style=\"color: #008080;\">11.3 Contratos de cr\u00e9dito externos o internos RECT<\/span><\/a><\/p>\n\t\t\t\t\t\t\t\t<\/div>\n\t\t\t\t<\/div>\n\t\t\t\t\t<\/div>\n\t\t<\/div>\n\t\t\t\t\t<\/div>\n\t\t<\/section>\n\t\t\t\t<\/div>\n\t\t","protected":false},"excerpt":{"rendered":"<p>11.1 Contratos de cr\u00e9dito externos o internos 11.2 Contratos de cr\u00e9dito externos o internos 11.3 Contratos de cr\u00e9dito externos o &hellip; <\/p>\n","protected":false},"author":9,"featured_media":0,"parent":0,"menu_order":0,"comment_status":"closed","ping_status":"closed","template":"","meta":{"om_disable_all_campaigns":false,"_monsterinsights_skip_tracking":false,"_monsterinsights_sitenote_active":false,"_monsterinsights_sitenote_note":"","_monsterinsights_sitenote_category":0,"footnotes":""},"class_list":["post-47286","page","type-page","status-publish","hentry"],"_links":{"self":[{"href":"https:\/\/www.uea.edu.ec\/web\/v2\/index.php?rest_route=\/wp\/v2\/pages\/47286","targetHints":{"allow":["GET"]}}],"collection":[{"href":"https:\/\/www.uea.edu.ec\/web\/v2\/index.php?rest_route=\/wp\/v2\/pages"}],"about":[{"href":"https:\/\/www.uea.edu.ec\/web\/v2\/index.php?rest_route=\/wp\/v2\/types\/page"}],"author":[{"embeddable":true,"href":"https:\/\/www.uea.edu.ec\/web\/v2\/index.php?rest_route=\/wp\/v2\/users\/9"}],"replies":[{"embeddable":true,"href":"https:\/\/www.uea.edu.ec\/web\/v2\/index.php?rest_route=%2Fwp%2Fv2%2Fcomments&post=47286"}],"version-history":[{"count":5,"href":"https:\/\/www.uea.edu.ec\/web\/v2\/index.php?rest_route=\/wp\/v2\/pages\/47286\/revisions"}],"predecessor-version":[{"id":47297,"href":"https:\/\/www.uea.edu.ec\/web\/v2\/index.php?rest_route=\/wp\/v2\/pages\/47286\/revisions\/47297"}],"wp:attachment":[{"href":"https:\/\/www.uea.edu.ec\/web\/v2\/index.php?rest_route=%2Fwp%2Fv2%2Fmedia&parent=47286"}],"curies":[{"name":"wp","href":"https:\/\/api.w.org\/{rel}","templated":true}]}}