{"id":47716,"date":"2024-05-24T13:01:13","date_gmt":"2024-05-24T18:01:13","guid":{"rendered":"https:\/\/www.uea.edu.ec\/web\/v2\/?page_id=47716"},"modified":"2024-05-24T15:22:42","modified_gmt":"2024-05-24T20:22:42","slug":"registro-de-asistencia-docente-marcaciones","status":"publish","type":"page","link":"https:\/\/www.uea.edu.ec\/web\/v2\/?page_id=47716","title":{"rendered":"Registro de Asistencia Docente (Marcaciones)"},"content":{"rendered":"\t\t<div data-elementor-type=\"wp-page\" data-elementor-id=\"47716\" class=\"elementor elementor-47716\" data-elementor-settings=\"{&quot;ha_cmc_init_switcher&quot;:&quot;no&quot;}\" data-elementor-post-type=\"page\">\n\t\t\t\t\t\t<section class=\"elementor-section elementor-top-section elementor-element elementor-element-6964886 elementor-section-boxed elementor-section-height-default elementor-section-height-default\" data-id=\"6964886\" data-element_type=\"section\" data-settings=\"{&quot;_ha_eqh_enable&quot;:false}\">\n\t\t\t\t\t\t<div class=\"elementor-container elementor-column-gap-default\">\n\t\t\t\t\t<div class=\"elementor-column elementor-col-100 elementor-top-column elementor-element elementor-element-b8ec0c1\" data-id=\"b8ec0c1\" data-element_type=\"column\">\n\t\t\t<div class=\"elementor-widget-wrap elementor-element-populated\">\n\t\t\t\t\t\t<div class=\"elementor-element elementor-element-c039650 elementor-widget elementor-widget-text-editor\" data-id=\"c039650\" data-element_type=\"widget\" data-widget_type=\"text-editor.default\">\n\t\t\t\t<div class=\"elementor-widget-container\">\n\t\t\t\t\t\t\t\t\t<p style=\"text-align: justify;\">1. Para el registro de su asistencia, deber\u00e1 realizarlo mediante una aplicaci\u00f3n m\u00f3vil, disponible para descargarla en la tienda de aplicaciones m\u00f3viles de sus dispositivos:<\/p><p style=\"padding-left: 40px;\">a. Dispositivos Android: <span style=\"color: #0000ff;\"><a id=\"OWAe464ae14-39ae-cf64-98eb-d789c35f55b7\" class=\"x_x_x_x_x_x_x_x_x_x_x_x_x_ContentPasted0 x_x_x_x_x_x_x_x_x_x_x_x_ContentPasted0 x_x_x_x_x_x_x_x_x_x_x_ContentPasted0 x_x_x_x_x_x_x_x_x_x_ContentPasted0 x_x_x_x_x_x_x_x_x_ContentPasted0 x_x_x_x_x_ContentPasted0 x_x_x_x_OWAAutoLink\" style=\"color: #0000ff;\" href=\"https:\/\/play.google.com\/store\/apps\/details?id=ec.edu.uea.app\" target=\"_blank\" rel=\"noopener noreferrer\" data-auth=\"NotApplicable\" data-linkindex=\"0\" data-loopstyle=\"linkonly\">https:\/\/play.google.com\/store\/apps\/details?id=ec.edu.uea.app<\/a>\u00a0<\/span><\/p><p style=\"padding-left: 40px;\"><strong>\u00a0<a href=\"https:\/\/play.google.com\/store\/apps\/details?id=ec.edu.uea.app\" target=\"_blank\" rel=\"noopener\"><img decoding=\"async\" class=\"alignnone wp-image-33806\" src=\"https:\/\/web.uea.edu.ec\/web\/v2\/wp-content\/uploads\/2023\/06\/es-419_badge_web_generic-1-300x100.png\" alt=\"\" width=\"123\" height=\"41\" srcset=\"https:\/\/www.uea.edu.ec\/web\/v2\/wp-content\/uploads\/2023\/06\/es-419_badge_web_generic-1-300x100.png 300w, https:\/\/www.uea.edu.ec\/web\/v2\/wp-content\/uploads\/2023\/06\/es-419_badge_web_generic-1-1024x341.png 1024w, https:\/\/www.uea.edu.ec\/web\/v2\/wp-content\/uploads\/2023\/06\/es-419_badge_web_generic-1-768x256.png 768w, https:\/\/www.uea.edu.ec\/web\/v2\/wp-content\/uploads\/2023\/06\/es-419_badge_web_generic-1-1536x512.png 1536w, https:\/\/www.uea.edu.ec\/web\/v2\/wp-content\/uploads\/2023\/06\/es-419_badge_web_generic-1-2048x682.png 2048w\" sizes=\"(max-width: 123px) 100vw, 123px\" \/><\/a><\/strong><\/p><p style=\"padding-left: 40px;\">b. Dispositivos Apple:\u00a0<span style=\"color: #0000ff;\"><a id=\"OWAd39130ec-9721-d55b-727e-a9aa91197129\" class=\"x_x_x_x_x_x_x_x_x_x_x_x_x_ContentPasted0 x_x_x_x_x_x_x_x_x_x_x_x_ContentPasted0 x_x_x_x_x_x_x_x_x_x_x_ContentPasted0 x_x_x_x_x_x_x_x_x_x_ContentPasted0 x_x_x_x_x_x_x_x_x_ContentPasted0 x_x_x_x_x_ContentPasted0 x_x_x_x_OWAAutoLink\" style=\"color: #0000ff;\" href=\"https:\/\/apps.apple.com\/ec\/app\/sgu-uea\/id1611626709\" target=\"_blank\" rel=\"noopener noreferrer\" data-auth=\"NotApplicable\" data-linkindex=\"1\" data-loopstyle=\"linkonly\">https:\/\/apps.apple.com\/ec\/app\/sgu-uea\/id1611626709<\/a>\u00a0<\/span><\/p><p style=\"padding-left: 40px;\"><strong><a href=\"https:\/\/apps.apple.com\/ec\/app\/sgu-uea\/id1611626709\" target=\"_blank\" rel=\"noopener\"><img decoding=\"async\" class=\"alignnone wp-image-33732\" src=\"https:\/\/web.uea.edu.ec\/web\/v2\/wp-content\/uploads\/2023\/06\/2560px-Download_on_the_App_Store_Badge_ESMX_RGB_blk.svg_-300x100.png\" alt=\"\" width=\"126\" height=\"42\" srcset=\"https:\/\/www.uea.edu.ec\/web\/v2\/wp-content\/uploads\/2023\/06\/2560px-Download_on_the_App_Store_Badge_ESMX_RGB_blk.svg_-300x100.png 300w, https:\/\/www.uea.edu.ec\/web\/v2\/wp-content\/uploads\/2023\/06\/2560px-Download_on_the_App_Store_Badge_ESMX_RGB_blk.svg_-1024x341.png 1024w, https:\/\/www.uea.edu.ec\/web\/v2\/wp-content\/uploads\/2023\/06\/2560px-Download_on_the_App_Store_Badge_ESMX_RGB_blk.svg_-768x256.png 768w, https:\/\/www.uea.edu.ec\/web\/v2\/wp-content\/uploads\/2023\/06\/2560px-Download_on_the_App_Store_Badge_ESMX_RGB_blk.svg_-1536x512.png 1536w, https:\/\/www.uea.edu.ec\/web\/v2\/wp-content\/uploads\/2023\/06\/2560px-Download_on_the_App_Store_Badge_ESMX_RGB_blk.svg_-2048x682.png 2048w\" sizes=\"(max-width: 126px) 100vw, 126px\" \/><\/a><\/strong><\/p><p style=\"padding-left: 40px;\">c. Iniciar sesi\u00f3n con su cuenta institucional<\/p><div style=\"text-align: justify;\">2. Recuerde que es necesario registrar la marcaci\u00f3n de inicio y fin de su jornada laboral, as\u00ed como las pausas intermedias que usted considere.<\/div><div style=\"text-align: center;\">\u00a0<\/div><div style=\"text-align: justify;\">3. Si no dispone de un dispositivo m\u00f3vil deber\u00e1 notificarlo a la Direcci\u00f3n de Talento Humano enviando un correo a<b>\u00a0<a href=\"mailto:talentohumano@uea.edu.ec\"><u>talentohumano@uea.edu.ec<\/u>\u00a0<\/a><\/b><\/div>\t\t\t\t\t\t\t\t<\/div>\n\t\t\t\t<\/div>\n\t\t\t\t\t<\/div>\n\t\t<\/div>\n\t\t\t\t\t<\/div>\n\t\t<\/section>\n\t\t\t\t<section class=\"elementor-section elementor-top-section elementor-element elementor-element-f14c195 elementor-section-boxed elementor-section-height-default elementor-section-height-default\" data-id=\"f14c195\" data-element_type=\"section\" data-settings=\"{&quot;_ha_eqh_enable&quot;:false}\">\n\t\t\t\t\t\t<div class=\"elementor-container elementor-column-gap-default\">\n\t\t\t\t\t<div class=\"elementor-column elementor-col-100 elementor-top-column elementor-element elementor-element-13fae7a\" data-id=\"13fae7a\" data-element_type=\"column\">\n\t\t\t<div class=\"elementor-widget-wrap elementor-element-populated\">\n\t\t\t\t\t\t<div class=\"elementor-element elementor-element-a8abd9a elementor-widget elementor-widget-video\" data-id=\"a8abd9a\" data-element_type=\"widget\" data-settings=\"{&quot;video_type&quot;:&quot;hosted&quot;,&quot;controls&quot;:&quot;yes&quot;}\" data-widget_type=\"video.default\">\n\t\t\t\t<div class=\"elementor-widget-container\">\n\t\t\t\t\t\t\t<div class=\"e-hosted-video elementor-wrapper elementor-open-inline\">\n\t\t\t\t\t<video class=\"elementor-video\" src=\"https:\/\/www.uea.edu.ec\/web\/v2\/wp-content\/uploads\/2024\/05\/VIDEO1.mp4\" controls=\"\" preload=\"metadata\" controlsList=\"nodownload\"><\/video>\n\t\t\t\t<\/div>\n\t\t\t\t\t\t<\/div>\n\t\t\t\t<\/div>\n\t\t\t\t\t<\/div>\n\t\t<\/div>\n\t\t\t\t\t<\/div>\n\t\t<\/section>\n\t\t\t\t<section class=\"elementor-section elementor-top-section elementor-element elementor-element-df355fd elementor-section-boxed elementor-section-height-default elementor-section-height-default\" data-id=\"df355fd\" data-element_type=\"section\" data-settings=\"{&quot;_ha_eqh_enable&quot;:false}\">\n\t\t\t\t\t\t<div class=\"elementor-container elementor-column-gap-default\">\n\t\t\t\t\t<div class=\"elementor-column elementor-col-100 elementor-top-column elementor-element elementor-element-1d27c9a\" data-id=\"1d27c9a\" data-element_type=\"column\">\n\t\t\t<div class=\"elementor-widget-wrap elementor-element-populated\">\n\t\t\t\t\t\t<div class=\"elementor-element elementor-element-3911d03 elementor-widget elementor-widget-heading\" data-id=\"3911d03\" data-element_type=\"widget\" data-widget_type=\"heading.default\">\n\t\t\t\t<div class=\"elementor-widget-container\">\n\t\t\t\t\t<h1 class=\"elementor-heading-title elementor-size-default\">#UEAesExcelencia<\/h1>\t\t\t\t<\/div>\n\t\t\t\t<\/div>\n\t\t\t\t\t<\/div>\n\t\t<\/div>\n\t\t\t\t\t<\/div>\n\t\t<\/section>\n\t\t\t\t<\/div>\n\t\t","protected":false},"excerpt":{"rendered":"<p>1. Para el registro de su asistencia, deber\u00e1 realizarlo mediante una aplicaci\u00f3n m\u00f3vil, disponible para descargarla en la tienda de &hellip; <\/p>\n","protected":false},"author":10,"featured_media":0,"parent":0,"menu_order":0,"comment_status":"closed","ping_status":"closed","template":"","meta":{"om_disable_all_campaigns":false,"_monsterinsights_skip_tracking":false,"_monsterinsights_sitenote_active":false,"_monsterinsights_sitenote_note":"","_monsterinsights_sitenote_category":0,"footnotes":""},"class_list":["post-47716","page","type-page","status-publish","hentry"],"_links":{"self":[{"href":"https:\/\/www.uea.edu.ec\/web\/v2\/index.php?rest_route=\/wp\/v2\/pages\/47716","targetHints":{"allow":["GET"]}}],"collection":[{"href":"https:\/\/www.uea.edu.ec\/web\/v2\/index.php?rest_route=\/wp\/v2\/pages"}],"about":[{"href":"https:\/\/www.uea.edu.ec\/web\/v2\/index.php?rest_route=\/wp\/v2\/types\/page"}],"author":[{"embeddable":true,"href":"https:\/\/www.uea.edu.ec\/web\/v2\/index.php?rest_route=\/wp\/v2\/users\/10"}],"replies":[{"embeddable":true,"href":"https:\/\/www.uea.edu.ec\/web\/v2\/index.php?rest_route=%2Fwp%2Fv2%2Fcomments&post=47716"}],"version-history":[{"count":68,"href":"https:\/\/www.uea.edu.ec\/web\/v2\/index.php?rest_route=\/wp\/v2\/pages\/47716\/revisions"}],"predecessor-version":[{"id":49370,"href":"https:\/\/www.uea.edu.ec\/web\/v2\/index.php?rest_route=\/wp\/v2\/pages\/47716\/revisions\/49370"}],"wp:attachment":[{"href":"https:\/\/www.uea.edu.ec\/web\/v2\/index.php?rest_route=%2Fwp%2Fv2%2Fmedia&parent=47716"}],"curies":[{"name":"wp","href":"https:\/\/api.w.org\/{rel}","templated":true}]}}