{"id":47876,"date":"2024-05-24T14:02:54","date_gmt":"2024-05-24T19:02:54","guid":{"rendered":"https:\/\/www.uea.edu.ec\/web\/v2\/?page_id=47876"},"modified":"2024-06-14T10:38:42","modified_gmt":"2024-06-14T15:38:42","slug":"microsoft-teams","status":"publish","type":"page","link":"https:\/\/www.uea.edu.ec\/web\/v2\/?page_id=47876","title":{"rendered":"Microsoft Teams"},"content":{"rendered":"\t\t<div data-elementor-type=\"wp-page\" data-elementor-id=\"47876\" class=\"elementor elementor-47876\" data-elementor-settings=\"{&quot;ha_cmc_init_switcher&quot;:&quot;no&quot;}\" data-elementor-post-type=\"page\">\n\t\t\t\t\t\t<section class=\"elementor-section elementor-top-section elementor-element elementor-element-53d1f36 elementor-section-boxed elementor-section-height-default elementor-section-height-default\" data-id=\"53d1f36\" data-element_type=\"section\" data-e-type=\"section\" data-settings=\"{&quot;_ha_eqh_enable&quot;:false}\">\n\t\t\t\t\t\t<div class=\"elementor-container elementor-column-gap-default\">\n\t\t\t\t\t<div class=\"elementor-column elementor-col-100 elementor-top-column elementor-element elementor-element-0e5819c\" data-id=\"0e5819c\" data-element_type=\"column\" data-e-type=\"column\">\n\t\t\t<div class=\"elementor-widget-wrap elementor-element-populated\">\n\t\t\t\t\t\t<div class=\"elementor-element elementor-element-9d19e22 elementor-widget elementor-widget-text-editor\" data-id=\"9d19e22\" data-element_type=\"widget\" data-e-type=\"widget\" data-widget_type=\"text-editor.default\">\n\t\t\t\t<div class=\"elementor-widget-container\">\n\t\t\t\t\t\t\t\t\t<p style=\"text-align: justify;\">1. Primero verifique que todas sus asignaturas se reflejen en la opci\u00f3n \u00abEquipos\u00bb.<\/p><p style=\"text-align: justify;\"><b>2. Para este per\u00edodo acad\u00e9mico las asignaturas empezar\u00e1n con el c\u00f3digo 2424.<\/b><\/p><div style=\"text-align: justify;\">3. Si detecta que sus asignaturas no se reflejan en MS Teams, debe ingresar al menos por una ocasi\u00f3n en la plataforma EVA Pregrado.<\/div><div>\u00a0<\/div><div><div style=\"text-align: justify;\">4. Como una acci\u00f3n necesaria para que sus estudiantes puedan visualizar los equipos y encuentros de las clases virtuales en el aplicativo Microsoft Teams, <b>ES NECESARIO QUE EL DOCENTE ACTIVE TODOS SUS EQUIPOS EN LA APLICACI\u00d3N. (Ver Explicaci\u00f3n)<\/b><\/div><div>\u00a0<\/div><div style=\"text-align: justify;\"><div>5. Ingrese a cada uno de sus nuevos \u00abEquipos\u00bb para que se reflejen como canales en la programaci\u00f3n.<\/div><div>\u00a0<\/div><div>6. Para programar una reuni\u00f3n debe ingresar en la opci\u00f3n \u00ab<b>Equipos<\/b>\u00bb &gt;&gt; Seleccionar el curso &gt;&gt; En la flecha del bot\u00f3n \u00ab<b>Reunirse<\/b>\u00bb ubicado en la esquina superior derecha escoger \u00ab<b>Programar reuni\u00f3n<\/b>\u00ab.<\/div><div>\u00a0<\/div><div>7. Recuerde que es necesario abrir cada equipo para que le aparezcan sus asignaturas nuevas en la opci\u00f3n \u00abCanales\u00bb.<\/div><div>\u00a0<\/div><div>8. Recuerde <b>NO<\/b>\u00a0crear manualmente sus equipos, debido a que el sistema sincroniza autom\u00e1ticamente las asignaturas desde EVA Pregrado, hacia MS Teams.<\/div><\/div><\/div>\t\t\t\t\t\t\t\t<\/div>\n\t\t\t\t<\/div>\n\t\t\t\t\t<\/div>\n\t\t<\/div>\n\t\t\t\t\t<\/div>\n\t\t<\/section>\n\t\t\t\t<section class=\"elementor-section elementor-top-section elementor-element elementor-element-1e20794 elementor-section-boxed elementor-section-height-default elementor-section-height-default\" data-id=\"1e20794\" data-element_type=\"section\" data-e-type=\"section\" data-settings=\"{&quot;_ha_eqh_enable&quot;:false}\">\n\t\t\t\t\t\t<div class=\"elementor-container elementor-column-gap-default\">\n\t\t\t\t\t<div class=\"elementor-column elementor-col-100 elementor-top-column elementor-element elementor-element-9809208\" data-id=\"9809208\" data-element_type=\"column\" data-e-type=\"column\">\n\t\t\t<div class=\"elementor-widget-wrap elementor-element-populated\">\n\t\t\t\t\t\t<div class=\"elementor-element elementor-element-d62bc0a elementor-widget elementor-widget-heading\" data-id=\"d62bc0a\" data-element_type=\"widget\" data-e-type=\"widget\" data-widget_type=\"heading.default\">\n\t\t\t\t<div class=\"elementor-widget-container\">\n\t\t\t\t\t<h1 class=\"elementor-heading-title elementor-size-default\">#UEAesExcelencia<\/h1>\t\t\t\t<\/div>\n\t\t\t\t<\/div>\n\t\t\t\t\t<\/div>\n\t\t<\/div>\n\t\t\t\t\t<\/div>\n\t\t<\/section>\n\t\t\t\t<\/div>\n\t\t","protected":false},"excerpt":{"rendered":"<p>1. Primero verifique que todas sus asignaturas se reflejen en la opci\u00f3n \u00abEquipos\u00bb. 2. Para este per\u00edodo acad\u00e9mico las asignaturas &hellip; <\/p>\n","protected":false},"author":10,"featured_media":0,"parent":0,"menu_order":0,"comment_status":"closed","ping_status":"closed","template":"","meta":{"om_disable_all_campaigns":false,"_monsterinsights_skip_tracking":false,"_monsterinsights_sitenote_active":false,"_monsterinsights_sitenote_note":"","_monsterinsights_sitenote_category":0,"footnotes":""},"class_list":["post-47876","page","type-page","status-publish","hentry"],"_links":{"self":[{"href":"https:\/\/www.uea.edu.ec\/web\/v2\/index.php?rest_route=\/wp\/v2\/pages\/47876","targetHints":{"allow":["GET"]}}],"collection":[{"href":"https:\/\/www.uea.edu.ec\/web\/v2\/index.php?rest_route=\/wp\/v2\/pages"}],"about":[{"href":"https:\/\/www.uea.edu.ec\/web\/v2\/index.php?rest_route=\/wp\/v2\/types\/page"}],"author":[{"embeddable":true,"href":"https:\/\/www.uea.edu.ec\/web\/v2\/index.php?rest_route=\/wp\/v2\/users\/10"}],"replies":[{"embeddable":true,"href":"https:\/\/www.uea.edu.ec\/web\/v2\/index.php?rest_route=%2Fwp%2Fv2%2Fcomments&post=47876"}],"version-history":[{"count":40,"href":"https:\/\/www.uea.edu.ec\/web\/v2\/index.php?rest_route=\/wp\/v2\/pages\/47876\/revisions"}],"predecessor-version":[{"id":49382,"href":"https:\/\/www.uea.edu.ec\/web\/v2\/index.php?rest_route=\/wp\/v2\/pages\/47876\/revisions\/49382"}],"wp:attachment":[{"href":"https:\/\/www.uea.edu.ec\/web\/v2\/index.php?rest_route=%2Fwp%2Fv2%2Fmedia&parent=47876"}],"curies":[{"name":"wp","href":"https:\/\/api.w.org\/{rel}","templated":true}]}}