{"id":5508,"date":"2023-01-16T08:54:59","date_gmt":"2023-01-16T13:54:59","guid":{"rendered":"https:\/\/web.uea.edu.ec\/web\/v2\/?page_id=5508"},"modified":"2023-03-17T08:51:16","modified_gmt":"2023-03-17T13:51:16","slug":"historia","status":"publish","type":"page","link":"https:\/\/www.uea.edu.ec\/web\/v2\/?page_id=5508","title":{"rendered":""},"content":{"rendered":"\t\t<div data-elementor-type=\"wp-page\" data-elementor-id=\"5508\" class=\"elementor elementor-5508\" data-elementor-settings=\"{&quot;ha_cmc_init_switcher&quot;:&quot;no&quot;}\" data-elementor-post-type=\"page\">\n\t\t\t\t\t\t<section class=\"elementor-section elementor-top-section elementor-element elementor-element-afb0078 elementor-section-boxed elementor-section-height-default elementor-section-height-default\" data-id=\"afb0078\" data-element_type=\"section\" data-settings=\"{&quot;_ha_eqh_enable&quot;:false}\">\n\t\t\t\t\t\t<div class=\"elementor-container elementor-column-gap-default\">\n\t\t\t\t\t<div class=\"elementor-column elementor-col-100 elementor-top-column elementor-element elementor-element-d5822d9\" data-id=\"d5822d9\" data-element_type=\"column\">\n\t\t\t<div class=\"elementor-widget-wrap elementor-element-populated\">\n\t\t\t\t\t\t<div class=\"elementor-element elementor-element-88c90e9 elementor-widget elementor-widget-image\" data-id=\"88c90e9\" data-element_type=\"widget\" data-widget_type=\"image.default\">\n\t\t\t\t<div class=\"elementor-widget-container\">\n\t\t\t\t\t\t\t\t\t\t\t\t\t\t\t<img fetchpriority=\"high\" decoding=\"async\" width=\"1920\" height=\"692\" src=\"https:\/\/www.uea.edu.ec\/web\/v2\/wp-content\/uploads\/2023\/02\/u-1920x692.jpg\" class=\"attachment-education-zone-banner size-education-zone-banner wp-image-15554\" alt=\"\" \/>\t\t\t\t\t\t\t\t\t\t\t\t\t\t\t<\/div>\n\t\t\t\t<\/div>\n\t\t\t\t\t<\/div>\n\t\t<\/div>\n\t\t\t\t\t<\/div>\n\t\t<\/section>\n\t\t\t\t<section class=\"elementor-section elementor-top-section elementor-element elementor-element-2a59a7dd elementor-section-boxed elementor-section-height-default elementor-section-height-default\" data-id=\"2a59a7dd\" data-element_type=\"section\" data-settings=\"{&quot;_ha_eqh_enable&quot;:false}\">\n\t\t\t\t\t\t<div class=\"elementor-container elementor-column-gap-default\">\n\t\t\t\t\t<div class=\"elementor-column elementor-col-100 elementor-top-column elementor-element elementor-element-1fbd40a9\" data-id=\"1fbd40a9\" data-element_type=\"column\">\n\t\t\t<div class=\"elementor-widget-wrap elementor-element-populated\">\n\t\t\t\t\t\t<div class=\"elementor-element elementor-element-35024848 elementor-widget elementor-widget-text-editor\" data-id=\"35024848\" data-element_type=\"widget\" data-widget_type=\"text-editor.default\">\n\t\t\t\t<div class=\"elementor-widget-container\">\n\t\t\t\t\t\t\t\t\t<div class=\"entry-content\"><section class=\"wpb-content-wrapper\"><div class=\"vc_row wpb_row vc_row-fluid\"><div class=\"wpb_column vc_column_container vc_col-sm-12\"><div class=\"vc_column-inner\"><div class=\"wpb_wrapper\"><div class=\"wpb_text_column wpb_content_element \"><div class=\"wpb_wrapper\"><p style=\"text-align: center;\"><b><img decoding=\"async\" class=\"aligncenter wp-image-19097 \" src=\"https:\/\/web.uea.edu.ec\/web\/v2\/wp-content\/uploads\/2023\/02\/Sin-titulo-3-e1678893394551-1024x125.png\" alt=\"\" width=\"269\" height=\"33\" srcset=\"https:\/\/www.uea.edu.ec\/web\/v2\/wp-content\/uploads\/2023\/02\/Sin-titulo-3-e1678893394551-1024x125.png 1024w, https:\/\/www.uea.edu.ec\/web\/v2\/wp-content\/uploads\/2023\/02\/Sin-titulo-3-e1678893394551-300x37.png 300w, https:\/\/www.uea.edu.ec\/web\/v2\/wp-content\/uploads\/2023\/02\/Sin-titulo-3-e1678893394551-768x94.png 768w, https:\/\/www.uea.edu.ec\/web\/v2\/wp-content\/uploads\/2023\/02\/Sin-titulo-3-e1678893394551-1536x188.png 1536w, https:\/\/www.uea.edu.ec\/web\/v2\/wp-content\/uploads\/2023\/02\/Sin-titulo-3-e1678893394551-2048x250.png 2048w, https:\/\/www.uea.edu.ec\/web\/v2\/wp-content\/uploads\/2023\/02\/Sin-titulo-3-e1678893394551-1320x161.png 1320w\" sizes=\"(max-width: 269px) 100vw, 269px\" \/><\/b><\/p><p style=\"text-align: justify;\">La Universidad Estatal Amaz\u00f3nica, fue creada para afrontar los desaf\u00edos del Siglo XXI, y tal como lo se\u00f1ala la Constituci\u00f3n Pol\u00edtica del Estado se dedica a la investigaci\u00f3n cient\u00edfica, la formaci\u00f3n profesional y t\u00e9cnica, la creaci\u00f3n y desarrollo de la cultura nacional y su difusi\u00f3n en los sectores populares, as\u00ed como el estudio y planteamiento de soluciones de los problemas del pa\u00eds que le permitan crear una nueva sociedad con mayor justicia y libertad.<\/p><p style=\"text-align: justify;\">El Congreso Nacional, considerando que es deber del Estado Ecuatoriano promover la educaci\u00f3n superior, especialmente en las regiones marginadas de los procesos de desarrollo econ\u00f3mico y social cre\u00f3 la \u201cUniversidad Estatal Amaz\u00f3nica\u201d, U.E.A., mediante Ley de la Rep\u00fablica No. 2002-85 publicada en el Registro Oficial No. 686 del 18 de Octubre de 2002.<\/p><p style=\"text-align: justify;\">La Universidad Estatal Amaz\u00f3nica, se propone formar profesionales portadores de los m\u00e1s altos valores humanos, capaces de transformar en beneficio de la humanidad los recursos que dispone nuestra Amazon\u00eda.<\/p><p style=\"text-align: justify;\">La Universidad cuenta con un cuerpo acad\u00e9mico altamente capacitado de educadores, en su mayor\u00eda con cuarto nivel de conocimiento (PhD, Doctores, M\u00e1ster) y m\u00e1s de una d\u00e9cada de experiencia educativa universitaria, que garantizan la excelencia acad\u00e9mica.<\/p><p style=\"text-align: justify;\">Invitamos a los estudiantes que aspiren a una formaci\u00f3n integral para realizarse personalmente y servir a la amazon\u00eda y al pa\u00eds.<\/p><\/div><\/div><\/div><\/div><\/div><\/div><\/section><\/div>\t\t\t\t\t\t\t\t<\/div>\n\t\t\t\t<\/div>\n\t\t\t\t\t<\/div>\n\t\t<\/div>\n\t\t\t\t\t<\/div>\n\t\t<\/section>\n\t\t\t\t<\/div>\n\t\t","protected":false},"excerpt":{"rendered":"<p>La Universidad Estatal Amaz\u00f3nica, fue creada para afrontar los desaf\u00edos del Siglo XXI, y tal como lo se\u00f1ala la Constituci\u00f3n &hellip; <\/p>\n","protected":false},"author":10,"featured_media":0,"parent":0,"menu_order":0,"comment_status":"closed","ping_status":"closed","template":"","meta":{"om_disable_all_campaigns":false,"_monsterinsights_skip_tracking":false,"_monsterinsights_sitenote_active":false,"_monsterinsights_sitenote_note":"","_monsterinsights_sitenote_category":0,"footnotes":""},"class_list":["post-5508","page","type-page","status-publish","hentry"],"_links":{"self":[{"href":"https:\/\/www.uea.edu.ec\/web\/v2\/index.php?rest_route=\/wp\/v2\/pages\/5508","targetHints":{"allow":["GET"]}}],"collection":[{"href":"https:\/\/www.uea.edu.ec\/web\/v2\/index.php?rest_route=\/wp\/v2\/pages"}],"about":[{"href":"https:\/\/www.uea.edu.ec\/web\/v2\/index.php?rest_route=\/wp\/v2\/types\/page"}],"author":[{"embeddable":true,"href":"https:\/\/www.uea.edu.ec\/web\/v2\/index.php?rest_route=\/wp\/v2\/users\/10"}],"replies":[{"embeddable":true,"href":"https:\/\/www.uea.edu.ec\/web\/v2\/index.php?rest_route=%2Fwp%2Fv2%2Fcomments&post=5508"}],"version-history":[{"count":59,"href":"https:\/\/www.uea.edu.ec\/web\/v2\/index.php?rest_route=\/wp\/v2\/pages\/5508\/revisions"}],"predecessor-version":[{"id":30409,"href":"https:\/\/www.uea.edu.ec\/web\/v2\/index.php?rest_route=\/wp\/v2\/pages\/5508\/revisions\/30409"}],"wp:attachment":[{"href":"https:\/\/www.uea.edu.ec\/web\/v2\/index.php?rest_route=%2Fwp%2Fv2%2Fmedia&parent=5508"}],"curies":[{"name":"wp","href":"https:\/\/api.w.org\/{rel}","templated":true}]}}