{"id":5513,"date":"2023-01-16T09:01:05","date_gmt":"2023-01-16T14:01:05","guid":{"rendered":"https:\/\/web.uea.edu.ec\/web\/v2\/?page_id=5513"},"modified":"2025-11-19T14:26:36","modified_gmt":"2025-11-19T19:26:36","slug":"quienes-somos","status":"publish","type":"page","link":"https:\/\/www.uea.edu.ec\/web\/v2\/?page_id=5513","title":{"rendered":""},"content":{"rendered":"\t\t<div data-elementor-type=\"wp-page\" data-elementor-id=\"5513\" class=\"elementor elementor-5513\" data-elementor-settings=\"{&quot;ha_cmc_init_switcher&quot;:&quot;no&quot;}\" data-elementor-post-type=\"page\">\n\t\t\t\t\t\t<section class=\"elementor-section elementor-top-section elementor-element elementor-element-9a438f2 elementor-section-full_width elementor-section-content-top elementor-section-height-default elementor-section-height-default\" data-id=\"9a438f2\" data-element_type=\"section\" data-settings=\"{&quot;background_background&quot;:&quot;slideshow&quot;,&quot;background_slideshow_gallery&quot;:[],&quot;background_slideshow_loop&quot;:&quot;yes&quot;,&quot;background_slideshow_slide_duration&quot;:5000,&quot;background_slideshow_slide_transition&quot;:&quot;fade&quot;,&quot;background_slideshow_transition_duration&quot;:500,&quot;_ha_eqh_enable&quot;:false}\">\n\t\t\t\t\t\t\t<div class=\"elementor-background-overlay\"><\/div>\n\t\t\t\t\t\t\t<div class=\"elementor-container elementor-column-gap-default\">\n\t\t\t\t\t<div class=\"elementor-column elementor-col-100 elementor-top-column elementor-element elementor-element-88c2ca2\" data-id=\"88c2ca2\" data-element_type=\"column\">\n\t\t\t<div class=\"elementor-widget-wrap elementor-element-populated\">\n\t\t\t\t\t\t<div class=\"elementor-element elementor-element-05a3262 elementor-widget elementor-widget-text-editor\" data-id=\"05a3262\" data-element_type=\"widget\" data-widget_type=\"text-editor.default\">\n\t\t\t\t<div class=\"elementor-widget-container\">\n\t\t\t\t\t\t\t\t\t<p><img decoding=\"async\" class=\"size-medium wp-image-15946 aligncenter\" src=\"https:\/\/web.uea.edu.ec\/web\/v2\/wp-content\/uploads\/2023\/02\/Imagen2-300x54.png\" alt=\"\" width=\"300\" height=\"54\" srcset=\"https:\/\/www.uea.edu.ec\/web\/v2\/wp-content\/uploads\/2023\/02\/Imagen2-300x54.png 300w, https:\/\/www.uea.edu.ec\/web\/v2\/wp-content\/uploads\/2023\/02\/Imagen2.png 706w\" sizes=\"(max-width: 300px) 100vw, 300px\" \/><\/p>\t\t\t\t\t\t\t\t<\/div>\n\t\t\t\t<\/div>\n\t\t\t\t<div class=\"elementor-element elementor-element-f18f854 elementor-widget elementor-widget-heading\" data-id=\"f18f854\" data-element_type=\"widget\" data-widget_type=\"heading.default\">\n\t\t\t\t<div class=\"elementor-widget-container\">\n\t\t\t\t\t<h1 class=\"elementor-heading-title elementor-size-default\">MISI\u00d3N<\/h1>\t\t\t\t<\/div>\n\t\t\t\t<\/div>\n\t\t\t\t<div class=\"elementor-element elementor-element-510de5b elementor-widget elementor-widget-text-editor\" data-id=\"510de5b\" data-element_type=\"widget\" data-widget_type=\"text-editor.default\">\n\t\t\t\t<div class=\"elementor-widget-container\">\n\t\t\t\t\t\t\t\t\t<p style=\"text-align: justify;\"><span style=\"text-align: justify;\">Generar ciencia y tecnolog\u00eda, formar profesionales e investigadores para satisfacer las necesidades del territorio, bajo los principios del desarrollo sostenible integral y equilibrado del ser humano de la Regi\u00f3n Amaz\u00f3nica y el Ecuador, conservando sus conocimientos ancestrales y fomentando su cultura.<\/span><\/p>\t\t\t\t\t\t\t\t<\/div>\n\t\t\t\t<\/div>\n\t\t\t\t<div class=\"elementor-element elementor-element-74e7f2e elementor-widget elementor-widget-heading\" data-id=\"74e7f2e\" data-element_type=\"widget\" data-widget_type=\"heading.default\">\n\t\t\t\t<div class=\"elementor-widget-container\">\n\t\t\t\t\t<h1 class=\"elementor-heading-title elementor-size-default\">VISI\u00d3N<\/h1>\t\t\t\t<\/div>\n\t\t\t\t<\/div>\n\t\t\t\t<div class=\"elementor-element elementor-element-deabd66 elementor-widget elementor-widget-text-editor\" data-id=\"deabd66\" data-element_type=\"widget\" data-widget_type=\"text-editor.default\">\n\t\t\t\t<div class=\"elementor-widget-container\">\n\t\t\t\t\t\t\t\t\t<p style=\"text-align: justify;\">La Universidad Estatal Amaz\u00f3nica, ser\u00e1 una comunidad acad\u00e9mica cient\u00edfica de docencia con investigaci\u00f3n, que impulse la investigaci\u00f3n y promueva el desarrollo sostenible de la Amazon\u00eda de tal forma que sea revalorizada como elemento y recurso fundamental del Estado. Se ha insertado con sus saberes ancestrales, caracter\u00edsticas y potencialidades en la econom\u00eda para forjar la cultura y alcanzar la unidad nacional.<\/p><p><strong><span style=\"color: #008080;\"><a style=\"color: #008080;\" href=\"https:\/\/www.youtube.com\/watch?v=Lk7qPPD6aAk\" target=\"_blank\" rel=\"noopener\">Ver video<\/a><\/span><\/strong><\/p>\t\t\t\t\t\t\t\t<\/div>\n\t\t\t\t<\/div>\n\t\t\t\t<div class=\"elementor-element elementor-element-57b0e44 elementor-widget elementor-widget-heading\" data-id=\"57b0e44\" data-element_type=\"widget\" data-widget_type=\"heading.default\">\n\t\t\t\t<div class=\"elementor-widget-container\">\n\t\t\t\t\t<h1 class=\"elementor-heading-title elementor-size-default\">OBJETIVOS <br>ESTRAT\u00c9GICOS<\/h1>\t\t\t\t<\/div>\n\t\t\t\t<\/div>\n\t\t\t\t<div class=\"elementor-element elementor-element-8515004 elementor-widget elementor-widget-text-editor\" data-id=\"8515004\" data-element_type=\"widget\" data-widget_type=\"text-editor.default\">\n\t\t\t\t<div class=\"elementor-widget-container\">\n\t\t\t\t\t\t\t\t\t<p><span style=\"color: #008080;\"><strong><em>ACADEMIA<\/em><\/strong><\/span><\/p><ul><li>\u00a0Incrementar la formaci\u00f3n de profesionales con excelencia de la Universidad Estatal Amaz\u00f3nica<\/li><\/ul><p><span style=\"color: #008080;\"><strong><em>INVESTIGACI\u00d3N<\/em><\/strong><\/span><\/p><ul><li>Incrementar la producci\u00f3n cient\u00edfica y tecnol\u00f3gica, con base a una estructura de investigaci\u00f3n en funci\u00f3n de los dominios institucionales de la Universidad Estatal Amaz\u00f3nica.<\/li><\/ul><p><span style=\"color: #008080;\"><strong><em>VINCULACI\u00d3N CON LA SOCIEDAD <\/em><\/strong><\/span><\/p><ul><li>Incrementar la vinculaci\u00f3n con la sociedad o colectividad de la Universidad Estatal Amaz\u00f3nica<\/li><\/ul><p><span style=\"color: #008080;\"><strong><em>GESTI\u00d3N ADMINISTRATIVA <\/em><\/strong><\/span><\/p><ul><li>Incrementar la eficiencia Operacional y administrativa de Universidad Estatal Amaz\u00f3nica<\/li><\/ul><p style=\"text-align: justify;\">\u00a0<\/p>\t\t\t\t\t\t\t\t<\/div>\n\t\t\t\t<\/div>\n\t\t\t\t\t<\/div>\n\t\t<\/div>\n\t\t\t\t\t<\/div>\n\t\t<\/section>\n\t\t\t\t<\/div>\n\t\t","protected":false},"excerpt":{"rendered":"<p>MISI\u00d3N Generar ciencia y tecnolog\u00eda, formar profesionales e investigadores para satisfacer las necesidades del territorio, bajo los principios del desarrollo &hellip; <\/p>\n","protected":false},"author":10,"featured_media":0,"parent":0,"menu_order":0,"comment_status":"closed","ping_status":"closed","template":"","meta":{"om_disable_all_campaigns":false,"_monsterinsights_skip_tracking":false,"_monsterinsights_sitenote_active":false,"_monsterinsights_sitenote_note":"","_monsterinsights_sitenote_category":0,"footnotes":""},"class_list":["post-5513","page","type-page","status-publish","hentry"],"_links":{"self":[{"href":"https:\/\/www.uea.edu.ec\/web\/v2\/index.php?rest_route=\/wp\/v2\/pages\/5513","targetHints":{"allow":["GET"]}}],"collection":[{"href":"https:\/\/www.uea.edu.ec\/web\/v2\/index.php?rest_route=\/wp\/v2\/pages"}],"about":[{"href":"https:\/\/www.uea.edu.ec\/web\/v2\/index.php?rest_route=\/wp\/v2\/types\/page"}],"author":[{"embeddable":true,"href":"https:\/\/www.uea.edu.ec\/web\/v2\/index.php?rest_route=\/wp\/v2\/users\/10"}],"replies":[{"embeddable":true,"href":"https:\/\/www.uea.edu.ec\/web\/v2\/index.php?rest_route=%2Fwp%2Fv2%2Fcomments&post=5513"}],"version-history":[{"count":191,"href":"https:\/\/www.uea.edu.ec\/web\/v2\/index.php?rest_route=\/wp\/v2\/pages\/5513\/revisions"}],"predecessor-version":[{"id":66513,"href":"https:\/\/www.uea.edu.ec\/web\/v2\/index.php?rest_route=\/wp\/v2\/pages\/5513\/revisions\/66513"}],"wp:attachment":[{"href":"https:\/\/www.uea.edu.ec\/web\/v2\/index.php?rest_route=%2Fwp%2Fv2%2Fmedia&parent=5513"}],"curies":[{"name":"wp","href":"https:\/\/api.w.org\/{rel}","templated":true}]}}