{"id":58138,"date":"2025-01-15T14:08:29","date_gmt":"2025-01-15T19:08:29","guid":{"rendered":"https:\/\/www.uea.edu.ec\/web\/v2\/?page_id=58138"},"modified":"2025-12-15T10:35:30","modified_gmt":"2025-12-15T15:35:30","slug":"pac-2025","status":"publish","type":"page","link":"https:\/\/www.uea.edu.ec\/web\/v2\/?page_id=58138","title":{"rendered":"PLAN ANUAL DE CONTRATACI\u00d3N P\u00daBLICA (PAC) 2025"},"content":{"rendered":"\t\t<div data-elementor-type=\"wp-page\" data-elementor-id=\"58138\" class=\"elementor elementor-58138\" data-elementor-settings=\"{&quot;ha_cmc_init_switcher&quot;:&quot;no&quot;}\" data-elementor-post-type=\"page\">\n\t\t\t\t\t\t<section class=\"elementor-section elementor-top-section elementor-element elementor-element-ec0b9dd elementor-section-boxed elementor-section-height-default elementor-section-height-default\" data-id=\"ec0b9dd\" data-element_type=\"section\" data-e-type=\"section\" data-settings=\"{&quot;_ha_eqh_enable&quot;:false}\">\n\t\t\t\t\t\t<div class=\"elementor-container elementor-column-gap-default\">\n\t\t\t\t\t<div class=\"elementor-column elementor-col-100 elementor-top-column elementor-element elementor-element-0939c9a\" data-id=\"0939c9a\" data-element_type=\"column\" data-e-type=\"column\">\n\t\t\t<div class=\"elementor-widget-wrap elementor-element-populated\">\n\t\t\t\t\t\t<div class=\"elementor-element elementor-element-ec01037 elementor-widget elementor-widget-text-editor\" data-id=\"ec01037\" data-element_type=\"widget\" data-e-type=\"widget\" data-widget_type=\"text-editor.default\">\n\t\t\t\t<div class=\"elementor-widget-container\">\n\t\t\t\t\t\t\t\t\t<ul style=\"list-style: none;\"><li><i class=\"fa fa-file-pdf-o\" aria-hidden=\"true\"><\/i> <a href=\"https:\/\/www.uea.edu.ec\/web\/v2\/wp-content\/uploads\/2025\/01\/1_resolucion_aprobacion_pac_2025_uea_1-signed.pdf\" target=\"_blank\" rel=\"noopener\">RESOLUCI\u00d3N DE APROBACI\u00d3N DEL PLAN ANUAL DE CONTRATACI\u00d3N-PAC- DEL A\u00d1O 2025<\/a><\/li><li><i class=\"fa fa-file-pdf-o\" aria-hidden=\"true\"><\/i> <a href=\"https:\/\/www.uea.edu.ec\/web\/v2\/wp-content\/uploads\/2025\/01\/pac_inicial_2025.pdf\" target=\"_blank\" rel=\"noopener\">PAC INICIAL 2025<\/a><\/li><\/ul><ul style=\"list-style: none;\"><li><i class=\"fa fa-file-pdf-o\" aria-hidden=\"true\"><\/i> <a href=\"https:\/\/www.uea.edu.ec\/web\/v2\/wp-content\/uploads\/2025\/12\/resolucion_2da_reforma_pac_2025-signed.pdf\" target=\"_blank\" rel=\"noopener\">SEGUNDA RESOLUCI\u00d3N DE APROBACI\u00d3N DEL PLAN ANUAL DE CONTRATACI\u00d3N-PAC- DEL A\u00d1O 2025<\/a><\/li><\/ul><ul style=\"list-style: none;\"><li><i class=\"fa fa-file-pdf-o\" aria-hidden=\"true\"><\/i> <a href=\"https:\/\/www.uea.edu.ec\/web\/v2\/wp-content\/uploads\/2025\/12\/anexo_detalle_segunda_reforma_2025.pdf\" target=\"_blank\" rel=\"noopener\">DETALLE DE LA SEGUNDA REFORMA AL PAC 2025 &#8211; UEA<\/a><\/li><\/ul>\t\t\t\t\t\t\t\t<\/div>\n\t\t\t\t<\/div>\n\t\t\t\t\t<\/div>\n\t\t<\/div>\n\t\t\t\t\t<\/div>\n\t\t<\/section>\n\t\t\t\t<\/div>\n\t\t","protected":false},"excerpt":{"rendered":"<p>RESOLUCI\u00d3N DE APROBACI\u00d3N DEL PLAN ANUAL DE CONTRATACI\u00d3N-PAC- DEL A\u00d1O 2025 PAC INICIAL 2025 SEGUNDA RESOLUCI\u00d3N DE APROBACI\u00d3N DEL PLAN &hellip; <\/p>\n","protected":false},"author":9,"featured_media":0,"parent":0,"menu_order":0,"comment_status":"closed","ping_status":"closed","template":"","meta":{"om_disable_all_campaigns":false,"_monsterinsights_skip_tracking":false,"_monsterinsights_sitenote_active":false,"_monsterinsights_sitenote_note":"","_monsterinsights_sitenote_category":0,"footnotes":""},"class_list":["post-58138","page","type-page","status-publish","hentry"],"_links":{"self":[{"href":"https:\/\/www.uea.edu.ec\/web\/v2\/index.php?rest_route=\/wp\/v2\/pages\/58138","targetHints":{"allow":["GET"]}}],"collection":[{"href":"https:\/\/www.uea.edu.ec\/web\/v2\/index.php?rest_route=\/wp\/v2\/pages"}],"about":[{"href":"https:\/\/www.uea.edu.ec\/web\/v2\/index.php?rest_route=\/wp\/v2\/types\/page"}],"author":[{"embeddable":true,"href":"https:\/\/www.uea.edu.ec\/web\/v2\/index.php?rest_route=\/wp\/v2\/users\/9"}],"replies":[{"embeddable":true,"href":"https:\/\/www.uea.edu.ec\/web\/v2\/index.php?rest_route=%2Fwp%2Fv2%2Fcomments&post=58138"}],"version-history":[{"count":29,"href":"https:\/\/www.uea.edu.ec\/web\/v2\/index.php?rest_route=\/wp\/v2\/pages\/58138\/revisions"}],"predecessor-version":[{"id":66914,"href":"https:\/\/www.uea.edu.ec\/web\/v2\/index.php?rest_route=\/wp\/v2\/pages\/58138\/revisions\/66914"}],"wp:attachment":[{"href":"https:\/\/www.uea.edu.ec\/web\/v2\/index.php?rest_route=%2Fwp%2Fv2%2Fmedia&parent=58138"}],"curies":[{"name":"wp","href":"https:\/\/api.w.org\/{rel}","templated":true}]}}