{"id":63102,"date":"2025-06-10T10:44:12","date_gmt":"2025-06-10T15:44:12","guid":{"rendered":"https:\/\/www.uea.edu.ec\/web\/v2\/?page_id=63102"},"modified":"2025-08-15T08:13:05","modified_gmt":"2025-08-15T13:13:05","slug":"informe-de-rendicion-de-cuentas-2024","status":"publish","type":"page","link":"https:\/\/www.uea.edu.ec\/web\/v2\/?page_id=63102","title":{"rendered":""},"content":{"rendered":"\t\t<div data-elementor-type=\"wp-page\" data-elementor-id=\"63102\" class=\"elementor elementor-63102\" data-elementor-settings=\"{&quot;ha_cmc_init_switcher&quot;:&quot;no&quot;}\" data-elementor-post-type=\"page\">\n\t\t\t\t\t\t<section class=\"elementor-section elementor-top-section elementor-element elementor-element-10fc4e8 elementor-section-boxed elementor-section-height-default elementor-section-height-default\" data-id=\"10fc4e8\" data-element_type=\"section\" data-e-type=\"section\" data-settings=\"{&quot;_ha_eqh_enable&quot;:false}\">\n\t\t\t\t\t\t<div class=\"elementor-container elementor-column-gap-default\">\n\t\t\t\t\t<div class=\"elementor-column elementor-col-100 elementor-top-column elementor-element elementor-element-6f4a314\" data-id=\"6f4a314\" data-element_type=\"column\" data-e-type=\"column\">\n\t\t\t<div class=\"elementor-widget-wrap elementor-element-populated\">\n\t\t\t\t\t\t<div class=\"elementor-element elementor-element-46df4ea elementor-widget elementor-widget-image\" data-id=\"46df4ea\" data-element_type=\"widget\" data-e-type=\"widget\" data-widget_type=\"image.default\">\n\t\t\t\t<div class=\"elementor-widget-container\">\n\t\t\t\t\t\t\t\t\t\t\t\t\t\t\t<img fetchpriority=\"high\" decoding=\"async\" width=\"2233\" height=\"288\" src=\"https:\/\/www.uea.edu.ec\/web\/v2\/wp-content\/uploads\/2025\/06\/ARTE-WEB-RENDICION-DE-CUENTAS.png\" class=\"attachment-full size-full wp-image-63225\" alt=\"\" srcset=\"https:\/\/www.uea.edu.ec\/web\/v2\/wp-content\/uploads\/2025\/06\/ARTE-WEB-RENDICION-DE-CUENTAS.png 2233w, https:\/\/www.uea.edu.ec\/web\/v2\/wp-content\/uploads\/2025\/06\/ARTE-WEB-RENDICION-DE-CUENTAS-300x39.png 300w, https:\/\/www.uea.edu.ec\/web\/v2\/wp-content\/uploads\/2025\/06\/ARTE-WEB-RENDICION-DE-CUENTAS-1024x132.png 1024w, https:\/\/www.uea.edu.ec\/web\/v2\/wp-content\/uploads\/2025\/06\/ARTE-WEB-RENDICION-DE-CUENTAS-768x99.png 768w, https:\/\/www.uea.edu.ec\/web\/v2\/wp-content\/uploads\/2025\/06\/ARTE-WEB-RENDICION-DE-CUENTAS-1536x198.png 1536w, https:\/\/www.uea.edu.ec\/web\/v2\/wp-content\/uploads\/2025\/06\/ARTE-WEB-RENDICION-DE-CUENTAS-2048x264.png 2048w\" sizes=\"(max-width: 2233px) 100vw, 2233px\" \/>\t\t\t\t\t\t\t\t\t\t\t\t\t\t\t<\/div>\n\t\t\t\t<\/div>\n\t\t\t\t\t<\/div>\n\t\t<\/div>\n\t\t\t\t\t<\/div>\n\t\t<\/section>\n\t\t\t\t<section class=\"elementor-section elementor-top-section elementor-element elementor-element-2084a59 elementor-section-boxed elementor-section-height-default elementor-section-height-default\" data-id=\"2084a59\" data-element_type=\"section\" data-e-type=\"section\" data-settings=\"{&quot;_ha_eqh_enable&quot;:false}\">\n\t\t\t\t\t\t<div class=\"elementor-container elementor-column-gap-default\">\n\t\t\t\t\t<div class=\"elementor-column elementor-col-100 elementor-top-column elementor-element elementor-element-3085065\" data-id=\"3085065\" data-element_type=\"column\" data-e-type=\"column\">\n\t\t\t<div class=\"elementor-widget-wrap elementor-element-populated\">\n\t\t\t\t\t\t<div class=\"elementor-element elementor-element-489afb7 elementor-widget elementor-widget-text-editor\" data-id=\"489afb7\" data-element_type=\"widget\" data-e-type=\"widget\" data-widget_type=\"text-editor.default\">\n\t\t\t\t<div class=\"elementor-widget-container\">\n\t\t\t\t\t\t\t\t\t<p><span style=\"color: #003366;\"><strong>Fase 0: Organizaci\u00f3n interna institucional<\/strong><\/span><br \/><a href=\"https:\/\/www.uea.edu.ec\/web\/v2\/wp-content\/uploads\/2025\/07\/FASE-0-1.-Conformacion-del-equipo-del-proceso-de-Rendicion-de-cuentas.pdf\" target=\"_blank\" rel=\"noopener\"><span style=\"color: #008080;\">1. Conformaci\u00f3n del equipo del Proceso de Rendici\u00f3n de Cuentas<\/span><\/a><br \/><a href=\"https:\/\/www.uea.edu.ec\/web\/v2\/wp-content\/uploads\/2025\/07\/FASE-0-2.-Diseno-de-la-propuesta-del-proceso-de-rendicion-de-cuentas.pdf\" target=\"_blank\" rel=\"noopener\"><span style=\"color: #008080;\">2. Dise\u00f1o de la Propuesta del Proceso de Rendici\u00f3n de Cuentas<\/span><\/a><\/p><p><img decoding=\"async\" class=\"alignnone wp-image-30559 size-full\" src=\"https:\/\/www.uea.edu.ec\/web\/v2\/wp-content\/uploads\/2023\/03\/Captura-de-pantalla-2023-03-17-142243.png\" alt=\"\" width=\"1230\" height=\"53\" srcset=\"https:\/\/www.uea.edu.ec\/web\/v2\/wp-content\/uploads\/2023\/03\/Captura-de-pantalla-2023-03-17-142243.png 1230w, https:\/\/www.uea.edu.ec\/web\/v2\/wp-content\/uploads\/2023\/03\/Captura-de-pantalla-2023-03-17-142243-300x13.png 300w, https:\/\/www.uea.edu.ec\/web\/v2\/wp-content\/uploads\/2023\/03\/Captura-de-pantalla-2023-03-17-142243-1024x44.png 1024w, https:\/\/www.uea.edu.ec\/web\/v2\/wp-content\/uploads\/2023\/03\/Captura-de-pantalla-2023-03-17-142243-768x33.png 768w\" sizes=\"(max-width: 1230px) 100vw, 1230px\" \/><\/p><p><span style=\"color: #003366;\"><strong>Fase 1: Elaboraci\u00f3n del Informe de Rendici\u00f3n de Cuentas<\/strong><\/span><br \/><span style=\"color: #008080;\">1. Evaluaci\u00f3n de la Gesti\u00f3n Institucional<\/span><br \/><a href=\"https:\/\/www.uea.edu.ec\/web\/v2\/wp-content\/uploads\/2025\/08\/FORMULARIO-DE-RENDICION-DE-CUENTAS.pdf\" target=\"_blank\" rel=\"noopener\"><span style=\"color: #008080;\">2. Llenar el Formulario<\/span><\/a><br \/><a href=\"https:\/\/www.uea.edu.ec\/web\/v2\/wp-content\/uploads\/2025\/07\/LIBRO_RENDICION-DE-CUENTAS-2024.pdf\" target=\"_blank\" rel=\"noopener\"><span style=\"color: #008080;\">3. Redacci\u00f3n del Informe de Rendici\u00f3n de Cuentas<\/span><\/a><br \/><span style=\"color: #008080;\"><a style=\"color: #008080;\" href=\"https:\/\/www.uea.edu.ec\/web\/v2\/wp-content\/uploads\/2025\/08\/FASE-1-4.-SOCIALIZACION-Y-APROBACION-DEL-INFORME.pdf\" target=\"_blank\" rel=\"noopener\">4. Socializaci\u00f3n y Aprobaci\u00f3n del Informe<\/a><\/span><\/p><p><img decoding=\"async\" class=\"alignnone wp-image-30559 size-full\" src=\"https:\/\/www.uea.edu.ec\/web\/v2\/wp-content\/uploads\/2023\/03\/Captura-de-pantalla-2023-03-17-142243.png\" alt=\"\" width=\"1230\" height=\"53\" srcset=\"https:\/\/www.uea.edu.ec\/web\/v2\/wp-content\/uploads\/2023\/03\/Captura-de-pantalla-2023-03-17-142243.png 1230w, https:\/\/www.uea.edu.ec\/web\/v2\/wp-content\/uploads\/2023\/03\/Captura-de-pantalla-2023-03-17-142243-300x13.png 300w, https:\/\/www.uea.edu.ec\/web\/v2\/wp-content\/uploads\/2023\/03\/Captura-de-pantalla-2023-03-17-142243-1024x44.png 1024w, https:\/\/www.uea.edu.ec\/web\/v2\/wp-content\/uploads\/2023\/03\/Captura-de-pantalla-2023-03-17-142243-768x33.png 768w\" sizes=\"(max-width: 1230px) 100vw, 1230px\" \/><\/p><p><span style=\"color: #003366;\"><strong>Fase 2: Presentaci\u00f3n a la ciudadan\u00eda del Informe de rendici\u00f3n de cuentas<\/strong><\/span><br \/><a href=\"https:\/\/www.uea.edu.ec\/web\/v2\/wp-content\/uploads\/2025\/08\/FASE-2-1-DIFUCION-DEL-INFORME-2.pdf\" target=\"_blank\" rel=\"noopener\"><span style=\"color: #008080;\">1. Difusi\u00f3n del Informe de Rendici\u00f3n de Cuentas<\/span><\/a><br \/><span style=\"color: #008080;\">\u00a0 \u00a0 \u00a0\u00a0<\/span><br \/><span style=\"color: #008080;\"><a style=\"color: #008080;\" href=\"https:\/\/www.uea.edu.ec\/web\/v2\/wp-content\/uploads\/2025\/07\/FASE-2-2.-PLANIFICACION-DEL-EVENTO-PARTICIPATIVO-2.pdf\" target=\"_blank\" rel=\"noopener\">2. Planificaci\u00f3n del Evento Participativo<\/a><\/span><br \/><span style=\"color: #008080;\"><a style=\"color: #008080;\" href=\"https:\/\/www.uea.edu.ec\/web\/v2\/?p=63627\" target=\"_blank\" rel=\"noopener\">\u00a0 \u00a0 \u00a0 \u00a0 2.1. Convocatoria P\u00fablica al Evento<\/a><\/span><br \/><span style=\"color: #008080;\">\u00a0 \u00a0 \u00a0 <a style=\"color: #008080;\" href=\"https:\/\/www.uea.edu.ec\/web\/v2\/wp-content\/uploads\/2025\/07\/FASE-2-2.2-CONDICIONES-DE-LOGISTICA-QUE-BRINDEN-LA-FACILIDAD-PARA-EJECUCION-DEL-EVENTO-2.pdf\" target=\"_blank\" rel=\"noopener\">\u00a0 2.2. Condiciones de Log\u00edstica que brinden la facilidad para ejecuci\u00f3n del evento<\/a><\/span><br \/><span style=\"color: #008080;\">\u00a0 \u00a0 \u00a0 <a href=\"https:\/\/www.uea.edu.ec\/web\/v2\/wp-content\/uploads\/2025\/08\/FASE2-2.3-preparacion-facilitadores.pdf\" target=\"_blank\" rel=\"noopener\"><span style=\"color: #008080;\">\u00a0 2.3. Preparaci\u00f3n de Facilitadores<\/span><\/a><\/span><br \/><span style=\"color: #008080;\">\u00a0 \u00a0 \u00a0 <a style=\"color: #008080;\" href=\"https:\/\/www.uea.edu.ec\/web\/v2\/wp-content\/uploads\/2025\/07\/FASE-2-2.4.-PREPARACION-DE-LA-AGENDA-1.pdf\" target=\"_blank\" rel=\"noopener\">\u00a0 2.4. Preparaci\u00f3n de la Agenda<\/a><\/span><br \/><span style=\"color: #008080;\">3. Realizaci\u00f3n del Evento de Rendici\u00f3n de Cuentas<\/span><br \/><span style=\"color: #008080;\">\u00a0 \u00a0 \u00a0 \u00a0 \u00a0<a style=\"color: #008080;\" href=\"https:\/\/www.uea.edu.ec\/web\/v2\/wp-content\/uploads\/2025\/08\/REGISTRO-DE-ASISTENCIA-RC.pdf\" target=\"_blank\" rel=\"noopener\">3.1. Registro de asistencias &#8211; C\u00f3digo qr<\/a><\/span><br \/><span style=\"color: #008080;\">\u00a0 \u00a0 \u00a0 \u00a0 \u00a0<a style=\"color: #008080;\" href=\"https:\/\/www.uea.edu.ec\/web\/v2\/wp-content\/uploads\/2025\/07\/RENDICION-DE-CUENTAS-UEA-2024.mp4\" target=\"_blank\" rel=\"noopener\">3.2. Rendici\u00f3n de Cuentas UEA 2024<\/a><\/span><br \/><span style=\"color: #008080;\">4. Incorporaci\u00f3n de Aportes Ciudadanos<\/span><br \/><span style=\"color: #008080;\">\u00a0 \u00a0 \u00a0 \u00a0 \u00a0<a style=\"color: #008080;\" href=\"https:\/\/www.uea.edu.ec\/web\/v2\/wp-content\/uploads\/2025\/08\/04.-Mecanismos-Aportes-Ciudadanos-signed-signed.pdf\" target=\"_blank\" rel=\"noopener\"> 4.1. Sugerencias Ciudadanas y Compromisos Asumidos<\/a><\/span><\/p><p><img decoding=\"async\" class=\"alignnone wp-image-30559 size-full\" src=\"https:\/\/www.uea.edu.ec\/web\/v2\/wp-content\/uploads\/2023\/03\/Captura-de-pantalla-2023-03-17-142243.png\" alt=\"\" width=\"1230\" height=\"53\" srcset=\"https:\/\/www.uea.edu.ec\/web\/v2\/wp-content\/uploads\/2023\/03\/Captura-de-pantalla-2023-03-17-142243.png 1230w, https:\/\/www.uea.edu.ec\/web\/v2\/wp-content\/uploads\/2023\/03\/Captura-de-pantalla-2023-03-17-142243-300x13.png 300w, https:\/\/www.uea.edu.ec\/web\/v2\/wp-content\/uploads\/2023\/03\/Captura-de-pantalla-2023-03-17-142243-1024x44.png 1024w, https:\/\/www.uea.edu.ec\/web\/v2\/wp-content\/uploads\/2023\/03\/Captura-de-pantalla-2023-03-17-142243-768x33.png 768w\" sizes=\"(max-width: 1230px) 100vw, 1230px\" \/><\/p><p><span style=\"color: #003366;\"><strong>Fase 3: Entrega de Informe de rendici\u00f3n de cuentas al Consejo de Participaci\u00f3n <\/strong><strong>Ciudadana y Control Social<\/strong><\/span><br \/><span style=\"color: #008080;\"><a style=\"color: #008080;\" href=\"https:\/\/www.uea.edu.ec\/web\/v2\/wp-content\/uploads\/2025\/08\/InstitutosdeEducacion-UEA.pdf\" target=\"_blank\" rel=\"noopener\">1. Entrega del Informe de Rendici\u00f3n de Cuentas al CPCCS<\/a><\/span><\/p>\t\t\t\t\t\t\t\t<\/div>\n\t\t\t\t<\/div>\n\t\t\t\t\t<\/div>\n\t\t<\/div>\n\t\t\t\t\t<\/div>\n\t\t<\/section>\n\t\t\t\t<\/div>\n\t\t","protected":false},"excerpt":{"rendered":"<p>Fase 0: Organizaci\u00f3n interna institucional1. Conformaci\u00f3n del equipo del Proceso de Rendici\u00f3n de Cuentas2. Dise\u00f1o de la Propuesta del Proceso &hellip; <\/p>\n","protected":false},"author":9,"featured_media":0,"parent":0,"menu_order":0,"comment_status":"closed","ping_status":"closed","template":"","meta":{"om_disable_all_campaigns":false,"_monsterinsights_skip_tracking":false,"_monsterinsights_sitenote_active":false,"_monsterinsights_sitenote_note":"","_monsterinsights_sitenote_category":0,"footnotes":""},"class_list":["post-63102","page","type-page","status-publish","hentry"],"_links":{"self":[{"href":"https:\/\/www.uea.edu.ec\/web\/v2\/index.php?rest_route=\/wp\/v2\/pages\/63102","targetHints":{"allow":["GET"]}}],"collection":[{"href":"https:\/\/www.uea.edu.ec\/web\/v2\/index.php?rest_route=\/wp\/v2\/pages"}],"about":[{"href":"https:\/\/www.uea.edu.ec\/web\/v2\/index.php?rest_route=\/wp\/v2\/types\/page"}],"author":[{"embeddable":true,"href":"https:\/\/www.uea.edu.ec\/web\/v2\/index.php?rest_route=\/wp\/v2\/users\/9"}],"replies":[{"embeddable":true,"href":"https:\/\/www.uea.edu.ec\/web\/v2\/index.php?rest_route=%2Fwp%2Fv2%2Fcomments&post=63102"}],"version-history":[{"count":113,"href":"https:\/\/www.uea.edu.ec\/web\/v2\/index.php?rest_route=\/wp\/v2\/pages\/63102\/revisions"}],"predecessor-version":[{"id":64092,"href":"https:\/\/www.uea.edu.ec\/web\/v2\/index.php?rest_route=\/wp\/v2\/pages\/63102\/revisions\/64092"}],"wp:attachment":[{"href":"https:\/\/www.uea.edu.ec\/web\/v2\/index.php?rest_route=%2Fwp%2Fv2%2Fmedia&parent=63102"}],"curies":[{"name":"wp","href":"https:\/\/api.w.org\/{rel}","templated":true}]}}